{"id":130,"date":"2018-07-16T10:09:08","date_gmt":"2018-07-16T10:09:08","guid":{"rendered":"http:\/\/demo.acmethemes.com\/lawyer-zone\/?page_id=32"},"modified":"2023-04-17T23:53:09","modified_gmt":"2023-04-18T02:53:09","slug":"ead-2","status":"publish","type":"page","link":"https:\/\/alianca.org.br\/site\/ead-2\/","title":{"rendered":"Mocidade a Distancia"},"content":{"rendered":"\n<div id=\"section-g9d8ad9\" class=\"wp-block-gutentor-e6 section-g9d8ad9 gutentor-element gutentor-element-image\"><div class=\"gutentor-element-image-box\"><div class=\"gutentor-image-thumb\"><img decoding=\"async\" class=\"normal-image lazyload\" data-src=\"https:\/\/alianca.org.br\/site\/wp-content\/uploads\/2022\/09\/mocida-a-dist-1.jpg\" src=\"data:image\/svg+xml;base64,PHN2ZyB3aWR0aD0iMSIgaGVpZ2h0PSIxIiB4bWxucz0iaHR0cDovL3d3dy53My5vcmcvMjAwMC9zdmciPjwvc3ZnPg==\" style=\"--smush-placeholder-width: 945px; --smush-placeholder-aspect-ratio: 945\/461;\" \/><\/div><\/div><\/div>\n\n\n\n<h1 class=\"has-text-align-center wp-block-heading\">Mocidade a Distancia<\/h1>\n\n\n\n<p><\/p>\n\n\n\n<p style=\"font-size:16px\"><span class=\"s1\">destinados a pessoas com impossibilidades reais de frequentar presencialmente uma escola: pessoas no exterior, em hospitais, cl\u00ednicas, pres\u00eddios, no caso de absoluta impossibilidade de locomo\u00e7\u00e3o ou que trabalhem em rod\u00edzio permanente de hor\u00e1rios.<\/span><\/p>\n\n\n\n<p style=\"font-size:16px\"><span class=\"s1\">A metodologia \u00e9 a mesma utilizada nos cursos&nbsp;presenciais com um programa e atividades, com a&nbsp;metodologia adaptada para o ensino a dist\u00e2ncia, com&nbsp;aulas ministradas atrav\u00e9s de cartas, e-mail ou uso de&nbsp;programas via internet, para pequenos grupos ou&nbsp;individualmente.<\/span><\/p>\n\n\n\n<p style=\"font-size:16px\">Canal de refer\u00eancia para pontes entre pa\u00edses; \u2022Cada pa\u00eds tem a sua demanda espec\u00edfica e seu perfil de trabalho; \u2022O trabalho da Mocidade \u00e9 uma consequ\u00eancia e depende das outras frentes de trabalho.<\/p>\n\n\n\n<p style=\"font-size:16px\">&nbsp; Objetivo central: fortalecer o sentimento de Alian\u00e7a e desconstruir a falsa ideia de isolamento.<\/p>\n\n\n\n<p style=\"font-size:16px\"><span class=\"s1\"> Mocidade Esp\u00edrita a Dist\u00e2ncia (jovens com at\u00e9 18 anos)<\/span><\/p>\n\n\n\n<h2 class=\"wp-block-heading\">Equipe de Trabalho<\/h2>\n\n\n\n<p style=\"font-size:16px\">A equipe de trabalho da Mocidade \u00e0 Dist\u00e2ncia \u00e9 composta pelo coordenador, dirigentes e secret\u00e1rio.<\/p>\n\n\n\n<p style=\"font-size:16px\">Cada um deles possui suas atribui\u00e7\u00f5es, para que o trabalho da Mocidade a Dist\u00e2ncia, dentro da Casa Esp\u00edrita, possa ocorrer da melhor forma. Cabe lembrar que o perfil do volunt\u00e1rio, bem como suas atribui\u00e7\u00f5es, s\u00e3o complementares \u00e0s caracter\u00edsticas dos volunt\u00e1rios da Mocidade presencial.<\/p>\n\n\n\n<p style=\"font-size:16px\">podem nos contatar atrav\u00e9s do email <label> mocidadeadistancia@equipesalianca.org.br <\/label> ou pelo whatsaap da secretaria.<\/p>\n\n\n\n<p><\/p>\n","protected":false},"excerpt":{"rendered":"<p>Os cursos tem o objetivo de transpor dist\u00e2ncias, unindo os cora\u00e7\u00f5es<\/p>\n","protected":false},"author":1,"featured_media":0,"parent":0,"menu_order":0,"comment_status":"closed","ping_status":"closed","template":"","meta":{"om_disable_all_campaigns":false,"_monsterinsights_skip_tracking":false,"_monsterinsights_sitenote_active":false,"_monsterinsights_sitenote_note":"","_monsterinsights_sitenote_category":0,"footnotes":""},"class_list":["post-130","page","type-page","status-publish","hentry"],"aioseo_notices":[],"_links":{"self":[{"href":"https:\/\/alianca.org.br\/site\/wp-json\/wp\/v2\/pages\/130","targetHints":{"allow":["GET"]}}],"collection":[{"href":"https:\/\/alianca.org.br\/site\/wp-json\/wp\/v2\/pages"}],"about":[{"href":"https:\/\/alianca.org.br\/site\/wp-json\/wp\/v2\/types\/page"}],"author":[{"embeddable":true,"href":"https:\/\/alianca.org.br\/site\/wp-json\/wp\/v2\/users\/1"}],"replies":[{"embeddable":true,"href":"https:\/\/alianca.org.br\/site\/wp-json\/wp\/v2\/comments?post=130"}],"version-history":[{"count":0,"href":"https:\/\/alianca.org.br\/site\/wp-json\/wp\/v2\/pages\/130\/revisions"}],"wp:attachment":[{"href":"https:\/\/alianca.org.br\/site\/wp-json\/wp\/v2\/media?parent=130"}],"curies":[{"name":"wp","href":"https:\/\/api.w.org\/{rel}","templated":true}]}}