{"id":132,"date":"2018-07-16T10:08:50","date_gmt":"2018-07-16T10:08:50","guid":{"rendered":"http:\/\/demo.acmethemes.com\/lawyer-zone\/?page_id=30"},"modified":"2025-10-25T21:11:00","modified_gmt":"2025-10-26T00:11:00","slug":"assistencia-espiritual","status":"publish","type":"page","link":"https:\/\/alianca.org.br\/site\/assistencia-espiritual\/","title":{"rendered":"Assist\u00eancia Espiritual"},"content":{"rendered":"\n<div class=\"wp-block-columns is-layout-flex wp-container-core-columns-is-layout-9d6595d7 wp-block-columns-is-layout-flex\">\n<div class=\"wp-block-column is-layout-flow wp-block-column-is-layout-flow\">\n<h2 class=\"wp-block-heading\"><strong>OBJETIVO<\/strong><\/h2>\n\n\n\n<p class=\"has-medium-font-size\">Promover o equil\u00edbrio daqueles que buscam&nbsp;uma casa esp\u00edrita, encarnados e&nbsp;desencarnados.<\/p>\n<\/div>\n\n\n\n<div class=\"wp-block-column is-layout-flow wp-block-column-is-layout-flow\">\n<h2 class=\"wp-block-heading\"><strong>P\u00daBLICO-ALVO<\/strong><\/h2>\n\n\n\n<p class=\"has-medium-font-size\">Jovens e adultos. Para crian\u00e7as e pr\u00e9-adolescentes at\u00e9 os 12 anos, recomenda-se&nbsp;encaminhar para participar da&nbsp;Evangeliza\u00e7\u00e3o&nbsp;Infantil, onde receber\u00e1 tratamento espec\u00edfico.<\/p>\n<\/div>\n\n\n\n<div class=\"wp-block-column is-layout-flow wp-block-column-is-layout-flow\">\n<h2 class=\"wp-block-heading\"><strong>COMO FUNCIONA<\/strong><\/h2>\n\n\n\n<p class=\"has-medium-font-size\">Sess\u00f5es gratuitas e semanais de no m\u00e1ximo 2&nbsp;horas. Cada casa trabalha com seus dias e&nbsp;hor\u00e1rios espec\u00edficos.<\/p>\n<\/div>\n<\/div>\n\n\n\n<h2 class=\"wp-block-heading has-text-align-center\">assistencia espitual virtual<\/h2>\n\n\n\n<p class=\"has-text-align-center has-medium-font-size\">adicionamos abaixo informa\u00e7\u00f5es sobre assistencia virtual, para mais informa\u00e7\u00f5es contate a secretaria pelo whatsapp no rodap\u00e9, ou veja qual a casa mais perto de seu local usando o encontre uma casa esp\u00edrita no menu.<\/p>\n\n\n\n<section id=\"gmb65d2bd\" class=\"wp-block-gutentor-m4 section-gmb65d2bd gutentor-module gutentor-advanced-columns has-color-bg has-custom-bg\"><div class=\"grid-container gutentor-rm-ct-space-d\"><div class=\"grid-row gutentor-rm-row-space-d\">\n<div id=\"col-gm71b4ac\" class=\"wp-block-gutentor-m4-col col-gm71b4ac gutentor-single-column  grid-lg-12 grid-md-12 grid-12 gutentor-rm-col-space-d\"><div id=\"section-gm71b4ac\" class=\"section-gm71b4ac gutentor-col-wrap has-gutentor-overlay\">\n<h1 class=\"wp-block-heading has-text-align-center has-black-color has-text-color\">Segundas-feiras<\/h1>\n\n\n\n<div class=\"wp-block-media-text alignwide is-stacked-on-mobile\" style=\"grid-template-columns:39% auto\"><figure class=\"wp-block-media-text__media\"><img fetchpriority=\"high\" decoding=\"async\" width=\"351\" height=\"335\" src=\"https:\/\/alianca.org.br\/site\/wp-content\/uploads\/2023\/08\/WhatsApp-Image-2023-08-28-at-21.35.23.jpeg\" alt=\"\" class=\"wp-image-22743 size-full\" srcset=\"https:\/\/alianca.org.br\/site\/wp-content\/uploads\/2023\/08\/WhatsApp-Image-2023-08-28-at-21.35.23.jpeg 351w, https:\/\/alianca.org.br\/site\/wp-content\/uploads\/2023\/08\/WhatsApp-Image-2023-08-28-at-21.35.23-300x286.jpeg 300w\" sizes=\"(max-width: 351px) 100vw, 351px\" \/><\/figure><div class=\"wp-block-media-text__content\">\n<h2 class=\"wp-block-heading has-black-color has-text-color has-large-font-size\">Grupo Esp\u00edrita Nosso Lar<\/h2>\n\n\n\n<p class=\"has-black-color has-text-color has-medium-font-size\">WhatsApp: (11) 99647-9245<\/p>\n\n\n\n<p class=\"has-black-color has-text-color has-medium-font-size\">Assist\u00eancia Espiritual Virtual \u00e0s Segundas-feiras com in\u00edcio \u00e0s 20h00<\/p>\n\n\n\n<p class=\"has-black-color has-text-color has-medium-font-size\">Evangeliza\u00e7\u00e3o Infantil aos S\u00e1bados \u00e0s 08h45<\/p>\n<\/div><\/div>\n\n\n\n<div style=\"height:0px\" aria-hidden=\"true\" class=\"wp-block-spacer\"><\/div>\n<\/div><\/div>\n<\/div><\/div><\/section>\n\n\n\n<h1 class=\"wp-block-heading has-text-align-center\"> Ter\u00e7as Feiras<\/h1>\n\n\n\n<p><\/p>\n\n\n\n<section id=\"gm877aadf\" class=\"wp-block-gutentor-m4 section-gm877aadf gutentor-module gutentor-advanced-columns\"><div class=\"grid-container\"><div class=\"grid-row\"><\/div><\/div><\/section>\n","protected":false},"excerpt":{"rendered":"<p>A Assist\u00eancia Espiritual \u00e9 composta por prele\u00e7\u00f5es evang\u00e9licas seguidas de passes magn\u00e9ticos\/espirituais <\/p>\n","protected":false},"author":1,"featured_media":20033,"parent":0,"menu_order":0,"comment_status":"closed","ping_status":"closed","template":"","meta":{"om_disable_all_campaigns":false,"_monsterinsights_skip_tracking":false,"_monsterinsights_sitenote_active":false,"_monsterinsights_sitenote_note":"","_monsterinsights_sitenote_category":0,"footnotes":""},"class_list":["post-132","page","type-page","status-publish","has-post-thumbnail","hentry"],"aioseo_notices":[],"_links":{"self":[{"href":"https:\/\/alianca.org.br\/site\/wp-json\/wp\/v2\/pages\/132","targetHints":{"allow":["GET"]}}],"collection":[{"href":"https:\/\/alianca.org.br\/site\/wp-json\/wp\/v2\/pages"}],"about":[{"href":"https:\/\/alianca.org.br\/site\/wp-json\/wp\/v2\/types\/page"}],"author":[{"embeddable":true,"href":"https:\/\/alianca.org.br\/site\/wp-json\/wp\/v2\/users\/1"}],"replies":[{"embeddable":true,"href":"https:\/\/alianca.org.br\/site\/wp-json\/wp\/v2\/comments?post=132"}],"version-history":[{"count":0,"href":"https:\/\/alianca.org.br\/site\/wp-json\/wp\/v2\/pages\/132\/revisions"}],"wp:featuredmedia":[{"embeddable":true,"href":"https:\/\/alianca.org.br\/site\/wp-json\/wp\/v2\/media\/20033"}],"wp:attachment":[{"href":"https:\/\/alianca.org.br\/site\/wp-json\/wp\/v2\/media?parent=132"}],"curies":[{"name":"wp","href":"https:\/\/api.w.org\/{rel}","templated":true}]}}