{"id":15124,"date":"2022-06-19T15:27:12","date_gmt":"2022-06-19T18:27:12","guid":{"rendered":"https:\/\/alianca.org.br\/site\/?page_id=15124"},"modified":"2022-06-20T09:42:00","modified_gmt":"2022-06-20T12:42:00","slug":"novo-programa-curso-basico","status":"publish","type":"page","link":"https:\/\/alianca.org.br\/site\/novo-programa-curso-basico\/","title":{"rendered":"Novo Programa Curso B\u00e1sico"},"content":{"rendered":"<table style=\"height: 1714px;\" width=\"896\">\n<tbody>\n<tr>\n<td width=\"66\"><strong>Cap.<\/strong><\/td>\n<td width=\"279\"><strong>NOVO PROGRAMA<\/strong><\/td>\n<td width=\"316\"><strong>REFER\u00caNCIA PROGRAMA ANTERIOR<\/strong><\/td>\n<\/tr>\n<tr>\n<td width=\"66\">1<\/td>\n<td width=\"279\">Manifesta\u00e7\u00f5es dos esp\u00edritos no mundo. Das Antigas Tradi\u00e7\u00f5es Espirituais ao Espiritismo.<\/td>\n<td width=\"316\">4) Qual a posi\u00e7\u00e3o da doutrina entre as demais filosofias e religi\u00f5es existentes?<\/td>\n<\/tr>\n<tr>\n<td rowspan=\"2\" width=\"66\">2<\/td>\n<td rowspan=\"2\" width=\"279\">Allan Kardec e a Doutrina Esp\u00edrita.<\/p>\n<p>O Paracleto prometido por Jesus.<\/td>\n<td width=\"316\">1) O que \u00e9 o Espiritismo? Quando surgiu, em que lugar e em que circunst\u00e2ncias?<\/td>\n<\/tr>\n<tr>\n<td width=\"316\">2) Como criou-se o corpo da doutrina e quem o criou? Ligeira biografia de Allan Kardec.<\/td>\n<\/tr>\n<tr>\n<td width=\"66\">3<\/td>\n<td width=\"279\">A Propaga\u00e7\u00e3o da Doutrina Esp\u00edrita.<\/td>\n<td width=\"316\">3) Como foi a doutrina difundida pelo mundo? Rela\u00e7\u00f5es dos continuadores de Kardec, na Fran\u00e7a, e em outros pa\u00edses.<\/td>\n<\/tr>\n<tr>\n<td width=\"66\">4<\/td>\n<td width=\"279\">Esbo\u00e7o de O Livro dos Esp\u00edritos.<\/td>\n<td width=\"316\">7) Esbo\u00e7o de <em>O Livro dos Esp\u00edritos<\/em> e suas diferentes partes.<\/td>\n<\/tr>\n<tr>\n<td width=\"66\">5<\/td>\n<td width=\"279\">Os Aspectos da Doutrina Esp\u00edrita<\/td>\n<td width=\"316\">5) Quais os setores em que a doutrina se divide, qual o mais importante. Por qu\u00ea?<\/td>\n<\/tr>\n<tr>\n<td width=\"66\">6<\/td>\n<td width=\"279\">O Espiritismo no Brasil<\/td>\n<td width=\"316\">NOVA<\/td>\n<\/tr>\n<tr>\n<td width=\"66\">7<\/td>\n<td width=\"279\">Espiritismo e Religi\u00f5es Afro-Brasileiras<\/td>\n<td width=\"316\">6) Diferen\u00e7a entre o Espiritismo e as religi\u00f5es afro-ind\u00edgenas.<\/td>\n<\/tr>\n<tr>\n<td width=\"66\">8<\/td>\n<td width=\"279\">Esbo\u00e7o de O Livro dos M\u00e9diuns &#8211; Guia dos M\u00e9diuns e dos Evocadores<\/td>\n<td width=\"316\">9) Esbo\u00e7o de &#8220;O livro dos m\u00e9diuns&#8221;<\/td>\n<\/tr>\n<tr>\n<td width=\"66\">9<\/td>\n<td width=\"279\">Mundo Material, Mundo Espiritual e Interc\u00e2mbio atrav\u00e9s da Mediunidade<\/td>\n<td width=\"316\">10) Descri\u00e7\u00e3o do mundo material e espiritual. <em>Nosso Lar<\/em>, de Andr\u00e9 Luiz.<\/td>\n<\/tr>\n<tr>\n<td width=\"66\">10<\/td>\n<td width=\"279\">As Fraternidades do Espa\u00e7o<\/td>\n<td width=\"316\">NOVA<\/td>\n<\/tr>\n<tr>\n<td rowspan=\"2\" width=\"66\">11<\/td>\n<td rowspan=\"2\" width=\"279\">As Leis da Reencarna\u00e7\u00e3o e de A\u00e7\u00e3o e Rea\u00e7\u00e3o<\/td>\n<td width=\"316\">12) A lei da reencarna\u00e7\u00e3o e do carma. A evolu\u00e7\u00e3o do esp\u00edrito.<\/td>\n<\/tr>\n<tr>\n<td width=\"316\">15) Lei da a\u00e7\u00e3o e rea\u00e7\u00e3o<\/td>\n<\/tr>\n<tr>\n<td width=\"66\">12<\/td>\n<td width=\"279\">O Esbo\u00e7o do livro C\u00e9u e Inferno<\/td>\n<td width=\"316\">8) Esbo\u00e7o de <em>O C\u00e9u e o Inferno<\/em>.<\/td>\n<\/tr>\n<tr>\n<td width=\"66\">13<\/td>\n<td width=\"279\">Envolt\u00f3rios Espirituais, Perisp\u00edrito e Corpo Et\u00e9reo<\/td>\n<td width=\"316\">13) Forma dos esp\u00edritos. Estudo do perisp\u00edrito.<\/td>\n<\/tr>\n<tr>\n<td width=\"66\">14<\/td>\n<td width=\"279\">Esbo\u00e7o do livro A G\u00eanese &#8211; Os Milagres e as Predi\u00e7\u00f5es Segundo o Espiritismo.<\/td>\n<td width=\"316\">11) Esbo\u00e7o de A G\u00eanese \u2013 Os milagres e predi\u00e7\u00f5es segundo o Espiritismo.<\/td>\n<\/tr>\n<tr>\n<td width=\"66\">15<\/td>\n<td width=\"279\">Retorno \u00e0 Vida Corporal<\/td>\n<td width=\"316\">14) Recorda\u00e7\u00f5es das exist\u00eancias anteriores. O Bem. A forma\u00e7\u00e3o da fam\u00edlia<\/td>\n<\/tr>\n<tr>\n<td width=\"66\">16<\/td>\n<td width=\"279\">Esbo\u00e7o do Livro O Evangelho Segundo o Espiritismo<\/td>\n<td width=\"316\">16) Esbo\u00e7o do livro <em>O Evangelho segundo o Espiritismo<\/em>.<\/td>\n<\/tr>\n<tr>\n<td width=\"66\">17<\/td>\n<td width=\"279\">A Vida Moral com Base no Evangelho de Jesus<\/td>\n<td width=\"316\">17) A vida moral com base no Evangelho de Jesus.<\/td>\n<\/tr>\n<\/tbody>\n<\/table>\n","protected":false},"excerpt":{"rendered":"<p>Cap. NOVO PROGRAMA REFER\u00caNCIA PROGRAMA ANTERIOR 1 Manifesta\u00e7\u00f5es dos esp\u00edritos no mundo. Das Antigas Tradi\u00e7\u00f5es Espirituais ao Espiritismo. 4) Qual a posi\u00e7\u00e3o da doutrina entre as demais filosofias e religi\u00f5es existentes? 2 Allan Kardec e a Doutrina Esp\u00edrita. O Paracleto prometido por Jesus. 1) O que \u00e9 o Espiritismo? Quando surgiu, em que lugar e [&hellip;]<\/p>\n","protected":false},"author":26,"featured_media":0,"parent":0,"menu_order":0,"comment_status":"closed","ping_status":"closed","template":"","meta":{"om_disable_all_campaigns":false,"_monsterinsights_skip_tracking":false,"_monsterinsights_sitenote_active":false,"_monsterinsights_sitenote_note":"","_monsterinsights_sitenote_category":0,"footnotes":""},"class_list":["post-15124","page","type-page","status-publish","hentry"],"aioseo_notices":[],"_links":{"self":[{"href":"https:\/\/alianca.org.br\/site\/wp-json\/wp\/v2\/pages\/15124","targetHints":{"allow":["GET"]}}],"collection":[{"href":"https:\/\/alianca.org.br\/site\/wp-json\/wp\/v2\/pages"}],"about":[{"href":"https:\/\/alianca.org.br\/site\/wp-json\/wp\/v2\/types\/page"}],"author":[{"embeddable":true,"href":"https:\/\/alianca.org.br\/site\/wp-json\/wp\/v2\/users\/26"}],"replies":[{"embeddable":true,"href":"https:\/\/alianca.org.br\/site\/wp-json\/wp\/v2\/comments?post=15124"}],"version-history":[{"count":0,"href":"https:\/\/alianca.org.br\/site\/wp-json\/wp\/v2\/pages\/15124\/revisions"}],"wp:attachment":[{"href":"https:\/\/alianca.org.br\/site\/wp-json\/wp\/v2\/media?parent=15124"}],"curies":[{"name":"wp","href":"https:\/\/api.w.org\/{rel}","templated":true}]}}