{"id":15133,"date":"2022-06-19T15:33:32","date_gmt":"2022-06-19T18:33:32","guid":{"rendered":"https:\/\/alianca.org.br\/site\/?page_id=15133"},"modified":"2023-12-30T17:49:44","modified_gmt":"2023-12-30T20:49:44","slug":"referencias-bibliograficas","status":"publish","type":"page","link":"https:\/\/alianca.org.br\/site\/referencias-bibliograficas\/","title":{"rendered":"Refer\u00eancias Bibliogr\u00e1ficas"},"content":{"rendered":"<table style=\"height: 7000px;\" width=\"873\">\n<tbody>\n<tr>\n<td width=\"86\">\n<p style=\"text-align: center;\"><strong>No. DA AULA<\/strong><\/p>\n<\/td>\n<td style=\"text-align: center;\" width=\"169\"><strong>NOME AULA<\/strong><\/td>\n<td width=\"397\">\n<p style=\"text-align: center;\"><strong>OBJETIVO<\/strong><\/p>\n<\/td>\n<\/tr>\n<tr>\n<td width=\"86\"><strong>01<\/strong><\/td>\n<td width=\"169\"><strong>Manifesta\u00e7\u00f5es dos esp\u00edritos no mundo. Das Antigas Tradi\u00e7\u00f5es Espirituais ao Espiritismo.&nbsp;<\/strong><\/td>\n<td width=\"397\">\u25cf ARMOND, E. <strong>Guia do Aprendiz. <\/strong>S\u00e3o Paulo: Editora Alian\u00e7a, 1971.<\/p>\n<p>\u25cf ARMOND, E. <strong>Mediunidade<\/strong>. S\u00e3o Paulo: Editora Alian\u00e7a, 2010.<\/p>\n<p>\u25cf ARMOND, E. <strong>Religi\u00f5es e Filosofias<\/strong>. S\u00e3o Paulo: Editora Alian\u00e7a, 1999.<\/p>\n<p>\u25cf <strong>A B\u00edblia Sagrada. <\/strong>Traduzida em Portugu\u00eas por Jo\u00e3o Ferreira de Almeida. Revista e corrigida no Brasil. 4\u00aa edi\u00e7\u00e3o. S\u00e3o Paulo: Sociedade B\u00edblica do Brasil, 2013.<\/p>\n<p>\u25cf EMMANUEL (Esp\u00edrito). <strong>A Caminho da Luz: <\/strong>hist\u00f3ria da civiliza\u00e7\u00e3o \u00e0 luz do Espiritismo. Psicografado por Francisco C\u00e2ndido Xavier. 33. ed. Rio de Janeiro. Federa\u00e7\u00e3o Esp\u00edrita Brasileira, 2010.<\/p>\n<p>\u25cf WANTUIL, Z\u00eaus. <strong>As Mesas Girantes e o Espiritismo. <\/strong>4. ed. Rio de Janeiro. Federa\u00e7\u00e3o Esp\u00edrita Brasileira, 2005. cap. 1-3; 6-10; 13; 28-32.<\/td>\n<\/tr>\n<tr>\n<td width=\"86\"><strong>02<\/strong><\/td>\n<td width=\"169\"><strong>Allan Kardec e a Doutrina Esp\u00edrita. O Paracleto prometido por Jesus.<\/strong><\/td>\n<td width=\"397\">\u25cf AUDI, Edson. Vida e Obra de Allan Kardec. 3. ed. S\u00e3o Paulo. Lach\u00e2tre, 2013. p. 4-69<\/p>\n<p>\u25cf B\u00cdBLIA, N.T. Jo\u00e3o. Portugu\u00eas. In: A B\u00edblia Sagrada. Tradu\u00e7\u00e3o de Jo\u00e3o Ferreira de Almeida. S\u00e3o Paulo. Sociedade B\u00edblica Trinitariana do Brasil, 1996. cap. 14.<\/p>\n<p>\u25cf DOYLE, Arthur Conan Doyle. Hist\u00f3ria do Espiritismo. Tradu\u00e7\u00e3o de J\u00falio Abreu Filho. Editora Pensamento, 1995. cap. 4-7.<\/p>\n<p>\u25cf EMMANUEL (Esp\u00edrito). A Caminho da Luz: hist\u00f3ria da civiliza\u00e7\u00e3o \u00e0 luz do Espiritismo. Psicografado por Francisco C\u00e2ndido Xavier. 33. ed. Rio de Janeiro. Federa\u00e7\u00e3o Esp\u00edrita Brasileira, 2006. cap. 21-24.<\/p>\n<p>\u25cf &nbsp;Num s\u00e9culo de Espiritismo. In: &nbsp;Seara dos M\u00e9diuns. Psicografado por Francisco C\u00e2ndido Xavier. 17. ed. Rio de Janeiro. Federa\u00e7\u00e3o Esp\u00edrita Brasileira, 2006. cap. 1.<\/p>\n<p>\u25cf KARDEC, Allan. Introdu\u00e7\u00e3o. Proleg\u00f4menos. In: &nbsp;O Livro dos Esp\u00edritos. Tradu\u00e7\u00e3o de Guillon Ribeiro. 93. ed. Bras\u00edlia. Federa\u00e7\u00e3o Esp\u00edrita Brasileira, 2013.<\/p>\n<p>\u25cf &nbsp;Da Psicografia. In: &nbsp;O Livro dos M\u00e9diuns. Tradu\u00e7\u00e3o de Guillon Ribeiro. 71. ed. Rio de Janeiro. Federa\u00e7\u00e3o Esp\u00edrita Brasileira, 2003. cap. 13.<\/p>\n<p>\u25cf &nbsp;No\u00e7\u00f5es Elementares de Espiritismo. In: &nbsp;O Que \u00e9 o Espiritismo. Tradu\u00e7\u00e3o da Reda\u00e7\u00e3o de Reformador em 1884. 56. ed. Bras\u00edlia. Federa\u00e7\u00e3o Esp\u00edrita Brasileira, 2013. cap. 2.<\/p>\n<p>\u25cf &nbsp;Extratos, in extenso, do livro das Previs\u00f5es concernentes ao Espiritismo. In: &nbsp;Obras P\u00f3stumas. Tradu\u00e7\u00e3o de Guillon Ribeiro. 41. ed. Bras\u00edlia. Federa\u00e7\u00e3o Esp\u00edrita Brasileira, 2019. 2.a parte.<\/p>\n<p>\u25cf &nbsp;Introdu\u00e7\u00e3o. In: &nbsp;Revista Esp\u00edrita. Tradu\u00e7\u00e3o Evandro Noleto Bezerra, ano 1, n. 1, jan. 1858. Federa\u00e7\u00e3o Esp\u00edrita Brasileira, 2004.<\/p>\n<p>\u25cf MAIOR, Marcel Souto. Kardec: A Biografia. 10. ed. Rio de Janeiro. Record, 2016. p. 15-69.<\/p>\n<p>\u25cf ROCHA, Cec\u00edlia (Org.). Estudo Sistematizado da Doutrina Esp\u00edrita: Programa Fundamental. 2.ed. Rio de Janeiro. Federa\u00e7\u00e3o Esp\u00edrita Brasileira, 2012. Tomo I. M\u00f3dulo I.<\/p>\n<p>\u25cf SAUSSE, Henri. Biografia de Allan Kardec. In: KARDEC, Allan. O Que \u00e9 o Espiritismo. Tradu\u00e7\u00e3o da Reda\u00e7\u00e3o de Reformador em 1884. 56. ed. Bras\u00edlia. Federa\u00e7\u00e3o Esp\u00edrita Brasileira, 2013.<\/p>\n<p>\u25cf THIESEN, Francisco. Allan Kardec: O Educador e o Codificador. 2. ed. Rio de Janeiro. Federa\u00e7\u00e3o Esp\u00edrita Brasileira, 2004. cap. 11.<\/td>\n<\/tr>\n<tr>\n<td width=\"86\"><strong>03<\/strong><\/td>\n<td width=\"169\"><strong>A Propaga\u00e7\u00e3o da Doutrina Esp\u00edrita.<\/strong><\/td>\n<td width=\"397\">\u25cf ARMOND, Edgard. A Propaga\u00e7\u00e3o no Brasil. In: &nbsp;Guia do Aprendiz. 6. ed. S\u00e3o Paulo. Editora Alian\u00e7a, 2011. cap. 2.<\/p>\n<p>\u25cf AUDI, Edson. Vida e Obra de Allan Kardec. 3. ed. S\u00e3o Paulo. Lach\u00e2tre, 2013. p. 70-120.<\/p>\n<p>\u25cf KARDEC, Allan. Introdu\u00e7\u00e3o. Proleg\u00f4menos. In: &nbsp;O Livro dos Esp\u00edritos. Tradu\u00e7\u00e3o de Guillon Ribeiro. 93. ed. Bras\u00edlia. Federa\u00e7\u00e3o Esp\u00edrita Brasileira, 2013.<\/p>\n<p>\u25cf &nbsp;Introdu\u00e7\u00e3o. In: &nbsp;O Livro dos M\u00e9diuns. Tradu\u00e7\u00e3o de Guillon Ribeiro. 71. ed. Rio de Janeiro. Federa\u00e7\u00e3o Esp\u00edrita Brasileira, 2003.<\/p>\n<p>\u25cf &nbsp;Introdu\u00e7\u00e3o. In: &nbsp;O Evangelho segundo o Espiritismo. Tradu\u00e7\u00e3o de Guillon Ribeiro. 120. ed. Rio de Janeiro. Federa\u00e7\u00e3o Esp\u00edrita Brasileira, 2002.<\/p>\n<p>\u25cf &nbsp;O C\u00e9u e o Inferno. Tradu\u00e7\u00e3o de Manuel Justiniano Quint\u00e3o. 57. ed. Rio de Janeiro. Federa\u00e7\u00e3o Esp\u00edrita Brasileira, 2005. 1.a parte.<\/p>\n<p>\u25cf &nbsp;Introdu\u00e7\u00e3o. Car\u00e1ter da revela\u00e7\u00e3o esp\u00edrita. In: &nbsp;A G\u00eanese. Tradu\u00e7\u00e3o de Guillon Ribeiro. 48. ed. Rio de Janeiro. Federa\u00e7\u00e3o Esp\u00edrita Brasileira, 2005. cap. 1.<\/p>\n<p>\u25cf &nbsp;No\u00e7\u00f5es Elementares de Espiritismo. In: &nbsp;O Que \u00e9 o Espiritismo. Tradu\u00e7\u00e3o da Reda\u00e7\u00e3o de Reformador em 1884. 56. ed. Bras\u00edlia. Federa\u00e7\u00e3o Esp\u00edrita Brasileira, 2013. cap. 2.<\/p>\n<p>\u25cf &nbsp;Extratos, in extenso, do livro das Previs\u00f5es concernentes ao Espiritismo. In: &nbsp;Obras P\u00f3stumas. Tradu\u00e7\u00e3o de Guillon Ribeiro. 41. ed. Bras\u00edlia. Federa\u00e7\u00e3o Esp\u00edrita Brasileira, 2019. 2.a parte.<\/p>\n<p>\u25cf &nbsp;Introdu\u00e7\u00e3o. In: &nbsp;Revista Esp\u00edrita. Tradu\u00e7\u00e3o Evandro Noleto Bezerra, ano 1, n. 1, jan. 1858. Federa\u00e7\u00e3o Esp\u00edrita Brasileira, 2004.<\/p>\n<p>\u25cf &nbsp;Resqu\u00edcios da Idade M\u00e9dia. In: &nbsp;Revista Esp\u00edrita. Tradu\u00e7\u00e3o Evandro Noleto Bezerra, ano 4, n. 11, nov. 1861. Federa\u00e7\u00e3o Esp\u00edrita Brasileira, 2004.<\/p>\n<p>\u25cf &nbsp;Extrato do Jornal do Commercio do Rio de Janeiro. In: &nbsp;Revista Esp\u00edrita. Tradu\u00e7\u00e3o Evandro Noleto Bezerra, ano 7, n. 7, jul. 1864. Federa\u00e7\u00e3o Esp\u00edrita Brasileira, 2004.<\/p>\n<p>\u25cf &nbsp;Necrol\u00f3gio. In: &nbsp;Revista Esp\u00edrita. Tradu\u00e7\u00e3o Evandro Noleto Bezerra, ano 8, n. 3, mar. 1865. Federa\u00e7\u00e3o Esp\u00edrita Brasileira, 2004.<\/p>\n<p>\u25cf &nbsp;Disserta\u00e7\u00f5es esp\u00edritas. In: &nbsp;Revista Esp\u00edrita. Tradu\u00e7\u00e3o Evandro Noleto Bezerra, ano 9, n. 5, mai. 1866. Federa\u00e7\u00e3o Esp\u00edrita Brasileira, 2004.<\/p>\n<p>\u25cf &nbsp;Estat\u00edstica do Espiritismo. In: &nbsp;Revista Esp\u00edrita. Tradu\u00e7\u00e3o Evandro Noleto Bezerra, ano 12, n. 1, jan. 1869. Federa\u00e7\u00e3o Esp\u00edrita Brasileira, 2004.<\/p>\n<p>\u25cf MAIOR, Marcel Souto. Kardec: A Biografia. 10. ed. Rio de Janeiro. Record, 2016. p. 71-360.<\/p>\n<p>\u25cf SAUSSE, Henri. Biografia de Allan Kardec. In: KARDEC, Allan. O Que \u00e9 o Espiritismo. Tradu\u00e7\u00e3o da Reda\u00e7\u00e3o de Reformador em 1884. 56. ed. Bras\u00edlia. Federa\u00e7\u00e3o Esp\u00edrita Brasileira, 2013.<\/p>\n<p>\u25cf WANTUIL, Z\u00eaus. As Mesas Girantes e o Espiritismo. 4. ed. Rio de Janeiro. Federa\u00e7\u00e3o Esp\u00edrita Brasileira, 2005. cap. 15.<\/td>\n<\/tr>\n<tr>\n<td width=\"86\"><strong>04<\/strong><\/td>\n<td width=\"169\"><strong>O Esbo\u00e7o de O Livro dos Esp\u00edritos<\/strong><\/td>\n<td width=\"397\">\u25cf Kardec, Allan O Primeiro Livro dos Esp\u00edritos (texto bil\u00edngue editado e traduzido pelo doutor Canuto Abreu), Companhia Editora Ismael.<\/p>\n<p>\u25cf Kardec, Allan. O Livro dos Esp\u00edritos. Editora LAKE, Tradu\u00e7\u00e3o J. Herculano Pires, 68\u00aa. Edi\u00e7\u00e3o Livro Segundo e Introdu\u00e7\u00e3o.<\/p>\n<p>\u25cf Wantuil, Z\u00eaus e Thiesen, Francisco. Allan Kardec, FEB.<\/td>\n<\/tr>\n<tr>\n<td width=\"86\"><strong>05<\/strong><\/td>\n<td width=\"169\"><strong>Os aspectos da Doutrina Esp\u00edrita.<\/strong><\/td>\n<td width=\"397\">\u25cf Xavier, Francisco C\u00e2ndido. O Consolador, 1941, FEB, perguntas nos. 1, 115, 260,<\/p>\n<p>\u25cf Hessen, Johannes. Teoria do Conhecimento, Introdu\u00e7\u00e3o. Ed. Arm\u00eanio Amado.<\/p>\n<p>\u25cf Xavier, Francisco C\u00e2ndido. Colet\u00e2nea do Al\u00e9m (Autores Variados), 1945, Ed. LAKE<\/p>\n<p>\u25cf Xavier, Francisco C\u00e2ndido. Doutrina e Aplica\u00e7\u00e3o (Autores Variados), 1989, Editora: Ceu.<\/p>\n<p>\u25cf Kardec, Allan. O Livro dos Esp\u00edritos, Introdu\u00e7\u00e3o de J. Herculano Pires, Ed. LAKE.<\/td>\n<\/tr>\n<tr>\n<td width=\"86\"><strong>06<\/strong><\/td>\n<td width=\"169\"><strong>O Espiritismo no Brasil<\/strong><\/td>\n<td width=\"397\">\u25cf O Livro dos Esp\u00edritos, Allan Kardec, Livro Segundo.<\/p>\n<p>\u25cf Brasil Mais Al\u00e9m, Du\u00edlio Lena B\u00e9rni, FEB<\/p>\n<p>\u25cf Brasil 500 anos: Hist\u00f3ria Espiritual, Dulc\u00eddio Dibo. Panorama.<\/p>\n<p>\u25cf Brasil, Cora\u00e7\u00e3o do Mundo, P\u00e1tria do Evangelho, Humberto de Campos \/ Francisco C\u00e2ndido Xavier, FEB.<\/p>\n<p>\u25cf No Tempo do Comandante \u2013 Edgard Armond e o Espiritismo em \u00c9poca de Revolu\u00e7\u00e3o, Edelso Junior, Radhu.<\/p>\n<p>\u25cf T\u00fanel do Tempo \u2013 As Primeiras Publica\u00e7\u00f5es Esp\u00edritas no Brasil, Eduardo Carvalho Monteiro, Madras.<\/td>\n<\/tr>\n<tr>\n<td width=\"86\"><strong>07<\/strong><\/td>\n<td width=\"169\"><strong>Diferen\u00e7a entre Espiritismo e religi\u00f5es afro-brasileiras.<\/strong><\/td>\n<td width=\"397\">\u25cf ARMOND, Edgard. Enquanto \u00e9 Tempo. 2\u00aa ed. S\u00e3o Paulo. Julho. Editora Alian\u00e7a, 2000.Cap. II. 35p.<\/p>\n<p>\u25cf Herc\u00edlio, Maes\/Ramat\u00eds. A Miss\u00e3o do Espiritismo. 11\u00aa ed. 2006. Limeira, SP. Ed. Do Conhecimento.<\/p>\n<p>\u25cf KARDEC, Allan. O que \u00e9 o Espiritismo.<\/p>\n<p>\u25cf KARDEC, Allan. O principiante esp\u00edrita.<\/p>\n<p>\u25cf PRANDI, Reginaldo. Refer\u00eancias Sociais das religi\u00f5es Afro-Brasileiras: Sincretismo, Branqueamento, Africaniza\u00e7\u00e3o. (Link: <a href=\"http:\/\/www.scielo.br\/scielo.php?script=sci_arttext&amp;pid=S0104-71831998000100151\">http:\/\/www.scielo.br\/scielo.php?script=sci_arttext&amp;pid=S0104-71831998000100151<\/a>)<\/p>\n<p>\u25cf LORENZETTI, Valentim. Caminhos de Liberta\u00e7\u00e3o. 3\u00aa ed. Outubro. 2004. S\u00e3o Paulo. Ed. Alian\u00e7a.<\/p>\n<p>\u25cf TRINDADE, Diamantino Fernandes. Umbanda Brasileira\/Um s\u00e9culo de hist\u00f3ria. 2009. S\u00e3o Paulo. Ed. Icone.<\/td>\n<\/tr>\n<tr>\n<td width=\"86\"><strong>08<\/strong><\/td>\n<td width=\"169\"><strong>Esbo\u00e7o de O Livro dos M\u00e9diuns \u2013 Guia dos M\u00e9diuns e dos Evocadores<\/strong><\/td>\n<td width=\"397\">\u25cf KARDEC, Allan. O Livro dos M\u00e9diuns.<\/p>\n<p>\u25cf Inicia\u00e7\u00e3o Esp\u00edrita, Autores diversos, Editora Alian\u00e7a.<\/p>\n<p>\u25cf ARMOND, Edgard. Mediunidade. Editora Alian\u00e7a.<\/p>\n<p>\u25cf DOS SANTOS, Dalmo Duque. A Nova Hist\u00f3ria do Espiritismo, dos precursores de Kardec a Chico Xavier. Editora do Conhecimento.<\/td>\n<\/tr>\n<tr>\n<td width=\"86\"><strong>09<\/strong><\/td>\n<td width=\"169\"><strong>Mundo material, mundo espiritual e interc\u00e2mbio atrav\u00e9s da mediunidade.<\/strong><\/td>\n<td width=\"397\">\u25cf KARDEC, Allan. O Livro dos Esp\u00edritos, Livro Segundo.<\/p>\n<p>\u25cf KARDEC, Allan. O Livro dos M\u00e9diuns. Cap. VIII.<\/p>\n<p>\u25cf ARMOND, Edgard. Mediunidade. Editora Alian\u00e7a.<\/p>\n<p>\u25cf XAVIER, Francisco C\u00e2ndido\/Andr\u00e9 Luiz. Nosso Lar. FEB.<\/p>\n<p>\u25cf XAVIER, Francisco C\u00e2ndido\/Andr\u00e9 Luiz. E a Vida Continua. FEB.<\/td>\n<\/tr>\n<tr>\n<td width=\"86\"><strong>10<\/strong><\/td>\n<td width=\"169\"><strong>As Fraternidades do Espa\u00e7o.<\/strong><\/td>\n<td width=\"397\">\u25cf Edgard Armond, Falando ao Cora\u00e7\u00e3o (Editora Alian\u00e7a).<\/p>\n<p>\u25cf Martha Gallego Thomaz, Instituto de Confraterniza\u00e7\u00e3o Universal e as Fraternidades do Espa\u00e7o (Edi\u00e7\u00f5es FEESP).<\/p>\n<p>\u25cf Martha Gallego Thomaz, Hist\u00f3rias das Fraternidades (Editora Alian\u00e7a)<\/p>\n<p>\u25cf Emmanuel, A Caminho da Luz (FEB).<\/p>\n<p>\u25cf Humberto de Campos, Brasil, Cora\u00e7\u00e3o do Mundo, P\u00e1tria do Evangelho (FEB).<\/p>\n<p>\u25cf Andr\u00e9 Luiz, Nosso Lar (FEB).<\/td>\n<\/tr>\n<tr>\n<td width=\"86\"><strong>11<\/strong><\/td>\n<td width=\"169\"><strong>As Leis de Reencarna\u00e7\u00e3o e de A\u00e7\u00e3o e Rea\u00e7\u00e3o.<\/strong><\/td>\n<td width=\"397\">\u25cf EMMANUEL (esp\u00edrito); XAVIER, Francisco C\u00e2ndido (psicografado por) &#8211; O Consolador &#8211; 26\u00aa ed., Rio de Janeiro: FEB, 2006. Cap. V, quest\u00e3o 241.<\/p>\n<p>\u25cf KARDEC, Allan &#8211; O Livro dos Esp\u00edritos &#8211; Tradu\u00e7\u00e3o de Salvador Gentile, revis\u00e3o de Elias Barbosa. 158\u00aa edi\u00e7\u00e3o. Araras, SP: IDE, 2005. Livro II &#8211; cap. IV, VI; livro III &#8211; cap. XI, XII.<\/p>\n<p>\u25cf Santo Agostinho &#8211; O Livre-arb\u00edtrio -Tradu\u00e7\u00e3o Nair de Assis Oliveira. SP: Ed. Paulus, 1995.<\/p>\n<p>\u25cf ANDR\u00c9 LUIZ (esp\u00edrito); XAVIER, Francisco C\u00e2ndido (psicografado por) &#8211; A\u00e7\u00e3o e Rea\u00e7\u00e3o &#8211; 21\u00aa ed., Rio de Janeiro: FEB, 2011.<\/p>\n<p>\u25cf ANDR\u00c9 LUIZ (esp\u00edrito); XAVIER, Francisco C\u00e2ndido (psicografado por) &#8211; Liberta\u00e7\u00e3o &#8211; 23\u00aa ed., Rio de Janeiro: FEB, 2000 &#8211; Cap. 3.<\/p>\n<p>\u25cf ANDR\u00c9 LUIZ (esp\u00edrito); XAVIER, Francisco C\u00e2ndido (psicografado por) &#8211; Entre a terra e o c\u00e9u &#8211; 17\u00aa ed., Rio de Janeiro: FEB, Cap. 1.<\/td>\n<\/tr>\n<tr>\n<td width=\"86\"><strong>12<\/strong><\/td>\n<td width=\"169\"><strong>O Esbo\u00e7o do livro C\u00e9u e Inferno.<\/strong><\/td>\n<td width=\"397\">\u25cf BOZZANO, Ernesto. A Crise da Morte, FEB.<\/p>\n<p>\u25cf GODOY PAIVA, Benedicto. Quando o Evangelho diz n\u00e3o! LAKE.<\/p>\n<p>\u25cf KARDEC, Allan. O C\u00e9u e o Inferno. LAKE.<\/p>\n<p>\u25cf Luiz, Andr\u00e9 \/ Francisco C\u00e2ndido Xavier, Nosso Lar, FEB.<\/td>\n<\/tr>\n<tr>\n<td width=\"86\"><strong>13<\/strong><\/td>\n<td width=\"169\"><strong>Envolt\u00f3rios espirituais, perisp\u00edrito e corpo et\u00e9reo.<\/strong><\/td>\n<td width=\"397\">\u25cf KARDEC, Allan. O Livro dos Esp\u00edritos. Tradu\u00e7\u00e3o de Guillon Ribeiro. 33a. edi\u00e7\u00e3o. Federa\u00e7\u00e3o Esp\u00edrita Brasileira, 1974. Cap\u00edtulos I e II.<\/p>\n<p>\u25cf KARDEC, Allan. O Livro dos M\u00e9diuns. Tradu\u00e7\u00e3o de Guillon Ribeiro. 57a. edi\u00e7\u00e3o. Federa\u00e7\u00e3o Esp\u00edrita Brasileira, 1990. Segunda Parte.<\/p>\n<p>\u25cf FREIRE, Antonio J. Da alma Humana. 2a. edi\u00e7\u00e3o. Federa\u00e7\u00e3o Esp\u00edrita Brasileira. Cap\u00edtulos I, II, III e IV.<\/td>\n<\/tr>\n<tr>\n<td width=\"86\"><strong>14<\/strong><\/td>\n<td width=\"169\"><strong>Esbo\u00e7o do livro A G\u00eanese \u2013 Os Milagres e as Predi\u00e7\u00f5es segundo o Espiritismo.<\/strong><\/td>\n<td width=\"397\">\u25cf A G\u00eanese, os Milagres e as Predi\u00e7\u00f5es segundo o Espiritismo, Allan Kardec.<\/p>\n<p>\u25cf A Caminho da Luz, Emmanuel \/ Francisco C\u00e2ndido Xavier, FEB.<\/p>\n<p>\u25cf Evolu\u00e7\u00e3o em Dois Mundos, Andr\u00e9 Luiz \/ Francisco C\u00e2ndido Xavier, FEB.<\/p>\n<p>\u25cf Evolu\u00e7\u00e3o para o Terceiro Mil\u00eanio, Carlos Toledo Rizzini, Edicel.<\/p>\n<p>\u25cf Os Exilados da Capela, Edgard Armond, Editora Alian\u00e7a.<\/td>\n<\/tr>\n<tr>\n<td width=\"86\"><strong>15<\/strong><\/td>\n<td width=\"169\"><strong>Recorda\u00e7\u00f5es de exist\u00eancias anteriores. Necessidade da pr\u00e1tica do bem. A forma\u00e7\u00e3o crist\u00e3 da fam\u00edlia.<\/strong><\/td>\n<td width=\"397\">\u25cf O Evangelho segundo o Espiritismo, Allan Kardec.<\/p>\n<p>\u25cf O Principiante Esp\u00edrita, Allan Kardec.<\/p>\n<p>\u25cf O Livro dos Esp\u00edritos, Allan Kardec.<\/p>\n<p>\u25cf O Tesouro dos Esp\u00edritas, Miguel Vives y Vives, EDICEL.<\/p>\n<p>\u25cf Alguns \u00c2ngulos dos Ensinos do Mestre, Jo\u00e3o Nunes Maia, Editora Fonte Viva.<\/p>\n<p>\u25cf A Dupla Personalidade, Edgard Armond, Editora Alian\u00e7a.<\/td>\n<\/tr>\n<tr>\n<td width=\"86\"><strong>16<\/strong><\/td>\n<td width=\"169\"><strong>O Esbo\u00e7o do livro O Evangelho segundo o Espiritismo.<\/strong><\/td>\n<td width=\"397\">\u25cf KARDEC, Allan &#8211; O Evangelho Segundo o Espiritismo &#8211; IDE \u2013 2017.<\/p>\n<p>\u25cf ARMOND, Edgard &#8211; Mediunidade &#8211; cap. 36 &#8211; Alian\u00e7a \u2013 1999.<\/p>\n<p>\u25cf XAVIER, Francisco C\u00e2ndido (Pelo Esp\u00edrito Emmanuel) &#8211; Roteiro cap\u00edtulo 14 \u00e0 21- FEB &#8211; 1.a edi\u00e7\u00e3o 2008.<\/p>\n<p>\u25cf ARMOND, Edgard &#8211; Respondendo e Esclarecendo p. 189 \u2013 Alian\u00e7a \u2013 1998.<\/p>\n<p>\u25cf KARDEC, Allan &#8211; O C\u00e9u e o Inferno \u2013 IDE.<\/p>\n<p>\u25cf KARDEC, Allan &#8211; A G\u00eanese &#8211; IDE \u2013 2003.<\/td>\n<\/tr>\n<tr>\n<td width=\"86\"><strong>17<\/strong><\/td>\n<td width=\"169\"><strong>A vida moral com base no Evangelho de Jesus<\/strong><\/td>\n<td width=\"397\">\u25cf O Evangelho segundo o Espiritismo, Allan Kardec, Cap. X, item 18.<\/p>\n<p>\u25cf Vives, Miguel Vives Y. Tesouro dos Esp\u00edritas. Cap. VI da 2\u00aa parte, Editora Edicel.<\/p>\n<p>\u25cf O Evangelho segundo Mateus, Caps. 5, 6 e 7.<\/p>\n<p>\u25cf Armond, Edgard. O Redentor. Cap. 34\/35, Editora Alian\u00e7a.<\/p>\n<p>\u25cf B\u00edblia de Jerusal\u00e9m (Novo Testamento). Edi\u00e7\u00f5es Paulinas, 1973.<\/p>\n<p>\u25cf Viv\u00eancia do Espiritismo Religioso. Editora Alian\u00e7a, 7\u00aa edi\u00e7\u00e3o, 2015, pag.179.<\/td>\n<\/tr>\n<\/tbody>\n<\/table>\n","protected":false},"excerpt":{"rendered":"<p>No. DA AULA NOME AULA OBJETIVO 01 Manifesta\u00e7\u00f5es dos esp\u00edritos no mundo. Das Antigas Tradi\u00e7\u00f5es Espirituais ao Espiritismo.&nbsp; \u25cf ARMOND, E. Guia do Aprendiz. S\u00e3o Paulo: Editora Alian\u00e7a, 1971. \u25cf ARMOND, E. Mediunidade. S\u00e3o Paulo: Editora Alian\u00e7a, 2010. \u25cf ARMOND, E. Religi\u00f5es e Filosofias. S\u00e3o Paulo: Editora Alian\u00e7a, 1999. \u25cf A B\u00edblia Sagrada. Traduzida em [&hellip;]<\/p>\n","protected":false},"author":26,"featured_media":0,"parent":0,"menu_order":0,"comment_status":"closed","ping_status":"closed","template":"","meta":{"om_disable_all_campaigns":false,"_monsterinsights_skip_tracking":false,"_monsterinsights_sitenote_active":false,"_monsterinsights_sitenote_note":"","_monsterinsights_sitenote_category":0,"footnotes":""},"class_list":["post-15133","page","type-page","status-publish","hentry"],"aioseo_notices":[],"_links":{"self":[{"href":"https:\/\/alianca.org.br\/site\/wp-json\/wp\/v2\/pages\/15133","targetHints":{"allow":["GET"]}}],"collection":[{"href":"https:\/\/alianca.org.br\/site\/wp-json\/wp\/v2\/pages"}],"about":[{"href":"https:\/\/alianca.org.br\/site\/wp-json\/wp\/v2\/types\/page"}],"author":[{"embeddable":true,"href":"https:\/\/alianca.org.br\/site\/wp-json\/wp\/v2\/users\/26"}],"replies":[{"embeddable":true,"href":"https:\/\/alianca.org.br\/site\/wp-json\/wp\/v2\/comments?post=15133"}],"version-history":[{"count":0,"href":"https:\/\/alianca.org.br\/site\/wp-json\/wp\/v2\/pages\/15133\/revisions"}],"wp:attachment":[{"href":"https:\/\/alianca.org.br\/site\/wp-json\/wp\/v2\/media?parent=15133"}],"curies":[{"name":"wp","href":"https:\/\/api.w.org\/{rel}","templated":true}]}}