{"id":15147,"date":"2022-06-19T15:57:24","date_gmt":"2022-06-19T18:57:24","guid":{"rendered":"https:\/\/alianca.org.br\/site\/?page_id=15147"},"modified":"2023-12-30T17:18:20","modified_gmt":"2023-12-30T20:18:20","slug":"novo-programa-do-curso-basico","status":"publish","type":"page","link":"https:\/\/alianca.org.br\/site\/novo-programa-do-curso-basico\/","title":{"rendered":"Constru\u00e7\u00e3o do Novo Programa do Curso B\u00e1sico"},"content":{"rendered":"\n<h2 class=\"wp-block-heading\"><strong><u>HIST\u00d3RICO<\/u><\/strong><\/h2>\n\n\n\n<h3 class=\"wp-block-heading marg-10 has-medium-font-size\"><strong>Revis\u00e3o do Curso B\u00e1sico &#8211; Equipe Projeto EAE\/FDJ<\/strong><\/h3>\n\n\n\n<p class=\"marg-10 has-medium-font-size\">A equipe do Projeto EAE\/FDJ foi criada a partir de uma sugest\u00e3o do pr\u00f3prio CGI e tem como objetivo ampliar as condi\u00e7\u00f5es de evangeliza\u00e7\u00e3o do ser por meio de quatro pilares de trabalho e atua\u00e7\u00e3o:<\/p>\n\n\n\n<ul class=\"marg-10 has-medium-font-size wp-block-list\">\n<li class=\"marg-10\">Revis\u00e3o \/ Atualiza\u00e7\u00e3o do Programa da EAE<\/li>\n\n\n\n<li class=\"marg-10\">Atualizar as informa\u00e7\u00f5es t\u00e9cnicas que sofreram mudan\u00e7as de acordo com o tempo;<\/li>\n\n\n\n<li class=\"marg-10\">Adequar os conte\u00fados e reorganizar as aulas, para ampliar as condi\u00e7\u00f5es de evangeliza\u00e7\u00e3o do ser e da sua consci\u00eancia planet\u00e1ria.<\/li>\n\n\n\n<li class=\"marg-10\">Revis\u00e3o \u2013 Refer\u00eancias bibliogr\u00e1ficas<\/li>\n\n\n\n<li class=\"marg-10\">Atualizar as refer\u00eancias bibliogr\u00e1ficas, de acordo com os avan\u00e7os do tempo, por meio de linguagem acess\u00edvel \u00e0 diversidade dos alunos.<\/li>\n\n\n\n<li class=\"marg-10\">Melhoria de Dirigentes e expositores<\/li>\n\n\n\n<li class=\"marg-10\">Oportunizar caminhos de amplia\u00e7\u00e3o de consci\u00eancia dos expositores e dirigentes quanto ao sentido espiritual da proposta da EAE e sua fun\u00e7\u00e3o no processo de evangeliza\u00e7\u00e3o do ser (aluno) e do seu testemunho.<\/li>\n\n\n\n<li class=\"marg-10\">Plataforma FDJ \/ Escola continuada<\/li>\n\n\n\n<li class=\"marg-10\">Elaborar uma proposta de Escola Continuada que ofere\u00e7a um ambiente favor\u00e1vel para os disc\u00edpulos continuarem seu processo de evangeliza\u00e7\u00e3o do ser, o fortalecimento do caminho de trabalho para o mestre e o apoio m\u00fatuo nas dificuldades presentes.<\/li>\n<\/ul>\n\n\n\n<p class=\"marg-10 has-medium-font-size\">A revis\u00e3o do Curso B\u00e1sico \u00e9 a primeira de um trabalho que est\u00e1 sendo desenvolvido com o olhar para o futuro.<\/p>\n\n\n\n<h2 class=\"wp-block-heading\"><strong>METODOLOGIA DE TRABALHO<\/strong><\/h2>\n\n\n\n<p class=\"marg-10 has-medium-font-size\">Iniciamos a an\u00e1lise do Curso B\u00e1sico no dia 23 de mar\u00e7o de 2019 e, de l\u00e1 para c\u00e1, foram mais de <strong>30 reuni\u00f5es,<\/strong> com participa\u00e7\u00e3o de mais de <strong>40 volunt\u00e1rios <\/strong>das mais diversas regionais. Atualmente, a equipe conta com <strong>29 volunt\u00e1rios<\/strong> ativos e est\u00e1 aberta a participa\u00e7\u00f5es.<\/p>\n\n\n\n<p class=\"marg-10 has-medium-font-size\">Al\u00e9m da revis\u00e3o do Curso B\u00e1sico, os \u00faltimos anos de trabalho tiveram estudos de obra complementar e imers\u00f5es para aprofundamento do tema e sintonia do grupo, o que contribuiu para refletirmos sobre pontos importantes, que permeiam e permear\u00e3o todo desenvolvimento do trabalho:<\/p>\n\n\n\n<ul class=\"wp-block-list\">\n<li class=\"marg-10 has-medium-font-size\">Foco no sentimento e autoconhecimento;<\/li>\n\n\n\n<li class=\"marg-10 has-medium-font-size\">EAE para o novo mil\u00eanio;<\/li>\n\n\n\n<li class=\"marg-10 has-medium-font-size\">Conte\u00fado sint\u00e9tico e, ao mesmo tempo, abrangente;<\/li>\n\n\n\n<li class=\"marg-10 has-medium-font-size\">Perspectiva da EAE continuada;<\/li>\n<\/ul>\n\n\n\n<p class=\"marg-10 has-medium-font-size\">E partindo dessa perspectiva, a partir das reuni\u00f5es quinzenais, desenvolvemos algumas iniciativas de aproxima\u00e7\u00e3o com o movimento para que fosse poss\u00edvel a elabora\u00e7\u00e3o da revis\u00e3o:<\/p>\n\n\n\n<ul class=\"wp-block-list\">\n<li class=\"marg-10 has-medium-font-size\">Em abril de 2019, realizamos uma reuni\u00e3o com a equipe da Uni\u00e3o Fraternal, que nos apresentou sua estrutura do programa de inicia\u00e7\u00e3o, com dura\u00e7\u00e3o de 5 anos.<\/li>\n\n\n\n<li class=\"marg-10 has-medium-font-size\">No primeiro semestre de 2019, realizamos encontros em 17 regionais, com o objetivo de explicar o projeto e captar impress\u00f5es sobre os programas do Curso B\u00e1sico e EAE.<\/li>\n\n\n\n<li class=\"marg-10 has-medium-font-size\">Essas visitas resultaram na capta\u00e7\u00e3o de <strong>49 propostas,<\/strong> que foram compiladas e estruturadas em 3 t\u00f3picos &#8211; Regras, Estrutura e Novas Propostas &#8211; para serem amplamente discutidas pelo grupo.<\/li>\n\n\n\n<li class=\"marg-10 has-medium-font-size\">Realizamos, at\u00e9 aqui, diversas reuni\u00f5es do Conselho, desde 2016, para compartilhar o andamento do trabalho.<\/li>\n\n\n\n<li class=\"marg-10 has-medium-font-size\">Submetemos esta apostila a avalia\u00e7\u00e3o do Conselho em 27 de junho, recebendo 8 retornos e realizando a revis\u00e3o necess\u00e1ria. A primeira vers\u00e3o deste material \u00e9 fruto, inclusive, desta revis\u00e3o.<\/li>\n\n\n\n<li class=\"marg-10 has-medium-font-size\">Em fevereiro de 2021 a primeira vers\u00e3o deste Novo Curso B\u00e1sico foi disponibilizada a 4 turmas nas regionais: Centro-Oeste, Araraquara, SP-Centro, Ribeir\u00e3o Preto e uma turma na Alemanha para a aplica\u00e7\u00e3o dessas aulas no que chamamos \u201cTurmas Piloto\u201d.<\/li>\n\n\n\n<li class=\"marg-10 has-medium-font-size\">Tivemos o retorno da avalia\u00e7\u00e3o dos dirigentes e expositores dessas turmas quanto \u00e0: &#8211; Texto das aulas, bibliografia, linguagem utilizada, objetivo das aulas e tempo do dirigente.<\/li>\n<\/ul>\n\n\n\n<p class=\"marg-10 has-medium-font-size\">Para <strong>a 1\u00aa vers\u00e3o<\/strong>, com o material colhido nas Regionais e no retorno do CGI em m\u00e3o, foi poss\u00edvel desenhar uma nova estrutura de aulas e avaliar a necessidade de revis\u00e3o ou adi\u00e7\u00e3o de t\u00f3picos e refer\u00eancias, atualiza\u00e7\u00e3o de linguagem e inclus\u00e3o de textos e cita\u00e7\u00f5es com base em Allan Kardec e seus seguidores, nas psicografias de Chico Xavier e nas obras de Edgard Armond.<\/p>\n\n\n\n<p class=\"marg-10 has-medium-font-size\">Sendo assim, a bibliografia do livro foi atualizada e teve sua linguagem ajustada \u00e0 diversidade dos alunos.<\/p>\n\n\n\n<p class=\"marg-10 has-medium-font-size\">Para a revis\u00e3o dos cap\u00edtulos, cada assunto foi adotado por um ou mais respons\u00e1veis, que se debru\u00e7aram sobre o texto e trouxeram propostas de altera\u00e7\u00f5es ao grupo. Assim, em equipe, cada t\u00f3pico foi debatido detalhadamente, passando por esse processo quantas vezes fossem necess\u00e1rias. Com isso, todo o material passou por algum tipo de melhoria.<\/p>\n\n\n\n<p class=\"marg-10 has-medium-font-size\">O grupo tamb\u00e9m sentiu a necessidade da cria\u00e7\u00e3o de um pequeno gloss\u00e1rio, ao final do livro, com termos do universo esp\u00edrita, com uma breve explica\u00e7\u00e3o contextualizada. Notas de rodap\u00e9 tamb\u00e9m foram adicionadas como aux\u00edlio na compreens\u00e3o do texto.<\/p>\n\n\n\n<p class=\"marg-10 has-medium-font-size\">Para esta <strong>vers\u00e3o final<\/strong>, baseada no retorno das avalia\u00e7\u00f5es das turmas piloto, foi poss\u00edvel adequar melhor o texto para o p\u00fablico de dentro e de fora do Pa\u00eds.<\/p>\n\n\n\n<p>Veja mais detalhes aqui:&nbsp;<a href=\"https:\/\/alianca.org.br\/site\/https-alianca-org-br-site-wp-content-uploads-2022-06-novo-curso-basico-julho-2022-para-download-pdf\/\" data-type=\"URL\">Novo Curso B\u00e1sico de Espiritismo<\/a><\/p>\n","protected":false},"excerpt":{"rendered":"<p>HIST\u00d3RICO Revis\u00e3o do Curso B\u00e1sico &#8211; Equipe Projeto EAE\/FDJ A equipe do Projeto EAE\/FDJ foi criada a partir de uma sugest\u00e3o do pr\u00f3prio CGI e tem como objetivo ampliar as condi\u00e7\u00f5es de evangeliza\u00e7\u00e3o do ser por meio de quatro pilares de trabalho e atua\u00e7\u00e3o: A revis\u00e3o do Curso B\u00e1sico \u00e9 a primeira de um trabalho [&hellip;]<\/p>\n","protected":false},"author":26,"featured_media":0,"parent":0,"menu_order":0,"comment_status":"closed","ping_status":"closed","template":"","meta":{"om_disable_all_campaigns":false,"_monsterinsights_skip_tracking":false,"_monsterinsights_sitenote_active":false,"_monsterinsights_sitenote_note":"","_monsterinsights_sitenote_category":0,"footnotes":""},"class_list":["post-15147","page","type-page","status-publish","hentry"],"aioseo_notices":[],"_links":{"self":[{"href":"https:\/\/alianca.org.br\/site\/wp-json\/wp\/v2\/pages\/15147","targetHints":{"allow":["GET"]}}],"collection":[{"href":"https:\/\/alianca.org.br\/site\/wp-json\/wp\/v2\/pages"}],"about":[{"href":"https:\/\/alianca.org.br\/site\/wp-json\/wp\/v2\/types\/page"}],"author":[{"embeddable":true,"href":"https:\/\/alianca.org.br\/site\/wp-json\/wp\/v2\/users\/26"}],"replies":[{"embeddable":true,"href":"https:\/\/alianca.org.br\/site\/wp-json\/wp\/v2\/comments?post=15147"}],"version-history":[{"count":0,"href":"https:\/\/alianca.org.br\/site\/wp-json\/wp\/v2\/pages\/15147\/revisions"}],"wp:attachment":[{"href":"https:\/\/alianca.org.br\/site\/wp-json\/wp\/v2\/media?parent=15147"}],"curies":[{"name":"wp","href":"https:\/\/api.w.org\/{rel}","templated":true}]}}