{"id":15758,"date":"2022-07-28T21:01:19","date_gmt":"2022-07-29T00:01:19","guid":{"rendered":"https:\/\/alianca.org.br\/site\/?page_id=15758"},"modified":"2024-06-19T16:18:40","modified_gmt":"2024-06-19T19:18:40","slug":"tradicao-espiritual","status":"publish","type":"page","link":"https:\/\/alianca.org.br\/site\/tradicao-espiritual\/","title":{"rendered":"Tradi\u00e7\u00e3o Espiritual"},"content":{"rendered":"\n<div class=\"wp-block-cover alignfull is-light\"><span aria-hidden=\"true\" class=\"wp-block-cover__background has-cyan-bluish-gray-background-color has-background-dim\"><\/span><img fetchpriority=\"high\" decoding=\"async\" width=\"1400\" height=\"350\" class=\"wp-block-cover__image-background wp-image-15733\" alt=\"\" src=\"https:\/\/alianca.org.br\/site\/wp-content\/uploads\/2022\/07\/banner-inicio-pagina-2400-\u00d7-600-px-2-1400x350.png\" style=\"object-position:100% 48%\" data-object-fit=\"cover\" data-object-position=\"100% 48%\" srcset=\"https:\/\/alianca.org.br\/site\/wp-content\/uploads\/2022\/07\/banner-inicio-pagina-2400-\u00d7-600-px-2-1400x350.png 1400w, https:\/\/alianca.org.br\/site\/wp-content\/uploads\/2022\/07\/banner-inicio-pagina-2400-\u00d7-600-px-2-300x75.png 300w, https:\/\/alianca.org.br\/site\/wp-content\/uploads\/2022\/07\/banner-inicio-pagina-2400-\u00d7-600-px-2-768x192.png 768w, https:\/\/alianca.org.br\/site\/wp-content\/uploads\/2022\/07\/banner-inicio-pagina-2400-\u00d7-600-px-2-1536x384.png 1536w, https:\/\/alianca.org.br\/site\/wp-content\/uploads\/2022\/07\/banner-inicio-pagina-2400-\u00d7-600-px-2-2048x512.png 2048w\" sizes=\"(max-width: 1400px) 100vw, 1400px\" \/><div class=\"wp-block-cover__inner-container is-layout-flow wp-block-cover-is-layout-flow\">\n<p class=\"has-text-align-center has-text-color\" style=\"color:#980000;font-size:72px\"><strong>Tradi\u00e7\u00e3o Espiritual<\/strong><\/p>\n<\/div><\/div>\n\n\n\n<div style=\"height:45px\" aria-hidden=\"true\" class=\"wp-block-spacer\"><\/div>\n\n\n\n<h2 class=\"wp-block-heading has-text-align-left has-text-color\" style=\"color:#980000\"><a href=\"https:\/\/www.youtube.com\/watch?v=8U-X32IL60o&amp;list=V\u00cdDEO\" target=\"_blank\" rel=\"noreferrer noopener\">V\u00eddeo &#8211; TRADI\u00c7\u00c3O ESPIRITUAL<\/a><\/h2>\n\n\n\n<div style=\"height:45px\" aria-hidden=\"true\" class=\"wp-block-spacer\"><\/div>\n\n\n\n<div id=\"section-gddf929\" class=\"wp-block-gutentor-e1 alignwide section-gddf929 gutentor-element gutentor-element-advanced-text enable-title-design text-align-center-desktop\"><div class=\"gutentor-text-wrap divider-bottom\"><h1 class=\"gutentor-text\">LINHA DAS TRADI\u00c7\u00d5ES<\/h1><div class=\"gutentor-separator gutentor-separator-after\"><span><svg xmlns=\"http:\/\/www.w3.org\/2000\/svg\" viewBox=\"0 0 240 40\" preserveAspectRatio=\"none\"><path d=\"M217.3 15.8c-2.1-.3-4.3-.2-6.3.4.9-2.7 1.2-7.3-2.1-7.7-1.4-.2-2.3.9-2.6 2.1-.4 2 .9 3.9 1.1 5.8 0 .3.6.3.6 0 .4-2-1.4-4-.5-5.9.4-1 1.8-.8 2.3.1.3.6.4 1.3.5 1.9.1 1.4-.2 2.8-.8 4.1v.1c-.2.1-.2.3-.2.5-.3-.6-1-.9-1.6-.3-4 3.9-8.5 5.5-13.3 5.8.8-.4 1.5-.9 2.2-1.5 1.4-1.2 3.3-3.2 2-5-.2-.3-.4-.4-.7-.3-2.8.5-6.3 2.5-6.9 5.6-.1.3.4.7.6.4.9-1 1.5-2.1 2.6-2.9 1-.8 2.3-1.3 3.6-1.6.4 1.4-1.7 2.8-2.6 3.5-1.3 1-2.9 1.8-4.5 1.3-.4-.1-.8.2-.8.5-8.4-.7-17.4-4.2-25.3-5.5.8-.4 1.5-.9 2.2-1.5 1.1-.9 2.9-3 1.9-4.5s-3.8.2-4.8.9c-1.9 1.2-3.4 2.8-4.4 4.7-6.8-.1-13.3 1.4-19.9 3 2.3-2.9 5.7-8.4 1.5-8.6-4.3-.2-6.2 6.1-5.1 9.4v.1c-5.3 1.3-10.6 2.6-16.1 3 2.5-2.3 6.7-6.9 3.4-8.5-1.7-.8-3.5 1-4.4 2.3-1.3 1.8-2.3 4.1-2.4 6.3-5.6-.1-11-1.3-16.3-2.7.1-.1.2-.3.1-.5-.4-1.5-3.9-11.2-6.6-7.7-1 1.3.1 3.6.9 4.7.7 1 1.6 1.9 2.6 2.7-7.5-2-15.1-3.9-23.1-3.1-.3 0-.7.1-1 .1-1.3-3.2-4.5-5.2-7.9-5.2-.3 0-.7.3-.7.6.1 2.3 1.4 4.4 3.4 5.5-6.1 1.3-12.6 3.1-18.9 3.9-1-2.1-2.5-3.9-4.4-5.2-1.1-.8-3.7-2.4-4.9-1-1.1 1.3.1 3.1 1 4 1.4 1.4 3.5 2.4 5.5 2.5-6 .4-11.8-.4-16.9-3.9 2.7-2.3 3.3-6.6 1.2-9.6-.2-.3-.6-.4-.9-.1-1.7 1.8-2.7 4.3-2.4 6.8-1.6-2.3-4.5-3.7-7.2-4.1-.4-.1-.7.4-.6.8 1 2.9 3.6 5.5 6.7 5.6.1 0 .2 0 .2-.1 2.2 2.3 4.7 3.9 7.4 4.9-3.7.2-9.6 1.2-7.4 4.5 1.2 1.8 3.9 1.1 5.6.5 2.2-.8 4.1-2.1 5.6-3.9 6.3 1.2 13.2.2 19.8-1.2-1.1.8-2.1 1.7-3 2.7-1 1.1-3.5 3.6-1.8 5.1 1.5 1.4 4.2-.8 5.4-1.8 1.9-1.6 3.6-4 4-6.5 0-.2 0-.3-.1-.4 2-.5 4-.9 5.8-1.3 4.9-1 9.5-1.3 14.2-1-1.1.4-2.1.9-3 1.5-1.3.9-3.8 2.4-3.6 4.3.2 1.6 2.1 2.2 3.5 1.7 1-.4 1.8-1.2 2.6-1.9 1.3-1.2 2.6-2.4 3.8-3.6.3-.3.2-.7 0-.9.3-.2.6-.4.8-.7 2.9.4 5.8 1 8.8 1.8 4.4 1.2 8.8 2.5 13.2 3.4-3.1.9-6 3.1-7.9 5.7-.3.4.1 1.1.6 1.1 4.1-.2 8.2-2.4 10.2-6.1 0-.1 0-.1.1-.2 2.7.4 5.5.6 8.4.4 2-.1 4.1-.4 6.1-.7 1.5 1.7 3.4 3 5.4 3.9 1.2.5 3.6 1.7 4.7.4.8-1 .1-2.4-.7-3.2-1-1-2.3-1.7-3.6-2.2 3.7-.8 7.4-1.8 11-2.7.5.9 1.4 2 1.6 2.2 2.3 2.1 5.2 3.3 8.3 3.5.5 0 .8-.5.7-.9-.8-2.9-3.2-5.2-6.1-5.9 7.7-1.5 15.2-1.8 23 .1 1.4.3 2.8.7 4.2 1-.2.1-.3.3-.3.5-.8 1.4-.4 3.1.5 4.4 1.2 1.8 3.3 2.6 5.3 3.2.5.2.9-.3.8-.8-.4-2.5-2.1-5.5-4.5-6.8 7.5 1.9 15.5 3.9 22.8 2.5 1.9 1.6 4.1 2.7 6.5 3.2 1.3.3 4.4 1.2 5.4 0 2.2-2.6-3.9-4.1-7.3-4.6 2.1-.9 4.1-2.2 6-4 .1.2.2.3.4.4 2.6 1 5.3 1.4 8 1 1.2-.2 3.9-.4 4-2.2-.3-2-3-2.2-4.2-2.4zM25.6 17.2c-2.2-.9-4-2.2-5-4.3 2.3.5 4 1.9 5.5 3.7-.3.1-.5.3-.5.6zm1.9.3c.1-.2.2-.4.1-.6 0 0 0-.1-.1-.1 0 0 .1-.1.1-.2-.1-2.5.4-4.6 1.9-6.5 1.3 2.6.6 5.7-1.6 7.6-.1 0-.2-.1-.4-.2zm5.3 8.3c-1 .5-3.4 1.5-4.5 1.1-.8.1-1-.4-.6-1.6.4-.1.8-.3 1.1-.4.7-.2 1.3-.4 2-.6 1.6-.3 3.1-.4 4.7-.4h.2c-.8.7-1.8 1.4-2.9 1.9zm14-3.5c.3-.2.3-.6-.1-.6-1.7-.3-3.2-.7-4.5-1.7-.6-.5-1.4-1.2-1.7-1.9-.5-1.2.6-1.4 1.5-1 2.3 1.1 4.1 2.9 5.3 5.2h-.5zm10.8 4c-.4.5-3.9 3.8-4.5 2.3-.3-.8 2.8-3.6 3.4-4.2 1-1 2.1-1.8 3.3-2.6.1 0 .2 0 .3-.1-.7 1.8-1.3 3.3-2.5 4.6zm11.9-8.5c-2-.6-3.6-2.2-4-4.4 2.6.3 4.6 1.8 5.9 4-.7.1-1.3.3-1.9.4zm14.2 2l-.1.1c-.4.4-.8.7-1.1 1.1-.1.1-.1.3 0 .4-.9.8-1.7 1.6-2.6 2.4-.5.4-1.1 1.1-1.7 1.4-2.2 1.2-1.6-1.2-.7-2.1 1.9-1.8 4-2.8 6.4-3.6-.2.1-.2.2-.2.3zM94.3 15c-.1-.3-.1-.6-.1-1 .6-.4 1.1-.4 1.4.2.6.5 1 1.5 1.4 2.2.6 1.2 1.1 2.4 1.5 3.7-1.9-1.5-3.7-2.9-4.2-5.1zm7.5 14.9c1.9-2 4.1-3.3 6.7-4.3-1.7 2.2-3.9 3.8-6.7 4.3zm15.5-6.3c-.1 0-.1 0 0 0h-.3c.4-1.3.8-2.6 1.5-3.9.6-1 1.6-3.2 2.9-3.4 2.7-.4-.4 3.7-.9 4.3-1 1.2-2.1 2.2-3.2 3zm14.1 2.2c.6.3 1.3.7 1.8 1.2.6.4.6.7.1 1-.2.5-.5.6-1 .3-1.2 0-2.7-1-3.7-1.6-1-.6-1.9-1.2-2.7-2 .7-.1 1.4-.3 2.1-.4 1.2.5 2.3.9 3.4 1.5zm5.1-5.5c-.5-2.7.4-7.4 3.7-7.9 2.2-.3 0 3.2-.5 4-.8 1.3-1.8 2.5-2.7 3.7-.2.2-.4.2-.5.2zm14 5.1c-1.4-.2-2.8-.6-4.1-1.3-.3-.2-3.1-2.1-3.9-3.2.4-.1.7-.2 1.1-.2 0 .3.2.6.6.7 2.8.1 5.1 1.5 6.3 4zm10.9-8.6c-.5 0-.9-.1-1.4-.1.6-.9 1.4-1.7 2.2-2.5.7-.6 3.9-3.1 4.7-2.2 1 1.1-2 3.2-2.9 3.6-.8.5-1.7.9-2.6 1.2zm15.2 8.1c.7.8 1.2 1.8 1.5 2.8-2.4-.9-4.7-2.4-4.4-5.1 1 .7 2 1.2 2.9 2.3zm29.1-.4c.7.2 1.8.5 2.2 1 .9 1 .5 1.2-.7 1.1-3-.2-5.6-1.2-8.1-2.7.4-.1.8-.2 1.1-.3.1.1.2.1.4.1 1.7.1 3.4.2 5.1.8zm8.8-5.6c-1.8 0-3.5-.5-5.2-1.1h-.1c0-.2 0-.4-.1-.6.1.2.2.3.4.3.2.2.6.2.8-.1 2.3-.4 8.7-1 8.6.6.1 1-3.4.9-4.4.9z\"><\/path><\/svg><\/span><\/div><\/div><\/div>\n\n\n\n<div style=\"height:65px\" aria-hidden=\"true\" class=\"wp-block-spacer\"><\/div>\n\n\n\n<div id=\"section-g9c0c94\" class=\"wp-block-gutentor-e0 alignwide section-g9c0c94 gutentor-element gutentor-element-advanced-text text-align-right-desktop\"><div class=\"gutentor-text-wrap\"><h3 class=\"gutentor-text\"><strong>ARMOND, Edgard. Na Semeadura II. Editora Alian\u00e7a, 2\u00aa. edi\u00e7\u00e3o 1999. Item 249 p\u00e1gina 137<\/strong><\/h3><\/div><\/div>\n\n\n\n<div style=\"height:23px\" aria-hidden=\"true\" class=\"wp-block-spacer\"><\/div>\n\n\n\n<div id=\"section-g3e2d16\" class=\"wp-block-gutentor-e1 alignwide section-g3e2d16 gutentor-element gutentor-element-advanced-text gutentor-adv-text-enabled-width text-align-justify-desktop\"><div class=\"gutentor-text-wrap\"><h3 class=\"gutentor-text\">Mois\u00e9s, como sacerdote que era dos templos eg\u00edpcios, conhecia bem as duas linhas de tradi\u00e7\u00f5es que conflu\u00edam na Mesopot\u00e2mia, uma origin\u00e1ria da Atl\u00e2ntida vinda pela Gr\u00e9cia e Egito, cujos arquivos encontrou, como j\u00e1 dissemos, nos templos nacionais e a outra vinda do Oriente, atrav\u00e9s do Patriarca Abra\u00e3o, de Ur, na Cald\u00e9ia, vinculado a Melquisedeque, a seu turno filiado \u00e0 tradi\u00e7\u00e3o hindu de Rama. Mois\u00e9s condensou essas tradi\u00e7\u00f5es nos livros que escreveu com o aux\u00edlio medi\u00fanico do Col\u00e9gio dos Setenta, que organizou, ainda quando nos desertos ar\u00e1bicos, livros esses cuja parte fundamental e aut\u00eantica passou \u00e0 Fraternidade Ess\u00eania.<br>A Doutrina dos Esp\u00edritos filia-se a essa linha de tradi\u00e7\u00e3o que vem de Mois\u00e9s \u2013 como Primeira Revela\u00e7\u00e3o; &#8211; continua nos ensinamentos de Jesus \u2013 como Segunda Revela\u00e7\u00e3o; &#8211; que desdobrou-se no Cristianismo primitivo, do qual a Doutrina Esp\u00edrita \u00e9 uma revivesc\u00eancia, intitulando-se a Terceira Revela\u00e7\u00e3o.<br>Eis o esquema das linhas de tradi\u00e7\u00e3o espiritual do mundo, desde a pr\u00e9-hist\u00f3ria, ambas procedentes da Atl\u00e2ntida:<br>Ant\u00falio (Hiperb\u00f3reos \u2013 Celtas); Rama: Krisna \u2013 Vedas \u2013 (Bramanismo \u2013 Budismo).<br>Hilcar: (Gr\u00e9cia \u2013 Egito); Mois\u00e9s: (Hebreu \u2013 Ess\u00eanios).<br>Jesus: (Cristianismo Primitivo).<br>O Espiritismo encerra esta nomenclatura fora dessa filia\u00e7\u00e3o como Doutrina mais avan\u00e7ada atual, ditada diretamente do Plano Espiritual a Kardec, seu Codificador.<\/h3><\/div><\/div>\n\n\n\n<div style=\"height:65px\" aria-hidden=\"true\" class=\"wp-block-spacer\"><\/div>\n\n\n\n<div id=\"section-g5a6695\" class=\"wp-block-gutentor-e1 alignwide section-g5a6695 gutentor-element gutentor-element-advanced-text enable-title-design text-align-center-desktop\"><div class=\"gutentor-text-wrap divider-bottom\"><h1 class=\"gutentor-text\">MATERIAL DE ESTUDO<\/h1><div class=\"gutentor-separator gutentor-separator-after border-solid\"><\/div><\/div><\/div>\n\n\n\n<div style=\"height:45px\" aria-hidden=\"true\" class=\"wp-block-spacer\"><\/div>\n\n\n\n<div class=\"wp-block-columns alignwide is-layout-flex wp-container-core-columns-is-layout-9d6595d7 wp-block-columns-is-layout-flex\">\n<div class=\"wp-block-column is-layout-flow wp-block-column-is-layout-flow\" style=\"flex-basis:33.34%\">\n<figure class=\"wp-block-image size-large\"><a href=\"https:\/\/www.aliancalivraria.com.br\/produto\/102779\/exilados-da-capela-os--novo-projeto\" target=\"_blank\" rel=\"noopener\"><img decoding=\"async\" width=\"341\" height=\"500\" data-src=\"https:\/\/alianca.org.br\/site\/wp-content\/uploads\/2022\/07\/image-341x500.jpeg\" alt=\"\" class=\"wp-image-15809 lazyload\" data-srcset=\"https:\/\/alianca.org.br\/site\/wp-content\/uploads\/2022\/07\/image-341x500.jpeg 341w, https:\/\/alianca.org.br\/site\/wp-content\/uploads\/2022\/07\/image-205x300.jpeg 205w, https:\/\/alianca.org.br\/site\/wp-content\/uploads\/2022\/07\/image.jpeg 450w\" data-sizes=\"(max-width: 341px) 100vw, 341px\" src=\"data:image\/svg+xml;base64,PHN2ZyB3aWR0aD0iMSIgaGVpZ2h0PSIxIiB4bWxucz0iaHR0cDovL3d3dy53My5vcmcvMjAwMC9zdmciPjwvc3ZnPg==\" style=\"--smush-placeholder-width: 341px; --smush-placeholder-aspect-ratio: 341\/500;\" \/><\/a><\/figure>\n<\/div>\n\n\n\n<div class=\"wp-block-column is-layout-flow wp-block-column-is-layout-flow\" style=\"flex-basis:33.34%\">\n<figure class=\"wp-block-image size-large\"><a href=\"https:\/\/www.aliancalivraria.com.br\/busca?query=na+cortina+do+tempo\" target=\"_blank\" rel=\"noopener\"><img decoding=\"async\" width=\"344\" height=\"500\" data-src=\"https:\/\/alianca.org.br\/site\/wp-content\/uploads\/2022\/07\/image-1-344x500.jpeg\" alt=\"\" class=\"wp-image-15810 lazyload\" data-srcset=\"https:\/\/alianca.org.br\/site\/wp-content\/uploads\/2022\/07\/image-1-344x500.jpeg 344w, https:\/\/alianca.org.br\/site\/wp-content\/uploads\/2022\/07\/image-1-206x300.jpeg 206w, https:\/\/alianca.org.br\/site\/wp-content\/uploads\/2022\/07\/image-1.jpeg 450w\" data-sizes=\"(max-width: 344px) 100vw, 344px\" src=\"data:image\/svg+xml;base64,PHN2ZyB3aWR0aD0iMSIgaGVpZ2h0PSIxIiB4bWxucz0iaHR0cDovL3d3dy53My5vcmcvMjAwMC9zdmciPjwvc3ZnPg==\" style=\"--smush-placeholder-width: 344px; --smush-placeholder-aspect-ratio: 344\/500;\" \/><\/a><\/figure>\n<\/div>\n\n\n\n<div class=\"wp-block-column is-layout-flow wp-block-column-is-layout-flow\" style=\"flex-basis:33.33%\">\n<figure class=\"wp-block-image size-large\"><a href=\"https:\/\/www.aliancalivraria.com.br\/busca?query=almas+afins\" target=\"_blank\" rel=\"noopener\"><img decoding=\"async\" width=\"344\" height=\"500\" data-src=\"https:\/\/alianca.org.br\/site\/wp-content\/uploads\/2022\/07\/image-2-344x500.jpeg\" alt=\"\" class=\"wp-image-15812 lazyload\" data-srcset=\"https:\/\/alianca.org.br\/site\/wp-content\/uploads\/2022\/07\/image-2-344x500.jpeg 344w, https:\/\/alianca.org.br\/site\/wp-content\/uploads\/2022\/07\/image-2-206x300.jpeg 206w, https:\/\/alianca.org.br\/site\/wp-content\/uploads\/2022\/07\/image-2.jpeg 450w\" data-sizes=\"(max-width: 344px) 100vw, 344px\" src=\"data:image\/svg+xml;base64,PHN2ZyB3aWR0aD0iMSIgaGVpZ2h0PSIxIiB4bWxucz0iaHR0cDovL3d3dy53My5vcmcvMjAwMC9zdmciPjwvc3ZnPg==\" style=\"--smush-placeholder-width: 344px; --smush-placeholder-aspect-ratio: 344\/500;\" \/><\/a><\/figure>\n<\/div>\n<\/div>\n\n\n\n<div class=\"wp-block-columns alignwide is-layout-flex wp-container-core-columns-is-layout-9d6595d7 wp-block-columns-is-layout-flex\">\n<div class=\"wp-block-column is-vertically-aligned-top is-layout-flow wp-block-column-is-layout-flow\" style=\"flex-basis:33.34%\">\n<div class=\"wp-block-buttons is-content-justification-center is-layout-flex wp-container-core-buttons-is-layout-16018d1d wp-block-buttons-is-layout-flex\">\n<div class=\"wp-block-button has-custom-width wp-block-button__width-75 has-custom-font-size\" style=\"font-size:18px\"><a class=\"wp-block-button__link has-text-color has-background wp-element-button\" href=\"https:\/\/www.aliancalivraria.com.br\/produto\/102779\/exilados-da-capela-os--novo-projeto\" style=\"color:#980000;background-color:#359661\" target=\"_blank\" rel=\"noreferrer noopener\"><strong><em>Comprar<\/em><\/strong><\/a><\/div>\n<\/div>\n<\/div>\n\n\n\n<div class=\"wp-block-column is-vertically-aligned-top is-layout-flow wp-block-column-is-layout-flow\" style=\"flex-basis:33.34%\">\n<div class=\"wp-block-buttons is-content-justification-center is-layout-flex wp-container-core-buttons-is-layout-16018d1d wp-block-buttons-is-layout-flex\">\n<div class=\"wp-block-button has-custom-width wp-block-button__width-75 has-custom-font-size is-style-fill\" style=\"font-size:18px\"><a class=\"wp-block-button__link has-text-color has-background wp-element-button\" href=\"https:\/\/www.aliancalivraria.com.br\/busca?query=na+cortina+do+tempo\" style=\"color:#980000;background-color:#359661\" target=\"_blank\" rel=\"noreferrer noopener\"><strong><em>Comprar<\/em><\/strong><\/a><\/div>\n<\/div>\n<\/div>\n\n\n\n<div class=\"wp-block-column is-layout-flow wp-block-column-is-layout-flow\" style=\"flex-basis:33.33%\">\n<div class=\"wp-block-buttons is-content-justification-center is-layout-flex wp-container-core-buttons-is-layout-16018d1d wp-block-buttons-is-layout-flex\">\n<div class=\"wp-block-button has-custom-width wp-block-button__width-75 has-custom-font-size is-style-fill\" style=\"font-size:18px\"><a class=\"wp-block-button__link has-text-color has-background wp-element-button\" href=\"https:\/\/www.aliancalivraria.com.br\/busca?query=almas+afins\" style=\"color:#980000;background-color:#359661\" target=\"_blank\" rel=\"noreferrer noopener\"><strong><em>Comprar<\/em><\/strong><\/a><\/div>\n<\/div>\n<\/div>\n<\/div>\n\n\n\n<p><\/p>\n","protected":false},"excerpt":{"rendered":"<p>V\u00eddeo &#8211; TRADI\u00c7\u00c3O ESPIRITUAL<\/p>\n","protected":false},"author":12,"featured_media":0,"parent":0,"menu_order":0,"comment_status":"closed","ping_status":"closed","template":"page-templates\/template-builder.php","meta":{"om_disable_all_campaigns":false,"_monsterinsights_skip_tracking":false,"_monsterinsights_sitenote_active":false,"_monsterinsights_sitenote_note":"","_monsterinsights_sitenote_category":0,"footnotes":""},"class_list":["post-15758","page","type-page","status-publish","hentry"],"aioseo_notices":[],"_links":{"self":[{"href":"https:\/\/alianca.org.br\/site\/wp-json\/wp\/v2\/pages\/15758","targetHints":{"allow":["GET"]}}],"collection":[{"href":"https:\/\/alianca.org.br\/site\/wp-json\/wp\/v2\/pages"}],"about":[{"href":"https:\/\/alianca.org.br\/site\/wp-json\/wp\/v2\/types\/page"}],"author":[{"embeddable":true,"href":"https:\/\/alianca.org.br\/site\/wp-json\/wp\/v2\/users\/12"}],"replies":[{"embeddable":true,"href":"https:\/\/alianca.org.br\/site\/wp-json\/wp\/v2\/comments?post=15758"}],"version-history":[{"count":0,"href":"https:\/\/alianca.org.br\/site\/wp-json\/wp\/v2\/pages\/15758\/revisions"}],"wp:attachment":[{"href":"https:\/\/alianca.org.br\/site\/wp-json\/wp\/v2\/media?parent=15758"}],"curies":[{"name":"wp","href":"https:\/\/api.w.org\/{rel}","templated":true}]}}