{"id":15827,"date":"2022-07-28T21:07:31","date_gmt":"2022-07-29T00:07:31","guid":{"rendered":"https:\/\/alianca.org.br\/site\/?page_id=15827"},"modified":"2025-10-25T19:47:53","modified_gmt":"2025-10-25T22:47:53","slug":"ambiente-mistico-2","status":"publish","type":"page","link":"https:\/\/alianca.org.br\/site\/ambiente-mistico-2\/","title":{"rendered":"Ambiente M\u00edstico"},"content":{"rendered":"\n<div class=\"wp-block-cover alignfull is-light\"><span aria-hidden=\"true\" class=\"wp-block-cover__background has-white-background-color has-background-dim\"><\/span><img fetchpriority=\"high\" decoding=\"async\" width=\"1400\" height=\"350\" class=\"wp-block-cover__image-background wp-image-15733\" alt=\"\" src=\"https:\/\/alianca.org.br\/site\/wp-content\/uploads\/2022\/07\/banner-inicio-pagina-2400-\u00d7-600-px-2-1400x350.png\" style=\"object-position:100% 47%\" data-object-fit=\"cover\" data-object-position=\"100% 47%\" srcset=\"https:\/\/alianca.org.br\/site\/wp-content\/uploads\/2022\/07\/banner-inicio-pagina-2400-\u00d7-600-px-2-1400x350.png 1400w, https:\/\/alianca.org.br\/site\/wp-content\/uploads\/2022\/07\/banner-inicio-pagina-2400-\u00d7-600-px-2-300x75.png 300w, https:\/\/alianca.org.br\/site\/wp-content\/uploads\/2022\/07\/banner-inicio-pagina-2400-\u00d7-600-px-2-768x192.png 768w, https:\/\/alianca.org.br\/site\/wp-content\/uploads\/2022\/07\/banner-inicio-pagina-2400-\u00d7-600-px-2-1536x384.png 1536w, https:\/\/alianca.org.br\/site\/wp-content\/uploads\/2022\/07\/banner-inicio-pagina-2400-\u00d7-600-px-2-2048x512.png 2048w\" sizes=\"(max-width: 1400px) 100vw, 1400px\" \/><div class=\"wp-block-cover__inner-container is-layout-flow wp-block-cover-is-layout-flow\">\n<p class=\"has-text-align-center has-text-color\" style=\"color:#274e13;font-size:72px\"><strong>Ambiente M\u00edstico<\/strong><\/p>\n<\/div><\/div>\n\n\n\n<div style=\"height:65px\" aria-hidden=\"true\" class=\"wp-block-spacer\"><\/div>\n\n\n\n<section id=\"gm2a70c2b\" class=\"wp-block-gutentor-m4 section-gm2a70c2b gutentor-module gutentor-advanced-columns\"><div class=\"grid-container\"><div class=\"grid-row\">\n<div id=\"col-gmc1746d\" class=\"wp-block-gutentor-m4-col col-gmc1746d gutentor-single-column  grid-lg-4 grid-md-12 grid-12\"><div id=\"section-gmc1746d\" class=\"section-gmc1746d gutentor-col-wrap\">\n<figure class=\"wp-block-embed is-type-video is-provider-youtube wp-block-embed-youtube wp-embed-aspect-16-9 wp-has-aspect-ratio\"><div class=\"wp-block-embed__wrapper\">\n<iframe width=\"640\" height=\"360\" data-src=\"https:\/\/www.youtube.com\/embed\/WgadCP7xFVg?feature=oembed\" frameborder=\"0\" allow=\"accelerometer; autoplay; clipboard-write; encrypted-media; gyroscope; picture-in-picture; web-share\" referrerpolicy=\"strict-origin-when-cross-origin\" allowfullscreen src=\"data:image\/svg+xml;base64,PHN2ZyB3aWR0aD0iMSIgaGVpZ2h0PSIxIiB4bWxucz0iaHR0cDovL3d3dy53My5vcmcvMjAwMC9zdmciPjwvc3ZnPg==\" class=\"lazyload\" data-load-mode=\"1\"><\/iframe>\n<\/div><\/figure>\n<\/div><\/div>\n\n\n\n<div id=\"col-gm2d2fe0\" class=\"wp-block-gutentor-m4-col col-gm2d2fe0 gutentor-single-column  grid-lg-4 grid-md-12 grid-12\"><div id=\"section-gm2d2fe0\" class=\"section-gm2d2fe0 gutentor-col-wrap\"><\/div><\/div>\n\n\n\n<div id=\"col-gm485529\" class=\"wp-block-gutentor-m4-col col-gm485529 gutentor-single-column  grid-lg-4 grid-md-12 grid-12\"><div id=\"section-gm485529\" class=\"section-gm485529 gutentor-col-wrap\"><\/div><\/div>\n<\/div><\/div><\/section>\n\n\n\n<div style=\"height:65px\" aria-hidden=\"true\" class=\"wp-block-spacer\"><\/div>\n\n\n\n<div id=\"section-g06741e\" class=\"wp-block-gutentor-e1 section-g06741e gutentor-element gutentor-element-advanced-text enable-title-design text-align-center-desktop\"><div class=\"gutentor-text-wrap divider-bottom\"><h1 class=\"gutentor-text\"><strong>MISTICISMO<\/strong><\/h1><div class=\"gutentor-separator gutentor-separator-after\"><span><svg xmlns=\"http:\/\/www.w3.org\/2000\/svg\" viewBox=\"0 0 240 40\" preserveAspectRatio=\"none\"><path d=\"M217.3 15.8c-2.1-.3-4.3-.2-6.3.4.9-2.7 1.2-7.3-2.1-7.7-1.4-.2-2.3.9-2.6 2.1-.4 2 .9 3.9 1.1 5.8 0 .3.6.3.6 0 .4-2-1.4-4-.5-5.9.4-1 1.8-.8 2.3.1.3.6.4 1.3.5 1.9.1 1.4-.2 2.8-.8 4.1v.1c-.2.1-.2.3-.2.5-.3-.6-1-.9-1.6-.3-4 3.9-8.5 5.5-13.3 5.8.8-.4 1.5-.9 2.2-1.5 1.4-1.2 3.3-3.2 2-5-.2-.3-.4-.4-.7-.3-2.8.5-6.3 2.5-6.9 5.6-.1.3.4.7.6.4.9-1 1.5-2.1 2.6-2.9 1-.8 2.3-1.3 3.6-1.6.4 1.4-1.7 2.8-2.6 3.5-1.3 1-2.9 1.8-4.5 1.3-.4-.1-.8.2-.8.5-8.4-.7-17.4-4.2-25.3-5.5.8-.4 1.5-.9 2.2-1.5 1.1-.9 2.9-3 1.9-4.5s-3.8.2-4.8.9c-1.9 1.2-3.4 2.8-4.4 4.7-6.8-.1-13.3 1.4-19.9 3 2.3-2.9 5.7-8.4 1.5-8.6-4.3-.2-6.2 6.1-5.1 9.4v.1c-5.3 1.3-10.6 2.6-16.1 3 2.5-2.3 6.7-6.9 3.4-8.5-1.7-.8-3.5 1-4.4 2.3-1.3 1.8-2.3 4.1-2.4 6.3-5.6-.1-11-1.3-16.3-2.7.1-.1.2-.3.1-.5-.4-1.5-3.9-11.2-6.6-7.7-1 1.3.1 3.6.9 4.7.7 1 1.6 1.9 2.6 2.7-7.5-2-15.1-3.9-23.1-3.1-.3 0-.7.1-1 .1-1.3-3.2-4.5-5.2-7.9-5.2-.3 0-.7.3-.7.6.1 2.3 1.4 4.4 3.4 5.5-6.1 1.3-12.6 3.1-18.9 3.9-1-2.1-2.5-3.9-4.4-5.2-1.1-.8-3.7-2.4-4.9-1-1.1 1.3.1 3.1 1 4 1.4 1.4 3.5 2.4 5.5 2.5-6 .4-11.8-.4-16.9-3.9 2.7-2.3 3.3-6.6 1.2-9.6-.2-.3-.6-.4-.9-.1-1.7 1.8-2.7 4.3-2.4 6.8-1.6-2.3-4.5-3.7-7.2-4.1-.4-.1-.7.4-.6.8 1 2.9 3.6 5.5 6.7 5.6.1 0 .2 0 .2-.1 2.2 2.3 4.7 3.9 7.4 4.9-3.7.2-9.6 1.2-7.4 4.5 1.2 1.8 3.9 1.1 5.6.5 2.2-.8 4.1-2.1 5.6-3.9 6.3 1.2 13.2.2 19.8-1.2-1.1.8-2.1 1.7-3 2.7-1 1.1-3.5 3.6-1.8 5.1 1.5 1.4 4.2-.8 5.4-1.8 1.9-1.6 3.6-4 4-6.5 0-.2 0-.3-.1-.4 2-.5 4-.9 5.8-1.3 4.9-1 9.5-1.3 14.2-1-1.1.4-2.1.9-3 1.5-1.3.9-3.8 2.4-3.6 4.3.2 1.6 2.1 2.2 3.5 1.7 1-.4 1.8-1.2 2.6-1.9 1.3-1.2 2.6-2.4 3.8-3.6.3-.3.2-.7 0-.9.3-.2.6-.4.8-.7 2.9.4 5.8 1 8.8 1.8 4.4 1.2 8.8 2.5 13.2 3.4-3.1.9-6 3.1-7.9 5.7-.3.4.1 1.1.6 1.1 4.1-.2 8.2-2.4 10.2-6.1 0-.1 0-.1.1-.2 2.7.4 5.5.6 8.4.4 2-.1 4.1-.4 6.1-.7 1.5 1.7 3.4 3 5.4 3.9 1.2.5 3.6 1.7 4.7.4.8-1 .1-2.4-.7-3.2-1-1-2.3-1.7-3.6-2.2 3.7-.8 7.4-1.8 11-2.7.5.9 1.4 2 1.6 2.2 2.3 2.1 5.2 3.3 8.3 3.5.5 0 .8-.5.7-.9-.8-2.9-3.2-5.2-6.1-5.9 7.7-1.5 15.2-1.8 23 .1 1.4.3 2.8.7 4.2 1-.2.1-.3.3-.3.5-.8 1.4-.4 3.1.5 4.4 1.2 1.8 3.3 2.6 5.3 3.2.5.2.9-.3.8-.8-.4-2.5-2.1-5.5-4.5-6.8 7.5 1.9 15.5 3.9 22.8 2.5 1.9 1.6 4.1 2.7 6.5 3.2 1.3.3 4.4 1.2 5.4 0 2.2-2.6-3.9-4.1-7.3-4.6 2.1-.9 4.1-2.2 6-4 .1.2.2.3.4.4 2.6 1 5.3 1.4 8 1 1.2-.2 3.9-.4 4-2.2-.3-2-3-2.2-4.2-2.4zM25.6 17.2c-2.2-.9-4-2.2-5-4.3 2.3.5 4 1.9 5.5 3.7-.3.1-.5.3-.5.6zm1.9.3c.1-.2.2-.4.1-.6 0 0 0-.1-.1-.1 0 0 .1-.1.1-.2-.1-2.5.4-4.6 1.9-6.5 1.3 2.6.6 5.7-1.6 7.6-.1 0-.2-.1-.4-.2zm5.3 8.3c-1 .5-3.4 1.5-4.5 1.1-.8.1-1-.4-.6-1.6.4-.1.8-.3 1.1-.4.7-.2 1.3-.4 2-.6 1.6-.3 3.1-.4 4.7-.4h.2c-.8.7-1.8 1.4-2.9 1.9zm14-3.5c.3-.2.3-.6-.1-.6-1.7-.3-3.2-.7-4.5-1.7-.6-.5-1.4-1.2-1.7-1.9-.5-1.2.6-1.4 1.5-1 2.3 1.1 4.1 2.9 5.3 5.2h-.5zm10.8 4c-.4.5-3.9 3.8-4.5 2.3-.3-.8 2.8-3.6 3.4-4.2 1-1 2.1-1.8 3.3-2.6.1 0 .2 0 .3-.1-.7 1.8-1.3 3.3-2.5 4.6zm11.9-8.5c-2-.6-3.6-2.2-4-4.4 2.6.3 4.6 1.8 5.9 4-.7.1-1.3.3-1.9.4zm14.2 2l-.1.1c-.4.4-.8.7-1.1 1.1-.1.1-.1.3 0 .4-.9.8-1.7 1.6-2.6 2.4-.5.4-1.1 1.1-1.7 1.4-2.2 1.2-1.6-1.2-.7-2.1 1.9-1.8 4-2.8 6.4-3.6-.2.1-.2.2-.2.3zM94.3 15c-.1-.3-.1-.6-.1-1 .6-.4 1.1-.4 1.4.2.6.5 1 1.5 1.4 2.2.6 1.2 1.1 2.4 1.5 3.7-1.9-1.5-3.7-2.9-4.2-5.1zm7.5 14.9c1.9-2 4.1-3.3 6.7-4.3-1.7 2.2-3.9 3.8-6.7 4.3zm15.5-6.3c-.1 0-.1 0 0 0h-.3c.4-1.3.8-2.6 1.5-3.9.6-1 1.6-3.2 2.9-3.4 2.7-.4-.4 3.7-.9 4.3-1 1.2-2.1 2.2-3.2 3zm14.1 2.2c.6.3 1.3.7 1.8 1.2.6.4.6.7.1 1-.2.5-.5.6-1 .3-1.2 0-2.7-1-3.7-1.6-1-.6-1.9-1.2-2.7-2 .7-.1 1.4-.3 2.1-.4 1.2.5 2.3.9 3.4 1.5zm5.1-5.5c-.5-2.7.4-7.4 3.7-7.9 2.2-.3 0 3.2-.5 4-.8 1.3-1.8 2.5-2.7 3.7-.2.2-.4.2-.5.2zm14 5.1c-1.4-.2-2.8-.6-4.1-1.3-.3-.2-3.1-2.1-3.9-3.2.4-.1.7-.2 1.1-.2 0 .3.2.6.6.7 2.8.1 5.1 1.5 6.3 4zm10.9-8.6c-.5 0-.9-.1-1.4-.1.6-.9 1.4-1.7 2.2-2.5.7-.6 3.9-3.1 4.7-2.2 1 1.1-2 3.2-2.9 3.6-.8.5-1.7.9-2.6 1.2zm15.2 8.1c.7.8 1.2 1.8 1.5 2.8-2.4-.9-4.7-2.4-4.4-5.1 1 .7 2 1.2 2.9 2.3zm29.1-.4c.7.2 1.8.5 2.2 1 .9 1 .5 1.2-.7 1.1-3-.2-5.6-1.2-8.1-2.7.4-.1.8-.2 1.1-.3.1.1.2.1.4.1 1.7.1 3.4.2 5.1.8zm8.8-5.6c-1.8 0-3.5-.5-5.2-1.1h-.1c0-.2 0-.4-.1-.6.1.2.2.3.4.3.2.2.6.2.8-.1 2.3-.4 8.7-1 8.6.6.1 1-3.4.9-4.4.9z\"><\/path><\/svg><\/span><\/div><\/div><\/div>\n\n\n\n<div style=\"height:15px\" aria-hidden=\"true\" class=\"wp-block-spacer\"><\/div>\n\n\n\n<div class=\"wp-block-columns is-layout-flex wp-container-core-columns-is-layout-9d6595d7 wp-block-columns-is-layout-flex\">\n<div class=\"wp-block-column is-layout-flow wp-block-column-is-layout-flow\" style=\"flex-basis:100%\"><\/div>\n<\/div>\n\n\n\n<section id=\"gmaeec6d6\" class=\"wp-block-gutentor-m4 section-gmaeec6d6 gutentor-module gutentor-advanced-columns\"><div class=\"grid-container\"><div class=\"grid-row\">\n<div id=\"col-gmc51cef\" class=\"wp-block-gutentor-m4-col col-gmc51cef gutentor-single-column  grid-lg-2 grid-md-12 grid-12\"><div id=\"section-gmc51cef\" class=\"section-gmc51cef gutentor-col-wrap\"><\/div><\/div>\n\n\n\n<div id=\"col-gmdc9011\" class=\"wp-block-gutentor-m4-col col-gmdc9011 gutentor-single-column  grid-lg-8 grid-md-12 grid-12\"><div id=\"section-gmdc9011\" class=\"section-gmdc9011 gutentor-col-wrap\">\n<h1 class=\"wp-block-heading has-text-align-center tituloeae-fdj has-black-color has-text-color has-link-color wp-elements-778e697d4a2fad7050bff6054068e260\" style=\"font-size:23px\"><strong>ARMOND, Edgard. Verdades e Conceitos II, cap\u00edtulo 24. Editora Alian\u00e7a<\/strong><\/h1>\n\n\n\n<p class=\"margem20 has-black-color has-text-color has-link-color wp-elements-dc330c860129d23636db2f7c8fdaaa27\" style=\"font-size:22px\">Os textos religiosos e doutrin\u00e1rios, esot\u00e9ricos ou n\u00e3o, t\u00eam sempre sentido m\u00edstico e, para muitos, isto \u00e9 fator depreciativo.<br>Os textos das doutrinas orientais s\u00e3o marcadamente m\u00edsticos e simb\u00f3licos. Veja-se, por exemplo, os livros A Voz do Silencio, de H. P. Blavatsky e Luz no Caminho, de Mabel Collins, que s\u00e3o exemplos cl\u00e1ssicos e expressivos do que afirmamos.<br>Duas s\u00e3o as raz\u00f5es principais desse feitio liter\u00e1rio:<br>1 \u2013 A aura dos grandes seres cobre vastas dimens\u00f5es da cria\u00e7\u00e3o universal e a Deus \u2013 o Criador eterno \u2013 cobre a cria\u00e7\u00e3o toda; e o estado m\u00edstico favorece a integra\u00e7\u00e3o dos seres nessas auras, mais ou menos superficial ou profundamente, segundo o grau de sua pr\u00f3pria condi\u00e7\u00e3o evolutiva.<br>2 &#8211; O estado m\u00edstico \u00e9 uma for\u00e7a \u00edntima que ajuda o crente a sustentar-se na luta; exerce forte atra\u00e7\u00e3o mental e sensibiliza o Esp\u00edrito do iniciante, despertando\u2013lhe impulsos ben\u00e9ficos de espiritualiza\u00e7\u00e3o.<br>Os textos m\u00edsticos prendem o leitor e quantas vezes o encaminham realmente para esfor\u00e7os mais amplos e tentativas mais s\u00e9rias de reden\u00e7\u00e3o pr\u00f3pria?<br>N\u00e3o h\u00e1, pois, raz\u00e3o para se condenar o misticismo, salvo, \u00e9 \u00f3bvio, quando ultrapassa os limites do equil\u00edbrio que deve ser mantido; da raz\u00e3o que deve ser conservada \u00edntegra e de um m\u00ednimo indispens\u00e1vel de bom senso.<br>Assim fala o Espiritismo, que \u00e9 doutrina racional e ao mesmo tempo, religi\u00e3o de fatos e realiza\u00e7\u00f5es espirituais objetivas.<\/p>\n<\/div><\/div>\n\n\n\n<div id=\"col-gma75eb3\" class=\"wp-block-gutentor-m4-col col-gma75eb3 gutentor-single-column  grid-lg-2 grid-md-12 grid-12\"><div id=\"section-gma75eb3\" class=\"section-gma75eb3 gutentor-col-wrap\"><\/div><\/div>\n<\/div><\/div><\/section>\n\n\n\n<div style=\"height:65px\" aria-hidden=\"true\" class=\"wp-block-spacer\"><\/div>\n\n\n\n<div id=\"section-gf69422\" class=\"wp-block-gutentor-e1 section-gf69422 gutentor-element gutentor-element-advanced-text enable-title-design text-align-center-desktop\"><div class=\"gutentor-text-wrap divider-bottom\"><h1 class=\"gutentor-text\"><strong>MATERIAL DE ESTUDO<\/strong><\/h1><div class=\"gutentor-separator gutentor-separator-after border-solid\"><\/div><\/div><\/div>\n\n\n\n<div id=\"section-g6debdc\" class=\"wp-block-gutentor-e1 alignwide section-g6debdc gutentor-element gutentor-element-advanced-text text-align-left-desktop\"><div class=\"gutentor-text-wrap\"><h1 class=\"gutentor-text\"><strong>V\u00eddeos<\/strong><\/h1><\/div><\/div>\n\n\n\n<section id=\"gm9c2312d\" class=\"wp-block-gutentor-m4 section-gm9c2312d gutentor-module gutentor-advanced-columns\"><div class=\"grid-container\"><div class=\"grid-row\">\n<div id=\"col-gm7a2440\" class=\"wp-block-gutentor-m4-col col-gm7a2440 gutentor-single-column  grid-lg-3 grid-md-12 grid-12\"><div id=\"section-gm7a2440\" class=\"section-gm7a2440 gutentor-col-wrap\">\n<figure class=\"wp-block-embed is-type-video is-provider-youtube wp-block-embed-youtube wp-embed-aspect-16-9 wp-has-aspect-ratio\"><div class=\"wp-block-embed__wrapper\">\n<iframe width=\"640\" height=\"360\" data-src=\"https:\/\/www.youtube.com\/embed\/jEUfZgVywjU?feature=oembed\" frameborder=\"0\" allow=\"accelerometer; autoplay; clipboard-write; encrypted-media; gyroscope; picture-in-picture; web-share\" referrerpolicy=\"strict-origin-when-cross-origin\" allowfullscreen src=\"data:image\/svg+xml;base64,PHN2ZyB3aWR0aD0iMSIgaGVpZ2h0PSIxIiB4bWxucz0iaHR0cDovL3d3dy53My5vcmcvMjAwMC9zdmciPjwvc3ZnPg==\" class=\"lazyload\" data-load-mode=\"1\"><\/iframe>\n<\/div><figcaption class=\"wp-element-caption\"><strong><mark class=\"has-inline-color has-black-color\">&#8220;A M\u00edstica em Santa Teresa de \u00c1vila&#8221;<\/mark><\/strong><\/figcaption><\/figure>\n<\/div><\/div>\n\n\n\n<div id=\"col-gm28d1d6\" class=\"wp-block-gutentor-m4-col col-gm28d1d6 gutentor-single-column  grid-lg-3 grid-md-12 grid-12\"><div id=\"section-gm28d1d6\" class=\"section-gm28d1d6 gutentor-col-wrap\">\n<figure class=\"wp-block-embed is-type-video is-provider-youtube wp-block-embed-youtube wp-embed-aspect-16-9 wp-has-aspect-ratio\"><div class=\"wp-block-embed__wrapper\">\n<iframe width=\"640\" height=\"360\" data-src=\"https:\/\/www.youtube.com\/embed\/c64qXTLcrpE?feature=oembed\" frameborder=\"0\" allow=\"accelerometer; autoplay; clipboard-write; encrypted-media; gyroscope; picture-in-picture; web-share\" referrerpolicy=\"strict-origin-when-cross-origin\" allowfullscreen src=\"data:image\/svg+xml;base64,PHN2ZyB3aWR0aD0iMSIgaGVpZ2h0PSIxIiB4bWxucz0iaHR0cDovL3d3dy53My5vcmcvMjAwMC9zdmciPjwvc3ZnPg==\" class=\"lazyload\" data-load-mode=\"1\"><\/iframe>\n<\/div><figcaption class=\"wp-element-caption\"><strong><mark class=\"has-inline-color has-black-color\">&#8220;A m\u00edstica em S\u00e3o Jo\u00e3o da Cruz&#8221;<\/mark><\/strong><\/figcaption><\/figure>\n<\/div><\/div>\n\n\n\n<div id=\"col-gmfb3805\" class=\"wp-block-gutentor-m4-col col-gmfb3805 gutentor-single-column  grid-lg-3 grid-md-12 grid-12\"><div id=\"section-gmfb3805\" class=\"section-gmfb3805 gutentor-col-wrap\">\n<figure class=\"wp-block-embed is-type-video is-provider-youtube wp-block-embed-youtube wp-embed-aspect-16-9 wp-has-aspect-ratio\"><div class=\"wp-block-embed__wrapper\">\n<iframe width=\"640\" height=\"360\" data-src=\"https:\/\/www.youtube.com\/embed\/bXNxMOwDkWE?feature=oembed\" frameborder=\"0\" allow=\"accelerometer; autoplay; clipboard-write; encrypted-media; gyroscope; picture-in-picture; web-share\" referrerpolicy=\"strict-origin-when-cross-origin\" allowfullscreen src=\"data:image\/svg+xml;base64,PHN2ZyB3aWR0aD0iMSIgaGVpZ2h0PSIxIiB4bWxucz0iaHR0cDovL3d3dy53My5vcmcvMjAwMC9zdmciPjwvc3ZnPg==\" class=\"lazyload\" data-load-mode=\"1\"><\/iframe>\n<\/div><figcaption class=\"wp-element-caption\"><strong><mark class=\"has-inline-color has-black-color\">VIDA INTERIOR<\/mark><\/strong><\/figcaption><\/figure>\n<\/div><\/div>\n\n\n\n<div id=\"col-gm27f711\" class=\"wp-block-gutentor-m4-col col-gm27f711 gutentor-single-column  grid-lg-3 grid-md-12 grid-12\"><div id=\"section-gm27f711\" class=\"section-gm27f711 gutentor-col-wrap\">\n<figure class=\"wp-block-embed is-type-video is-provider-youtube wp-block-embed-youtube wp-embed-aspect-4-3 wp-has-aspect-ratio\"><div class=\"wp-block-embed__wrapper\">\n<iframe width=\"640\" height=\"480\" data-src=\"https:\/\/www.youtube.com\/embed\/Cescc684NWI?feature=oembed\" frameborder=\"0\" allow=\"accelerometer; autoplay; clipboard-write; encrypted-media; gyroscope; picture-in-picture; web-share\" referrerpolicy=\"strict-origin-when-cross-origin\" allowfullscreen src=\"data:image\/svg+xml;base64,PHN2ZyB3aWR0aD0iMSIgaGVpZ2h0PSIxIiB4bWxucz0iaHR0cDovL3d3dy53My5vcmcvMjAwMC9zdmciPjwvc3ZnPg==\" class=\"lazyload\" data-load-mode=\"1\"><\/iframe>\n<\/div><figcaption class=\"wp-element-caption\"><strong><mark class=\"has-inline-color has-black-color\">Caminha Comigo<\/mark><\/strong><\/figcaption><\/figure>\n<\/div><\/div>\n<\/div><\/div><\/section>\n\n\n\n<div style=\"height:42px\" aria-hidden=\"true\" class=\"wp-block-spacer\"><\/div>\n\n\n\n<div id=\"section-g58de80\" class=\"wp-block-gutentor-e1 alignwide section-g58de80 gutentor-element gutentor-element-advanced-text text-align-left-desktop\"><div class=\"gutentor-text-wrap\"><h1 class=\"gutentor-text\"><strong>Livros<\/strong><\/h1><\/div><\/div>\n\n\n\n<section id=\"gma71447b\" class=\"wp-block-gutentor-m4 section-gma71447b gutentor-module gutentor-advanced-columns\"><div class=\"grid-container\"><div class=\"grid-row\">\n<div id=\"col-gm693ed8\" class=\"wp-block-gutentor-m4-col col-gm693ed8 gutentor-single-column  grid-lg-3 grid-md-12 grid-12\"><div id=\"section-gm693ed8\" class=\"section-gm693ed8 gutentor-col-wrap\">\n<figure class=\"wp-block-image size-large is-resized\"><a href=\"http:\/\/editoraalianca.com.br\/wp-content\/uploads\/2020\/09\/Experi%C3%AAncia%20M%C3%ADstica%20e%20Esp%C3%ADritismo.pdf\" target=\"_blank\" rel=\"noopener\"><img decoding=\"async\" width=\"335\" height=\"500\" data-src=\"https:\/\/alianca.org.br\/site\/wp-content\/uploads\/2022\/07\/image-335x500.png\" alt=\"\" class=\"wp-image-15837 lazyload\" style=\"--smush-placeholder-width: 335px; --smush-placeholder-aspect-ratio: 335\/500;width:203px;height:302px\" data-srcset=\"https:\/\/alianca.org.br\/site\/wp-content\/uploads\/2022\/07\/image-335x500.png 335w, https:\/\/alianca.org.br\/site\/wp-content\/uploads\/2022\/07\/image-201x300.png 201w, https:\/\/alianca.org.br\/site\/wp-content\/uploads\/2022\/07\/image.png 377w\" data-sizes=\"(max-width: 335px) 100vw, 335px\" src=\"data:image\/svg+xml;base64,PHN2ZyB3aWR0aD0iMSIgaGVpZ2h0PSIxIiB4bWxucz0iaHR0cDovL3d3dy53My5vcmcvMjAwMC9zdmciPjwvc3ZnPg==\" \/><\/a><figcaption class=\"wp-element-caption\"><strong><em>Download<\/em><\/strong><\/figcaption><\/figure>\n<\/div><\/div>\n\n\n\n<div id=\"col-gm7acfb0\" class=\"wp-block-gutentor-m4-col col-gm7acfb0 gutentor-single-column  grid-lg-3 grid-md-12 grid-12\"><div id=\"section-gm7acfb0\" class=\"section-gm7acfb0 gutentor-col-wrap\">\n<figure class=\"wp-block-image size-full\"><a href=\"https:\/\/aliancalivraria.com.br\/produto\/121996\/mistica\" target=\"_blank\" rel=\"noopener\"><img decoding=\"async\" width=\"190\" height=\"306\" data-src=\"https:\/\/alianca.org.br\/site\/wp-content\/uploads\/2022\/07\/image-3.jpeg\" alt=\"\" class=\"wp-image-15838 lazyload\" data-srcset=\"https:\/\/alianca.org.br\/site\/wp-content\/uploads\/2022\/07\/image-3.jpeg 190w, https:\/\/alianca.org.br\/site\/wp-content\/uploads\/2022\/07\/image-3-186x300.jpeg 186w\" data-sizes=\"(max-width: 190px) 100vw, 190px\" src=\"data:image\/svg+xml;base64,PHN2ZyB3aWR0aD0iMSIgaGVpZ2h0PSIxIiB4bWxucz0iaHR0cDovL3d3dy53My5vcmcvMjAwMC9zdmciPjwvc3ZnPg==\" style=\"--smush-placeholder-width: 190px; --smush-placeholder-aspect-ratio: 190\/306;\" \/><\/a><figcaption class=\"wp-element-caption\"><strong><em>Comprar<\/em><\/strong><\/figcaption><\/figure>\n<\/div><\/div>\n\n\n\n<div id=\"col-gm99659c\" class=\"wp-block-gutentor-m4-col col-gm99659c gutentor-single-column  grid-lg-3 grid-md-12 grid-12\"><div id=\"section-gm99659c\" class=\"section-gm99659c gutentor-col-wrap\">\n<figure class=\"wp-block-image size-full is-resized\"><a href=\"https:\/\/aliancalivraria.com.br\/produto\/122006\/falar-e-silenciar\" target=\"_blank\" rel=\"noopener\"><img decoding=\"async\" width=\"190\" height=\"292\" data-src=\"https:\/\/alianca.org.br\/site\/wp-content\/uploads\/2022\/07\/image-4.jpeg\" alt=\"\" class=\"wp-image-15839 lazyload\" style=\"--smush-placeholder-width: 190px; --smush-placeholder-aspect-ratio: 190\/292;width:197px;height:303px\" src=\"data:image\/svg+xml;base64,PHN2ZyB3aWR0aD0iMSIgaGVpZ2h0PSIxIiB4bWxucz0iaHR0cDovL3d3dy53My5vcmcvMjAwMC9zdmciPjwvc3ZnPg==\" \/><\/a><figcaption class=\"wp-element-caption\"><a href=\"https:\/\/aliancalivraria.com.br\/produto\/122006\/falar-e-silenciar\" target=\"_blank\" rel=\"noreferrer noopener\"><strong><em>Comprar<\/em><\/strong><\/a><\/figcaption><\/figure>\n<\/div><\/div>\n\n\n\n<div id=\"col-gmbafff0\" class=\"wp-block-gutentor-m4-col col-gmbafff0 gutentor-single-column  grid-lg-3 grid-md-12 grid-12\"><div id=\"section-gmbafff0\" class=\"section-gmbafff0 gutentor-col-wrap\">\n<figure class=\"wp-block-image size-large\"><img decoding=\"async\" width=\"324\" height=\"500\" data-src=\"https:\/\/alianca.org.br\/site\/wp-content\/uploads\/2022\/07\/image-26-324x500.jpeg\" alt=\"\" class=\"wp-image-16226 lazyload\" data-srcset=\"https:\/\/alianca.org.br\/site\/wp-content\/uploads\/2022\/07\/image-26-324x500.jpeg 324w, https:\/\/alianca.org.br\/site\/wp-content\/uploads\/2022\/07\/image-26-195x300.jpeg 195w, https:\/\/alianca.org.br\/site\/wp-content\/uploads\/2022\/07\/image-26-768x1184.jpeg 768w, https:\/\/alianca.org.br\/site\/wp-content\/uploads\/2022\/07\/image-26-996x1536.jpeg 996w, https:\/\/alianca.org.br\/site\/wp-content\/uploads\/2022\/07\/image-26.jpeg 1038w\" data-sizes=\"(max-width: 324px) 100vw, 324px\" src=\"data:image\/svg+xml;base64,PHN2ZyB3aWR0aD0iMSIgaGVpZ2h0PSIxIiB4bWxucz0iaHR0cDovL3d3dy53My5vcmcvMjAwMC9zdmciPjwvc3ZnPg==\" style=\"--smush-placeholder-width: 324px; --smush-placeholder-aspect-ratio: 324\/500;\" \/><figcaption class=\"wp-element-caption\"><a href=\"https:\/\/aliancalivraria.com.br\/produto\/121997\/silencio\" target=\"_blank\" rel=\"noreferrer noopener\"><em><strong>Comprar<\/strong><\/em><\/a><\/figcaption><\/figure>\n<\/div><\/div>\n<\/div><\/div><\/section>\n\n\n\n<p><\/p>\n","protected":false},"excerpt":{"rendered":"","protected":false},"author":2,"featured_media":0,"parent":0,"menu_order":0,"comment_status":"closed","ping_status":"closed","template":"page-templates\/template-builder.php","meta":{"om_disable_all_campaigns":false,"_monsterinsights_skip_tracking":false,"_monsterinsights_sitenote_active":false,"_monsterinsights_sitenote_note":"","_monsterinsights_sitenote_category":0,"footnotes":""},"class_list":["post-15827","page","type-page","status-publish","hentry"],"aioseo_notices":[],"_links":{"self":[{"href":"https:\/\/alianca.org.br\/site\/wp-json\/wp\/v2\/pages\/15827","targetHints":{"allow":["GET"]}}],"collection":[{"href":"https:\/\/alianca.org.br\/site\/wp-json\/wp\/v2\/pages"}],"about":[{"href":"https:\/\/alianca.org.br\/site\/wp-json\/wp\/v2\/types\/page"}],"author":[{"embeddable":true,"href":"https:\/\/alianca.org.br\/site\/wp-json\/wp\/v2\/users\/2"}],"replies":[{"embeddable":true,"href":"https:\/\/alianca.org.br\/site\/wp-json\/wp\/v2\/comments?post=15827"}],"version-history":[{"count":0,"href":"https:\/\/alianca.org.br\/site\/wp-json\/wp\/v2\/pages\/15827\/revisions"}],"wp:attachment":[{"href":"https:\/\/alianca.org.br\/site\/wp-json\/wp\/v2\/media?parent=15827"}],"curies":[{"name":"wp","href":"https:\/\/api.w.org\/{rel}","templated":true}]}}