{"id":15924,"date":"2022-07-28T21:09:43","date_gmt":"2022-07-29T00:09:43","guid":{"rendered":"https:\/\/alianca.org.br\/site\/?page_id=15924"},"modified":"2025-07-25T23:19:21","modified_gmt":"2025-07-26T02:19:21","slug":"reforma-intima-compromisso-com-a-evangelizacao-do-ser","status":"publish","type":"page","link":"https:\/\/alianca.org.br\/site\/reforma-intima-compromisso-com-a-evangelizacao-do-ser\/","title":{"rendered":"Reforma \u00cdntima &#8211; Compromisso com a evangeliza\u00e7\u00e3o do Ser"},"content":{"rendered":"\n<div class=\"wp-block-cover alignfull is-light\"><span aria-hidden=\"true\" class=\"wp-block-cover__background has-white-background-color has-background-dim-30 has-background-dim\"><\/span><img fetchpriority=\"high\" decoding=\"async\" width=\"2400\" height=\"600\" class=\"wp-block-cover__image-background wp-image-15733\" alt=\"\" src=\"https:\/\/alianca.org.br\/site\/wp-content\/uploads\/2022\/07\/banner-inicio-pagina-2400-\u00d7-600-px-2.png\" style=\"object-position:100% 48%\" data-object-fit=\"cover\" data-object-position=\"100% 48%\" srcset=\"https:\/\/alianca.org.br\/site\/wp-content\/uploads\/2022\/07\/banner-inicio-pagina-2400-\u00d7-600-px-2.png 2400w, https:\/\/alianca.org.br\/site\/wp-content\/uploads\/2022\/07\/banner-inicio-pagina-2400-\u00d7-600-px-2-300x75.png 300w, https:\/\/alianca.org.br\/site\/wp-content\/uploads\/2022\/07\/banner-inicio-pagina-2400-\u00d7-600-px-2-1400x350.png 1400w, https:\/\/alianca.org.br\/site\/wp-content\/uploads\/2022\/07\/banner-inicio-pagina-2400-\u00d7-600-px-2-768x192.png 768w, https:\/\/alianca.org.br\/site\/wp-content\/uploads\/2022\/07\/banner-inicio-pagina-2400-\u00d7-600-px-2-1536x384.png 1536w, https:\/\/alianca.org.br\/site\/wp-content\/uploads\/2022\/07\/banner-inicio-pagina-2400-\u00d7-600-px-2-2048x512.png 2048w\" sizes=\"(max-width: 2400px) 100vw, 2400px\" \/><div class=\"wp-block-cover__inner-container is-layout-flow wp-block-cover-is-layout-flow\">\n<p class=\"has-text-align-center has-text-color\" style=\"color:#d41402;font-size:72px\"><strong>Reforma \u00cdntima<\/strong> <\/p>\n\n\n\n<div style=\"height:20px\" aria-hidden=\"true\" class=\"wp-block-spacer\"><\/div>\n\n\n\n<div style=\"height:20px\" aria-hidden=\"true\" class=\"wp-block-spacer\"><\/div>\n\n\n\n<p class=\"has-text-align-center has-text-color\" style=\"color:#d41402;font-size:46px\"><strong>Compromisso com a evangeliza\u00e7\u00e3o <\/strong><\/p>\n\n\n\n<div style=\"height:20px\" aria-hidden=\"true\" class=\"wp-block-spacer\"><\/div>\n\n\n\n<p class=\"has-text-align-center has-text-color\" style=\"color:#d41402;font-size:46px\"><strong>do Ser<\/strong><\/p>\n<\/div><\/div>\n\n\n\n<div style=\"height:65px\" aria-hidden=\"true\" class=\"wp-block-spacer\"><\/div>\n\n\n\n<figure class=\"wp-block-embed aligncenter is-type-video is-provider-youtube wp-block-embed-youtube wp-embed-aspect-16-9 wp-has-aspect-ratio\"><div class=\"wp-block-embed__wrapper\">\n<iframe title=\"Reforma \u00cdntima - Compromisso com a evangeliza\u00e7\u00e3o do ser\" width=\"640\" height=\"360\" data-src=\"https:\/\/www.youtube.com\/embed\/KxpuPekBXT8?feature=oembed\" frameborder=\"0\" allow=\"accelerometer; autoplay; clipboard-write; encrypted-media; gyroscope; picture-in-picture; web-share\" referrerpolicy=\"strict-origin-when-cross-origin\" allowfullscreen src=\"data:image\/svg+xml;base64,PHN2ZyB3aWR0aD0iMSIgaGVpZ2h0PSIxIiB4bWxucz0iaHR0cDovL3d3dy53My5vcmcvMjAwMC9zdmciPjwvc3ZnPg==\" class=\"lazyload\" data-load-mode=\"1\"><\/iframe>\n<\/div><\/figure>\n\n\n\n<div style=\"height:65px\" aria-hidden=\"true\" class=\"wp-block-spacer\"><\/div>\n\n\n\n<div id=\"section-gd164dd\" class=\"wp-block-gutentor-e1 section-gd164dd gutentor-element gutentor-element-advanced-text enable-title-design text-align-center-desktop\"><div class=\"gutentor-text-wrap divider-bottom\"><h1 class=\"gutentor-text\"><strong><strong>VERDADES SOBRE AS ESCOLAS DE APRENDIZES DO EVANGELHO<\/strong><\/strong><\/h1><div class=\"gutentor-separator gutentor-separator-after\"><span><svg xmlns=\"http:\/\/www.w3.org\/2000\/svg\" viewBox=\"0 0 240 40\" preserveAspectRatio=\"none\"><path d=\"M217.3 15.8c-2.1-.3-4.3-.2-6.3.4.9-2.7 1.2-7.3-2.1-7.7-1.4-.2-2.3.9-2.6 2.1-.4 2 .9 3.9 1.1 5.8 0 .3.6.3.6 0 .4-2-1.4-4-.5-5.9.4-1 1.8-.8 2.3.1.3.6.4 1.3.5 1.9.1 1.4-.2 2.8-.8 4.1v.1c-.2.1-.2.3-.2.5-.3-.6-1-.9-1.6-.3-4 3.9-8.5 5.5-13.3 5.8.8-.4 1.5-.9 2.2-1.5 1.4-1.2 3.3-3.2 2-5-.2-.3-.4-.4-.7-.3-2.8.5-6.3 2.5-6.9 5.6-.1.3.4.7.6.4.9-1 1.5-2.1 2.6-2.9 1-.8 2.3-1.3 3.6-1.6.4 1.4-1.7 2.8-2.6 3.5-1.3 1-2.9 1.8-4.5 1.3-.4-.1-.8.2-.8.5-8.4-.7-17.4-4.2-25.3-5.5.8-.4 1.5-.9 2.2-1.5 1.1-.9 2.9-3 1.9-4.5s-3.8.2-4.8.9c-1.9 1.2-3.4 2.8-4.4 4.7-6.8-.1-13.3 1.4-19.9 3 2.3-2.9 5.7-8.4 1.5-8.6-4.3-.2-6.2 6.1-5.1 9.4v.1c-5.3 1.3-10.6 2.6-16.1 3 2.5-2.3 6.7-6.9 3.4-8.5-1.7-.8-3.5 1-4.4 2.3-1.3 1.8-2.3 4.1-2.4 6.3-5.6-.1-11-1.3-16.3-2.7.1-.1.2-.3.1-.5-.4-1.5-3.9-11.2-6.6-7.7-1 1.3.1 3.6.9 4.7.7 1 1.6 1.9 2.6 2.7-7.5-2-15.1-3.9-23.1-3.1-.3 0-.7.1-1 .1-1.3-3.2-4.5-5.2-7.9-5.2-.3 0-.7.3-.7.6.1 2.3 1.4 4.4 3.4 5.5-6.1 1.3-12.6 3.1-18.9 3.9-1-2.1-2.5-3.9-4.4-5.2-1.1-.8-3.7-2.4-4.9-1-1.1 1.3.1 3.1 1 4 1.4 1.4 3.5 2.4 5.5 2.5-6 .4-11.8-.4-16.9-3.9 2.7-2.3 3.3-6.6 1.2-9.6-.2-.3-.6-.4-.9-.1-1.7 1.8-2.7 4.3-2.4 6.8-1.6-2.3-4.5-3.7-7.2-4.1-.4-.1-.7.4-.6.8 1 2.9 3.6 5.5 6.7 5.6.1 0 .2 0 .2-.1 2.2 2.3 4.7 3.9 7.4 4.9-3.7.2-9.6 1.2-7.4 4.5 1.2 1.8 3.9 1.1 5.6.5 2.2-.8 4.1-2.1 5.6-3.9 6.3 1.2 13.2.2 19.8-1.2-1.1.8-2.1 1.7-3 2.7-1 1.1-3.5 3.6-1.8 5.1 1.5 1.4 4.2-.8 5.4-1.8 1.9-1.6 3.6-4 4-6.5 0-.2 0-.3-.1-.4 2-.5 4-.9 5.8-1.3 4.9-1 9.5-1.3 14.2-1-1.1.4-2.1.9-3 1.5-1.3.9-3.8 2.4-3.6 4.3.2 1.6 2.1 2.2 3.5 1.7 1-.4 1.8-1.2 2.6-1.9 1.3-1.2 2.6-2.4 3.8-3.6.3-.3.2-.7 0-.9.3-.2.6-.4.8-.7 2.9.4 5.8 1 8.8 1.8 4.4 1.2 8.8 2.5 13.2 3.4-3.1.9-6 3.1-7.9 5.7-.3.4.1 1.1.6 1.1 4.1-.2 8.2-2.4 10.2-6.1 0-.1 0-.1.1-.2 2.7.4 5.5.6 8.4.4 2-.1 4.1-.4 6.1-.7 1.5 1.7 3.4 3 5.4 3.9 1.2.5 3.6 1.7 4.7.4.8-1 .1-2.4-.7-3.2-1-1-2.3-1.7-3.6-2.2 3.7-.8 7.4-1.8 11-2.7.5.9 1.4 2 1.6 2.2 2.3 2.1 5.2 3.3 8.3 3.5.5 0 .8-.5.7-.9-.8-2.9-3.2-5.2-6.1-5.9 7.7-1.5 15.2-1.8 23 .1 1.4.3 2.8.7 4.2 1-.2.1-.3.3-.3.5-.8 1.4-.4 3.1.5 4.4 1.2 1.8 3.3 2.6 5.3 3.2.5.2.9-.3.8-.8-.4-2.5-2.1-5.5-4.5-6.8 7.5 1.9 15.5 3.9 22.8 2.5 1.9 1.6 4.1 2.7 6.5 3.2 1.3.3 4.4 1.2 5.4 0 2.2-2.6-3.9-4.1-7.3-4.6 2.1-.9 4.1-2.2 6-4 .1.2.2.3.4.4 2.6 1 5.3 1.4 8 1 1.2-.2 3.9-.4 4-2.2-.3-2-3-2.2-4.2-2.4zM25.6 17.2c-2.2-.9-4-2.2-5-4.3 2.3.5 4 1.9 5.5 3.7-.3.1-.5.3-.5.6zm1.9.3c.1-.2.2-.4.1-.6 0 0 0-.1-.1-.1 0 0 .1-.1.1-.2-.1-2.5.4-4.6 1.9-6.5 1.3 2.6.6 5.7-1.6 7.6-.1 0-.2-.1-.4-.2zm5.3 8.3c-1 .5-3.4 1.5-4.5 1.1-.8.1-1-.4-.6-1.6.4-.1.8-.3 1.1-.4.7-.2 1.3-.4 2-.6 1.6-.3 3.1-.4 4.7-.4h.2c-.8.7-1.8 1.4-2.9 1.9zm14-3.5c.3-.2.3-.6-.1-.6-1.7-.3-3.2-.7-4.5-1.7-.6-.5-1.4-1.2-1.7-1.9-.5-1.2.6-1.4 1.5-1 2.3 1.1 4.1 2.9 5.3 5.2h-.5zm10.8 4c-.4.5-3.9 3.8-4.5 2.3-.3-.8 2.8-3.6 3.4-4.2 1-1 2.1-1.8 3.3-2.6.1 0 .2 0 .3-.1-.7 1.8-1.3 3.3-2.5 4.6zm11.9-8.5c-2-.6-3.6-2.2-4-4.4 2.6.3 4.6 1.8 5.9 4-.7.1-1.3.3-1.9.4zm14.2 2l-.1.1c-.4.4-.8.7-1.1 1.1-.1.1-.1.3 0 .4-.9.8-1.7 1.6-2.6 2.4-.5.4-1.1 1.1-1.7 1.4-2.2 1.2-1.6-1.2-.7-2.1 1.9-1.8 4-2.8 6.4-3.6-.2.1-.2.2-.2.3zM94.3 15c-.1-.3-.1-.6-.1-1 .6-.4 1.1-.4 1.4.2.6.5 1 1.5 1.4 2.2.6 1.2 1.1 2.4 1.5 3.7-1.9-1.5-3.7-2.9-4.2-5.1zm7.5 14.9c1.9-2 4.1-3.3 6.7-4.3-1.7 2.2-3.9 3.8-6.7 4.3zm15.5-6.3c-.1 0-.1 0 0 0h-.3c.4-1.3.8-2.6 1.5-3.9.6-1 1.6-3.2 2.9-3.4 2.7-.4-.4 3.7-.9 4.3-1 1.2-2.1 2.2-3.2 3zm14.1 2.2c.6.3 1.3.7 1.8 1.2.6.4.6.7.1 1-.2.5-.5.6-1 .3-1.2 0-2.7-1-3.7-1.6-1-.6-1.9-1.2-2.7-2 .7-.1 1.4-.3 2.1-.4 1.2.5 2.3.9 3.4 1.5zm5.1-5.5c-.5-2.7.4-7.4 3.7-7.9 2.2-.3 0 3.2-.5 4-.8 1.3-1.8 2.5-2.7 3.7-.2.2-.4.2-.5.2zm14 5.1c-1.4-.2-2.8-.6-4.1-1.3-.3-.2-3.1-2.1-3.9-3.2.4-.1.7-.2 1.1-.2 0 .3.2.6.6.7 2.8.1 5.1 1.5 6.3 4zm10.9-8.6c-.5 0-.9-.1-1.4-.1.6-.9 1.4-1.7 2.2-2.5.7-.6 3.9-3.1 4.7-2.2 1 1.1-2 3.2-2.9 3.6-.8.5-1.7.9-2.6 1.2zm15.2 8.1c.7.8 1.2 1.8 1.5 2.8-2.4-.9-4.7-2.4-4.4-5.1 1 .7 2 1.2 2.9 2.3zm29.1-.4c.7.2 1.8.5 2.2 1 .9 1 .5 1.2-.7 1.1-3-.2-5.6-1.2-8.1-2.7.4-.1.8-.2 1.1-.3.1.1.2.1.4.1 1.7.1 3.4.2 5.1.8zm8.8-5.6c-1.8 0-3.5-.5-5.2-1.1h-.1c0-.2 0-.4-.1-.6.1.2.2.3.4.3.2.2.6.2.8-.1 2.3-.4 8.7-1 8.6.6.1 1-3.4.9-4.4.9z\"><\/path><\/svg><\/span><\/div><\/div><\/div>\n\n\n\n<div style=\"height:65px\" aria-hidden=\"true\" class=\"wp-block-spacer\"><\/div>\n\n\n\n<div id=\"section-g2ae061\" class=\"wp-block-gutentor-e1 alignwide section-g2ae061 gutentor-element gutentor-element-advanced-text text-align-right-desktop\"><div class=\"gutentor-text-wrap\"><h3 class=\"gutentor-text\"><strong><strong>ARMOND, Edgard. Verdades e Conceitos II &#8211; item 45. Editora Alian\u00e7a<\/strong><\/strong><\/h3><\/div><\/div>\n\n\n\n<div id=\"section-g739b82\" class=\"wp-block-gutentor-e1 alignwide section-g739b82 gutentor-element gutentor-element-advanced-text text-align-justify-desktop\"><div class=\"gutentor-text-wrap\"><h3 class=\"gutentor-text\">Estas escolas n\u00e3o foram criadas para estudos te\u00f3ricos do Evangelho, ou de Doutrina Esp\u00edrita em sentido geral.<br>S\u00e3o uma inicia\u00e7\u00e3o doutrin\u00e1ria do setor religioso, com base nos ensinamentos de Jesus, nas quais somente devem se inscrever aqueles que desejem realizar, em si mesmos, as transforma\u00e7\u00f5es morais que o Evangelho exige nas suas testemunha\u00e7\u00f5es.<br>Jesus, ao falar sobre essas transforma\u00e7\u00f5es, referiu-se a um homem novo, purificado \u00e0 luz das verdades que ensinava, e cujo substrato se configura no Serm\u00e3o do Monte.<br>E, no mesmo estilo figurado, disse que n\u00e3o h\u00e1 proveito em se fazer remendo em roupa velha, significando que, para essas transforma\u00e7\u00f5es, \u00e9 preciso renovar tudo, desprezando-se preconceitos sociais e religiosos, contemporiza\u00e7\u00f5es, arranjos, adapta\u00e7\u00f5es; \u00e9 necess\u00e1rio tecer um tecido novo, em trama mais resistente, para que perdure e o trabalho seja aproveit\u00e1vel.<br>A roupa velha \u00e9 o homem velho, saturado de v\u00edcios e defeitos e o homem novo \u00e9 aquele que recebe o remendo (compreens\u00e3o, prepara\u00e7\u00e3o, purifica\u00e7\u00e3o, servi\u00e7os), tudo resumido na Reforma \u00cdntima, que \u00e9 o principal fundamento e finalidade inarred\u00e1vel destas escolas.<br>E essas transforma\u00e7\u00f5es n\u00e3o se realizam com teorias (como temos v\u00e1rias vezes afirmado), com meias medidas; para elas a regra \u00e9: o n\u00e3o, n\u00e3o; sim, sim, do Evangelho; o oito ou oitenta, da g\u00edria popular; a\u00e7\u00e3o n\u00e3o com palavras, mas com fatos concretos e conscientes; com mudan\u00e7as internas profundas; com sacrif\u00edcios e ren\u00fancias, e nunca com simples apar\u00eancias enganadoras.<br>Por isso a reforma \u00edntima \u00e9 obrigat\u00f3ria e n\u00e3o aleat\u00f3ria. Depende de decis\u00f5es pessoais e corajosas, no sentido de efetiv\u00e1-las rigorosamente e jamais supor que ela se possa realizar por si mesma, ou na for\u00e7a das palavras dos expositores e dirigentes, algumas vezes precisados tanto delas, como os pr\u00f3prios aprendizes.<br>N\u00e3o se pode usar o termo reforma \u00edntima separado de sua verdadeira e irrecorr\u00edvel significa\u00e7\u00e3o: de transforma\u00e7\u00f5es morais.<br>Escolas de Aprendizes do Evangelho sem a obrigatoriedade da reforma \u00edntima \u00e9 um contrassenso, quando n\u00e3o for um subterf\u00fagio usado para fugir a essa verdade; uma adapta\u00e7\u00e3o c\u00f4moda, por\u00e9m in\u00fatil; ou uma toler\u00e2ncia contraproducente, porque n\u00e3o atinge o alvo essencial do esfor\u00e7o, que \u00e9 a evangeliza\u00e7\u00e3o.<br>Conquanto essas medidas satisfa\u00e7am porventura a Institui\u00e7\u00f5es que mant\u00eam escolas, os benef\u00edcios ser\u00e3o inconsistentes e ilus\u00f3rios, como a experi\u00eancia tem demonstrado, inclusive esta, de ostentar n\u00famero elevado de alunos; e tudo reverte, por fim, em descr\u00e9dito da Doutrina e frustra\u00e7\u00e3o moment\u00e2nea dos programas do Plano Espiritual Superior para o nosso meio.<br>A n\u00e3o ser que, em ressalva da responsabilidade espiritual, se declare que a Escola em causa \u00e9 de ensinamentos te\u00f3ricos e de simples interpreta\u00e7\u00f5es do Evangelho.<br>Assim sendo, a situa\u00e7\u00e3o se esclarece e ningu\u00e9m se engana, porque, neste caso, se trataria de escola de um tipo diferente, que assim seria \u00fatil, porque no Espiritismo escolas as mais variadas devem surgir amplamente para o esclarecimento do maior n\u00famero.<\/h3><\/div><\/div>\n\n\n\n<div style=\"height:65px\" aria-hidden=\"true\" class=\"wp-block-spacer\"><\/div>\n\n\n\n<div id=\"section-g99c4dd\" class=\"wp-block-gutentor-e1 section-g99c4dd gutentor-element gutentor-element-advanced-text enable-title-design text-align-center-desktop\"><div class=\"gutentor-text-wrap divider-bottom\"><h1 class=\"gutentor-text\"><strong>MATERIAL DE ESTUDO<\/strong><\/h1><div class=\"gutentor-separator gutentor-separator-after border-solid\"><\/div><\/div><\/div>\n\n\n\n<div id=\"section-g3e2226\" class=\"wp-block-gutentor-e1 alignwide section-g3e2226 gutentor-element gutentor-element-advanced-text text-align-left-desktop\"><div class=\"gutentor-text-wrap\"><h1 class=\"gutentor-text\"><strong><strong>V\u00eddeos<\/strong><\/strong><\/h1><\/div><\/div>\n\n\n\n<section id=\"gm86af41b\" class=\"wp-block-gutentor-m4 alignwide section-gm86af41b gutentor-module gutentor-advanced-columns gutentor-equal-column-height\"><div class=\"grid-container\"><div class=\"grid-row\">\n<div id=\"col-gm0d06e4\" class=\"wp-block-gutentor-m4-col col-gm0d06e4 gutentor-single-column  grid-lg-6 grid-md-12 grid-12\"><div id=\"section-gm0d06e4\" class=\"section-gm0d06e4 gutentor-col-wrap has-color-bg has-custom-bg\">\n<figure class=\"wp-block-embed is-type-video is-provider-youtube wp-block-embed-youtube wp-embed-aspect-16-9 wp-has-aspect-ratio\"><div class=\"wp-block-embed__wrapper\">\n<iframe width=\"640\" height=\"360\" data-src=\"https:\/\/www.youtube.com\/embed\/jtFl6fPk_pA?feature=oembed\" frameborder=\"0\" allow=\"accelerometer; autoplay; clipboard-write; encrypted-media; gyroscope; picture-in-picture; web-share\" referrerpolicy=\"strict-origin-when-cross-origin\" allowfullscreen src=\"data:image\/svg+xml;base64,PHN2ZyB3aWR0aD0iMSIgaGVpZ2h0PSIxIiB4bWxucz0iaHR0cDovL3d3dy53My5vcmcvMjAwMC9zdmciPjwvc3ZnPg==\" class=\"lazyload\" data-load-mode=\"1\"><\/iframe>\n<\/div><figcaption class=\"wp-element-caption\"><strong><mark style=\"color:#d41402\" class=\"has-inline-color\">O que \u00e9 uma ferramenta de reforma \u00edntima I<\/mark><\/strong><\/figcaption><\/figure>\n<\/div><\/div>\n\n\n\n<div id=\"col-gm3b957c\" class=\"wp-block-gutentor-m4-col col-gm3b957c gutentor-single-column  grid-lg-6 grid-md-12 grid-12\"><div id=\"section-gm3b957c\" class=\"section-gm3b957c gutentor-col-wrap has-color-bg has-custom-bg\">\n<figure class=\"wp-block-embed is-type-video is-provider-youtube wp-block-embed-youtube wp-embed-aspect-16-9 wp-has-aspect-ratio\"><div class=\"wp-block-embed__wrapper\">\n<iframe width=\"640\" height=\"360\" data-src=\"https:\/\/www.youtube.com\/embed\/YTKQamqE7rs?feature=oembed\" frameborder=\"0\" allow=\"accelerometer; autoplay; clipboard-write; encrypted-media; gyroscope; picture-in-picture; web-share\" referrerpolicy=\"strict-origin-when-cross-origin\" allowfullscreen src=\"data:image\/svg+xml;base64,PHN2ZyB3aWR0aD0iMSIgaGVpZ2h0PSIxIiB4bWxucz0iaHR0cDovL3d3dy53My5vcmcvMjAwMC9zdmciPjwvc3ZnPg==\" class=\"lazyload\" data-load-mode=\"1\"><\/iframe>\n<\/div><figcaption class=\"wp-element-caption\"><strong><mark style=\"color:#d41402\" class=\"has-inline-color\">O que \u00e9 uma ferramenta de reforma \u00edntima II<\/mark><\/strong><\/figcaption><\/figure>\n<\/div><\/div>\n<\/div><\/div><\/section>\n\n\n\n<div style=\"height:65px\" aria-hidden=\"true\" class=\"wp-block-spacer\"><\/div>\n\n\n\n<p><\/p>\n","protected":false},"excerpt":{"rendered":"","protected":false},"author":12,"featured_media":0,"parent":0,"menu_order":0,"comment_status":"closed","ping_status":"closed","template":"","meta":{"om_disable_all_campaigns":false,"_monsterinsights_skip_tracking":false,"_monsterinsights_sitenote_active":false,"_monsterinsights_sitenote_note":"","_monsterinsights_sitenote_category":0,"footnotes":""},"class_list":["post-15924","page","type-page","status-publish","hentry"],"aioseo_notices":[],"_links":{"self":[{"href":"https:\/\/alianca.org.br\/site\/wp-json\/wp\/v2\/pages\/15924","targetHints":{"allow":["GET"]}}],"collection":[{"href":"https:\/\/alianca.org.br\/site\/wp-json\/wp\/v2\/pages"}],"about":[{"href":"https:\/\/alianca.org.br\/site\/wp-json\/wp\/v2\/types\/page"}],"author":[{"embeddable":true,"href":"https:\/\/alianca.org.br\/site\/wp-json\/wp\/v2\/users\/12"}],"replies":[{"embeddable":true,"href":"https:\/\/alianca.org.br\/site\/wp-json\/wp\/v2\/comments?post=15924"}],"version-history":[{"count":0,"href":"https:\/\/alianca.org.br\/site\/wp-json\/wp\/v2\/pages\/15924\/revisions"}],"wp:attachment":[{"href":"https:\/\/alianca.org.br\/site\/wp-json\/wp\/v2\/media?parent=15924"}],"curies":[{"name":"wp","href":"https:\/\/api.w.org\/{rel}","templated":true}]}}