{"id":15942,"date":"2022-07-28T21:11:38","date_gmt":"2022-07-29T00:11:38","guid":{"rendered":"https:\/\/alianca.org.br\/site\/?page_id=15942"},"modified":"2022-09-12T11:38:43","modified_gmt":"2022-09-12T14:38:43","slug":"passagem-de-grau-aprendiz-e-servidor","status":"publish","type":"page","link":"https:\/\/alianca.org.br\/site\/passagem-de-grau-aprendiz-e-servidor\/","title":{"rendered":"Passagem de Grau &#8211; Aprendiz e Servidor"},"content":{"rendered":"\n<div class=\"wp-block-cover alignfull is-light\"><span aria-hidden=\"true\" class=\"has-white-background-color has-background-dim-30 wp-block-cover__gradient-background has-background-dim\"><\/span><img fetchpriority=\"high\" decoding=\"async\" width=\"2400\" height=\"600\" class=\"wp-block-cover__image-background wp-image-15733\" alt=\"\" src=\"https:\/\/alianca.org.br\/site\/wp-content\/uploads\/2022\/07\/banner-inicio-pagina-2400-\u00d7-600-px-2.png\" style=\"object-position:100% 48%\" data-object-fit=\"cover\" data-object-position=\"100% 48%\" srcset=\"https:\/\/alianca.org.br\/site\/wp-content\/uploads\/2022\/07\/banner-inicio-pagina-2400-\u00d7-600-px-2.png 2400w, https:\/\/alianca.org.br\/site\/wp-content\/uploads\/2022\/07\/banner-inicio-pagina-2400-\u00d7-600-px-2-300x75.png 300w, https:\/\/alianca.org.br\/site\/wp-content\/uploads\/2022\/07\/banner-inicio-pagina-2400-\u00d7-600-px-2-1400x350.png 1400w, https:\/\/alianca.org.br\/site\/wp-content\/uploads\/2022\/07\/banner-inicio-pagina-2400-\u00d7-600-px-2-768x192.png 768w, https:\/\/alianca.org.br\/site\/wp-content\/uploads\/2022\/07\/banner-inicio-pagina-2400-\u00d7-600-px-2-1536x384.png 1536w, https:\/\/alianca.org.br\/site\/wp-content\/uploads\/2022\/07\/banner-inicio-pagina-2400-\u00d7-600-px-2-2048x512.png 2048w\" sizes=\"(max-width: 2400px) 100vw, 2400px\" \/><div class=\"wp-block-cover__inner-container is-layout-flow wp-block-cover-is-layout-flow\">\n<p class=\"has-text-align-center has-text-color\" style=\"color:#434343;font-size:72px\"><strong>Passagem de Grau<\/strong><\/p>\n\n\n\n<div style=\"height:20px\" aria-hidden=\"true\" class=\"wp-block-spacer\"><\/div>\n\n\n\n<p class=\"has-text-align-center has-text-color\" style=\"color:#434343;font-size:48px\"><strong>Aprendiz e Servidor<\/strong><\/p>\n<\/div><\/div>\n\n\n\n<div style=\"height:65px\" aria-hidden=\"true\" class=\"wp-block-spacer\"><\/div>\n\n\n\n<figure class=\"wp-block-embed aligncenter is-type-video is-provider-youtube wp-block-embed-youtube wp-embed-aspect-16-9 wp-has-aspect-ratio\"><div class=\"wp-block-embed__wrapper\">\n<iframe title=\"04\/04\/2021 18h - Passagem de Grau: Aprendiz e Servidor - Melhoria de Dirigentes e Expositores\" width=\"640\" height=\"360\" data-src=\"https:\/\/www.youtube.com\/embed\/ZheFTfFnjoU?feature=oembed\" frameborder=\"0\" allow=\"accelerometer; autoplay; clipboard-write; encrypted-media; gyroscope; picture-in-picture; web-share\" referrerpolicy=\"strict-origin-when-cross-origin\" allowfullscreen src=\"data:image\/svg+xml;base64,PHN2ZyB3aWR0aD0iMSIgaGVpZ2h0PSIxIiB4bWxucz0iaHR0cDovL3d3dy53My5vcmcvMjAwMC9zdmciPjwvc3ZnPg==\" class=\"lazyload\" data-load-mode=\"1\"><\/iframe>\n<\/div><\/figure>\n\n\n\n<div style=\"height:65px\" aria-hidden=\"true\" class=\"wp-block-spacer\"><\/div>\n\n\n\n<div id=\"section-g055bf1\" class=\"wp-block-gutentor-e1 section-g055bf1 gutentor-element gutentor-element-advanced-text enable-title-design text-align-center-desktop\"><div class=\"gutentor-text-wrap divider-bottom\"><h1 class=\"gutentor-text\"><strong>Par\u00e1bola dos 3 sacos de areia<\/strong><\/h1><div class=\"gutentor-separator gutentor-separator-after\"><span><svg xmlns=\"http:\/\/www.w3.org\/2000\/svg\" viewBox=\"0 0 240 40\" preserveAspectRatio=\"none\"><path d=\"M217.3 15.8c-2.1-.3-4.3-.2-6.3.4.9-2.7 1.2-7.3-2.1-7.7-1.4-.2-2.3.9-2.6 2.1-.4 2 .9 3.9 1.1 5.8 0 .3.6.3.6 0 .4-2-1.4-4-.5-5.9.4-1 1.8-.8 2.3.1.3.6.4 1.3.5 1.9.1 1.4-.2 2.8-.8 4.1v.1c-.2.1-.2.3-.2.5-.3-.6-1-.9-1.6-.3-4 3.9-8.5 5.5-13.3 5.8.8-.4 1.5-.9 2.2-1.5 1.4-1.2 3.3-3.2 2-5-.2-.3-.4-.4-.7-.3-2.8.5-6.3 2.5-6.9 5.6-.1.3.4.7.6.4.9-1 1.5-2.1 2.6-2.9 1-.8 2.3-1.3 3.6-1.6.4 1.4-1.7 2.8-2.6 3.5-1.3 1-2.9 1.8-4.5 1.3-.4-.1-.8.2-.8.5-8.4-.7-17.4-4.2-25.3-5.5.8-.4 1.5-.9 2.2-1.5 1.1-.9 2.9-3 1.9-4.5s-3.8.2-4.8.9c-1.9 1.2-3.4 2.8-4.4 4.7-6.8-.1-13.3 1.4-19.9 3 2.3-2.9 5.7-8.4 1.5-8.6-4.3-.2-6.2 6.1-5.1 9.4v.1c-5.3 1.3-10.6 2.6-16.1 3 2.5-2.3 6.7-6.9 3.4-8.5-1.7-.8-3.5 1-4.4 2.3-1.3 1.8-2.3 4.1-2.4 6.3-5.6-.1-11-1.3-16.3-2.7.1-.1.2-.3.1-.5-.4-1.5-3.9-11.2-6.6-7.7-1 1.3.1 3.6.9 4.7.7 1 1.6 1.9 2.6 2.7-7.5-2-15.1-3.9-23.1-3.1-.3 0-.7.1-1 .1-1.3-3.2-4.5-5.2-7.9-5.2-.3 0-.7.3-.7.6.1 2.3 1.4 4.4 3.4 5.5-6.1 1.3-12.6 3.1-18.9 3.9-1-2.1-2.5-3.9-4.4-5.2-1.1-.8-3.7-2.4-4.9-1-1.1 1.3.1 3.1 1 4 1.4 1.4 3.5 2.4 5.5 2.5-6 .4-11.8-.4-16.9-3.9 2.7-2.3 3.3-6.6 1.2-9.6-.2-.3-.6-.4-.9-.1-1.7 1.8-2.7 4.3-2.4 6.8-1.6-2.3-4.5-3.7-7.2-4.1-.4-.1-.7.4-.6.8 1 2.9 3.6 5.5 6.7 5.6.1 0 .2 0 .2-.1 2.2 2.3 4.7 3.9 7.4 4.9-3.7.2-9.6 1.2-7.4 4.5 1.2 1.8 3.9 1.1 5.6.5 2.2-.8 4.1-2.1 5.6-3.9 6.3 1.2 13.2.2 19.8-1.2-1.1.8-2.1 1.7-3 2.7-1 1.1-3.5 3.6-1.8 5.1 1.5 1.4 4.2-.8 5.4-1.8 1.9-1.6 3.6-4 4-6.5 0-.2 0-.3-.1-.4 2-.5 4-.9 5.8-1.3 4.9-1 9.5-1.3 14.2-1-1.1.4-2.1.9-3 1.5-1.3.9-3.8 2.4-3.6 4.3.2 1.6 2.1 2.2 3.5 1.7 1-.4 1.8-1.2 2.6-1.9 1.3-1.2 2.6-2.4 3.8-3.6.3-.3.2-.7 0-.9.3-.2.6-.4.8-.7 2.9.4 5.8 1 8.8 1.8 4.4 1.2 8.8 2.5 13.2 3.4-3.1.9-6 3.1-7.9 5.7-.3.4.1 1.1.6 1.1 4.1-.2 8.2-2.4 10.2-6.1 0-.1 0-.1.1-.2 2.7.4 5.5.6 8.4.4 2-.1 4.1-.4 6.1-.7 1.5 1.7 3.4 3 5.4 3.9 1.2.5 3.6 1.7 4.7.4.8-1 .1-2.4-.7-3.2-1-1-2.3-1.7-3.6-2.2 3.7-.8 7.4-1.8 11-2.7.5.9 1.4 2 1.6 2.2 2.3 2.1 5.2 3.3 8.3 3.5.5 0 .8-.5.7-.9-.8-2.9-3.2-5.2-6.1-5.9 7.7-1.5 15.2-1.8 23 .1 1.4.3 2.8.7 4.2 1-.2.1-.3.3-.3.5-.8 1.4-.4 3.1.5 4.4 1.2 1.8 3.3 2.6 5.3 3.2.5.2.9-.3.8-.8-.4-2.5-2.1-5.5-4.5-6.8 7.5 1.9 15.5 3.9 22.8 2.5 1.9 1.6 4.1 2.7 6.5 3.2 1.3.3 4.4 1.2 5.4 0 2.2-2.6-3.9-4.1-7.3-4.6 2.1-.9 4.1-2.2 6-4 .1.2.2.3.4.4 2.6 1 5.3 1.4 8 1 1.2-.2 3.9-.4 4-2.2-.3-2-3-2.2-4.2-2.4zM25.6 17.2c-2.2-.9-4-2.2-5-4.3 2.3.5 4 1.9 5.5 3.7-.3.1-.5.3-.5.6zm1.9.3c.1-.2.2-.4.1-.6 0 0 0-.1-.1-.1 0 0 .1-.1.1-.2-.1-2.5.4-4.6 1.9-6.5 1.3 2.6.6 5.7-1.6 7.6-.1 0-.2-.1-.4-.2zm5.3 8.3c-1 .5-3.4 1.5-4.5 1.1-.8.1-1-.4-.6-1.6.4-.1.8-.3 1.1-.4.7-.2 1.3-.4 2-.6 1.6-.3 3.1-.4 4.7-.4h.2c-.8.7-1.8 1.4-2.9 1.9zm14-3.5c.3-.2.3-.6-.1-.6-1.7-.3-3.2-.7-4.5-1.7-.6-.5-1.4-1.2-1.7-1.9-.5-1.2.6-1.4 1.5-1 2.3 1.1 4.1 2.9 5.3 5.2h-.5zm10.8 4c-.4.5-3.9 3.8-4.5 2.3-.3-.8 2.8-3.6 3.4-4.2 1-1 2.1-1.8 3.3-2.6.1 0 .2 0 .3-.1-.7 1.8-1.3 3.3-2.5 4.6zm11.9-8.5c-2-.6-3.6-2.2-4-4.4 2.6.3 4.6 1.8 5.9 4-.7.1-1.3.3-1.9.4zm14.2 2l-.1.1c-.4.4-.8.7-1.1 1.1-.1.1-.1.3 0 .4-.9.8-1.7 1.6-2.6 2.4-.5.4-1.1 1.1-1.7 1.4-2.2 1.2-1.6-1.2-.7-2.1 1.9-1.8 4-2.8 6.4-3.6-.2.1-.2.2-.2.3zM94.3 15c-.1-.3-.1-.6-.1-1 .6-.4 1.1-.4 1.4.2.6.5 1 1.5 1.4 2.2.6 1.2 1.1 2.4 1.5 3.7-1.9-1.5-3.7-2.9-4.2-5.1zm7.5 14.9c1.9-2 4.1-3.3 6.7-4.3-1.7 2.2-3.9 3.8-6.7 4.3zm15.5-6.3c-.1 0-.1 0 0 0h-.3c.4-1.3.8-2.6 1.5-3.9.6-1 1.6-3.2 2.9-3.4 2.7-.4-.4 3.7-.9 4.3-1 1.2-2.1 2.2-3.2 3zm14.1 2.2c.6.3 1.3.7 1.8 1.2.6.4.6.7.1 1-.2.5-.5.6-1 .3-1.2 0-2.7-1-3.7-1.6-1-.6-1.9-1.2-2.7-2 .7-.1 1.4-.3 2.1-.4 1.2.5 2.3.9 3.4 1.5zm5.1-5.5c-.5-2.7.4-7.4 3.7-7.9 2.2-.3 0 3.2-.5 4-.8 1.3-1.8 2.5-2.7 3.7-.2.2-.4.2-.5.2zm14 5.1c-1.4-.2-2.8-.6-4.1-1.3-.3-.2-3.1-2.1-3.9-3.2.4-.1.7-.2 1.1-.2 0 .3.2.6.6.7 2.8.1 5.1 1.5 6.3 4zm10.9-8.6c-.5 0-.9-.1-1.4-.1.6-.9 1.4-1.7 2.2-2.5.7-.6 3.9-3.1 4.7-2.2 1 1.1-2 3.2-2.9 3.6-.8.5-1.7.9-2.6 1.2zm15.2 8.1c.7.8 1.2 1.8 1.5 2.8-2.4-.9-4.7-2.4-4.4-5.1 1 .7 2 1.2 2.9 2.3zm29.1-.4c.7.2 1.8.5 2.2 1 .9 1 .5 1.2-.7 1.1-3-.2-5.6-1.2-8.1-2.7.4-.1.8-.2 1.1-.3.1.1.2.1.4.1 1.7.1 3.4.2 5.1.8zm8.8-5.6c-1.8 0-3.5-.5-5.2-1.1h-.1c0-.2 0-.4-.1-.6.1.2.2.3.4.3.2.2.6.2.8-.1 2.3-.4 8.7-1 8.6.6.1 1-3.4.9-4.4.9z\"><\/path><\/svg><\/span><\/div><\/div><\/div>\n\n\n\n<div style=\"height:65px\" aria-hidden=\"true\" class=\"wp-block-spacer\"><\/div>\n\n\n\n<div id=\"section-g9c3177\" class=\"wp-block-gutentor-e1 alignwide section-g9c3177 gutentor-element gutentor-element-advanced-text text-align-justify-desktop\"><div class=\"gutentor-text-wrap\"><h3 class=\"gutentor-text\">\u201cCerta vez um menino ficou sabendo que havia um jardim muito ex\u00f3tico, muito bonito e nele estava oculto um tesouro. Ele ent\u00e3o ficou imbu\u00eddo do desejo sincero de encontrar o tesouro. Entrou para se aventurar naquele jardim. Por\u00e9m este jardim era t\u00e3o rico e maravilhoso, possu\u00eda plantas ex\u00f3ticas, animais de diversas regi\u00f5es, artistas que faziam n\u00fameros fant\u00e1sticos, m\u00e1gicos que entretinham a multid\u00e3o. Tudo isso o fascinou de tal forma que ele se esqueceu do tesouro.<br>Eis que lhe aparece um velhinho e ele ficou chocado com a forma com que ele estava trajado, totalmente diferente. Em farrapos, pobre, feio, enrugado. O velhinho destoava totalmente de toda aquela beleza do jardim. Foi esse contraste que fez com que ele se lembrasse da raz\u00e3o pela qual ele estava ali. O tesouro.<br>Ele caiu em si, percebendo ent\u00e3o que ele estava distra\u00eddo de seu prop\u00f3sito.<br>Neste estado de choque, ele se aproximou do velhinho e lhe perguntou: eu vim aqui a este jardim em busca de um tesouro, voc\u00ea sabe onde posso encontr\u00e1-lo?<br>O velhinho lhe respondeu: O tesouro est\u00e1 aqui no jardim, mas eu n\u00e3o posso lev\u00e1-lo at\u00e9 ele. O que posso lhe dizer \u00e9 que voc\u00ea s\u00f3 vai chegar at\u00e9 ele carregando um saco de areia. O velhinho ent\u00e3o lhe d\u00e1 o saco de areia.<br>Era pesado, mas o menino teve for\u00e7a para seguir caminhando. No princ\u00edpio era bem dif\u00edcil, mas \u00e0 medida que foi andando, ele foi se acostumando com o peso, e foi tamb\u00e9m se tornando mais forte com o exerc\u00edcio, e quanto mais forte se tornava, mais leve ficava o saco de areia. At\u00e9 que ele logo se esqueceu, que estava carregando um saco de areia. Com o esquecimento, ele passou novamente a se distrair com as fantasias e beleza do jardim.<br>Foi ent\u00e3o que ele encontra um segundo velhinho. Igual ao primeiro. Ver o velhinho fez com que ele se lembrasse do tesouro. E pergunta: voc\u00ea sabe onde est\u00e1 o tesouro? O segundo velhinho respondeu a mesma coisa que o primeiro: eu n\u00e3o posso lhe levar at\u00e9 l\u00e1, mas o que eu posso lhe dizer \u00e9 que para voc\u00ea achar o tesouro, voc\u00ea precisar\u00e1 levar outro saco de areia que eu vou lhe dar.<br>Novamente as coisas ficaram dif\u00edceis para o nosso menino. Mas, como da primeira, vez, \u00e0 medida que ele ficava mais forte, se acostumava com o peso, esquecia-se do tesouro e voltava a se encantar com as coisas do jardim. Isso at\u00e9 encontrar um terceiro velhinho. Que tamb\u00e9m lhe deu um terceiro saco de areia. Por\u00e9m desta vez, tornou-se t\u00e3o dif\u00edcil de carregar tr\u00eas sacos de areia que ele n\u00e3o conseguiu mais desviar-se do caminho. O peso fez com que, mesmo que ele quisesse parar para contemplar o jardim, o peso n\u00e3o o permitia, ent\u00e3o ele preferiu caminhar em linha reta, chegando a seu destino sem desviar-se.\u201d<\/h3><\/div><\/div>\n\n\n\n<div style=\"height:65px\" aria-hidden=\"true\" class=\"wp-block-spacer\"><\/div>\n\n\n\n<div id=\"section-g57ac17\" class=\"wp-block-gutentor-e1 section-g57ac17 gutentor-element gutentor-element-advanced-text enable-title-design text-align-center-desktop\"><div class=\"gutentor-text-wrap divider-bottom\"><h1 class=\"gutentor-text\"><strong>MATERIAL DE ESTUDO<\/strong><\/h1><div class=\"gutentor-separator gutentor-separator-after border-solid\"><\/div><\/div><\/div>\n\n\n\n<div id=\"section-gbc8872\" class=\"wp-block-gutentor-e1 alignwide section-gbc8872 gutentor-element gutentor-element-advanced-text text-align-left-desktop\"><div class=\"gutentor-text-wrap\"><h1 class=\"gutentor-text\"><strong>V\u00eddeos e Livros<\/strong><\/h1><\/div><\/div>\n\n\n\n<section id=\"gm86aa983\" class=\"wp-block-gutentor-m4 alignwide section-gm86aa983 gutentor-module gutentor-advanced-columns gutentor-equal-column-height\"><div class=\"grid-container\"><div class=\"grid-row\">\n<div id=\"col-gmbd18ed\" class=\"wp-block-gutentor-m4-col col-gmbd18ed gutentor-single-column  grid-lg-6 grid-md-12 grid-12\"><div id=\"section-gmbd18ed\" class=\"section-gmbd18ed gutentor-col-wrap has-color-bg has-custom-bg\">\n<figure class=\"wp-block-embed aligncenter is-type-video is-provider-youtube wp-block-embed-youtube wp-embed-aspect-16-9 wp-has-aspect-ratio\"><div class=\"wp-block-embed__wrapper\">\n<iframe width=\"640\" height=\"360\" data-src=\"https:\/\/www.youtube.com\/embed\/Oq4V9aIm-pI?feature=oembed\" frameborder=\"0\" allow=\"accelerometer; autoplay; clipboard-write; encrypted-media; gyroscope; picture-in-picture; web-share\" referrerpolicy=\"strict-origin-when-cross-origin\" allowfullscreen src=\"data:image\/svg+xml;base64,PHN2ZyB3aWR0aD0iMSIgaGVpZ2h0PSIxIiB4bWxucz0iaHR0cDovL3d3dy53My5vcmcvMjAwMC9zdmciPjwvc3ZnPg==\" class=\"lazyload\" data-load-mode=\"1\"><\/iframe>\n<\/div><figcaption><strong><mark style=\"color:#5d655d\" class=\"has-inline-color\">Leitura comentada &#8211; Luz no Caminho &#8211; Prof\u00aa L\u00facia Helena Galv\u00e3o<\/mark><\/strong><\/figcaption><\/figure>\n<\/div><\/div>\n\n\n\n<div id=\"col-gmbe9851\" class=\"wp-block-gutentor-m4-col col-gmbe9851 gutentor-single-column  grid-lg-6 grid-md-12 grid-12\"><div id=\"section-gmbe9851\" class=\"section-gmbe9851 gutentor-col-wrap has-color-bg has-custom-bg\">\n<figure class=\"wp-block-embed aligncenter is-type-video is-provider-youtube wp-block-embed-youtube wp-embed-aspect-4-3 wp-has-aspect-ratio\"><div class=\"wp-block-embed__wrapper\">\n<iframe width=\"640\" height=\"480\" data-src=\"https:\/\/www.youtube.com\/embed\/NQs4bA4hMUw?feature=oembed\" frameborder=\"0\" allow=\"accelerometer; autoplay; clipboard-write; encrypted-media; gyroscope; picture-in-picture; web-share\" referrerpolicy=\"strict-origin-when-cross-origin\" allowfullscreen src=\"data:image\/svg+xml;base64,PHN2ZyB3aWR0aD0iMSIgaGVpZ2h0PSIxIiB4bWxucz0iaHR0cDovL3d3dy53My5vcmcvMjAwMC9zdmciPjwvc3ZnPg==\" class=\"lazyload\" data-load-mode=\"1\"><\/iframe>\n<\/div><figcaption><strong>A VOZ DO SIL\u00caNCIO de Helena Blavatsky &#8211; Coment\u00e1rios Filos\u00f3ficos Prof. L\u00facia Helena Galv\u00e3o<\/strong><\/figcaption><\/figure>\n<\/div><\/div>\n<\/div><\/div><\/section>\n\n\n\n<div style=\"height:20px\" aria-hidden=\"true\" class=\"wp-block-spacer\"><\/div>\n\n\n\n<section id=\"gmeaafb44\" class=\"wp-block-gutentor-m4 alignwide section-gmeaafb44 gutentor-module gutentor-advanced-columns gutentor-equal-column-height\"><div class=\"grid-container\"><div class=\"grid-row\">\n<div id=\"col-gm0a1d96\" class=\"wp-block-gutentor-m4-col col-gm0a1d96 gutentor-single-column  grid-lg-3 grid-md-12 grid-12\"><div id=\"section-gm0a1d96\" class=\"section-gm0a1d96 gutentor-col-wrap has-color-bg has-custom-bg\">\n<div class=\"wp-block-image\"><figure class=\"aligncenter size-medium is-resized\"><a href=\"https:\/\/aliancalivraria.com.br\/produto\/102911\/guia-do-aprendiz-bolso\" target=\"_blank\" rel=\"noopener\"><img decoding=\"async\" data-src=\"https:\/\/alianca.org.br\/site\/wp-content\/uploads\/2022\/07\/image-17-206x300.jpeg\" alt=\"\" class=\"wp-image-15943 lazyload\" width=\"206\" height=\"300\" data-srcset=\"https:\/\/alianca.org.br\/site\/wp-content\/uploads\/2022\/07\/image-17-206x300.jpeg 206w, https:\/\/alianca.org.br\/site\/wp-content\/uploads\/2022\/07\/image-17-344x500.jpeg 344w, https:\/\/alianca.org.br\/site\/wp-content\/uploads\/2022\/07\/image-17.jpeg 450w\" data-sizes=\"(max-width: 206px) 100vw, 206px\" src=\"data:image\/svg+xml;base64,PHN2ZyB3aWR0aD0iMSIgaGVpZ2h0PSIxIiB4bWxucz0iaHR0cDovL3d3dy53My5vcmcvMjAwMC9zdmciPjwvc3ZnPg==\" style=\"--smush-placeholder-width: 206px; --smush-placeholder-aspect-ratio: 206\/300;\" \/><\/a><\/figure><\/div>\n\n\n\n<hr class=\"wp-block-separator has-text-color has-background has-black-background-color has-black-color is-style-default\" \/>\n\n\n\n<div class=\"wp-block-buttons is-content-justification-center is-layout-flex wp-container-core-buttons-is-layout-16018d1d wp-block-buttons-is-layout-flex\">\n<div class=\"wp-block-button has-custom-width wp-block-button__width-100 has-custom-font-size is-style-fill\" style=\"font-size:16px\"><a class=\"wp-block-button__link has-text-color has-background\" href=\"https:\/\/aliancalivraria.com.br\/produto\/102911\/guia-do-aprendiz-bolso\" style=\"border-radius:0px;background-color:#434343;color:#f5fada\" target=\"_blank\" rel=\"noreferrer noopener\"><strong><em>Comprar<\/em><\/strong><\/a><\/div>\n<\/div>\n<\/div><\/div>\n\n\n\n<div id=\"col-gm3a8d5b\" class=\"wp-block-gutentor-m4-col col-gm3a8d5b gutentor-single-column  grid-lg-3 grid-md-12 grid-12\"><div id=\"section-gm3a8d5b\" class=\"section-gm3a8d5b gutentor-col-wrap has-color-bg has-custom-bg\">\n<div class=\"wp-block-image\"><figure class=\"aligncenter size-medium is-resized\"><img decoding=\"async\" data-src=\"https:\/\/alianca.org.br\/site\/wp-content\/uploads\/2022\/07\/image-18-219x300.jpeg\" alt=\"\" class=\"wp-image-15984 lazyload\" width=\"219\" height=\"300\" data-srcset=\"https:\/\/alianca.org.br\/site\/wp-content\/uploads\/2022\/07\/image-18-219x300.jpeg 219w, https:\/\/alianca.org.br\/site\/wp-content\/uploads\/2022\/07\/image-18.jpeg 365w\" data-sizes=\"(max-width: 219px) 100vw, 219px\" src=\"data:image\/svg+xml;base64,PHN2ZyB3aWR0aD0iMSIgaGVpZ2h0PSIxIiB4bWxucz0iaHR0cDovL3d3dy53My5vcmcvMjAwMC9zdmciPjwvc3ZnPg==\" style=\"--smush-placeholder-width: 219px; --smush-placeholder-aspect-ratio: 219\/300;\" \/><\/figure><\/div>\n\n\n\n<hr class=\"wp-block-separator has-text-color has-background has-black-background-color has-black-color is-style-default\" \/>\n\n\n\n<div class=\"wp-block-buttons is-content-justification-center is-layout-flex wp-container-core-buttons-is-layout-16018d1d wp-block-buttons-is-layout-flex\">\n<div class=\"wp-block-button has-custom-width wp-block-button__width-100 is-style-fill\"><a class=\"wp-block-button__link has-text-color has-background\" href=\"https:\/\/www.amazon.com.br\/Luz-no-Caminho-Mabel-Collins\/dp\/8585961252\/ref=asc_df_8585961252\/?tag=googleshopp00-20&amp;linkCode=df0&amp;hvadid=379733703586&amp;hvpos=&amp;hvnetw=g&amp;hvrand=13811338512551898427&amp;hvpone=&amp;hvptwo=&amp;hvqmt=&amp;hvdev=c&amp;hvdvcmdl=&amp;hvlocint=&amp;hvlocphy=1001773&amp;hvtargid=pla-811811203338&amp;psc=1\" style=\"border-radius:0px;background-color:#434343;color:#f5fada\" target=\"_blank\" rel=\"noreferrer noopener\"><strong><em>Comprar<\/em><\/strong><\/a><\/div>\n<\/div>\n<\/div><\/div>\n\n\n\n<div id=\"col-gmfea769\" class=\"wp-block-gutentor-m4-col col-gmfea769 gutentor-single-column  grid-lg-3 grid-md-12 grid-12\"><div id=\"section-gmfea769\" class=\"section-gmfea769 gutentor-col-wrap has-color-bg has-custom-bg\">\n<div class=\"wp-block-image\"><figure class=\"aligncenter size-full is-resized\"><a href=\"https:\/\/aliancalivraria.com.br\/produto\/102920\/harpas-eternas--vol-i\" target=\"_blank\" rel=\"noopener\"><img decoding=\"async\" data-src=\"https:\/\/alianca.org.br\/site\/wp-content\/uploads\/2022\/07\/image-19.jpeg\" alt=\"\" class=\"wp-image-15985 lazyload\" width=\"214\" height=\"300\" src=\"data:image\/svg+xml;base64,PHN2ZyB3aWR0aD0iMSIgaGVpZ2h0PSIxIiB4bWxucz0iaHR0cDovL3d3dy53My5vcmcvMjAwMC9zdmciPjwvc3ZnPg==\" style=\"--smush-placeholder-width: 214px; --smush-placeholder-aspect-ratio: 214\/300;\" \/><\/a><\/figure><\/div>\n\n\n\n<hr class=\"wp-block-separator has-text-color has-background has-black-background-color has-black-color is-style-default\" \/>\n\n\n\n<div class=\"wp-block-buttons is-content-justification-center is-layout-flex wp-container-core-buttons-is-layout-16018d1d wp-block-buttons-is-layout-flex\">\n<div class=\"wp-block-button has-custom-width wp-block-button__width-100 has-custom-font-size is-style-fill\" style=\"font-size:16px\"><a class=\"wp-block-button__link has-text-color has-background\" href=\"https:\/\/aliancalivraria.com.br\/produto\/102920\/harpas-eternas--vol-i\" style=\"border-radius:0px;background-color:#434343;color:#f5fada\" target=\"_blank\" rel=\"noreferrer noopener\"><strong><em>Comprar<\/em><\/strong><\/a><\/div>\n<\/div>\n<\/div><\/div>\n\n\n\n<div id=\"col-gm445103\" class=\"wp-block-gutentor-m4-col col-gm445103 gutentor-single-column  grid-lg-3 grid-md-12 grid-12\"><div id=\"section-gm445103\" class=\"section-gm445103 gutentor-col-wrap has-color-bg has-custom-bg\">\n<div class=\"wp-block-image\"><figure class=\"aligncenter size-medium is-resized\"><img decoding=\"async\" data-src=\"https:\/\/alianca.org.br\/site\/wp-content\/uploads\/2022\/07\/capa-textos-estudos-Tema-5-213x300.png\" alt=\"\" class=\"wp-image-15987 lazyload\" width=\"213\" height=\"300\" data-srcset=\"https:\/\/alianca.org.br\/site\/wp-content\/uploads\/2022\/07\/capa-textos-estudos-Tema-5-213x300.png 213w, https:\/\/alianca.org.br\/site\/wp-content\/uploads\/2022\/07\/capa-textos-estudos-Tema-5-355x500.png 355w, https:\/\/alianca.org.br\/site\/wp-content\/uploads\/2022\/07\/capa-textos-estudos-Tema-5.png 566w\" data-sizes=\"(max-width: 213px) 100vw, 213px\" src=\"data:image\/svg+xml;base64,PHN2ZyB3aWR0aD0iMSIgaGVpZ2h0PSIxIiB4bWxucz0iaHR0cDovL3d3dy53My5vcmcvMjAwMC9zdmciPjwvc3ZnPg==\" style=\"--smush-placeholder-width: 213px; --smush-placeholder-aspect-ratio: 213\/300;\" \/><\/figure><\/div>\n\n\n\n<hr class=\"wp-block-separator has-text-color has-background has-black-background-color has-black-color is-style-default\" \/>\n\n\n\n<div class=\"wp-block-buttons is-layout-flex wp-block-buttons-is-layout-flex\">\n<div class=\"wp-block-button has-custom-width wp-block-button__width-100 is-style-fill\"><a class=\"wp-block-button__link has-text-color has-background\" href=\"https:\/\/drive.google.com\/file\/d\/1a7WlllkC3duJCY72QDWqO0YjXtUm2lO4\/view?usp=sharing\" style=\"border-radius:0px;background-color:#434343;color:#f5fada\" target=\"_blank\" rel=\"noreferrer noopener\"><strong><em>Download<\/em><\/strong><\/a><\/div>\n<\/div>\n<\/div><\/div>\n<\/div><\/div><\/section>\n\n\n\n<p><\/p>\n","protected":false},"excerpt":{"rendered":"","protected":false},"author":12,"featured_media":0,"parent":0,"menu_order":0,"comment_status":"closed","ping_status":"closed","template":"","meta":{"om_disable_all_campaigns":false,"_monsterinsights_skip_tracking":false,"_monsterinsights_sitenote_active":false,"_monsterinsights_sitenote_note":"","_monsterinsights_sitenote_category":0,"footnotes":""},"class_list":["post-15942","page","type-page","status-publish","hentry"],"aioseo_notices":[],"_links":{"self":[{"href":"https:\/\/alianca.org.br\/site\/wp-json\/wp\/v2\/pages\/15942","targetHints":{"allow":["GET"]}}],"collection":[{"href":"https:\/\/alianca.org.br\/site\/wp-json\/wp\/v2\/pages"}],"about":[{"href":"https:\/\/alianca.org.br\/site\/wp-json\/wp\/v2\/types\/page"}],"author":[{"embeddable":true,"href":"https:\/\/alianca.org.br\/site\/wp-json\/wp\/v2\/users\/12"}],"replies":[{"embeddable":true,"href":"https:\/\/alianca.org.br\/site\/wp-json\/wp\/v2\/comments?post=15942"}],"version-history":[{"count":0,"href":"https:\/\/alianca.org.br\/site\/wp-json\/wp\/v2\/pages\/15942\/revisions"}],"wp:attachment":[{"href":"https:\/\/alianca.org.br\/site\/wp-json\/wp\/v2\/media?parent=15942"}],"curies":[{"name":"wp","href":"https:\/\/api.w.org\/{rel}","templated":true}]}}