{"id":16013,"date":"2022-07-28T20:59:16","date_gmt":"2022-07-28T23:59:16","guid":{"rendered":"https:\/\/alianca.org.br\/site\/?page_id=16013"},"modified":"2024-07-15T20:45:49","modified_gmt":"2024-07-15T23:45:49","slug":"projeto-eae-fdj-nova","status":"publish","type":"page","link":"https:\/\/alianca.org.br\/site\/projeto-eae-fdj-nova\/","title":{"rendered":"Projeto EAE\/FDJ"},"content":{"rendered":"\n<section id=\"gme1ea10d\" class=\"wp-block-gutentor-m5 alignfull section-gme1ea10d gutentor-module gutentor-module-slider gutentor-slick-a-default-desktop gutentor-module-caption-enabled\"><div class=\"gutentor-module-slider-row\" data-dots=\"false\" data-dotstablet=\"false\" data-dotsmobile=\"false\" data-nextarrow=\"fas fa-angle-right\" data-prevarrow=\"fas fa-angle-left\" data-arrows=\"true\" data-arrowstablet=\"true\" data-arrowsmobile=\"true\" data-fade=\"false\" data-draggable=\"true\" data-infinite=\"false\" data-autoplay=\"true\" data-pauseonfocus=\"true\" data-pauseonhover=\"true\" data-speed=\"300\" data-autoplayspeed=\"10000\" data-arrowspositiondesktop=\"gutentor-slick-a-default-desktop\">\n<div id=\"col-gmebe398\" class=\"wp-block-gutentor-m5-col col-gmebe398 gutentor-slider-item\"><div id=\"section-gmebe398\" class=\"section-gmebe398 gutentor-col-wrap has-image-normal has-custom-bg\"><img decoding=\"async\" data-src=\"https:\/\/alianca.org.br\/site\/wp-content\/uploads\/2022\/07\/banner-inicio-pagina-2400-\u00d7-600-px-1.png\" alt=\"\" src=\"data:image\/svg+xml;base64,PHN2ZyB3aWR0aD0iMSIgaGVpZ2h0PSIxIiB4bWxucz0iaHR0cDovL3d3dy53My5vcmcvMjAwMC9zdmciPjwvc3ZnPg==\" class=\"lazyload\" style=\"--smush-placeholder-width: 2400px; --smush-placeholder-aspect-ratio: 2400\/600;\" \/><div class=\"gutentor-slider-caption\"><div class=\"grid-container gutentor-rm-ct-space-d\"><\/div><\/div><\/div><\/div>\n<\/div><\/section>\n\n\n\n<section id=\"section-1dfdb033-a272-4384-94ec-a31042c79e5c\" class=\"wp-block-gutentor-divider section-1dfdb033-a272-4384-94ec-a31042c79e5c gutentor-element gutentor-section gutentor-divider text-center\"><div class=\"grid-container\"><div class=\"gutentor-divider-box\"><span><svg xmlns=\"http:\/\/www.w3.org\/2000\/svg\" viewBox=\"0 0 240 40\" preserveAspectRatio=\"none\"><path d=\"M56.2 20c5.3-.1 10.6-.2 16-.3l16-.2c10.6-.1 21.3-.1 31.9-.2 10.6.1 21.3 0 31.9.1l16 .2c5.3.1 10.6.2 16 .3-5.3.1-10.6.2-16 .3l-16 .2c-10.6.1-21.3.1-31.9.1-10.6-.1-21.3 0-31.9-.2l-16-.2c-5.4.1-10.7 0-16-.1z\"><\/path><\/svg><\/span><\/div><\/div><\/section>\n\n\n\n<section id=\"gm7044257\" class=\"wp-block-gutentor-m4 alignwide section-gm7044257 gutentor-module gutentor-advanced-columns\"><div class=\"grid-container\"><div class=\"grid-row\">\n<div id=\"col-gm982c7c\" class=\"wp-block-gutentor-m4-col col-gm982c7c gutentor-single-column  grid-lg-5 grid-md-12 grid-12\"><div id=\"section-gm982c7c\" class=\"section-gm982c7c gutentor-col-wrap\"><div class=\"wp-block-image is-resized\">\n<figure class=\"aligncenter size-full\"><img fetchpriority=\"high\" decoding=\"async\" width=\"500\" height=\"500\" src=\"https:\/\/alianca.org.br\/site\/wp-content\/uploads\/2022\/06\/LOGO-BRANCO-FUNDO-VERDE.png\" alt=\"\" class=\"wp-image-14700\" style=\"aspect-ratio:1;object-fit:contain\" \/><\/figure>\n<\/div><\/div><\/div>\n\n\n\n<div id=\"col-gm2b2565\" class=\"wp-block-gutentor-m4-col col-gm2b2565 gutentor-single-column  grid-lg-7 grid-md-12 grid-12\"><div id=\"section-gm2b2565\" class=\"section-gm2b2565 gutentor-col-wrap\">\n<section id=\"section-48204a95-0b29-4eea-9211-d4b19feb58f0\" class=\"wp-block-gutentor-list gutentor-section gutentor-list-wrapper list-template1\"><div class=\"grid-container\"><div class=\"gutentor-block-header\"><div class=\"gutentor-section-title enable-title-design seperator-bottom text-center\"><h3 class=\"gutentor-title\"><strong>Revis\u00e3o\/Atualiza\u00e7\u00e3o do Programa do Curso B\u00e1sico e da Escola de Aprendizes do Evangelho<\/strong><\/h3><\/div><\/div><ul class=\"grid-row gutentor-grid-item-wrap list-indicator-image text-left\"><li class=\"gutentor-list-item grid-12 grid-12 grid-12\"><span class=\"gutentor-single-item gutentor-single-item-0\"><span class=\"gutentor-list-item-wrap\"><span class=\"gutentor-single-item-image-box\"><div class=\"gutentor-image-thumb\"><img decoding=\"async\" class=\"normal-image lazyload\" data-src=\"https:\/\/alianca.org.br\/site\/wp-content\/uploads\/2022\/07\/TREVO-MARCADOR.png\" alt=\"\" height=\"394\" width=\"393\" src=\"data:image\/svg+xml;base64,PHN2ZyB3aWR0aD0iMSIgaGVpZ2h0PSIxIiB4bWxucz0iaHR0cDovL3d3dy53My5vcmcvMjAwMC9zdmciPjwvc3ZnPg==\" style=\"--smush-placeholder-width: 393px; --smush-placeholder-aspect-ratio: 393\/394;\" \/><\/div><\/span><span class=\"gutentor-list-item\"><h4 class=\"gutentor-single-item-title\">Aperfei\u00e7oar os conte\u00fados e reorganizar as aulas, para ampliar as condi\u00e7\u00f5es de evangeliza\u00e7\u00e3o do ser e da sua consci\u00eancia por meio de valores universais.<\/h4><\/span><\/span><\/span><\/li><li class=\"gutentor-list-item grid-12 grid-12 grid-12\"><span class=\"gutentor-single-item gutentor-single-item-1\"><span class=\"gutentor-list-item-wrap\"><span class=\"gutentor-single-item-image-box\"><div class=\"gutentor-image-thumb\"><img decoding=\"async\" class=\"normal-image lazyload\" data-src=\"https:\/\/alianca.org.br\/site\/wp-content\/uploads\/2022\/07\/TREVO-MARCADOR.png\" alt=\"\" height=\"394\" width=\"393\" src=\"data:image\/svg+xml;base64,PHN2ZyB3aWR0aD0iMSIgaGVpZ2h0PSIxIiB4bWxucz0iaHR0cDovL3d3dy53My5vcmcvMjAwMC9zdmciPjwvc3ZnPg==\" style=\"--smush-placeholder-width: 393px; --smush-placeholder-aspect-ratio: 393\/394;\" \/><\/div><\/span><span class=\"gutentor-list-item\"><h4 class=\"gutentor-single-item-title\">Atualizar as informa\u00e7\u00f5es t\u00e9cnicas que sofreram mudan\u00e7as de acordo com o tempo.<\/h4><\/span><\/span><\/span><\/li><\/ul><\/div><\/section>\n\n\n\n<div class=\"wp-block-buttons alignwide is-content-justification-center is-layout-flex wp-container-core-buttons-is-layout-16018d1d wp-block-buttons-is-layout-flex\">\n<div class=\"wp-block-button is-style-fill\"><a class=\"wp-block-button__link has-white-color has-text-color has-background has-link-color wp-element-button\" href=\"https:\/\/alianca.org.br\/site\/novo-programa-do-curso-basico\/\" style=\"border-radius:0px;background-color:#1a3b29\"><strong>NOVO CURSO B\u00c1SICO<\/strong><\/a><\/div>\n\n\n\n<div class=\"wp-block-button is-style-fill\"><a class=\"wp-block-button__link has-white-color has-text-color has-background has-link-color has-text-align-center wp-element-button\" href=\"http:\/\/alianca.org.br\/site\/revisao-eae\/\" style=\"border-radius:0px;background-color:#1a3b29\"><strong>REVIS\u00c3O EAE<\/strong><\/a><\/div>\n<\/div>\n<\/div><\/div>\n<\/div><\/div><\/section>\n\n\n\n<div style=\"height:100px\" aria-hidden=\"true\" class=\"wp-block-spacer\"><\/div>\n\n\n\n<section id=\"gmf291529\" class=\"wp-block-gutentor-m4 alignwide section-gmf291529 gutentor-module gutentor-advanced-columns\"><div class=\"grid-container\"><div class=\"grid-row\">\n<div id=\"col-gm7ae108\" class=\"wp-block-gutentor-m4-col col-gm7ae108 gutentor-single-column  grid-lg-5 grid-md-12 grid-12\"><div id=\"section-gm7ae108\" class=\"section-gm7ae108 gutentor-col-wrap\">\n<div id=\"section-g477abc\" class=\"wp-block-gutentor-e6 section-g477abc gutentor-element gutentor-element-image\"><div class=\"gutentor-element-image-box\"><div class=\"gutentor-image-thumb\"><img decoding=\"async\" class=\"normal-image lazyload\" data-src=\"https:\/\/alianca.org.br\/site\/wp-content\/uploads\/2022\/06\/Verde-fundo-cinza-claro.png\" src=\"data:image\/svg+xml;base64,PHN2ZyB3aWR0aD0iMSIgaGVpZ2h0PSIxIiB4bWxucz0iaHR0cDovL3d3dy53My5vcmcvMjAwMC9zdmciPjwvc3ZnPg==\" style=\"--smush-placeholder-width: 500px; --smush-placeholder-aspect-ratio: 500\/500;\" \/><\/div><\/div><\/div>\n<\/div><\/div>\n\n\n\n<div id=\"col-gm9340b2\" class=\"wp-block-gutentor-m4-col col-gm9340b2 gutentor-single-column  grid-lg-7 grid-md-12 grid-12\"><div id=\"section-gm9340b2\" class=\"section-gm9340b2 gutentor-col-wrap\">\n<section id=\"section-cb4d92a4-7265-41e5-a4f5-0c9a4c30277e\" class=\"wp-block-gutentor-list gutentor-section gutentor-list-wrapper list-template1\"><div class=\"grid-container\"><div class=\"gutentor-block-header\"><div class=\"gutentor-section-title enable-title-design seperator-bottom text-center\"><h3 class=\"gutentor-title\"><strong><strong>Revis\u00e3o \u2013 Refer\u00eancias bibliogr\u00e1ficas\u00a0<\/strong><\/strong><\/h3><\/div><\/div><ul class=\"grid-row gutentor-grid-item-wrap list-indicator-image text-left\"><li class=\"gutentor-list-item grid-12 grid-12 grid-12\"><span class=\"gutentor-single-item gutentor-single-item-0\"><span class=\"gutentor-list-item-wrap\"><span class=\"gutentor-single-item-image-box\"><div class=\"gutentor-image-thumb\"><img decoding=\"async\" class=\"normal-image lazyload\" data-src=\"https:\/\/alianca.org.br\/site\/wp-content\/uploads\/2022\/07\/TREVO-MARCADOR.png\" alt=\"\" height=\"394\" width=\"393\" src=\"data:image\/svg+xml;base64,PHN2ZyB3aWR0aD0iMSIgaGVpZ2h0PSIxIiB4bWxucz0iaHR0cDovL3d3dy53My5vcmcvMjAwMC9zdmciPjwvc3ZnPg==\" style=\"--smush-placeholder-width: 393px; --smush-placeholder-aspect-ratio: 393\/394;\" \/><\/div><\/span><span class=\"gutentor-list-item\"><h4 class=\"gutentor-single-item-title\">Revisar e atualizar as refer\u00eancias bibliogr\u00e1ficas e assuntos essenciais das aulas para que a facilita\u00e7\u00e3o dessas, promova a evangeliza\u00e7\u00e3o e a espiritualiza\u00e7\u00e3o.<\/h4><\/span><\/span><\/span><\/li><li class=\"gutentor-list-item grid-12 grid-12 grid-12\"><span class=\"gutentor-single-item gutentor-single-item-1\"><span class=\"gutentor-list-item-wrap\"><span class=\"gutentor-single-item-image-box\"><div class=\"gutentor-image-thumb\"><img decoding=\"async\" class=\"normal-image lazyload\" data-src=\"https:\/\/alianca.org.br\/site\/wp-content\/uploads\/2022\/07\/TREVO-MARCADOR.png\" alt=\"\" height=\"394\" width=\"393\" src=\"data:image\/svg+xml;base64,PHN2ZyB3aWR0aD0iMSIgaGVpZ2h0PSIxIiB4bWxucz0iaHR0cDovL3d3dy53My5vcmcvMjAwMC9zdmciPjwvc3ZnPg==\" style=\"--smush-placeholder-width: 393px; --smush-placeholder-aspect-ratio: 393\/394;\" \/><\/div><\/span><span class=\"gutentor-list-item\"><h4 class=\"gutentor-single-item-title\">Refor\u00e7ar o conte\u00fado que auxilie na reforma \u00edntima, tanto para alunos quanto para dirigentes e facilitadores<\/h4><\/span><\/span><\/span><\/li><\/ul><\/div><\/section>\n<\/div><\/div>\n<\/div><\/div><\/section>\n\n\n\n<div style=\"height:100px\" aria-hidden=\"true\" class=\"wp-block-spacer\"><\/div>\n\n\n\n<section id=\"gmc70b9f3\" class=\"wp-block-gutentor-m4 alignwide section-gmc70b9f3 gutentor-module gutentor-advanced-columns\"><div class=\"grid-container\"><div class=\"grid-row\">\n<div id=\"col-gm389a41\" class=\"wp-block-gutentor-m4-col col-gm389a41 gutentor-single-column  grid-lg-5 grid-md-12 grid-12\"><div id=\"section-gm389a41\" class=\"section-gm389a41 gutentor-col-wrap\"><div class=\"wp-block-image is-resized\">\n<figure class=\"aligncenter size-full\"><img decoding=\"async\" width=\"500\" height=\"500\" data-src=\"https:\/\/alianca.org.br\/site\/wp-content\/uploads\/2022\/06\/LOGO-BRANCO-FUNDO-VERDE.png\" alt=\"\" class=\"wp-image-14700 lazyload\" src=\"data:image\/svg+xml;base64,PHN2ZyB3aWR0aD0iMSIgaGVpZ2h0PSIxIiB4bWxucz0iaHR0cDovL3d3dy53My5vcmcvMjAwMC9zdmciPjwvc3ZnPg==\" style=\"--smush-placeholder-width: 500px; --smush-placeholder-aspect-ratio: 500\/500;\" \/><\/figure>\n<\/div><\/div><\/div>\n\n\n\n<div id=\"col-gm577f7b\" class=\"wp-block-gutentor-m4-col col-gm577f7b gutentor-single-column  grid-lg-7 grid-md-12 grid-12\"><div id=\"section-gm577f7b\" class=\"section-gm577f7b gutentor-col-wrap\">\n<section id=\"section-a37bc2b6-2249-492e-a96b-045a86abfc27\" class=\"wp-block-gutentor-list gutentor-section gutentor-list-wrapper list-template1\"><div class=\"grid-container\"><div class=\"gutentor-block-header\"><div class=\"gutentor-section-title enable-title-design seperator-bottom text-center\"><h3 class=\"gutentor-title\"><strong><strong><strong>Programa de Melhoria de Dirigentes e Facilitadores &#8211; PMD<\/strong>F<\/strong><\/strong><\/h3><\/div><\/div><ul class=\"grid-row gutentor-grid-item-wrap list-indicator-image text-left\"><li class=\"gutentor-list-item grid-12 grid-12 grid-12\"><span class=\"gutentor-single-item gutentor-single-item-0\"><span class=\"gutentor-list-item-wrap\"><span class=\"gutentor-single-item-image-box\"><div class=\"gutentor-image-thumb\"><img decoding=\"async\" class=\"normal-image lazyload\" data-src=\"https:\/\/alianca.org.br\/site\/wp-content\/uploads\/2022\/07\/TREVO-MARCADOR.png\" alt=\"\" height=\"394\" width=\"393\" src=\"data:image\/svg+xml;base64,PHN2ZyB3aWR0aD0iMSIgaGVpZ2h0PSIxIiB4bWxucz0iaHR0cDovL3d3dy53My5vcmcvMjAwMC9zdmciPjwvc3ZnPg==\" style=\"--smush-placeholder-width: 393px; --smush-placeholder-aspect-ratio: 393\/394;\" \/><\/div><\/span><span class=\"gutentor-list-item\"><h4 class=\"gutentor-single-item-title\"><a href=\"https:\/\/sites.google.com\/d\/1zcBDTSb1W-uTnntxnhBE9mhzA-27_7MS\/p\/1ouu54OcicsP7c9rndMtpN2D59d3KiNFX\/edit\">Oportunizar a\u00e7\u00f5es para amplia\u00e7\u00e3o de consci\u00eancia dos dirigentes e expositores quanto ao sentido espiritual da proposta da EAE, sua fun\u00e7\u00e3o no processo de evangeliza\u00e7\u00e3o do ser e do seu testemunho.<\/a><\/h4><\/span><\/span><\/span><\/li><li class=\"gutentor-list-item grid-12 grid-12 grid-12\"><span class=\"gutentor-single-item gutentor-single-item-1\"><span class=\"gutentor-list-item-wrap\"><span class=\"gutentor-single-item-image-box\"><div class=\"gutentor-image-thumb\"><img decoding=\"async\" class=\"normal-image lazyload\" data-src=\"https:\/\/alianca.org.br\/site\/wp-content\/uploads\/2022\/07\/TREVO-MARCADOR.png\" alt=\"\" height=\"394\" width=\"393\" src=\"data:image\/svg+xml;base64,PHN2ZyB3aWR0aD0iMSIgaGVpZ2h0PSIxIiB4bWxucz0iaHR0cDovL3d3dy53My5vcmcvMjAwMC9zdmciPjwvc3ZnPg==\" style=\"--smush-placeholder-width: 393px; --smush-placeholder-aspect-ratio: 393\/394;\" \/><\/div><\/span><span class=\"gutentor-list-item\"><h4 class=\"gutentor-single-item-title\"><a href=\"https:\/\/sites.google.com\/d\/1zcBDTSb1W-uTnntxnhBE9mhzA-27_7MS\/p\/1ouu54OcicsP7c9rndMtpN2D59d3KiNFX\/edit\">Refor\u00e7ar a import\u00e2ncia de manter a fidelidade ao programa \/ ess\u00eancia.<\/a><\/h4><\/span><\/span><\/span><\/li><\/ul><\/div><\/section>\n\n\n\n<div class=\"wp-block-buttons is-layout-flex wp-block-buttons-is-layout-flex\">\n<div class=\"wp-block-button\"><a class=\"wp-block-button__link has-white-color has-text-color has-background has-link-color wp-element-button\" href=\"https:\/\/alianca.org.br\/site\/programa-de-melhoria-de-dirigentes-e-expositores\/\" style=\"border-radius:0px;background-color:#1a3b29\"><strong>Saiba mais&#8230;<\/strong><\/a><\/div>\n<\/div>\n<\/div><\/div>\n<\/div><\/div><\/section>\n\n\n\n<div style=\"height:100px\" aria-hidden=\"true\" class=\"wp-block-spacer\"><\/div>\n\n\n\n<section id=\"gmcbbf835\" class=\"wp-block-gutentor-m4 alignwide section-gmcbbf835 gutentor-module gutentor-advanced-columns\"><div class=\"grid-container\"><div class=\"grid-row\">\n<div id=\"col-gm198fe6\" class=\"wp-block-gutentor-m4-col col-gm198fe6 gutentor-single-column  grid-lg-5 grid-md-12 grid-12\"><div id=\"section-gm198fe6\" class=\"section-gm198fe6 gutentor-col-wrap\"><div class=\"wp-block-image is-resized\">\n<figure class=\"aligncenter size-full\"><img decoding=\"async\" width=\"500\" height=\"500\" data-src=\"https:\/\/alianca.org.br\/site\/wp-content\/uploads\/2022\/06\/Verde-fundo-cinza-claro.png\" alt=\"\" class=\"wp-image-14716 lazyload\" data-srcset=\"https:\/\/alianca.org.br\/site\/wp-content\/uploads\/2022\/06\/Verde-fundo-cinza-claro.png 500w, https:\/\/alianca.org.br\/site\/wp-content\/uploads\/2022\/06\/Verde-fundo-cinza-claro-300x300.png 300w, https:\/\/alianca.org.br\/site\/wp-content\/uploads\/2022\/06\/Verde-fundo-cinza-claro-150x150.png 150w\" data-sizes=\"(max-width: 500px) 100vw, 500px\" src=\"data:image\/svg+xml;base64,PHN2ZyB3aWR0aD0iMSIgaGVpZ2h0PSIxIiB4bWxucz0iaHR0cDovL3d3dy53My5vcmcvMjAwMC9zdmciPjwvc3ZnPg==\" style=\"--smush-placeholder-width: 500px; --smush-placeholder-aspect-ratio: 500\/500;\" \/><\/figure>\n<\/div><\/div><\/div>\n\n\n\n<div id=\"col-gma2cea5\" class=\"wp-block-gutentor-m4-col col-gma2cea5 gutentor-single-column  grid-lg-7 grid-md-12 grid-12\"><div id=\"section-gma2cea5\" class=\"section-gma2cea5 gutentor-col-wrap\">\n<section id=\"section-08c436bb-4fd3-48b0-a661-6e4b789b2bd9\" class=\"wp-block-gutentor-list gutentor-section gutentor-list-wrapper list-template1\"><div class=\"grid-container\"><div class=\"gutentor-block-header\"><div class=\"gutentor-section-title enable-title-design seperator-bottom text-center\"><h3 class=\"gutentor-title\"><strong><strong><strong>Plataforma FDJ e Escola Continuada<\/strong><\/strong><\/strong><\/h3><\/div><\/div><ul class=\"grid-row gutentor-grid-item-wrap list-indicator-image text-left\"><li class=\"gutentor-list-item grid-12 grid-12 grid-12\"><span class=\"gutentor-single-item gutentor-single-item-0\"><span class=\"gutentor-list-item-wrap\"><span class=\"gutentor-single-item-image-box\"><div class=\"gutentor-image-thumb\"><img decoding=\"async\" class=\"normal-image lazyload\" data-src=\"https:\/\/alianca.org.br\/site\/wp-content\/uploads\/2022\/07\/TREVO-MARCADOR.png\" alt=\"\" height=\"394\" width=\"393\" src=\"data:image\/svg+xml;base64,PHN2ZyB3aWR0aD0iMSIgaGVpZ2h0PSIxIiB4bWxucz0iaHR0cDovL3d3dy53My5vcmcvMjAwMC9zdmciPjwvc3ZnPg==\" style=\"--smush-placeholder-width: 393px; --smush-placeholder-aspect-ratio: 393\/394;\" \/><\/div><\/span><span class=\"gutentor-list-item\"><p class=\"gutentor-single-item-title\">Melhorar o processo de ingresso na FDJ, valorizando as passagens de graus (aprendiz, servidor e disc\u00edpulo), exames espirituais, per\u00edodo probat\u00f3rio.<\/p><\/span><\/span><\/span><\/li><li class=\"gutentor-list-item grid-12 grid-12 grid-12\"><span class=\"gutentor-single-item gutentor-single-item-1\"><span class=\"gutentor-list-item-wrap\"><span class=\"gutentor-single-item-image-box\"><div class=\"gutentor-image-thumb\"><img decoding=\"async\" class=\"normal-image lazyload\" data-src=\"https:\/\/alianca.org.br\/site\/wp-content\/uploads\/2022\/07\/TREVO-MARCADOR.png\" alt=\"\" height=\"394\" width=\"393\" src=\"data:image\/svg+xml;base64,PHN2ZyB3aWR0aD0iMSIgaGVpZ2h0PSIxIiB4bWxucz0iaHR0cDovL3d3dy53My5vcmcvMjAwMC9zdmciPjwvc3ZnPg==\" style=\"--smush-placeholder-width: 393px; --smush-placeholder-aspect-ratio: 393\/394;\" \/><\/div><\/span><span class=\"gutentor-list-item\"><p class=\"gutentor-single-item-title\">Elaborar uma proposta que ofere\u00e7a e amplie um ambiente favor\u00e1vel para os disc\u00edpulos continuarem seu processo de evangeliza\u00e7\u00e3o, o fortalecimento no trabalho (para o Mestre) e o apoio m\u00fatuo na Fraternidade.<\/p><\/span><\/span><\/span><\/li><\/ul><\/div><\/section>\n<\/div><\/div>\n<\/div><\/div><\/section>\n\n\n\n<div style=\"height:65px\" aria-hidden=\"true\" class=\"wp-block-spacer\"><\/div>\n\n\n\n<p><\/p>\n","protected":false},"excerpt":{"rendered":"","protected":false},"author":12,"featured_media":0,"parent":0,"menu_order":0,"comment_status":"closed","ping_status":"closed","template":"page-templates\/template-builder.php","meta":{"om_disable_all_campaigns":false,"_monsterinsights_skip_tracking":false,"_monsterinsights_sitenote_active":false,"_monsterinsights_sitenote_note":"","_monsterinsights_sitenote_category":0,"footnotes":""},"class_list":["post-16013","page","type-page","status-publish","hentry"],"aioseo_notices":[],"_links":{"self":[{"href":"https:\/\/alianca.org.br\/site\/wp-json\/wp\/v2\/pages\/16013","targetHints":{"allow":["GET"]}}],"collection":[{"href":"https:\/\/alianca.org.br\/site\/wp-json\/wp\/v2\/pages"}],"about":[{"href":"https:\/\/alianca.org.br\/site\/wp-json\/wp\/v2\/types\/page"}],"author":[{"embeddable":true,"href":"https:\/\/alianca.org.br\/site\/wp-json\/wp\/v2\/users\/12"}],"replies":[{"embeddable":true,"href":"https:\/\/alianca.org.br\/site\/wp-json\/wp\/v2\/comments?post=16013"}],"version-history":[{"count":0,"href":"https:\/\/alianca.org.br\/site\/wp-json\/wp\/v2\/pages\/16013\/revisions"}],"wp:attachment":[{"href":"https:\/\/alianca.org.br\/site\/wp-json\/wp\/v2\/media?parent=16013"}],"curies":[{"name":"wp","href":"https:\/\/api.w.org\/{rel}","templated":true}]}}