{"id":2,"date":"2020-10-09T19:12:47","date_gmt":"2020-10-09T22:12:47","guid":{"rendered":"http:\/\/alianca.org.br\/site\/?page_id=2"},"modified":"2026-01-08T22:46:29","modified_gmt":"2026-01-09T01:46:29","slug":"casas-espiritas","status":"publish","type":"page","link":"https:\/\/alianca.org.br\/site\/casas-espiritas\/","title":{"rendered":"Casas Esp\u00edritas"},"content":{"rendered":"\n<p><strong>Encontre uma Casa Esp\u00edrita da Alian\u00e7a pr\u00f3xima a voc\u00ea<\/strong><\/p>\n\n\n\r\n\t\t\t\r\n\r\n\t\t\t<div style=\"display:block; width:100%;\">\r\n\r\n\t\t\t\t\r\n\t\t\t\r\n\t\t\t\t<div id=\"wpgmaps_directions_notification_2\" style=\"display:none;\">Obtendo instru\u00e7\u00f5es de Como Chegar...<\/div>\r\n\t\t\t\t<div id=\"wpgmaps_directions_reset_2\" style=\"display:none;\">\r\n\r\n\t\t\t\t\t<a href='javascript:void(0)' onclick='wpgmza_reset_directions(2);' id='wpgmaps_reset_directions' title='Excluir as instru\u00e7\u00f5es de Como Chegar'>Excluir as instru\u00e7\u00f5es de Como Chegar<\/a>\r\n\t\t\t\t\t<br \/>\r\n\t\t\t\t\t<a href='javascript: ;' id='wpgmaps_print_directions_2' target='_blank' title='Imprimir as instru\u00e7\u00f5es de Como Chegar'>Imprimir as instru\u00e7\u00f5es de Como Chegar<\/a>\r\n\t\t\t\t<\/div>\r\n\t\t\t\r\n\t\t\t\t<div id=\"directions_panel_2\"><\/div>\r\n\t\t\t\r\n\t\t\t<\/div>\r\n\r\n\t\t\t\r\n\t\t\t<div class=\"wpgmza-store-locator wpgmza_sl_main_div\" data-id=\"2\">\n\t<div class=\"wpgmza-address-container wpgmza-form-field wpgmza_sl_query_div\">\n\t\t<label class=\"wpgmza-address wpgmza-form-field__label wpgmza-form-field__label--float\" data-name=\"addressLabel\" for=\"addressInput_2\">CEP \/ Endere\u00e7o:<\/label>\n\t\t<input class=\"wpgmza-address addressInput\" type=\"text\" placeholder=\"Use minha localiza\u00e7\u00e3o\" autocomplete=\"off\" data-name=\"defaultAddress\" value=\"\" id=\"addressInput_2\" size=\"20\">\n\t<\/div>\n\t\n\t<div class=\"wpgmza-radius-container wpgmza-form-field wpgmza_sl_radius_div wpgmza-clearfix\">\n\t\t<label class=\"wpgmza-radius wpgmza-form-field__label wpgmza-form-field__label--float\" for=\"radiusSelect_2\">\n\t\t\tRaio\t\t<\/label>\n\t\t<select class=\"wpgmza-radius wpgmza-form-field__input wpgmza_sl_radius_select\" id=\"radiusSelect_2\"><option class=\"wpgmza-radius wpgmza_sl_select_option\" value=\"1\">1km<\/option><option class=\"wpgmza-radius wpgmza_sl_select_option\" value=\"5\">5km<\/option><option class=\"wpgmza-radius wpgmza_sl_select_option\" value=\"10\" selected>10km<\/option><option class=\"wpgmza-radius wpgmza_sl_select_option\" value=\"25\">25km<\/option><option class=\"wpgmza-radius wpgmza_sl_select_option\" value=\"50\">50km<\/option><option class=\"wpgmza-radius wpgmza_sl_select_option\" value=\"75\">75km<\/option><option class=\"wpgmza-radius wpgmza_sl_select_option\" value=\"100\">100km<\/option><option class=\"wpgmza-radius wpgmza_sl_select_option\" value=\"150\">150km<\/option><option class=\"wpgmza-radius wpgmza_sl_select_option\" value=\"200\">200km<\/option><option class=\"wpgmza-radius wpgmza_sl_select_option\" value=\"300\">300km<\/option><\/select>\n\t<\/div>\n\t\n\t<div class=\"wpgmza-search wpgmza_sl_search_button_div\"><input class=\"wpgmza-search wpgmza_sl_search_button_2\" value=\"Buscar\" type=\"button\" onclick=\"searchLocations(2)\" mid=\"2\"><\/div>\n\t\n\t<div class=\"wpgmza-reset wpgmza_sl_reset_button_div\">\n\t<input class=\"wpgmza-reset wpgmza_sl_reset_button_2\" type=\"button\" value=\"Reset\" mid=\"2\" onclick=\"resetLocations(2)\">\n<\/div><div class=\"wpgmza-no-results wpgmza-not-found-msg js-not-found-msg\" style=\"display: none;\">\n\t\t<p data-name=\"notFoundMessage\">No results found in this location. Please try again.<\/p>\n\t<\/div>\n<\/div>\r\n\t\t\t\r\n\r\n\t\t\t\r\n            <a name='map2'><\/a>\r\n\r\n\t\t\t<div class=\"wpgmza_map \" id=\"wpgmza_map_2\" style=\"display:block; overflow:auto; width:100%; height:400px; float:left;\" data-settings=\"{&quot;id&quot;:&quot;2&quot;,&quot;map_title&quot;:&quot;Casas da Alian\\u00e7a&quot;,&quot;map_width&quot;:&quot;100&quot;,&quot;map_height&quot;:&quot;400&quot;,&quot;map_start_lat&quot;:&quot;-9.399604399999978&quot;,&quot;map_start_lng&quot;:&quot;-40.5462831&quot;,&quot;map_start_location&quot;:&quot;-27.358064,-48.302310000000034&quot;,&quot;map_start_zoom&quot;:&quot;6&quot;,&quot;default_marker&quot;:&quot;&quot;,&quot;type&quot;:&quot;1&quot;,&quot;alignment&quot;:&quot;2&quot;,&quot;directions_enabled&quot;:&quot;0&quot;,&quot;styling_enabled&quot;:&quot;0&quot;,&quot;styling_json&quot;:&quot;&quot;,&quot;active&quot;:&quot;0&quot;,&quot;kml&quot;:&quot;&quot;,&quot;bicycle&quot;:&quot;0&quot;,&quot;traffic&quot;:&quot;0&quot;,&quot;dbox&quot;:&quot;2&quot;,&quot;dbox_width&quot;:&quot;500&quot;,&quot;listmarkers&quot;:&quot;0&quot;,&quot;listmarkers_advanced&quot;:&quot;0&quot;,&quot;filterbycat&quot;:&quot;0&quot;,&quot;ugm_enabled&quot;:&quot;0&quot;,&quot;ugm_category_enabled&quot;:&quot;0&quot;,&quot;fusion&quot;:&quot;&quot;,&quot;map_width_type&quot;:&quot;%&quot;,&quot;map_height_type&quot;:&quot;px&quot;,&quot;mass_marker_support&quot;:&quot;0&quot;,&quot;ugm_access&quot;:&quot;0&quot;,&quot;order_markers_by&quot;:&quot;1&quot;,&quot;order_markers_choice&quot;:&quot;1&quot;,&quot;show_user_location&quot;:&quot;1&quot;,&quot;default_to&quot;:&quot;&quot;,&quot;other_settings&quot;:{&quot;store_locator_enabled&quot;:true,&quot;wpgmza_store_locator_restrict&quot;:&quot;&quot;,&quot;store_locator_bounce&quot;:1,&quot;store_locator_query_string&quot;:&quot;&quot;,&quot;store_locator_name_string&quot;:&quot;&quot;,&quot;wpgmza_dbox_width_type&quot;:&quot;px&quot;,&quot;map_max_zoom&quot;:&quot;1&quot;,&quot;map_min_zoom&quot;:&quot;21&quot;,&quot;sl_stroke_color&quot;:&quot;#000000&quot;,&quot;sl_stroke_opacity&quot;:&quot;&quot;,&quot;sl_fill_color&quot;:&quot;#000000&quot;,&quot;sl_fill_opacity&quot;:&quot;&quot;,&quot;click_open_link&quot;:false,&quot;transport_layer&quot;:false,&quot;iw_primary_color&quot;:&quot;#000000&quot;,&quot;iw_accent_color&quot;:&quot;#000000&quot;,&quot;iw_text_color&quot;:&quot;#000000&quot;,&quot;wpgmza_iw_type&quot;:&quot;0&quot;,&quot;list_markers_by&quot;:&quot;2&quot;,&quot;push_in_map&quot;:&quot;&quot;,&quot;push_in_map_placement&quot;:&quot;9&quot;,&quot;wpgmza_push_in_map_width&quot;:&quot;&quot;,&quot;wpgmza_push_in_map_height&quot;:&quot;&quot;,&quot;wpgmza_theme_data&quot;:&quot;&quot;,&quot;upload_default_ul_marker&quot;:&quot;\\\/\\\/alianca.org.br\\\/site\\\/wp-content\\\/uploads\\\/2022\\\/02\\\/Map_Alianca.png&quot;,&quot;upload_default_sl_marker&quot;:&quot;&quot;,&quot;shortcodeAttributes&quot;:{&quot;id&quot;:&quot;2&quot;},&quot;action&quot;:&quot;wpgmza_save_map&quot;,&quot;redirect_to&quot;:&quot;\\\/site\\\/wp-admin\\\/admin-post.php&quot;,&quot;map_id&quot;:&quot;2&quot;,&quot;http_referer&quot;:&quot;\\\/site\\\/wp-admin\\\/admin.php?page=wp-google-maps-menu&amp;amp;action=edit&amp;amp;map_id=5&quot;,&quot;wpgmza_id&quot;:&quot;5&quot;,&quot;wpgmza_start_location&quot;:&quot;-9.399604399999978,-40.5462831&quot;,&quot;wpgmza_start_zoom&quot;:&quot;6&quot;,&quot;default_from&quot;:&quot;&quot;,&quot;directions_behaviour&quot;:&quot;default&quot;,&quot;force_google_directions_app&quot;:false,&quot;directions_route_origin_icon&quot;:&quot;https:\\\/\\\/alianca.org.br\\\/site\\\/wp-content\\\/plugins\\\/wp-google-maps\\\/images\\\/spotlight-poi2.png&quot;,&quot;directions_origin_retina&quot;:false,&quot;directions_route_destination_icon&quot;:&quot;https:\\\/\\\/alianca.org.br\\\/site\\\/wp-content\\\/plugins\\\/wp-google-maps\\\/images\\\/spotlight-poi2.png&quot;,&quot;directions_destination_retina&quot;:false,&quot;directions_route_stroke_color&quot;:&quot;#4f8df5&quot;,&quot;directions_route_stroke_weight&quot;:&quot;4&quot;,&quot;directions_route_stroke_opacity&quot;:&quot;0.8&quot;,&quot;directions_fit_bounds_to_route&quot;:false,&quot;store_locator_search_area&quot;:&quot;radial&quot;,&quot;wpgmza_store_locator_radius_style&quot;:&quot;legacy&quot;,&quot;wpgmza_store_locator_default_radius&quot;:&quot;10&quot;,&quot;store_locator_auto_area_max_zoom&quot;:&quot;&quot;,&quot;store_locator_distance&quot;:false,&quot;wpgmza_store_locator_position&quot;:false,&quot;store_locator_show_distance&quot;:true,&quot;store_locator_category&quot;:false,&quot;wpgmza_store_locator_use_their_location&quot;:false,&quot;wpgmza_store_locator_bounce&quot;:false,&quot;upload_default_sl_marker_retina&quot;:false,&quot;wpgmza_sl_animation&quot;:&quot;0&quot;,&quot;wpgmza_store_locator_hide_before_search&quot;:false,&quot;store_locator_default_address&quot;:&quot;&quot;,&quot;store_locator_name_search&quot;:false,&quot;store_locator_not_found_message&quot;:&quot;&quot;,&quot;retina&quot;:false,&quot;wpgmza_map_align&quot;:&quot;1&quot;,&quot;upload_default_ul_marker_retina&quot;:false,&quot;jump_to_nearest_marker_on_initialization&quot;:false,&quot;automatically_pan_to_users_location&quot;:false,&quot;override_users_location_zoom_level&quot;:false,&quot;override_users_location_zoom_levels&quot;:&quot;&quot;,&quot;show_distance_from_location&quot;:false,&quot;fit_maps_bounds_to_markers&quot;:false,&quot;fit_maps_bounds_to_markers_after_filtering&quot;:false,&quot;hide_point_of_interest&quot;:false,&quot;wpgmza_zoom_on_marker_click&quot;:false,&quot;wpgmza_zoom_on_marker_click_slider&quot;:&quot;&quot;,&quot;close_infowindow_on_map_click&quot;:false,&quot;disable_lightbox_images&quot;:false,&quot;use_Raw_Jpeg_Coordinates&quot;:false,&quot;polygon_labels&quot;:false,&quot;disable_polygon_info_windows&quot;:true,&quot;enable_advanced_custom_fields_integration&quot;:false,&quot;enable_toolset_woocommerce_integration&quot;:false,&quot;only_load_markers_within_viewport&quot;:false,&quot;wpgmza_listmarkers_by&quot;:&quot;0&quot;,&quot;wpgmza_marker_listing_position&quot;:false,&quot;wpgmza_push_in_map&quot;:false,&quot;wpgmza_push_in_map_placement&quot;:&quot;1&quot;,&quot;zoom_level_on_marker_listing_override&quot;:false,&quot;zoom_level_on_marker_listing_click&quot;:&quot;&quot;,&quot;datatable_no_result_message&quot;:&quot;&quot;,&quot;remove_search_box_datables&quot;:false,&quot;dataTable_pagination_style&quot;:&quot;default&quot;,&quot;datatable_search_string&quot;:&quot;&quot;,&quot;datatable_result_start&quot;:&quot;&quot;,&quot;datatable_result_of&quot;:&quot;&quot;,&quot;datatable_result_to&quot;:&quot;&quot;,&quot;datatable_result_total&quot;:&quot;&quot;,&quot;datatable_result_show&quot;:&quot;&quot;,&quot;datatable_result_entries&quot;:&quot;&quot;,&quot;wpgmza_savemap&quot;:&quot;Salvar o Mapa \\u00bb&quot;,&quot;store_locator_location_placeholder&quot;:&quot;&quot;,&quot;marker_listing_disable_zoom&quot;:false,&quot;zoom_level_mobile_override_enabled&quot;:false,&quot;zoom_level_mobile_override&quot;:&quot;&quot;,&quot;enable_marker_labels&quot;:false,&quot;enable_marker_ratings&quot;:false}}\" data-map-id='2' data-shortcode-attributes=\"{&quot;id&quot;:&quot;2&quot;}\" > <\/div>   \r\n\t\t\t\r\n\r\n\t\t\t\r\n\t\t\t\r\n\r\n        \n\n\n\n<section id=\"gmc11d371\" class=\"wp-block-gutentor-m4 section-gmc11d371 gutentor-module gutentor-advanced-columns\"><div class=\"grid-container\"><div class=\"grid-row\">\n<div id=\"col-gm8b69ad\" class=\"wp-block-gutentor-m4-col col-gm8b69ad gutentor-single-column  grid-lg-12 grid-md-12 grid-12\"><div id=\"section-gm8b69ad\" class=\"section-gm8b69ad gutentor-col-wrap\">\n<h1 class=\"wp-block-heading has-text-align-left has-black-color has-text-color has-medium-font-size\"><a href=\"https:\/\/alianca.org.br\/site\/wp-content\/uploads\/2023\/12\/endereco-de-casa-em-pdf.pdf\" title=\"\">lista das casas esp\u00edritas em pdf<\/a><\/h1>\n<\/div><\/div>\n<\/div><\/div><\/section>\n","protected":false},"excerpt":{"rendered":"<p>Encontre uma Casa Esp\u00edrita da Alian\u00e7a pr\u00f3xima a voc\u00ea<\/p>\n","protected":false},"author":1,"featured_media":19966,"parent":0,"menu_order":0,"comment_status":"closed","ping_status":"closed","template":"page-templates\/template-builder.php","meta":{"om_disable_all_campaigns":false,"_monsterinsights_skip_tracking":false,"_monsterinsights_sitenote_active":false,"_monsterinsights_sitenote_note":"","_monsterinsights_sitenote_category":0,"footnotes":""},"class_list":["post-2","page","type-page","status-publish","has-post-thumbnail","hentry"],"aioseo_notices":[],"_links":{"self":[{"href":"https:\/\/alianca.org.br\/site\/wp-json\/wp\/v2\/pages\/2","targetHints":{"allow":["GET"]}}],"collection":[{"href":"https:\/\/alianca.org.br\/site\/wp-json\/wp\/v2\/pages"}],"about":[{"href":"https:\/\/alianca.org.br\/site\/wp-json\/wp\/v2\/types\/page"}],"author":[{"embeddable":true,"href":"https:\/\/alianca.org.br\/site\/wp-json\/wp\/v2\/users\/1"}],"replies":[{"embeddable":true,"href":"https:\/\/alianca.org.br\/site\/wp-json\/wp\/v2\/comments?post=2"}],"version-history":[{"count":0,"href":"https:\/\/alianca.org.br\/site\/wp-json\/wp\/v2\/pages\/2\/revisions"}],"wp:featuredmedia":[{"embeddable":true,"href":"https:\/\/alianca.org.br\/site\/wp-json\/wp\/v2\/media\/19966"}],"wp:attachment":[{"href":"https:\/\/alianca.org.br\/site\/wp-json\/wp\/v2\/media?parent=2"}],"curies":[{"name":"wp","href":"https:\/\/api.w.org\/{rel}","templated":true}]}}