{"id":20109,"date":"2023-01-25T21:48:49","date_gmt":"2023-01-26T00:48:49","guid":{"rendered":"https:\/\/alianca.org.br\/site\/?page_id=20109"},"modified":"2025-07-16T19:34:18","modified_gmt":"2025-07-16T22:34:18","slug":"censo-2023-alianca","status":"publish","type":"page","link":"https:\/\/alianca.org.br\/site\/censo-2023-alianca\/","title":{"rendered":"Censo 2023 Alianca"},"content":{"rendered":"\n<h2 class=\"wp-block-heading has-text-align-center\">Censo 2023 &#8211; Alian\u00e7a Esp\u00edrita Evang\u00e9lica<\/h2>\n\n\n\n<h2 class=\"wp-block-heading has-text-align-center\">&#8220;QUEM SOMOS N\u00d3S?&#8221;<\/h2>\n\n\n<div class=\"wp-block-image\">\n<figure class=\"aligncenter size-full\"><a href=\"https:\/\/www.alianca.org.br\/site\/wp-content\/uploads\/2023\/12\/Relatorio-1o-Censo-da-Alianca-Espirita-Evangelica-Dezembro-de-2023.pdf\"><img fetchpriority=\"high\" decoding=\"async\" width=\"720\" height=\"405\" src=\"https:\/\/alianca.org.br\/site\/wp-content\/uploads\/2023\/12\/WhatsApp-Image-2023-12-09-at-20.16.55.jpeg\" alt=\"\" class=\"wp-image-24208\" srcset=\"https:\/\/alianca.org.br\/site\/wp-content\/uploads\/2023\/12\/WhatsApp-Image-2023-12-09-at-20.16.55.jpeg 720w, https:\/\/alianca.org.br\/site\/wp-content\/uploads\/2023\/12\/WhatsApp-Image-2023-12-09-at-20.16.55-300x169.jpeg 300w\" sizes=\"(max-width: 720px) 100vw, 720px\" \/><\/a><\/figure>\n<\/div>\n\n\n<pre class=\"wp-block-preformatted has-medium-font-size\"><strong><a href=\"https:\/\/alianca.org.br\/site\/wp-content\/uploads\/2024\/01\/RELATORIO-COMPLEMENTAR-1o-Censo-da-Alianca-Espirita-Evangelica-marco-2025_rev1-1.pdf\" target=\"_blank\" rel=\"noopener\" title=\"\">&lt;- acesse o arquivo completo com os resultados da pesquisa<\/a><\/strong><\/pre>\n\n\n\n<p class=\"has-text-align-center has-medium-font-size\"><\/p>\n\n\n\n\n","protected":false},"excerpt":{"rendered":"<p>Quer saber o resultado do censo?  Acesse a pagina.<\/p>\n","protected":false},"author":1,"featured_media":24199,"parent":0,"menu_order":0,"comment_status":"closed","ping_status":"closed","template":"","meta":{"om_disable_all_campaigns":false,"_monsterinsights_skip_tracking":false,"_monsterinsights_sitenote_active":false,"_monsterinsights_sitenote_note":"","_monsterinsights_sitenote_category":0,"footnotes":""},"class_list":["post-20109","page","type-page","status-publish","has-post-thumbnail","hentry"],"aioseo_notices":[],"_links":{"self":[{"href":"https:\/\/alianca.org.br\/site\/wp-json\/wp\/v2\/pages\/20109","targetHints":{"allow":["GET"]}}],"collection":[{"href":"https:\/\/alianca.org.br\/site\/wp-json\/wp\/v2\/pages"}],"about":[{"href":"https:\/\/alianca.org.br\/site\/wp-json\/wp\/v2\/types\/page"}],"author":[{"embeddable":true,"href":"https:\/\/alianca.org.br\/site\/wp-json\/wp\/v2\/users\/1"}],"replies":[{"embeddable":true,"href":"https:\/\/alianca.org.br\/site\/wp-json\/wp\/v2\/comments?post=20109"}],"version-history":[{"count":0,"href":"https:\/\/alianca.org.br\/site\/wp-json\/wp\/v2\/pages\/20109\/revisions"}],"wp:featuredmedia":[{"embeddable":true,"href":"https:\/\/alianca.org.br\/site\/wp-json\/wp\/v2\/media\/24199"}],"wp:attachment":[{"href":"https:\/\/alianca.org.br\/site\/wp-json\/wp\/v2\/media?parent=20109"}],"curies":[{"name":"wp","href":"https:\/\/api.w.org\/{rel}","templated":true}]}}