{"id":20529,"date":"2023-02-28T16:03:13","date_gmt":"2023-02-28T19:03:13","guid":{"rendered":"https:\/\/alianca.org.br\/site\/?page_id=20529"},"modified":"2026-05-01T18:57:20","modified_gmt":"2026-05-01T21:57:20","slug":"fasep-fundo-para-aquisicao-da-sede-propria","status":"publish","type":"page","link":"https:\/\/alianca.org.br\/site\/fasep-fundo-para-aquisicao-da-sede-propria\/","title":{"rendered":"FASEP Fundo para Aquisi\u00e7\u00e3o de Sede Pr\u00f3pria"},"content":{"rendered":"\n<div style=\"height:28px\" aria-hidden=\"true\" class=\"wp-block-spacer\"><\/div>\n\n\n\n<p class=\"has-black-color has-text-color has-background\" style=\"background-color:#a5cfcca6;font-size:25px\"><strong>Miss\u00e3o: que todos os centros esp\u00edritas tenham sede pr\u00f3pria. <br><\/strong>Para isso, contamos com a ajuda de todos os aliancistas.<\/p>\n\n\n\n<section id=\"gm60c32f4\" class=\"wp-block-gutentor-m4 section-gm60c32f4 gutentor-module gutentor-advanced-columns gutentor-enable-sticky-column\" data-top=\"0\" data-bottom=\"0\"><div class=\"grid-container\"><div class=\"grid-row\">\n<div id=\"col-gmf557b3\" class=\"wp-block-gutentor-m4-col col-gmf557b3 gutentor-single-column  grid-lg-4 grid-md-12 grid-12\"><div id=\"section-gmf557b3\" class=\"section-gmf557b3 gutentor-col-wrap\">\n<h2 class=\"wp-block-heading has-text-align-center\">RESOLU\u00c7\u00c3O DO CONSELHO<\/h2>\n\n\n\n<p class=\"has-black-color has-text-color has-medium-font-size\">O Conselho de Grupos Integrados votou e aprovou a mudan\u00e7a da Gest\u00e3o do fundo, que passa ser de responsabilidade da diretoria da Alian\u00e7a. O fundo arrecadado \u00e9 em benef\u00edcio dos grupos a ela integrados. Por outro lado, a Editora Alian\u00e7a passa a ter maior foco em sua pr\u00f3pria miss\u00e3o.<\/p>\n\n\n\n<p class=\"has-black-color has-text-color has-medium-font-size\"><strong>Na reuni\u00e3o de junho de 2026, o Conselho de Grupos Integrados apreciar\u00e1 a nova vers\u00e3o do Regulamento do FASEP.<\/strong><\/p>\n<\/div><\/div>\n\n\n\n<div id=\"col-gma84ce4\" class=\"wp-block-gutentor-m4-col col-gma84ce4 gutentor-single-column  grid-lg-4 grid-md-12 grid-12\"><div id=\"section-gma84ce4\" class=\"section-gma84ce4 gutentor-col-wrap\"><\/div><\/div>\n\n\n\n<div id=\"col-gm387a6e\" class=\"wp-block-gutentor-m4-col col-gm387a6e gutentor-single-column  grid-lg-4 grid-md-12 grid-12\"><div id=\"section-gm387a6e\" class=\"section-gm387a6e gutentor-col-wrap\">\n<h2 class=\"wp-block-heading\">CONTA PARA DEPOSITOS DOS ASSOCIADOS<\/h2>\n\n\n\n<p class=\"has-black-color has-text-color has-medium-font-size\">As doa\u00e7\u00f5es para o FASEP s\u00e3o recebidas no Banco Cora, desdde Novembro de 2023. <br>O procedimento para confirma\u00e7\u00e3o de dep\u00f3sitos continua o mesmo: ap\u00f3s a doa\u00e7\u00e3o, por favor, encaminhe o comprovante para a administra\u00e7\u00e3o do FASEP.<\/p>\n\n\n\n<p class=\"has-black-color has-text-color has-background has-medium-font-size\" style=\"background-color:#e0a1a1\">Banco: Cora SCD &#8211; 403 Agencia 0001 &#8211; conta 4120210-6 CNPJ 44002285\/0001-75<\/p>\n\n\n\n<div class=\"wp-block-media-text alignwide is-stacked-on-mobile\" style=\"grid-template-columns:29% auto\"><figure class=\"wp-block-media-text__media\"><img fetchpriority=\"high\" decoding=\"async\" width=\"305\" height=\"303\" src=\"https:\/\/alianca.org.br\/site\/wp-content\/uploads\/2024\/04\/image.png\" alt=\"\" class=\"wp-image-26188 size-full\" srcset=\"https:\/\/alianca.org.br\/site\/wp-content\/uploads\/2024\/04\/image.png 305w, https:\/\/alianca.org.br\/site\/wp-content\/uploads\/2024\/04\/image-300x298.png 300w, https:\/\/alianca.org.br\/site\/wp-content\/uploads\/2024\/04\/image-150x150.png 150w\" sizes=\"(max-width: 305px) 100vw, 305px\" \/><\/figure><div class=\"wp-block-media-text__content\">\n<p class=\"has-black-color has-text-color has-medium-font-size\"><strong>A chave pix para a conta do Fasep agora \u00e9:<\/strong><br><strong>fasep@equipesalianca.org.br<\/strong><\/p>\n\n\n\n<p class=\"has-black-color has-text-color has-medium-font-size\"><strong>Ou use o QR code<\/strong><\/p>\n<\/div><\/div>\n<\/div><\/div>\n<\/div><\/div><\/section>\n\n\n\n<p class=\"has-text-align-center has-black-color has-text-color has-medium-font-size\"><\/p>\n\n\n\n<div style=\"height:31px\" aria-hidden=\"true\" class=\"wp-block-spacer\"><\/div>\n\n\n\n<section id=\"gm5197036\" class=\"wp-block-gutentor-m4 section-gm5197036 gutentor-module gutentor-advanced-columns has-color-bg has-custom-bg\"><div class=\"grid-container\"><div class=\"grid-row\">\n<div id=\"col-gm0bceca\" class=\"wp-block-gutentor-m4-col col-gm0bceca gutentor-single-column  grid-lg-6 grid-md-12 grid-12\"><div id=\"section-gm0bceca\" class=\"section-gm0bceca gutentor-col-wrap\"><\/div><\/div>\n\n\n\n<div id=\"col-gmad9c87\" class=\"wp-block-gutentor-m4-col col-gmad9c87 gutentor-single-column  grid-lg-6 grid-md-12 grid-12\"><div id=\"section-gmad9c87\" class=\"section-gmad9c87 gutentor-col-wrap has-color-bg has-custom-bg\">\n<div class=\"wp-block-media-text alignfull is-stacked-on-mobile\" style=\"grid-template-columns:21% auto\"><figure class=\"wp-block-media-text__media\"><a href=\"http:\/\/alianca.org.br\/site\/wp-content\/uploads\/2015\"><img decoding=\"async\" width=\"213\" height=\"300\" data-src=\"https:\/\/alianca.org.br\/site\/wp-content\/uploads\/2023\/03\/fasep2-213x300.jpg\" alt=\"\" class=\"wp-image-20645 size-medium lazyload\" data-srcset=\"https:\/\/alianca.org.br\/site\/wp-content\/uploads\/2023\/03\/fasep2-213x300.jpg 213w, https:\/\/alianca.org.br\/site\/wp-content\/uploads\/2023\/03\/fasep2-354x500.jpg 354w, https:\/\/alianca.org.br\/site\/wp-content\/uploads\/2023\/03\/fasep2.jpg 509w\" data-sizes=\"(max-width: 213px) 100vw, 213px\" src=\"data:image\/svg+xml;base64,PHN2ZyB3aWR0aD0iMSIgaGVpZ2h0PSIxIiB4bWxucz0iaHR0cDovL3d3dy53My5vcmcvMjAwMC9zdmciPjwvc3ZnPg==\" style=\"--smush-placeholder-width: 213px; --smush-placeholder-aspect-ratio: 213\/300;\" \/><\/a><\/figure><div class=\"wp-block-media-text__content\">\n<h2 class=\"wp-block-heading alignfull has-black-color has-text-color\" style=\"font-size:25px\">LISTA DE ARQUIVOS SOBRE ADMINISTRA\u00c7\u00c3O DA CASA ESPIRITA<\/h2>\n\n\n\n<p><\/p>\n\n\n\n<ul class=\"wp-block-list corlink has-medium-font-size\">\n<li class=\"corlink has-medium-font-size\"><\/li>\n\n\n\n<li class=\"corlink has-medium-font-size\"><a href=\"https:\/\/www.alianca.org.br\/site\/wp-content\/uploads\/Dowload\/gestao-patrimonial-como-comprar-ou-alugar-um-imovel-para-instalar-um-centro-espirita.pdf\" title=\"\">GEST\u00c3O PATRIMONIAL<\/a><\/li>\n\n\n\n<li class=\"corlink\"><a href=\"https:\/\/www.alianca.org.br\/site\/wp-content\/uploads\/Dowload\/fasep-adminis-financeira-da-casa-espirita.pdf\" title=\"\">ADMINSTRA\u00c7\u00c3O FINANCEIRA DA CASA ESP\u00cdRITA<\/a><\/li>\n\n\n\n<li><a href=\"https:\/\/www.alianca.org.br\/site\/wp-content\/uploads\/Dowload\/fasep-gestc3a3o-administrativa-como-fundar-e-manter-casa-espc3adrita-resumo.pdf\" title=\"\">COMPRAR OU ALUGAR UM IMOVEL PARA UM CENTRO<\/a><\/li>\n\n\n\n<li><a href=\"https:\/\/www.alianca.org.br\/site\/wp-content\/uploads\/Dowload\/fasep-gestao-administrativa-como-fundar-e-manter-casa-espirita.pdf\" title=\"\">COMO FUNDAR E MANTER UMA CASA ESPIRITA1<\/a><\/li>\n\n\n\n<li><a href=\"https:\/\/www.alianca.org.br\/site\/wp-content\/uploads\/Dowload\/fasep-gestao-administrativa-como-fundar-e-manter-casa-espirita-resumo.pdf\" title=\"\">COMO FUNDAR e MANTER UMA CASA ESP\u00cdRITA<\/a><\/li>\n\n\n\n<li><a href=\"https:\/\/www.alianca.org.br\/site\/wp-content\/uploads\/Dowload\/fasep-financas-da-casa-espirita-apresentacao.pdf\" title=\"\">FINAN\u00c7AS DA CASA ESP\u00cdRITA<\/a><\/li>\n<\/ul>\n\n\n\n<h2 class=\"wp-block-heading has-text-align-center has-black-color has-text-color has-link-color has-medium-font-size wp-elements-06ce4f9b5c06bf1df3950abce673dc7e\">LISTA DE ARQUIVOS DO FASEP<\/h2>\n\n\n\n<ul class=\"wp-block-list corlink has-medium-font-size\">\n<li class=\"has-medium-font-size\"><a href=\"https:\/\/www.alianca.org.br\/site\/wp-content\/uploads\/Dowload\/FASEP-2024abr_07.pdf\" title=\"\">REGULAMENTO<\/a><\/li>\n\n\n\n<li class=\"has-medium-font-size\"><a href=\"https:\/\/www.alianca.org.br\/site\/wp-content\/uploads\/Dowload\/Inscr%20Partic%20FASEP.pdf\" title=\"\">&nbsp;FASEP INSCRI\u00c7\u00c3O DE PARTICIPANTE<\/a><\/li>\n\n\n\n<li><a href=\"https:\/\/www.alianca.org.br\/site\/wp-content\/uploads\/Dowload\/FASEP_Roteiro-de-Informacoes-para-Analise-do-Projeto.pdf\" title=\"\">&nbsp;ROTEIRO PARA AN\u00c1LISE DO PROJETO<\/a><\/li>\n<\/ul>\n<\/div><\/div>\n<\/div><\/div>\n<\/div><\/div><\/section>\n\n\n\n<section id=\"gm9844c5e\" class=\"wp-block-gutentor-m4 section-gm9844c5e gutentor-module gutentor-advanced-columns\"><div class=\"grid-container\"><div class=\"grid-row\">\n<div id=\"col-gm5b6ddd\" class=\"wp-block-gutentor-m4-col col-gm5b6ddd gutentor-single-column  grid-lg-2 grid-md-12 grid-12\"><div id=\"section-gm5b6ddd\" class=\"section-gm5b6ddd gutentor-col-wrap\"><\/div><\/div>\n\n\n\n<div id=\"col-gm077675\" class=\"wp-block-gutentor-m4-col col-gm077675 gutentor-single-column  grid-lg-2 grid-md-12 grid-12 fasep\"><div id=\"section-gm077675\" class=\"section-gm077675 gutentor-col-wrap\">\n<p class=\"has-black-color has-text-color has-medium-font-size\"><\/p>\n<\/div><\/div>\n\n\n\n<div id=\"col-gmfd08fd\" class=\"wp-block-gutentor-m4-col col-gmfd08fd gutentor-single-column  grid-lg-8 grid-md-12 grid-12\"><div id=\"section-gmfd08fd\" class=\"section-gmfd08fd gutentor-col-wrap\"><\/div><\/div>\n<\/div><\/div><\/section>\n","protected":false},"excerpt":{"rendered":"<p>Miss\u00e3o: que todos os centros esp\u00edritas tenham sede pr\u00f3pria. Para isso, contamos com a ajuda de todos os aliancistas.<\/p>\n","protected":false},"author":2,"featured_media":29166,"parent":0,"menu_order":0,"comment_status":"closed","ping_status":"closed","template":"","meta":{"om_disable_all_campaigns":false,"_monsterinsights_skip_tracking":false,"_monsterinsights_sitenote_active":false,"_monsterinsights_sitenote_note":"","_monsterinsights_sitenote_category":0,"footnotes":""},"class_list":["post-20529","page","type-page","status-publish","has-post-thumbnail","hentry"],"aioseo_notices":[],"_links":{"self":[{"href":"https:\/\/alianca.org.br\/site\/wp-json\/wp\/v2\/pages\/20529","targetHints":{"allow":["GET"]}}],"collection":[{"href":"https:\/\/alianca.org.br\/site\/wp-json\/wp\/v2\/pages"}],"about":[{"href":"https:\/\/alianca.org.br\/site\/wp-json\/wp\/v2\/types\/page"}],"author":[{"embeddable":true,"href":"https:\/\/alianca.org.br\/site\/wp-json\/wp\/v2\/users\/2"}],"replies":[{"embeddable":true,"href":"https:\/\/alianca.org.br\/site\/wp-json\/wp\/v2\/comments?post=20529"}],"version-history":[{"count":7,"href":"https:\/\/alianca.org.br\/site\/wp-json\/wp\/v2\/pages\/20529\/revisions"}],"predecessor-version":[{"id":30997,"href":"https:\/\/alianca.org.br\/site\/wp-json\/wp\/v2\/pages\/20529\/revisions\/30997"}],"wp:featuredmedia":[{"embeddable":true,"href":"https:\/\/alianca.org.br\/site\/wp-json\/wp\/v2\/media\/29166"}],"wp:attachment":[{"href":"https:\/\/alianca.org.br\/site\/wp-json\/wp\/v2\/media?parent=20529"}],"curies":[{"name":"wp","href":"https:\/\/api.w.org\/{rel}","templated":true}]}}