{"id":21784,"date":"2023-06-22T00:53:12","date_gmt":"2023-06-22T03:53:12","guid":{"rendered":"https:\/\/alianca.org.br\/site\/?page_id=21784"},"modified":"2024-09-21T21:44:02","modified_gmt":"2024-09-22T00:44:02","slug":"mapa-do-site","status":"publish","type":"page","link":"https:\/\/alianca.org.br\/site\/mapa-do-site\/","title":{"rendered":"Mapa do site"},"content":{"rendered":"\n<ul class=\"wp-block-list\">\n<li><div class=\"wsp-container\"><h2 class=\"wsp-pages-title\">Pages<\/h2>\n<ul class=\"wsp-pages-list\">\n<li class=\"page_item page-item-862\"><a href=\"https:\/\/alianca.org.br\/site\/agenda\/\">Agenda<\/a><\/li>\n<li class=\"page_item page-item-26432\"><a href=\"https:\/\/alianca.org.br\/site\/alianca-50-projetos\/\">Alian\u00e7a  50 projetos<\/a><\/li>\n<li class=\"page_item page-item-15827\"><a href=\"https:\/\/alianca.org.br\/site\/ambiente-mistico-2\/\">Ambiente M\u00edstico<\/a><\/li>\n<li class=\"page_item page-item-132\"><a href=\"https:\/\/alianca.org.br\/site\/assistencia-espiritual\/\">Assist\u00eancia Espiritual<\/a><\/li>\n<li class=\"page_item page-item-28264\"><a href=\"https:\/\/alianca.org.br\/site\/atividades-da-diretoria\/\">Atividades da Diretoria<\/a><\/li>\n<li class=\"page_item page-item-9 current_page_parent\"><a href=\"https:\/\/alianca.org.br\/site\/blog\/\">Blog<\/a><\/li>\n<li class=\"page_item page-item-681\"><a href=\"https:\/\/alianca.org.br\/site\/boletim-fdj\/\">Boletim FDJ<\/a><\/li>\n<li class=\"page_item page-item-15869\"><a href=\"https:\/\/alianca.org.br\/site\/carater-iniciatico-da-eae\/\">Car\u00e1ter Inici\u00e1tico da EAE<\/a><\/li>\n<li class=\"page_item page-item-2\"><a href=\"https:\/\/alianca.org.br\/site\/casas-espiritas\/\">Casas Esp\u00edritas<\/a><\/li>\n<li class=\"page_item page-item-20109\"><a href=\"https:\/\/alianca.org.br\/site\/censo-2023-alianca\/\">Censo 2023 Alianca<\/a><\/li>\n<li class=\"page_item page-item-15147\"><a href=\"https:\/\/alianca.org.br\/site\/novo-programa-do-curso-basico\/\">Constru\u00e7\u00e3o do Novo Programa do Curso B\u00e1sico<\/a><\/li>\n<li class=\"page_item page-item-855\"><a href=\"https:\/\/alianca.org.br\/site\/cookie-policy\/\">Cookie Policy<\/a><\/li>\n<li class=\"page_item page-item-128\"><a href=\"https:\/\/alianca.org.br\/site\/https-alianca-org-br-site-wp-content-uploads-2022-06-novo-curso-basico-julho-2022-para-download-pdf\/\">Curso B\u00e1sico de Espiritismo<\/a><\/li>\n<li class=\"page_item page-item-22586\"><a href=\"https:\/\/alianca.org.br\/site\/teste-rel\/\">DOWNLOAD<\/a><\/li>\n<li class=\"page_item page-item-651\"><a href=\"https:\/\/alianca.org.br\/site\/equipe-eaed\/\">EAED &#8211; Escola de Aprendizes do Evangelho a Dist\u00e2ncia<\/a><\/li>\n<li class=\"page_item page-item-664\"><a href=\"https:\/\/alianca.org.br\/site\/equipe-apoio-ao-exterior\/\">Equipe Apoio ao Exterior<\/a><\/li>\n<li class=\"page_item page-item-639\"><a href=\"https:\/\/alianca.org.br\/site\/equipe-cgi\/\">Equipe CGI &#8211; Conselho dos Grupos Integrados<\/a><\/li>\n<li class=\"page_item page-item-653\"><a href=\"https:\/\/alianca.org.br\/site\/equipe-eae-fdj\/\">Equipe EAE\/FDJ &#8211; Escola de Aprendizes do Evangelho\/FDJ<\/a><\/li>\n<li class=\"page_item page-item-648\"><a href=\"https:\/\/alianca.org.br\/site\/equipe-mediunidade\/\">Equipe Mediunidade<\/a><\/li>\n<li class=\"page_item page-item-646\"><a href=\"https:\/\/alianca.org.br\/site\/equipe-mocidade\/\">Equipe Mocidade<\/a><\/li>\n<li class=\"page_item page-item-643\"><a href=\"https:\/\/alianca.org.br\/site\/equipe-pre-mocidade\/\">Equipe Pr\u00e9-Mocidade<\/a><\/li>\n<li class=\"page_item page-item-27874\"><a href=\"https:\/\/alianca.org.br\/site\/equipes-de-trabalho\/\">Equipes de Trabalho<\/a><\/li>\n<li class=\"page_item page-item-126\"><a href=\"https:\/\/alianca.org.br\/site\/ead\/\">Escola  on-line<\/a><\/li>\n<li class=\"page_item page-item-393\"><a href=\"https:\/\/alianca.org.br\/site\/espiritismo\/\">Espiritismo<\/a><\/li>\n<li class=\"page_item page-item-641\"><a href=\"https:\/\/alianca.org.br\/site\/equipe-evangelizacao-infantil\/\">Evangeliza\u00e7\u00e3o Infantil<\/a><\/li>\n<li class=\"page_item page-item-60\"><a href=\"https:\/\/alianca.org.br\/site\/falandoaocoracao\/\">Falando ao Cora\u00e7\u00e3o<\/a><\/li>\n<li class=\"page_item page-item-20529\"><a href=\"https:\/\/alianca.org.br\/site\/fasep-fundo-para-aquisicao-da-sede-propria\/\">FASEP Fundo Para Sede Propria<\/a><\/li>\n<li class=\"page_item page-item-66\"><a href=\"https:\/\/alianca.org.br\/site\/fdj\/\">FDJ<\/a><\/li>\n<li class=\"page_item page-item-64\"><a href=\"https:\/\/alianca.org.br\/site\/galleria\/\">Galeria<\/a><\/li>\n<li class=\"page_item page-item-136 page_item_has_children\"><a href=\"https:\/\/alianca.org.br\/site\/\">Home<\/a>\n<ul class='children'>\n\t<li class=\"page_item page-item-403\"><a href=\"https:\/\/alianca.org.br\/site\/home\/doacoes\/\">Doa\u00e7\u00f5es Volunt\u00e1rias<\/a><\/li>\n\t<li class=\"page_item page-item-635\"><a href=\"https:\/\/alianca.org.br\/site\/home\/equipes-de-apoio\/\">Equipes de Apoio<\/a><\/li>\n<\/ul>\n<\/li>\n<li class=\"page_item page-item-22495\"><a href=\"https:\/\/alianca.org.br\/site\/home_teste\/\">home_teste<\/a><\/li>\n<li class=\"page_item page-item-15137\"><a href=\"https:\/\/alianca.org.br\/site\/instrucoes-para-reestruturacao-das-aulas\/\">Instru\u00e7\u00f5es para Reestrutura\u00e7\u00e3o das Aulas<\/a><\/li>\n<li class=\"page_item page-item-21784\"><a href=\"https:\/\/alianca.org.br\/site\/mapa-do-site\/\">Mapa do site<\/a><\/li>\n<li class=\"page_item page-item-116\"><a href=\"https:\/\/alianca.org.br\/site\/mocidade\/\">Mocidade<\/a><\/li>\n<li class=\"page_item page-item-130\"><a href=\"https:\/\/alianca.org.br\/site\/ead-2\/\">Mocidade a Distancia<\/a><\/li>\n<li class=\"page_item page-item-15124\"><a href=\"https:\/\/alianca.org.br\/site\/novo-programa-curso-basico\/\">Novo Programa Curso B\u00e1sico<\/a><\/li>\n<li class=\"page_item page-item-309\"><a href=\"https:\/\/alianca.org.br\/site\/o-trevo\/\">O Trevo<\/a><\/li>\n<li class=\"page_item page-item-15128\"><a href=\"https:\/\/alianca.org.br\/site\/objetivo-das-aulas\/\">Objetivo das Aulas<\/a><\/li>\n<li class=\"page_item page-item-15942\"><a href=\"https:\/\/alianca.org.br\/site\/passagem-de-grau-aprendiz-e-servidor\/\">Passagem de Grau &#8211; Aprendiz e Servidor<\/a><\/li>\n<li class=\"page_item page-item-16126\"><a href=\"https:\/\/alianca.org.br\/site\/passagem-de-grau-discipulo-periodo-probatorio-e-escola-continuada\/\">Passagem de Grau &#8211; Disc\u00edpulo, Per\u00edodo Probat\u00f3rio e Escola Continuada<\/a><\/li>\n<li class=\"page_item page-item-685\"><a href=\"https:\/\/alianca.org.br\/site\/projeto-paulo-de-tarso\/\">Paulo de Tarso Sem Fronteira<\/a><\/li>\n<li class=\"page_item page-item-21944\"><a href=\"https:\/\/alianca.org.br\/site\/pre-mocidade\/\">Pr\u00e9 Mocidade<\/a><\/li>\n<li class=\"page_item page-item-407\"><a href=\"https:\/\/alianca.org.br\/site\/preces-e-hinos\/\">Preces e Hinos<\/a><\/li>\n<li class=\"page_item page-item-15681\"><a href=\"https:\/\/alianca.org.br\/site\/programa-de-melhoria-de-dirigentes-e-expositores\/\">Programa de Melhoria de Dirigentes e Facilitadores<\/a><\/li>\n<li class=\"page_item page-item-30191\"><a href=\"https:\/\/alianca.org.br\/site\/programa-de-radio\/\">Programa de R\u00e1dio<\/a><\/li>\n<li class=\"page_item page-item-68\"><a href=\"https:\/\/alianca.org.br\/site\/programas\/\">Programas<\/a><\/li>\n<li class=\"page_item page-item-683\"><a href=\"https:\/\/alianca.org.br\/site\/projeto-andre-luiz\/\">Projeto Andr\u00e9 Luiz<\/a><\/li>\n<li class=\"page_item page-item-16013\"><a href=\"https:\/\/alianca.org.br\/site\/projeto-eae-fdj-nova\/\">Projeto EAE\/FDJ<\/a><\/li>\n<li class=\"page_item page-item-124\"><a href=\"https:\/\/alianca.org.br\/site\/quemsomos\/\">Quem somos<\/a><\/li>\n<li class=\"page_item page-item-15133\"><a href=\"https:\/\/alianca.org.br\/site\/referencias-bibliograficas\/\">Refer\u00eancias Bibliogr\u00e1ficas<\/a><\/li>\n<li class=\"page_item page-item-15924\"><a href=\"https:\/\/alianca.org.br\/site\/reforma-intima-compromisso-com-a-evangelizacao-do-ser\/\">Reforma \u00cdntima &#8211; Compromisso com a evangeliza\u00e7\u00e3o do Ser<\/a><\/li>\n<li class=\"page_item page-item-15502\"><a href=\"https:\/\/alianca.org.br\/site\/regionais\/\">Regionais<\/a><\/li>\n<li class=\"page_item page-item-26905\"><a href=\"https:\/\/alianca.org.br\/site\/revisao-eae\/\">Revis\u00e3o EAE<\/a><\/li>\n<li class=\"page_item page-item-662\"><a href=\"https:\/\/alianca.org.br\/site\/equipe-rga\/\">RGA &#8211; Reuni\u00e3o Geral da Alian\u00e7a<\/a><\/li>\n<li class=\"page_item page-item-399\"><a href=\"https:\/\/alianca.org.br\/site\/secretaria\/\">Secretaria da Alian\u00e7a<\/a><\/li>\n<li class=\"page_item page-item-15758\"><a href=\"https:\/\/alianca.org.br\/site\/tradicao-espiritual\/\">Tradi\u00e7\u00e3o Espiritual<\/a><\/li>\n<li class=\"page_item page-item-23208\"><a href=\"https:\/\/alianca.org.br\/site\/virada-espiritual-2024\/\">Virada Espiritual 2025<\/a><\/li>\n<li class=\"page_item page-item-27757\"><a href=\"https:\/\/alianca.org.br\/site\/vivencia-digital\/\">Viv\u00eancia do Espiritismo Religioso &#8211; Digital<\/a><\/li>\n<\/ul>\n<\/div><\/li>\n<\/ul>\n","protected":false},"excerpt":{"rendered":"","protected":false},"author":2,"featured_media":0,"parent":0,"menu_order":0,"comment_status":"closed","ping_status":"closed","template":"","meta":{"om_disable_all_campaigns":false,"_monsterinsights_skip_tracking":false,"_monsterinsights_sitenote_active":false,"_monsterinsights_sitenote_note":"","_monsterinsights_sitenote_category":0,"footnotes":""},"class_list":["post-21784","page","type-page","status-publish","hentry"],"aioseo_notices":[],"_links":{"self":[{"href":"https:\/\/alianca.org.br\/site\/wp-json\/wp\/v2\/pages\/21784","targetHints":{"allow":["GET"]}}],"collection":[{"href":"https:\/\/alianca.org.br\/site\/wp-json\/wp\/v2\/pages"}],"about":[{"href":"https:\/\/alianca.org.br\/site\/wp-json\/wp\/v2\/types\/page"}],"author":[{"embeddable":true,"href":"https:\/\/alianca.org.br\/site\/wp-json\/wp\/v2\/users\/2"}],"replies":[{"embeddable":true,"href":"https:\/\/alianca.org.br\/site\/wp-json\/wp\/v2\/comments?post=21784"}],"version-history":[{"count":0,"href":"https:\/\/alianca.org.br\/site\/wp-json\/wp\/v2\/pages\/21784\/revisions"}],"wp:attachment":[{"href":"https:\/\/alianca.org.br\/site\/wp-json\/wp\/v2\/media?parent=21784"}],"curies":[{"name":"wp","href":"https:\/\/api.w.org\/{rel}","templated":true}]}}