{"id":22586,"date":"2023-08-09T14:54:56","date_gmt":"2023-08-09T17:54:56","guid":{"rendered":"https:\/\/alianca.org.br\/site\/?page_id=22586"},"modified":"2026-02-12T08:55:37","modified_gmt":"2026-02-12T11:55:37","slug":"teste-rel","status":"publish","type":"page","link":"https:\/\/alianca.org.br\/site\/teste-rel\/","title":{"rendered":"DOWNLOAD"},"content":{"rendered":"<div>You need to add a widget, row, or prebuilt layout before you&#8217;ll see anything here. \ud83d\ude42<\/div>\n\n\n\n\n<h1 class=\"wp-block-heading has-text-align-center\">Downloads<\/h1>\n\n\n\n<p class=\"has-text-align-center has-medium-font-size\">Prezado Visitante: concentramos nesta p\u00e1gina os arquivos disponibilizados para download<\/p>\n\n\n\n<p class=\"has-text-align-center has-medium-font-size\">Caso n\u00e3o encontre o que precisa, contate-nos pelo canal da Secretaria da Alian\u00e7a (secretaria@alianca.org.br), para providenciarmos e assim poder atend\u00ea-lo com presteza, obrigado<\/p>\n\n\n\n<section id=\"section-152bd152-e778-4792-be81-14a6f771ae84\" class=\"wp-block-gutentor-divider section-152bd152-e778-4792-be81-14a6f771ae84 gutentor-element gutentor-section gutentor-divider text-center\"><div class=\"grid-container\"><div class=\"gutentor-divider-box\"><span><svg xmlns=\"http:\/\/www.w3.org\/2000\/svg\" viewBox=\"0 0 240 40\" preserveAspectRatio=\"none\"><path d=\"M56.2 20c5.3-.1 10.6-.2 16-.3l16-.2c10.6-.1 21.3-.1 31.9-.2 10.6.1 21.3 0 31.9.1l16 .2c5.3.1 10.6.2 16 .3-5.3.1-10.6.2-16 .3l-16 .2c-10.6.1-21.3.1-31.9.1-10.6-.1-21.3 0-31.9-.2l-16-.2c-5.4.1-10.7 0-16-.1z\"><\/path><\/svg><\/span><\/div><\/div><\/section>\n\n\n\n<section id=\"gm5e5958d\" class=\"wp-block-gutentor-m4 section-gm5e5958d gutentor-module gutentor-advanced-columns has-color-bg has-custom-bg\"><div class=\"grid-container\"><div class=\"grid-row\">\n<div id=\"col-gm6edaf4\" class=\"wp-block-gutentor-m4-col col-gm6edaf4 gutentor-single-column  grid-lg-12 grid-md-12 grid-12\"><div id=\"section-gm6edaf4\" class=\"section-gm6edaf4 gutentor-col-wrap\">\n<h2 class=\"wp-block-heading\">Secretaria<\/h2>\n<\/div><\/div>\n<\/div><\/div><\/section>\n\n\n\n<h1 class=\"wp-block-heading\"><strong>  ATAS CGI E AGI<\/strong> <\/h1>\n\n\n\n<ul class=\"wp-block-list\">\n<li class=\"has-medium-font-size\"><a href=\"https:\/\/drive.google.com\/drive\/folders\/1wWScWERs5QL9-xg_tn0RU5vpo6O3k75x?usp=sharing\" title=\"\">Ata das reuni\u00f5es de Coordenadores e Conselho de Grupos Integrados.<\/a><\/li>\n\n\n\n<li class=\"has-medium-font-size\"><a href=\"https:\/\/alianca.org.br\/site\/wp-content\/uploads\/2022\/02\/decisa%CC%83o-sobre-GEP-no-CGI-set-2020.pdf\">Decis\u00e3o sobre o Grupo Esp\u00edrita Paulista no Conselho de Grupos Integrados \u2013 Setembro de 2020<\/a><\/li>\n\n\n\n<li class=\"has-medium-font-size\"><a href=\"https:\/\/alianca.org.br\/site\/wp-content\/uploads\/2022\/02\/20201216-Termo-de-Parceria-3.pdf\">Termo de Parceria Grupo Esp\u00edrita Paulista<\/a><\/li>\n\n\n\n<li class=\"has-medium-font-size\"><a href=\"https:\/\/alianca.org.br\/site\/wp-content\/uploads\/2022\/02\/estatuto_CGI.pdf\">Clique aqui e veja o trecho do estatuto da Alian\u00e7a que define e regulamenta o CGI<\/a><\/li>\n\n\n\n<li class=\"has-medium-font-size\"><a href=\"https:\/\/alianca.org.br\/site\/wp-content\/uploads\/2022\/02\/Manual_da_Casa_Conselheira.pdf\">Clique aqui e fa\u00e7a o download do Manual da Casa Conselheira<\/a><\/li>\n<\/ul>\n\n\n\n<p class=\"has-medium-font-size\"><strong>OBS. <\/strong>Para fazer download das atas de reuni\u00f5es de Assembleia e Conselho de Grupos Integrados, ser\u00e1 solicitada a valida\u00e7\u00e3o de acesso. Caso tenha d\u00favidas, envie uma mensagem para secretaria@alianca.org.br .<\/p>\n\n\n\n<section id=\"gm0cd0214\" class=\"wp-block-gutentor-m4 section-gm0cd0214 gutentor-module gutentor-advanced-columns has-color-bg has-custom-bg\"><div class=\"grid-container\"><div class=\"grid-row\">\n<div id=\"col-gm29e53c\" class=\"wp-block-gutentor-m4-col col-gm29e53c gutentor-single-column  grid-lg-12 grid-md-12 grid-12\"><div id=\"section-gm29e53c\" class=\"section-gm29e53c gutentor-col-wrap\">\n<h2 class=\"wp-block-heading\">EAE-FDJ<\/h2>\n<\/div><\/div>\n<\/div><\/div><\/section>\n\n\n\n<p class=\"has-medium-font-size\"><a href=\"https:\/\/alianca.org.br\/site\/wp-content\/uploads\/2022\/06\/Novo-Curso-Basico-Julho-2022-Para-Download.pdf\" title=\"\">Novo programa do Curso B\u00e1sico de Espiritismo<\/a><\/p>\n\n\n\n<p class=\"has-medium-font-size\"><a href=\"https:\/\/docs.google.com\/document\/d\/1tGydK1cChjXCHbXS6H4jh3lXSUdH-V1Z\/edit#heading=h.gjdgxs\" title=\"\">Limite de presen\u00e7a da Escola de Aprendizes: 80% das aulas<\/a><\/p>\n\n\n\n<p class=\"has-medium-font-size\"><a href=\"https:\/\/alianca.org.br\/site\/boletim-fdj\/\" title=\"\">Boletim FDJ:  Todos as edi\u00e7\u00f5es<\/a><\/p>\n\n\n\n<section id=\"gm11536aa\" class=\"wp-block-gutentor-m4 section-gm11536aa gutentor-module gutentor-advanced-columns has-color-bg has-custom-bg\"><div class=\"grid-container\"><div class=\"grid-row\">\n<div id=\"col-gmbcfc01\" class=\"wp-block-gutentor-m4-col col-gmbcfc01 gutentor-single-column  grid-lg-12 grid-md-12 grid-12\"><div id=\"section-gmbcfc01\" class=\"section-gmbcfc01 gutentor-col-wrap\">\n<h2 class=\"wp-block-heading\"><strong>anexos do Vivencia para impress\u00e3o.<\/strong><\/h2>\n<\/div><\/div>\n<\/div><\/div><\/section>\n\n\n\n<ul class=\"wp-block-list\">\n<li class=\"has-medium-font-size\"><a href=\"https:\/\/alianca.org.br\/site\/wp-content\/uploads\/Dowload\/Assist%c3%aancia%20Espiritual%20-%20Cart%c3%a3o%20de%20Registro.pdf\" title=\"\">Assist\u00eancia Espiritual &#8211; Cart\u00e3o de Registro 2<\/a><\/li>\n\n\n\n<li class=\"has-medium-font-size\"><a href=\"https:\/\/alianca.org.br\/site\/wp-content\/uploads\/Dowload\/Assist%c3%aancia%20Espiritual%20-%20Cart%c3%a3o%20de%20Registro%202.pdf\" title=\"\">Assist\u00eancia Espiritual &#8211; Cart\u00e3o de Registro<\/a><\/li>\n\n\n\n<li class=\"has-medium-font-size\"><a href=\"https:\/\/alianca.org.br\/site\/wp-content\/uploads\/Dowload\/Assist%c3%aancia%20Espiritual%20-%20Di%c3%a1rio%20Assist%c3%aancia%20Espiritual.pdf\" title=\"\">Assist\u00eancia Espiritual &#8211; Di\u00e1rio Assist\u00eancia Espiritual<\/a><\/li>\n\n\n\n<li class=\"has-medium-font-size\"><a href=\"https:\/\/alianca.org.br\/site\/wp-content\/uploads\/Dowload\/Assist%c3%aancia%20Espiritual%20-%20Extrato%20Mensal%20Assist%c3%aancia%20Espiritual.pdf\" title=\"\">Assist\u00eancia Espiritual &#8211; Extrato Mensal Assist\u00eancia Espiritual<\/a><\/li>\n\n\n\n<li class=\"has-medium-font-size\"><a href=\"https:\/\/alianca.org.br\/site\/wp-content\/uploads\/Dowload\/EAE%20-%20Di%c3%a1rio%20de%20Aula.pdf\" title=\"\">EAE &#8211; Di\u00e1rio de Aula<\/a><\/li>\n\n\n\n<li class=\"has-medium-font-size\"><a href=\"https:\/\/alianca.org.br\/site\/wp-content\/uploads\/Dowload\/EAE%20-%20Exame%20Espiritual.pdf\" title=\"\">EAE &#8211; Exame Espiritual<\/a><\/li>\n\n\n\n<li class=\"has-medium-font-size\"><a href=\"https:\/\/alianca.org.br\/site\/wp-content\/uploads\/Dowload\/EAE%20-%20Extrato%20Mensal%20de%20Curso.pdf\" title=\"\">EAE &#8211; Extrato Mensal de Curso<\/a><\/li>\n\n\n\n<li class=\"has-medium-font-size\"><a href=\"https:\/\/alianca.org.br\/site\/wp-content\/uploads\/Dowload\/EAE%20-%20Instru%c3%a7%c3%b5es%20para%20uso%20Caderneta%20Pessoal.pdf\" title=\"\">EAE &#8211; Instru\u00e7\u00f5es para uso Caderneta Pessoal<\/a><\/li>\n\n\n\n<li class=\"has-medium-font-size\"><a href=\"https:\/\/alianca.org.br\/site\/wp-content\/uploads\/Dowload\/EAE%20-%20Testes%20Caderneta%20Pessoal.pdf\" title=\"\">EAE &#8211; Testes Caderneta Pessoal<\/a><\/li>\n\n\n\n<li class=\"has-medium-font-size\"><a href=\"https:\/\/alianca.org.br\/site\/wp-content\/uploads\/Dowload\/FDJ%20-%20Ficha%20Identifica%c3%a7%c3%a3o%20Disc%c3%adpulo%20-%20Modelo1.pdf\" title=\"\">FDJ &#8211; Ficha de an\u00e1lise da Caderneta Pessoal para ingresso na FDJ<\/a><\/li>\n\n\n\n<li class=\"has-medium-font-size\"><a href=\"https:\/\/alianca.org.br\/site\/wp-content\/uploads\/Dowload\/FDJ%20-%20Ficha%20de%20Autoavalia%c3%a7%c3%a3o%20-%20Modelo3.pdf\" title=\"\">FDJ &#8211; Ficha de Autoavalia\u00e7\u00e3o &#8211; Modelo3<\/a><\/li>\n\n\n\n<li class=\"has-medium-font-size\"><a href=\"https:\/\/alianca.org.br\/site\/wp-content\/uploads\/Dowload\/FDJ%20-%20Ficha%20de%20convoca%c3%a7%c3%a3o%20para%20ingresso%20-%20Anexo%204.pdf\" title=\"\">FDJ &#8211; Ficha de convoca\u00e7\u00e3o para ingresso &#8211; Anexo 4<\/a><\/li>\n\n\n\n<li class=\"has-medium-font-size\"><a href=\"https:\/\/alianca.org.br\/site\/wp-content\/uploads\/Dowload\/FDJ%20-%20Ficha%20de%20Autoavalia%c3%a7%c3%a3o%20-%20Modelo3.pdf\" title=\"\">FDJ &#8211; Ficha Identifica\u00e7\u00e3o Disc\u00edpulo &#8211; Modelo1<\/a><\/li>\n\n\n\n<li class=\"has-medium-font-size\"><a href=\"https:\/\/alianca.org.br\/site\/wp-content\/uploads\/Dowload\/FDJ%20-%20Ficha%20Identifica%c3%a7%c3%a3o%20Turma%20EAE%20-%20Modelo2.pdf\" title=\"\">FDJ &#8211; Ficha Identifica\u00e7\u00e3o Turma EAE &#8211; Modelo2<\/a><\/li>\n<\/ul>\n\n\n\n<section id=\"gmbbc551b\" class=\"wp-block-gutentor-m4 section-gmbbc551b gutentor-module gutentor-advanced-columns has-color-bg has-custom-bg\"><div class=\"grid-container\"><div class=\"grid-row\">\n<div id=\"col-gmea18ca\" class=\"wp-block-gutentor-m4-col col-gmea18ca gutentor-single-column  grid-lg-12 grid-md-12 grid-12\"><div id=\"section-gmea18ca\" class=\"section-gmea18ca gutentor-col-wrap\">\n<h2 class=\"wp-block-heading\">Mediunidade<\/h2>\n<\/div><\/div>\n<\/div><\/div><\/section>\n\n\n\n<p>.<\/p>\n\n\n\n<section id=\"gm4968bfe\" class=\"wp-block-gutentor-m4 section-gm4968bfe gutentor-module gutentor-advanced-columns has-color-bg has-custom-bg\"><div class=\"grid-container\"><div class=\"grid-row\">\n<div id=\"col-gmf90f57\" class=\"wp-block-gutentor-m4-col col-gmf90f57 gutentor-single-column  grid-lg-12 grid-md-12 grid-12\"><div id=\"section-gmf90f57\" class=\"section-gmf90f57 gutentor-col-wrap\">\n<h2 class=\"wp-block-heading\">Paulo de Tarso sem Fronteiras<\/h2>\n<\/div><\/div>\n<\/div><\/div><\/section>\n\n\n\n<p class=\"has-medium-font-size\"><a href=\"https:\/\/alianca.org.br\/wp-content\/uploads\/projetopaulodetarso\/NOVO%20GUIA%20DO%20PEREGRINO%20072020%20DIVULGA%C3%87%C3%83O.pdf\">Guia do Peregrino<\/a><\/p>\n\n\n\n<p class=\"has-medium-font-size\"><a href=\"http:\/\/alianca.org.br\/site\/wp-content\/uploads\/projetopaulodetarso\/Evg%20no%20Lar%20-%20Projeto%20Paulo%20de%20Tarso%20em%20Ingl%c3%aas.pdf\" title=\"\">Evangelho no Lar &#8211; em ingl\u00eas<\/a><\/p>\n\n\n\n<p class=\"has-medium-font-size\"><a href=\"http:\/\/alianca.org.br\/site\/wp-content\/uploads\/projetopaulodetarso\/Folleto%20Evangelio%20en%20El%20Hogar%20Proyecto%20Pablo%20de%20Tarso.pdf\" title=\"\">Folleto Evangelio en espanhol<\/a> <\/p>\n\n\n\n<p class=\"has-medium-font-size\"><a href=\"http:\/\/alianca.org.br\/site\/wp-content\/uploads\/projetopaulodetarso\/LA%20GUIA%20DEL%20PEREGRINO%20-%20traduzido%20e%20revisado%20-%20Vers%c3%a3o%20final.pdf\">LA GUIA DEL PEREGRIN<\/a><\/p>\n\n\n\n<p class=\"has-medium-font-size\"><a href=\"http:\/\/alianca.org.br\/site\/wp-content\/uploads\/projetopaulodetarso\/LIVRETO%20EVANGELHO%20NO%20LAR.pdf\" title=\"\">LIVRETO EVANGELHO NO LAR<\/a><\/p>\n\n\n\n<p class=\"has-medium-font-size\"><a href=\"http:\/\/alianca.org.br\/site\/wp-content\/uploads\/projetopaulodetarso\/NOVO-GUIA-DO-PEREGRINO-072020-PPS.pps\">NOVO-GUIA-DO-PEREGRI<\/a><\/p>\n\n\n\n<p class=\"has-medium-font-size\"><a href=\"http:\/\/alianca.org.br\/site\/wp-content\/uploads\/projetopaulodetarso\/NOVO%20GUIA%20DO%20PEREGRINO%20072020%20DIVULGA%c3%87%c3%83O.pdf\">NOVO GUIA DO PEREGRINO<\/a><\/p>\n\n\n\n<p class=\"has-medium-font-size\"><a href=\"http:\/\/alianca.org.br\/site\/wp-content\/uploads\/projetopaulodetarso\/Projeto%20Paulo%20de%20Tarso%20Perguntas%20e%20resp.pdf\" title=\"\">Projeto Paulo de Tarso<\/a><\/p>\n\n\n\n<p class=\"has-medium-font-size\"><a href=\"http:\/\/alianca.org.br\/site\/wp-content\/uploads\/projetopaulodetarso\/Projeto%20Paulo%20de%20tarso%20%20recomenta%c3%a7%c3%b5es%20gerais%20parte%20%201%20revisado%20.pdf\" title=\"\">Projeto Paulo de tarso<\/a><\/p>\n\n\n\n<p class=\"has-medium-font-size\"><a href=\"http:\/\/alianca.org.br\/site\/wp-content\/uploads\/projetopaulodetarso\/fdj-folheto-do-projeto-paulo-de-tarso.pdf\" title=\"\">fdj-folheto-do-projeto<\/a><\/p>\n\n\n\n<p class=\"has-medium-font-size\"><a href=\"http:\/\/alianca.org.br\/site\/wp-content\/uploads\/projetopaulodetarso\/fdj-perguntas-e-respostas-sobre-o-projeto-paulo-de-tarso.pdf\" title=\"\">fdj-perguntas-e-respostas<\/a><\/p>\n\n\n\n<p class=\"has-medium-font-size\"><a href=\"http:\/\/alianca.org.br\/site\/wp-content\/uploads\/projetopaulodetarso\/panfleto%20paulo%20de%20tarso.jpeg\" title=\"\">panfleto paulo de tarso<\/a><\/p>\n\n\n\n<p class=\"has-medium-font-size\"><a href=\"http:\/\/alianca.org.br\/site\/wp-content\/uploads\/projetopaulodetarso\/projeto%20paulo%20de%20tarso%20recomenda%c3%a7%c3%b5es%20gerais%20parte%202.pdf\" title=\"\">projeto paulo de tarso<\/a><\/p>\n\n\n\n<section id=\"gm296d983\" class=\"wp-block-gutentor-m4 section-gm296d983 gutentor-module gutentor-advanced-columns has-color-bg has-custom-bg\"><div class=\"grid-container\"><div class=\"grid-row\">\n<div id=\"col-gm93614c\" class=\"wp-block-gutentor-m4-col col-gm93614c gutentor-single-column  grid-lg-12 grid-md-12 grid-12\"><div id=\"section-gm93614c\" class=\"section-gm93614c gutentor-col-wrap\">\n<h2 class=\"wp-block-heading\">Projeto Andr\u00e9 Luiz<\/h2>\n<\/div><\/div>\n<\/div><\/div><\/section>\n\n\n\n<p class=\"has-medium-font-size\"><a href=\"http:\/\/alianca.org.br\/site\/wp-content\/uploads\/projetoandreluiz\/Biografia-e-Obra-de-Andr%c3%a9-Luiz.pdf\" title=\"\">Biografia e Obra de Andr\u00e9 Luiz<\/a><br><a href=\"http:\/\/alianca.org.br\/site\/wp-content\/uploads\/projetoandreluiz\/Carta_aos_GAS_sobre_Projeto_Andr%c3%a9_Luiz.pdf\" title=\"\">Carta aos Grupos de Estudo.<\/a><br><a href=\"https:\/\/alianca.org.br\/site\/wp-content\/uploads\/projetoandreluiz\/FDJ-Projeto-Estudo-Andr%c3%a9-Luiz.pdf\" title=\"\">PROJETO ESTUDO ANDR\u00c9 LUIZ<\/a><br> &nbsp;<br><a href=\"https:\/\/alianca.org.br\/site\/wp-content\/uploads\/projetoandreluiz\/1-Nosso_Lar.pdf\" title=\"\">1 &#8211; Nosso Lar<br><\/a><a href=\"https:\/\/alianca.org.br\/site\/wp-content\/uploads\/projetoandreluiz\/2-Os_Mensageiros.pdf\" title=\"\">2 &#8211; Os Mensageiros<br><\/a><a href=\"https:\/\/alianca.org.br\/site\/wp-content\/uploads\/projetoandreluiz\/3-Missionarios_da_Luz.pdf\" title=\"\">3 &#8211; Mission\u00e1rios da Luz<br><\/a><a href=\"https:\/\/alianca.org.br\/site\/wp-content\/uploads\/projetoandreluiz\/%204-Obreiros_da_Vida_Eterna.pdf\" title=\"\">4 &#8211; Obreiros da Vida Eterna<br><\/a><a href=\"https:\/\/alianca.org.br\/site\/wp-content\/uploads\/projetoandreluiz\/5-No_Mundo_Maior.pdf\" title=\"\">5 &#8211; No Mundo Maior<br><\/a><a href=\"https:\/\/alianca.org.br\/site\/wp-content\/uploads\/projetoandreluiz\/%206-Liberta%c3%a7%c3%a3o.pdf\" title=\"\">6 &#8211; Liberta\u00e7\u00e3o<br><\/a><a href=\"https:\/\/alianca.org.br\/site\/wp-content\/uploads\/projetoandreluiz\/%207-Entre_a_Terra_e_o_C%c3%a9u.pdf\" title=\"\">7 &#8211; Entre a Terra e o C\u00e9u<br><\/a><a href=\"https:\/\/alianca.org.br\/site\/wp-content\/uploads\/projetoandreluiz\/%208-Nos_Dom%c3%adnios_da_Mediunidade.pdf\" title=\"\">8 &#8211; Nos Dom\u00ednios da Mediunidade<br><\/a><a href=\"https:\/\/alianca.org.br\/site\/wp-content\/uploads\/projetoandreluiz\/9-A%c3%a7%c3%a3o_e_%20Rea%c3%a7%c3%a3o.pdf\" title=\"\">9 &#8211; A\u00e7\u00e3o e Rea\u00e7\u00e3o<br><\/a><a href=\"https:\/\/alianca.org.br\/site\/wp-content\/uploads\/projetoandreluiz\/10-Evolu%c3%a7%c3%a3o_em_%20Dois_Mundos.pdf\" title=\"\">10 &#8211; Evolu\u00e7\u00e3o em Dois Mundos<br><\/a><a href=\"https:\/\/alianca.org.br\/site\/wp-content\/uploads\/projetoandreluiz\/11-Mecanismos%20da%20Mediunidade.pdf\" title=\"\">11 &#8211; Mecanismos da Mediunidade<br><\/a><a href=\"https:\/\/alianca.org.br\/site\/wp-content\/uploads\/projetoandreluiz\/12-Sexo_e_Destino.pdf\" title=\"\">12 &#8211; Sexo e Destino<br><\/a><a href=\"https:\/\/alianca.org.br\/site\/wp-content\/uploads\/projetoandreluiz\/13-Desobsess%c3%a3o.pdf\" title=\"\">13 &#8211; Desobsess\u00e3o<\/a><\/p>\n\n\n\n<section id=\"gm90adcf5\" class=\"wp-block-gutentor-m4 section-gm90adcf5 gutentor-module gutentor-advanced-columns has-color-bg has-custom-bg\"><div class=\"grid-container\"><div class=\"grid-row\">\n<div id=\"col-gm9b8d60\" class=\"wp-block-gutentor-m4-col col-gm9b8d60 gutentor-single-column  grid-lg-12 grid-md-12 grid-12\"><div id=\"section-gm9b8d60\" class=\"section-gm9b8d60 gutentor-col-wrap\">\n<h2 class=\"wp-block-heading\">Evangeliza\u00e7\u00e3o Infantil<\/h2>\n<\/div><\/div>\n<\/div><\/div><\/section>\n\n\n\n<p>.<\/p>\n\n\n\n<section id=\"gm73773d2\" class=\"wp-block-gutentor-m4 section-gm73773d2 gutentor-module gutentor-advanced-columns has-color-bg has-custom-bg\"><div class=\"grid-container\"><div class=\"grid-row\">\n<div id=\"col-gm8315fb\" class=\"wp-block-gutentor-m4-col col-gm8315fb gutentor-single-column  grid-lg-12 grid-md-12 grid-12\"><div id=\"section-gm8315fb\" class=\"section-gm8315fb gutentor-col-wrap\">\n<h2 class=\"wp-block-heading\">Conselho de Grupos Integrados (CGI)<\/h2>\n<\/div><\/div>\n<\/div><\/div><\/section>\n\n\n\n<p class=\"has-medium-font-size\"><a href=\"https:\/\/forms.gle\/8iyrijXXECHVabK39\" title=\"\">Formulario Atividades da Casa Conselheira<\/a><\/p>\n\n\n\n<p class=\"has-medium-font-size\"><a href=\"https:\/\/alianca.org.br\/site\/wp-content\/uploads\/2023\/12\/estatuto_CGI.pdf\" title=\"\">Estastuto do Conselho<\/a><\/p>\n\n\n\n<section id=\"gm76c2c0d\" class=\"wp-block-gutentor-m4 section-gm76c2c0d gutentor-module gutentor-advanced-columns has-color-bg has-custom-bg\"><div class=\"grid-container\"><div class=\"grid-row\">\n<div id=\"col-gmffc4e7\" class=\"wp-block-gutentor-m4-col col-gmffc4e7 gutentor-single-column  grid-lg-12 grid-md-12 grid-12\"><div id=\"section-gmffc4e7\" class=\"section-gmffc4e7 gutentor-col-wrap\">\n<h2 class=\"wp-block-heading\">Apoio ao Exterior<\/h2>\n<\/div><\/div>\n<\/div><\/div><\/section>\n\n\n\n<p>.<\/p>\n\n\n\n<section id=\"gm32dfaa2\" class=\"wp-block-gutentor-m4 section-gm32dfaa2 gutentor-module gutentor-advanced-columns has-color-bg has-custom-bg\"><div class=\"grid-container\"><div class=\"grid-row\">\n<div id=\"col-gm3f6497\" class=\"wp-block-gutentor-m4-col col-gm3f6497 gutentor-single-column  grid-lg-12 grid-md-12 grid-12\"><div id=\"section-gm3f6497\" class=\"section-gm3f6497 gutentor-col-wrap\">\n<h2 class=\"wp-block-heading\">Mocidade<\/h2>\n<\/div><\/div>\n<\/div><\/div><\/section>\n\n\n\n<p class=\"has-medium-font-size\">.<\/p>\n\n\n\n<section id=\"gm3bb56b8\" class=\"wp-block-gutentor-m4 section-gm3bb56b8 gutentor-module gutentor-advanced-columns has-color-bg has-custom-bg\"><div class=\"grid-container\"><div class=\"grid-row\">\n<div id=\"col-gm8de9cc\" class=\"wp-block-gutentor-m4-col col-gm8de9cc gutentor-single-column  grid-lg-12 grid-md-12 grid-12\"><div id=\"section-gm8de9cc\" class=\"section-gm8de9cc gutentor-col-wrap\">\n<h2 class=\"wp-block-heading\">Pr\u00e9 Mocidade<\/h2>\n<\/div><\/div>\n<\/div><\/div><\/section>\n\n\n\n<p>.<\/p>\n\n\n\n<section id=\"gm3f46d5b\" class=\"wp-block-gutentor-m4 section-gm3f46d5b gutentor-module gutentor-advanced-columns has-color-bg has-custom-bg\"><div class=\"grid-container\"><div class=\"grid-row\">\n<div id=\"col-gmd29119\" class=\"wp-block-gutentor-m4-col col-gmd29119 gutentor-single-column  grid-lg-12 grid-md-12 grid-12\"><div id=\"section-gmd29119\" class=\"section-gmd29119 gutentor-col-wrap\">\n<h2 class=\"wp-block-heading\">RGA<\/h2>\n<\/div><\/div>\n<\/div><\/div><\/section>\n\n\n\n<p class=\"has-medium-font-size\"><a href=\"https:\/\/alianca.org.br\/site\/equipe-rga\/\" title=\"\">Material para download dos M\u00f3dulos da RGA 2024<\/a><\/p>\n\n\n\n<section id=\"gmf6a4038\" class=\"wp-block-gutentor-m4 section-gmf6a4038 gutentor-module gutentor-advanced-columns has-color-bg has-custom-bg\"><div class=\"grid-container\"><div class=\"grid-row\">\n<div id=\"col-gme0ad3e\" class=\"wp-block-gutentor-m4-col col-gme0ad3e gutentor-single-column  grid-lg-12 grid-md-12 grid-12\"><div id=\"section-gme0ad3e\" class=\"section-gme0ad3e gutentor-col-wrap\">\n<h2 class=\"wp-block-heading\">Falando ao Cora\u00e7\u00e3o<\/h2>\n<\/div><\/div>\n<\/div><\/div><\/section>\n\n\n\n<p class=\"has-black-color has-text-color has-link-color has-medium-font-size wp-elements-d3921d08eb5c6b64270548433c22ae6a\"><strong>Lista de arquivos para admisitra\u00e7\u00e3o da casa Esp\u00edrita<\/strong><\/p>\n\n\n\n<section id=\"gm8a67400\" class=\"wp-block-gutentor-m4 section-gm8a67400 gutentor-module gutentor-advanced-columns has-color-bg has-custom-bg\"><div class=\"grid-container\"><div class=\"grid-row\">\n<div id=\"col-gme0bb3e\" class=\"wp-block-gutentor-m4-col col-gme0bb3e gutentor-single-column  grid-lg-12 grid-md-12 grid-12\"><div id=\"section-gme0bb3e\" class=\"section-gme0bb3e gutentor-col-wrap\">\n<h2 class=\"wp-block-heading\">Fundo para Aquisi\u00e7\u00e3o Sede propria (FASEP)<\/h2>\n<\/div><\/div>\n<\/div><\/div><\/section>\n\n\n\n<ul class=\"wp-block-list\">\n<li class=\"has-medium-font-size\"><a href=\"https:\/\/alianca.org.br\/site\/wp-content\/uploads\/2015\/fasep-administracao-da-casa-espirita-cartilha-legalizacoes.pdf\">&nbsp;CARTILHA ADMINISTRA\u00c7\u00c3O DA CASA ESP\u00cdRITA<\/a><\/li>\n\n\n\n<li class=\"has-medium-font-size\"><a href=\"https:\/\/alianca.org.br\/site\/wp-content\/uploads\/2015\/fasep-adminis-financeira-da-casa-espirita.pdf\">ADMINSTRA\u00c7\u00c3O FINANCEIRA DA CASA ESP\u00cdRITA<\/a><\/li>\n\n\n\n<li class=\"has-medium-font-size\"><a href=\"https:\/\/alianca.org.br\/site\/wp-content\/uploads\/2015\/FASEP_Roteiro-de-Informacoes-para-Analise-do-Projeto.pdf\">&nbsp;ROTEIRO PARA AN\u00c1LISE DO PROJETO<\/a><\/li>\n\n\n\n<li class=\"has-medium-font-size\">&nbsp;<a href=\"https:\/\/alianca.org.br\/site\/wp-content\/uploads\/2015\/ficha-de-inscricao.pdf\">FASEP INSCRI\u00c7\u00c3O DE PARTICIPANTE<\/a><\/li>\n\n\n\n<li class=\"has-medium-font-size\"><a href=\"https:\/\/alianca.org.br\/site\/wp-content\/uploads\/2015\/gestao-patrimonial-como-comprar-ou-alugar-um-imovel-para-instalar-um-centro-espirita.pdf\">COMPRAR OU ALUGAR UM IMOVEL PARA UM CENTRO<\/a><\/li>\n\n\n\n<li class=\"has-medium-font-size\"><a href=\"https:\/\/alianca.org.br\/site\/wp-content\/uploads\/2015\/fasep-gestao-administrativa-como-fundar-e-manter-casa-espirita.pdf\">COMO FUNDAR E MANTER UMA CASA ESPIRITA1<\/a><\/li>\n\n\n\n<li class=\"has-medium-font-size\"><a href=\"https:\/\/alianca.org.br\/site\/wp-content\/uploads\/2015\/fasep-gestao-administrativa-como-fundar-e-manter-casa-espirita-resumo.pdf\">COMO FUNDAR e MANTER UMA CASA ESP\u00cdRITA<\/a><\/li>\n\n\n\n<li class=\"has-medium-font-size\"><a href=\"https:\/\/alianca.org.br\/site\/wp-content\/uploads\/2015\/fasep-financas-da-casa-espirita-apresentacao.pdf\">FINAN\u00c7AS DA CASA ESP\u00cdRITA<\/a><\/li>\n\n\n\n<li class=\"has-medium-font-size\"><a href=\"https:\/\/alianca.org.br\/site\/wp-content\/uploads\/2015\/FASEP-2024abr_07.pdf\" title=\"\">REGULAMENTO<\/a><\/li>\n<\/ul>\n\n\n\n<p class=\"has-medium-font-size\"><a href=\"https:\/\/alianca.org.br\/site\/fasep-fundo-para-aquisicao-da-sede-propria\/\" title=\"\">P\u00e1gina do FASEP<\/a><\/p>\n\n\n\n<p><\/p>\n","protected":false},"excerpt":{"rendered":"<p>Downloads Prezado Visitante: concentramos nesta p\u00e1gina os arquivos disponibilizados para download Caso n\u00e3o encontre o que precisa, contate-nos pelo canal da Secretaria da Alian\u00e7a (secretaria@alianca.org.br), para providenciarmos e assim poder atend\u00ea-lo com presteza, obrigado ATAS CGI E AGI OBS. Para fazer download das atas de reuni\u00f5es de Assembleia e Conselho de Grupos Integrados, ser\u00e1 solicitada [&hellip;]<\/p>\n","protected":false},"author":27,"featured_media":0,"parent":0,"menu_order":0,"comment_status":"closed","ping_status":"closed","template":"","meta":{"om_disable_all_campaigns":false,"_monsterinsights_skip_tracking":false,"_monsterinsights_sitenote_active":false,"_monsterinsights_sitenote_note":"","_monsterinsights_sitenote_category":0,"footnotes":""},"class_list":["post-22586","page","type-page","status-publish","hentry"],"aioseo_notices":[],"_links":{"self":[{"href":"https:\/\/alianca.org.br\/site\/wp-json\/wp\/v2\/pages\/22586","targetHints":{"allow":["GET"]}}],"collection":[{"href":"https:\/\/alianca.org.br\/site\/wp-json\/wp\/v2\/pages"}],"about":[{"href":"https:\/\/alianca.org.br\/site\/wp-json\/wp\/v2\/types\/page"}],"author":[{"embeddable":true,"href":"https:\/\/alianca.org.br\/site\/wp-json\/wp\/v2\/users\/27"}],"replies":[{"embeddable":true,"href":"https:\/\/alianca.org.br\/site\/wp-json\/wp\/v2\/comments?post=22586"}],"version-history":[{"count":0,"href":"https:\/\/alianca.org.br\/site\/wp-json\/wp\/v2\/pages\/22586\/revisions"}],"wp:attachment":[{"href":"https:\/\/alianca.org.br\/site\/wp-json\/wp\/v2\/media?parent=22586"}],"curies":[{"name":"wp","href":"https:\/\/api.w.org\/{rel}","templated":true}]}}