{"id":23208,"date":"2023-10-03T18:06:00","date_gmt":"2023-10-03T21:06:00","guid":{"rendered":"https:\/\/alianca.org.br\/site\/?page_id=23208"},"modified":"2025-10-24T13:22:57","modified_gmt":"2025-10-24T16:22:57","slug":"virada-espiritual-2024","status":"publish","type":"page","link":"https:\/\/alianca.org.br\/site\/virada-espiritual-2024\/","title":{"rendered":"Virada Espiritual 2025"},"content":{"rendered":"\n<p class=\"has-black-color has-text-color has-link-color has-medium-font-size wp-elements-93790739702556225455d4b9a80c601a\"><a href=\"https:\/\/www.google.com\/maps\/d\/viewer?mid=1_-XfINqTFP0u8fWWpdBA0NdBkWeTAcw&amp;ll=-17.848327003585347%2C-69.17532061499793&amp;z=2\" title=\"\">mapa da virada espiritual 2025 <\/a><\/p>\n\n\n\n<figure class=\"wp-block-image size-full is-resized\"><a href=\"https:\/\/www.google.com\/maps\/d\/viewer?mid=1_-XfINqTFP0u8fWWpdBA0NdBkWeTAcw&amp;ll=-17.848327003585347%2C-69.17532061499793&amp;z=2\"><img fetchpriority=\"high\" decoding=\"async\" width=\"294\" height=\"183\" src=\"https:\/\/alianca.org.br\/site\/wp-content\/uploads\/2025\/10\/image.png\" alt=\"\" class=\"wp-image-29884\" style=\"width:211px;height:auto\"\/><\/a><\/figure>\n\n\n\n<p><\/p>\n\n\n\n<section id=\"gm61d4761\" class=\"wp-block-gutentor-m4 section-gm61d4761 gutentor-module gutentor-advanced-columns\"><div class=\"grid-container\"><div class=\"grid-row\">\n<div id=\"col-gm51b466\" class=\"wp-block-gutentor-m4-col col-gm51b466 gutentor-single-column  grid-lg-4 grid-md-12 grid-12\"><div id=\"section-gm51b466\" class=\"section-gm51b466 gutentor-col-wrap\">\n<figure class=\"wp-block-embed is-type-video is-provider-youtube wp-block-embed-youtube wp-embed-aspect-16-9 wp-has-aspect-ratio\"><div class=\"wp-block-embed__wrapper\">\n<iframe width=\"640\" height=\"360\" data-src=\"https:\/\/www.youtube.com\/embed\/KipEh3ZJExA?feature=oembed\" frameborder=\"0\" allow=\"accelerometer; autoplay; clipboard-write; encrypted-media; gyroscope; picture-in-picture; web-share\" referrerpolicy=\"strict-origin-when-cross-origin\" allowfullscreen src=\"data:image\/svg+xml;base64,PHN2ZyB3aWR0aD0iMSIgaGVpZ2h0PSIxIiB4bWxucz0iaHR0cDovL3d3dy53My5vcmcvMjAwMC9zdmciPjwvc3ZnPg==\" class=\"lazyload\" data-load-mode=\"1\"><\/iframe>\n<\/div><\/figure>\n<\/div><\/div>\n\n\n\n<div id=\"col-gm38309b\" class=\"wp-block-gutentor-m4-col col-gm38309b gutentor-single-column  grid-lg-4 grid-md-12 grid-12\"><div id=\"section-gm38309b\" class=\"section-gm38309b gutentor-col-wrap\">\n<figure class=\"wp-block-embed is-type-video is-provider-youtube wp-block-embed-youtube wp-embed-aspect-16-9 wp-has-aspect-ratio\"><div class=\"wp-block-embed__wrapper\">\n<iframe width=\"640\" height=\"360\" data-src=\"https:\/\/www.youtube.com\/embed\/Oek-gw-iQo4?feature=oembed\" frameborder=\"0\" allow=\"accelerometer; autoplay; clipboard-write; encrypted-media; gyroscope; picture-in-picture; web-share\" referrerpolicy=\"strict-origin-when-cross-origin\" allowfullscreen src=\"data:image\/svg+xml;base64,PHN2ZyB3aWR0aD0iMSIgaGVpZ2h0PSIxIiB4bWxucz0iaHR0cDovL3d3dy53My5vcmcvMjAwMC9zdmciPjwvc3ZnPg==\" class=\"lazyload\" data-load-mode=\"1\"><\/iframe>\n<\/div><\/figure>\n<\/div><\/div>\n\n\n\n<div id=\"col-gme01b98\" class=\"wp-block-gutentor-m4-col col-gme01b98 gutentor-single-column  grid-lg-4 grid-md-12 grid-12\"><div id=\"section-gme01b98\" class=\"section-gme01b98 gutentor-col-wrap\">\n<figure class=\"wp-block-embed is-type-video is-provider-youtube wp-block-embed-youtube wp-embed-aspect-4-3 wp-has-aspect-ratio\"><div class=\"wp-block-embed__wrapper\">\n<iframe width=\"640\" height=\"480\" data-src=\"https:\/\/www.youtube.com\/embed\/67iKs-CZlKs?feature=oembed\" frameborder=\"0\" allow=\"accelerometer; autoplay; clipboard-write; encrypted-media; gyroscope; picture-in-picture; web-share\" referrerpolicy=\"strict-origin-when-cross-origin\" allowfullscreen src=\"data:image\/svg+xml;base64,PHN2ZyB3aWR0aD0iMSIgaGVpZ2h0PSIxIiB4bWxucz0iaHR0cDovL3d3dy53My5vcmcvMjAwMC9zdmciPjwvc3ZnPg==\" class=\"lazyload\" data-load-mode=\"1\"><\/iframe>\n<\/div><\/figure>\n<\/div><\/div>\n<\/div><\/div><\/section>\n\n\n\n<section id=\"gmd0e01f3\" class=\"wp-block-gutentor-m4 section-gmd0e01f3 gutentor-module gutentor-advanced-columns\"><div class=\"grid-container\"><div class=\"grid-row\">\n<div id=\"col-gm228ea4\" class=\"wp-block-gutentor-m4-col col-gm228ea4 gutentor-single-column  grid-lg-6 grid-md-12 grid-12\"><div id=\"section-gm228ea4\" class=\"section-gm228ea4 gutentor-col-wrap\">\n<figure class=\"wp-block-image size-large\"><img decoding=\"async\" width=\"514\" height=\"500\" data-src=\"https:\/\/alianca.org.br\/site\/wp-content\/uploads\/2023\/10\/WhatsApp-Image-2023-10-03-at-15.05.06-514x500.jpeg\" alt=\"\" class=\"wp-image-23235 lazyload\" data-srcset=\"https:\/\/alianca.org.br\/site\/wp-content\/uploads\/2023\/10\/WhatsApp-Image-2023-10-03-at-15.05.06-514x500.jpeg 514w, https:\/\/alianca.org.br\/site\/wp-content\/uploads\/2023\/10\/WhatsApp-Image-2023-10-03-at-15.05.06-300x292.jpeg 300w, https:\/\/alianca.org.br\/site\/wp-content\/uploads\/2023\/10\/WhatsApp-Image-2023-10-03-at-15.05.06-768x747.jpeg 768w, https:\/\/alianca.org.br\/site\/wp-content\/uploads\/2023\/10\/WhatsApp-Image-2023-10-03-at-15.05.06-1536x1494.jpeg 1536w, https:\/\/alianca.org.br\/site\/wp-content\/uploads\/2023\/10\/WhatsApp-Image-2023-10-03-at-15.05.06.jpeg 1551w\" data-sizes=\"(max-width: 514px) 100vw, 514px\" src=\"data:image\/svg+xml;base64,PHN2ZyB3aWR0aD0iMSIgaGVpZ2h0PSIxIiB4bWxucz0iaHR0cDovL3d3dy53My5vcmcvMjAwMC9zdmciPjwvc3ZnPg==\" style=\"--smush-placeholder-width: 514px; --smush-placeholder-aspect-ratio: 514\/500;\" \/><\/figure>\n<\/div><\/div>\n\n\n\n<div id=\"col-gm8da071\" class=\"wp-block-gutentor-m4-col col-gm8da071 gutentor-single-column  grid-lg-6 grid-md-12 grid-12\"><div id=\"section-gm8da071\" class=\"section-gm8da071 gutentor-col-wrap\">\n<p class=\"has-black-color has-text-color has-link-color has-medium-font-size wp-elements-105593a3336704426290ad35d66fed57\">Desde 2019, tem sido realizado um evento denominado \u201cVirada Espiritual \u2013 30 horas de Amor Fraternal\u201d, A proposta \u00e9 incentivar todas as pessoas \u00e0 pr\u00e1tica de atividades criativas e participativas que possam multiplicar o amor fraternal e a alegria no mundo, inspirando uma atitude de conviv\u00eancia alegre e respeitosa para com todos.<\/p>\n\n\n\n<p class=\"has-black-color has-text-color has-link-color has-medium-font-size wp-elements-7c9b901dbfcfc3039df5f008bd15688b\">Em 2019, 2022 e 2023 foram realizadas muitas a\u00e7\u00f5es, por milhares de volunt\u00e1rios, conversando, cantando, tocando m\u00fasicas, oferecendo abra\u00e7os, pintando quadros, lendo poesias, contando hist\u00f3rias nas ruas e pra\u00e7as p\u00fablicas, ou em v\u00e1rias institui\u00e7\u00f5es, Para este ano, A proposta para essas 30 horas \u00e9: \u201cFazer o bem, n\u00e3o importa a quem\u201d<\/p>\n<\/div><\/div>\n<\/div><\/div><\/section>\n\n\n\n<section id=\"gm0404a4c\" class=\"wp-block-gutentor-m4 section-gm0404a4c gutentor-module gutentor-advanced-columns\"><div class=\"grid-container\"><div class=\"grid-row\">\n<div id=\"col-gmcf3c93\" class=\"wp-block-gutentor-m4-col col-gmcf3c93 gutentor-single-column  grid-lg-4 grid-md-12 grid-12\"><div id=\"section-gmcf3c93\" class=\"section-gmcf3c93 gutentor-col-wrap\"><\/div><\/div>\n\n\n\n<div id=\"col-gmbc96a1\" class=\"wp-block-gutentor-m4-col col-gmbc96a1 gutentor-single-column  grid-lg-4 grid-md-12 grid-12\"><div id=\"section-gmbc96a1\" class=\"section-gmbc96a1 gutentor-col-wrap\">\n<h2 class=\"wp-block-heading has-text-align-center has-white-background-color has-text-color has-background has-large-font-size\" style=\"color:#3f3f3f\">Virada Espiritual<\/h2>\n<\/div><\/div>\n\n\n\n<div id=\"col-gmf07397\" class=\"wp-block-gutentor-m4-col col-gmf07397 gutentor-single-column  grid-lg-4 grid-md-12 grid-12\"><div id=\"section-gmf07397\" class=\"section-gmf07397 gutentor-col-wrap\"><\/div><\/div>\n<\/div><\/div><\/section>\n\n\n\n<section id=\"gmcd7fbca\" class=\"wp-block-gutentor-m4 section-gmcd7fbca gutentor-module gutentor-advanced-columns\"><div class=\"grid-container\"><div class=\"grid-row\">\n<div id=\"col-gm623dcc\" class=\"wp-block-gutentor-m4-col col-gm623dcc gutentor-single-column  grid-lg-4 grid-md-12 grid-12\"><div id=\"section-gm623dcc\" class=\"section-gm623dcc gutentor-col-wrap\"><\/div><\/div>\n\n\n\n<div id=\"col-gmccfbe6\" class=\"wp-block-gutentor-m4-col col-gmccfbe6 gutentor-single-column  grid-lg-4 grid-md-12 grid-12\"><div id=\"section-gmccfbe6\" class=\"section-gmccfbe6 gutentor-col-wrap\">\n<h2 class=\"wp-block-heading has-text-align-center has-text-color\" style=\"color:#3f3f3f\">Veja como foi a virada espiritual nos anos anteriores.<\/h2>\n\n\n\n<section id=\"gmeba32ff\" class=\"wp-block-gutentor-m4 section-gmeba32ff gutentor-module gutentor-advanced-columns\"><div class=\"grid-container\"><div class=\"grid-row\">\n<div id=\"col-gm4aaedd\" class=\"wp-block-gutentor-m4-col col-gm4aaedd gutentor-single-column  grid-lg-4 grid-md-12 grid-12\"><div id=\"section-gm4aaedd\" class=\"section-gm4aaedd gutentor-col-wrap\">\n<figure class=\"wp-block-video\"><video height=\"1080\" style=\"aspect-ratio: 1920 \/ 1080\" width=\"1920\" controls src=\"https:\/\/alianca.org.br\/site\/wp-content\/uploads\/2023\/10\/Virada-2022a.mp4\"><\/video><\/figure>\n<\/div><\/div>\n\n\n\n<div id=\"col-gm51902b\" class=\"wp-block-gutentor-m4-col col-gm51902b gutentor-single-column  grid-lg-4 grid-md-12 grid-12\"><div id=\"section-gm51902b\" class=\"section-gm51902b gutentor-col-wrap\">\n<figure class=\"wp-block-image size-large\"><img decoding=\"async\" width=\"354\" height=\"500\" data-src=\"https:\/\/alianca.org.br\/site\/wp-content\/uploads\/2023\/10\/Virada_Espiritual_Cartaz-768x1086-1-354x500.jpeg\" alt=\"\" class=\"wp-image-23238 lazyload\" data-srcset=\"https:\/\/alianca.org.br\/site\/wp-content\/uploads\/2023\/10\/Virada_Espiritual_Cartaz-768x1086-1-354x500.jpeg 354w, https:\/\/alianca.org.br\/site\/wp-content\/uploads\/2023\/10\/Virada_Espiritual_Cartaz-768x1086-1-212x300.jpeg 212w, https:\/\/alianca.org.br\/site\/wp-content\/uploads\/2023\/10\/Virada_Espiritual_Cartaz-768x1086-1.jpeg 768w\" data-sizes=\"(max-width: 354px) 100vw, 354px\" src=\"data:image\/svg+xml;base64,PHN2ZyB3aWR0aD0iMSIgaGVpZ2h0PSIxIiB4bWxucz0iaHR0cDovL3d3dy53My5vcmcvMjAwMC9zdmciPjwvc3ZnPg==\" style=\"--smush-placeholder-width: 354px; --smush-placeholder-aspect-ratio: 354\/500;\" \/><\/figure>\n<\/div><\/div>\n\n\n\n<div id=\"col-gme0b218\" class=\"wp-block-gutentor-m4-col col-gme0b218 gutentor-single-column  grid-lg-4 grid-md-12 grid-12\"><div id=\"section-gme0b218\" class=\"section-gme0b218 gutentor-col-wrap\">\n<figure class=\"wp-block-image size-large\"><img decoding=\"async\" width=\"750\" height=\"500\" data-src=\"https:\/\/alianca.org.br\/site\/wp-content\/uploads\/2023\/10\/ViradaEspiritual_AEE-768x512-1-750x500.jpg\" alt=\"\" class=\"wp-image-23239 lazyload\" data-srcset=\"https:\/\/alianca.org.br\/site\/wp-content\/uploads\/2023\/10\/ViradaEspiritual_AEE-768x512-1-750x500.jpg 750w, https:\/\/alianca.org.br\/site\/wp-content\/uploads\/2023\/10\/ViradaEspiritual_AEE-768x512-1-300x200.jpg 300w, https:\/\/alianca.org.br\/site\/wp-content\/uploads\/2023\/10\/ViradaEspiritual_AEE-768x512-1-391x260.jpg 391w, https:\/\/alianca.org.br\/site\/wp-content\/uploads\/2023\/10\/ViradaEspiritual_AEE-768x512-1.jpg 768w\" data-sizes=\"(max-width: 750px) 100vw, 750px\" src=\"data:image\/svg+xml;base64,PHN2ZyB3aWR0aD0iMSIgaGVpZ2h0PSIxIiB4bWxucz0iaHR0cDovL3d3dy53My5vcmcvMjAwMC9zdmciPjwvc3ZnPg==\" style=\"--smush-placeholder-width: 750px; --smush-placeholder-aspect-ratio: 750\/500;\" \/><\/figure>\n<\/div><\/div>\n<\/div><\/div><\/section>\n<\/div><\/div>\n\n\n\n<div id=\"col-gm3095c8\" class=\"wp-block-gutentor-m4-col col-gm3095c8 gutentor-single-column  grid-lg-4 grid-md-12 grid-12\"><div id=\"section-gm3095c8\" class=\"section-gm3095c8 gutentor-col-wrap\"><\/div><\/div>\n<\/div><\/div><\/section>\n","protected":false},"excerpt":{"rendered":"<p>18 e 19 de outubro de 2025 nossas a\u00e7\u00f5es em favor do bem. refletir\u00e3o<br \/>\nnossas atitudes de amor<\/p>\n","protected":false},"author":2,"featured_media":29160,"parent":0,"menu_order":0,"comment_status":"closed","ping_status":"closed","template":"","meta":{"om_disable_all_campaigns":false,"_monsterinsights_skip_tracking":false,"_monsterinsights_sitenote_active":false,"_monsterinsights_sitenote_note":"","_monsterinsights_sitenote_category":0,"footnotes":""},"class_list":["post-23208","page","type-page","status-publish","has-post-thumbnail","hentry"],"aioseo_notices":[],"_links":{"self":[{"href":"https:\/\/alianca.org.br\/site\/wp-json\/wp\/v2\/pages\/23208","targetHints":{"allow":["GET"]}}],"collection":[{"href":"https:\/\/alianca.org.br\/site\/wp-json\/wp\/v2\/pages"}],"about":[{"href":"https:\/\/alianca.org.br\/site\/wp-json\/wp\/v2\/types\/page"}],"author":[{"embeddable":true,"href":"https:\/\/alianca.org.br\/site\/wp-json\/wp\/v2\/users\/2"}],"replies":[{"embeddable":true,"href":"https:\/\/alianca.org.br\/site\/wp-json\/wp\/v2\/comments?post=23208"}],"version-history":[{"count":0,"href":"https:\/\/alianca.org.br\/site\/wp-json\/wp\/v2\/pages\/23208\/revisions"}],"wp:featuredmedia":[{"embeddable":true,"href":"https:\/\/alianca.org.br\/site\/wp-json\/wp\/v2\/media\/29160"}],"wp:attachment":[{"href":"https:\/\/alianca.org.br\/site\/wp-json\/wp\/v2\/media?parent=23208"}],"curies":[{"name":"wp","href":"https:\/\/api.w.org\/{rel}","templated":true}]}}