{"id":26905,"date":"2024-06-19T15:07:22","date_gmt":"2024-06-19T18:07:22","guid":{"rendered":"https:\/\/alianca.org.br\/site\/?page_id=26905"},"modified":"2024-06-19T16:04:15","modified_gmt":"2024-06-19T19:04:15","slug":"revisao-eae","status":"publish","type":"page","link":"https:\/\/alianca.org.br\/site\/revisao-eae\/","title":{"rendered":"Revis\u00e3o EAE"},"content":{"rendered":"\n<div id=\"section-g699c31\" class=\"wp-block-gutentor-e6 section-g699c31 gutentor-element gutentor-element-image text-align-center-desktop\"><div class=\"gutentor-element-image-box\"><div class=\"gutentor-image-thumb\"><img decoding=\"async\" class=\"normal-image lazyload\" data-src=\"https:\/\/alianca.org.br\/site\/wp-content\/uploads\/2024\/06\/banner-inicio-pagina-Revisao-EAE-1333x500.png\" src=\"data:image\/svg+xml;base64,PHN2ZyB3aWR0aD0iMSIgaGVpZ2h0PSIxIiB4bWxucz0iaHR0cDovL3d3dy53My5vcmcvMjAwMC9zdmciPjwvc3ZnPg==\" style=\"--smush-placeholder-width: 1333px; --smush-placeholder-aspect-ratio: 1333\/500;\" \/><\/div><\/div><\/div>\n\n\n\n<section id=\"section-1a0d44e5-f06f-4ef2-9beb-400a718a1fe5\" class=\"wp-block-gutentor-divider section-1a0d44e5-f06f-4ef2-9beb-400a718a1fe5 gutentor-element gutentor-section gutentor-divider text-center\"><div class=\"grid-container\"><div class=\"gutentor-divider-box\"><span><svg xmlns=\"http:\/\/www.w3.org\/2000\/svg\" viewBox=\"0 0 240 40\" preserveAspectRatio=\"none\"><path d=\"M56.2 20c5.3-.1 10.6-.2 16-.3l16-.2c10.6-.1 21.3-.1 31.9-.2 10.6.1 21.3 0 31.9.1l16 .2c5.3.1 10.6.2 16 .3-5.3.1-10.6.2-16 .3l-16 .2c-10.6.1-21.3.1-31.9.1-10.6-.1-21.3 0-31.9-.2l-16-.2c-5.4.1-10.7 0-16-.1z\"><\/path><\/svg><\/span><\/div><\/div><\/section>\n\n\n\n<p class=\"has-text-align-center has-medium-font-size\">A revis\u00e3o do Programa Atual de EAE \u00e9 o principal motivador da cria\u00e7\u00e3o desta equipe de apoio. Se n\u00e3o o mais importante, pelo menos \u00e9 visto como o mais impactante para o trabalho da equipe e sua repercuss\u00e3o e alcance em nosso movimento.<\/p>\n\n\n\n<p class=\"has-text-align-center has-medium-font-size\">Este \u00e9 um trabalho que est\u00e1 em andamento e se divide em 2 frentes principais:<\/p>\n\n\n\n<div style=\"height:100px\" aria-hidden=\"true\" class=\"wp-block-spacer\"><\/div>\n\n\n\n<section id=\"gm79d8f9b\" class=\"wp-block-gutentor-m4 section-gm79d8f9b gutentor-module gutentor-advanced-columns has-color-bg has-custom-bg\"><div class=\"grid-container\"><div class=\"grid-row\">\n<div id=\"col-gm211bf1\" class=\"wp-block-gutentor-m4-col col-gm211bf1 gutentor-single-column  grid-lg-6 grid-md-12 grid-12\"><div id=\"section-gm211bf1\" class=\"section-gm211bf1 gutentor-col-wrap\">\n<section id=\"section-218c97d4-f7b4-4571-9cf1-665aa57e9ba2\" class=\"wp-block-gutentor-icon-box gutentor-section gutentor-icon-wrapper icon-template1\"><div class=\"grid-container\"><div class=\"gutentor-block-header\"><div class=\"gutentor-section-title enable-title-design seperator-bottom text-center\"><h1 class=\"gutentor-title\"><strong>NOVAS AULAS \u2013 PROGRAMA<\/strong><\/h1><\/div><\/div><div class=\"grid-row gutentor-grid-item-wrap\"><div class=\"gutentor-grid-column grid-lg-12 grid-md-4 grid-12\"><div class=\"gutentor-single-item gutentor-icon gutentor-single-item-0\"><div class=\"gutentor-single-item-wrap\"><div class=\"gutentor-single-item-icon-box\"><i class=\"fas fa-book-open\"><\/i><\/div><div class=\"gutentor-single-item-content\"><p class=\"gutentor-single-item-desc\">Nesta frente de trabalho o programa vem sendo revisto com base em variados crit\u00e9rios que vem sendo constru\u00eddos por meio de muito trabalho, estudo, reflex\u00f5es, imers\u00f5es, verifica\u00e7\u00f5es espirituais e as contribui\u00e7\u00f5es do movimento.<br>Aqui falamos especificamente do programa e sua sequ\u00eancia de aulas, assim como o conte\u00fado das aulas. Esta \u00e9 uma fase em plena constru\u00e7\u00e3o.<br>\u00c0 medida que os trabalhos forem sendo aprovados pelo CGI e corroborados pela AGI ser\u00e3o publicados aqui.<br>O desenvolvimento do programa leva em conta principalmente o fortalecimento da viv\u00eancia da Inicia\u00e7\u00e3o espiritual tanto no conte\u00fado das aulas quanto em sua estrutura, como o refor\u00e7o de conceitos e pr\u00e1ticas como a Tradi\u00e7\u00e3o Espiritual, reforma \u00cdntima, Ambiente M\u00edstico e viv\u00eancia e fortalecimento das passagens de grau, assim como o aprofundamento do uso das ferramentas e implementa\u00e7\u00e3o de novos h\u00e1bitos, visando primordialmente a Evangeliza\u00e7\u00e3o do Ser.<\/p><\/div><\/div><\/div><\/div><\/div><\/div><\/section>\n\n\n\n<p><\/p>\n\n\n\n<p class=\"has-small-font-size\"><\/p>\n<\/div><\/div>\n\n\n\n<div id=\"col-gm7802c3\" class=\"wp-block-gutentor-m4-col col-gm7802c3 gutentor-single-column  grid-lg-6 grid-md-12 grid-12\"><div id=\"section-gm7802c3\" class=\"section-gm7802c3 gutentor-col-wrap\">\n<section id=\"section-d75e9381-0bdb-4e28-9be0-2e054a14251d\" class=\"wp-block-gutentor-icon-box gutentor-section gutentor-icon-wrapper icon-template1\"><div class=\"grid-container\"><div class=\"gutentor-block-header\"><div class=\"gutentor-section-title enable-title-design seperator-bottom text-center\"><h1 class=\"gutentor-title\"><strong><strong>REGRAS E ESTRUTURA<\/strong><\/strong><\/h1><\/div><\/div><div class=\"grid-row gutentor-grid-item-wrap\"><div class=\"gutentor-grid-column grid-lg-12 grid-md-4 grid-12\"><div class=\"gutentor-single-item gutentor-icon gutentor-single-item-0\"><div class=\"gutentor-single-item-wrap\"><div class=\"gutentor-single-item-icon-box\"><i class=\"far fa-file-alt\"><\/i><\/div><div class=\"gutentor-single-item-content\"><p class=\"gutentor-single-item-desc\">Estes aspectos dizem respeito \u00e0s regras que definem a estrutura da EAE, ou seja, trabalharemos quesitos tais como notas, frequ\u00eancia, avalia\u00e7\u00f5es, eventuais novos h\u00e1bitos, aulas de transi\u00e7\u00e3o, inclus\u00e3o de aulas, mudan\u00e7a de aulas de sequ\u00eancia e outros.<br>O processo de constru\u00e7\u00e3o destas sugest\u00f5es de mudan\u00e7a acontece em conjunto com a constru\u00e7\u00e3o de novas aulas, e tudo depende de um desenvolvimento criterioso, com muito estudo, intera\u00e7\u00e3o com a espiritualidade, consultas e compartilhamento de informa\u00e7\u00f5es com o movimento e s\u00f3 ter\u00e3o validade a partir da aprova\u00e7\u00e3o do CGI e corrobora\u00e7\u00e3o da AGI.<br>\u00c0 medida que estas aprova\u00e7\u00f5es forem efetivadas pelo CGI e AGI ser\u00e3o publicadas aqui e assim, sendo oficializadas para a pr\u00e1tica por todo o movimento.<br><\/p><a class=\"gutentor-button gutentor-single-item-button gutentor-icon-hide\" href=\"https:\/\/docs.google.com\/document\/d\/1tGydK1cChjXCHbXS6H4jh3lXSUdH-V1Z\/edit#heading=h.gjdgxs\"><i class=\"gutentor-button-icon fas fa-book\"><\/i><span><a href=\"https:\/\/docs.google.com\/document\/d\/1tGydK1cChjXCHbXS6H4jh3lXSUdH-V1Z\/edit#heading=h.gjdgxs\" target=\"_blank\" rel=\"noopener\" title=\"LIMITE DE PRESEN\u00c7AS M\u00cdNIMO DE 80% - Aprovado AGI 07\/04\/2024\">LIMITE DE PRESEN\u00c7AS M\u00cdNIMO DE 80% &#8211; Aprovado AGI 07\/04\/2024<\/a><\/span><\/a><\/div><\/div><\/div><\/div><\/div><\/div><\/section>\n\n\n\n<p><\/p>\n\n\n\n<p class=\"has-small-font-size\"><\/p>\n<\/div><\/div>\n<\/div><\/div><\/section>\n\n\n\n<p><\/p>\n","protected":false},"excerpt":{"rendered":"<p>A revis\u00e3o do Programa Atual de EAE \u00e9 o principal motivador da cria\u00e7\u00e3o desta equipe de apoio. Se n\u00e3o o mais importante, pelo menos \u00e9 visto como o mais impactante para o trabalho da equipe e sua repercuss\u00e3o e alcance em nosso movimento. Este \u00e9 um trabalho que est\u00e1 em andamento e se divide em [&hellip;]<\/p>\n","protected":false},"author":12,"featured_media":0,"parent":0,"menu_order":0,"comment_status":"closed","ping_status":"closed","template":"page-templates\/template-builder.php","meta":{"om_disable_all_campaigns":false,"_monsterinsights_skip_tracking":false,"_monsterinsights_sitenote_active":false,"_monsterinsights_sitenote_note":"","_monsterinsights_sitenote_category":0,"footnotes":""},"class_list":["post-26905","page","type-page","status-publish","hentry"],"aioseo_notices":[],"_links":{"self":[{"href":"https:\/\/alianca.org.br\/site\/wp-json\/wp\/v2\/pages\/26905","targetHints":{"allow":["GET"]}}],"collection":[{"href":"https:\/\/alianca.org.br\/site\/wp-json\/wp\/v2\/pages"}],"about":[{"href":"https:\/\/alianca.org.br\/site\/wp-json\/wp\/v2\/types\/page"}],"author":[{"embeddable":true,"href":"https:\/\/alianca.org.br\/site\/wp-json\/wp\/v2\/users\/12"}],"replies":[{"embeddable":true,"href":"https:\/\/alianca.org.br\/site\/wp-json\/wp\/v2\/comments?post=26905"}],"version-history":[{"count":0,"href":"https:\/\/alianca.org.br\/site\/wp-json\/wp\/v2\/pages\/26905\/revisions"}],"wp:attachment":[{"href":"https:\/\/alianca.org.br\/site\/wp-json\/wp\/v2\/media?parent=26905"}],"curies":[{"name":"wp","href":"https:\/\/api.w.org\/{rel}","templated":true}]}}