{"id":27757,"date":"2024-09-18T18:53:04","date_gmt":"2024-09-18T21:53:04","guid":{"rendered":"https:\/\/alianca.org.br\/site\/?page_id=27757"},"modified":"2025-06-15T22:34:53","modified_gmt":"2025-06-16T01:34:53","slug":"vivencia-digital","status":"publish","type":"page","link":"https:\/\/alianca.org.br\/site\/vivencia-digital\/","title":{"rendered":"Viv\u00eancia do Espiritismo Religioso &#8211; Digital"},"content":{"rendered":"\n<section id=\"gm2ede4f5\" class=\"wp-block-gutentor-m2 section-gm2ede4f5 gutentor-module gutentor-dynamic-columns\"><div class=\"grid-container\"><div class=\"grid-row\">\n<div id=\"col-gmedb965\" class=\"wp-block-gutentor-m2-col col-gmedb965 gutentor-module gutentor-dynamic-single-column grid-lg-6 grid-md-4 grid-12\"><div id=\"section-gmedb965\" class=\"section-gmedb965 gutentor-single-col\">\n<h2 class=\"wp-block-heading\">Objetivo desse site<\/h2>\n\n\n\n<figure class=\"wp-block-image size-large is-resized\"><img fetchpriority=\"high\" decoding=\"async\" width=\"353\" height=\"500\" src=\"https:\/\/alianca.org.br\/site\/wp-content\/uploads\/2024\/10\/image-2-353x500.png\" alt=\"\" class=\"wp-image-28061\" style=\"width:293px;height:auto\" srcset=\"https:\/\/alianca.org.br\/site\/wp-content\/uploads\/2024\/10\/image-2-353x500.png 353w, https:\/\/alianca.org.br\/site\/wp-content\/uploads\/2024\/10\/image-2-212x300.png 212w, https:\/\/alianca.org.br\/site\/wp-content\/uploads\/2024\/10\/image-2.png 441w\" sizes=\"(max-width: 353px) 100vw, 353px\" \/><\/figure>\n\n\n\n<p class=\"has-black-color has-text-color has-link-color has-medium-font-size wp-elements-efd44f23438223e2986844a96b3b1c98\">A AEE \u00e9 um ideal consubstanciado num programa que visa promover o espiritismo no seu aspecto religioso. O Viv\u00eancia tem por finalidade colaborar com essa proposta e apresentar os programas e experi\u00eancias desenvolvidos ao logo da AEE.<br><\/p>\n\n\n\n<p><\/p>\n\n\n\n<p class=\"has-black-color has-text-color has-link-color has-medium-font-size wp-elements-14129f326183107d2b1c17fa08c7881a\">Nesse site voc\u00ea vai encontrar todas as informa\u00e7\u00f5es sobre a Alian\u00e7a e seus programas.<\/p>\n<\/div><\/div>\n\n\n\n<div id=\"col-gm2cc826\" class=\"wp-block-gutentor-m2-col col-gm2cc826 gutentor-module gutentor-dynamic-single-column grid-lg-6 grid-md-4 grid-12\"><div id=\"section-gm2cc826\" class=\"section-gm2cc826 gutentor-single-col\">\n<h2 class=\"wp-block-heading\"><strong>Saiba das \u00faltimas mudan\u00e7as nos programas<\/strong><\/h2>\n\n\n\n<p class=\"has-black-color has-text-color has-link-color has-medium-font-size wp-elements-a55b6b69f003bc470e86a964c1c4f277\">CGI Set\/24: Mudan\u00e7a no programa de EAE [link]<br>CGI Dez\/24: Atualiza\u00e7\u00e3o sobre o Ideal da Alian\u00e7a [link]<\/p>\n\n\n\n<p><img decoding=\"async\" data-src=\"https:\/\/lh7-rt.googleusercontent.com\/docsz\/AD_4nXeiwktGpTkbrpMLimqXWWkf_PfJh3FqEp4dUy2Wj4vMxPzwOWdbwgBN2FMr6P91Q80992P9_SvatXEjMyOy9CQmcogvnTmA0uj09HV0-I4rxHDE1A8-rfMmmvNS8JpnT_DKwJmYN1-w1ndIFMszC3kBvw0B_1-atLmD6IrerxYDvzAEyHLPfK4?key=5xTAJQ526FswwHw8AUmj3Q\" width=\"88\" height=\"108\" src=\"data:image\/svg+xml;base64,PHN2ZyB3aWR0aD0iMSIgaGVpZ2h0PSIxIiB4bWxucz0iaHR0cDovL3d3dy53My5vcmcvMjAwMC9zdmciPjwvc3ZnPg==\" class=\"lazyload\" style=\"--smush-placeholder-width: 88px; --smush-placeholder-aspect-ratio: 88\/108;\"><\/p>\n\n\n\n<p>Copyright \u00a9 1979 <em>Todos os direitos reservados \u00e0 Editora Alian\u00e7a.<\/em>7\u00aa edi\u00e7\u00e3o, Dezembro\/2015, do 27\u00ba ao 29\u00ba milheiro.<\/p>\n\n\n\n<p><strong>T\u00edtulo<\/strong><\/p>\n\n\n\n<p>Viv\u00eancia do Espiritismo Religioso<\/p>\n\n\n\n<p><strong>Autores<\/strong><\/p>\n\n\n\n<p>Conselho de Grupos Integrados<\/p>\n\n\n\n<p><strong>Revis\u00e3o<\/strong><\/p>\n\n\n\n<p>Ant\u00f4nio Roberto de Carvalho<\/p>\n\n\n\n<p><strong>Diagrama\u00e7\u00e3o<\/strong><\/p>\n\n\n\n<p>Ariane Haas Franco<\/p>\n\n\n\n<p><strong>Projeto Gr\u00e1fico<\/strong><\/p>\n\n\n\n<p>Evandro dos Anjos<\/p>\n\n\n\n<p><strong>Capa<\/strong><\/p>\n\n\n\n<p>B\u00e1rbara Francis Bugno Gomes<\/p>\n\n\n\n<p><strong>Impress\u00e3o<\/strong><\/p>\n\n\n\n<p>Rettec Artes Gr\u00e1ficas e Editora Ltda.<\/p>\n\n\n\n<p><strong>Ficha Catalogr\u00e1fica<\/strong><\/p>\n\n\n\n<p><em>Dados Internacionais de Cataloga\u00e7\u00e3o na Publica\u00e7\u00e3o (CIP) \u2014 C\u00e2mara Brasileira do Livro | SP | Brasil \u2014<\/em><\/p>\n\n\n\n<p>Viv\u00eancia do Espiritismo Religioso \/ Conselho de Grupos Integrados &#8211;1<sup>a<\/sup> ed. &#8212; S\u00e3o Paulo : Editora Alian\u00e7a, 2014.<\/p>\n\n\n\n<p>ISBN: 978-85-8364-004-2<\/p>\n\n\n\n<p>1. Espiritismo 2. Espiritismo &#8211; Educa\u00e7\u00e3o religiosa<\/p>\n\n\n\n<p>I. conselho de Grupos Integrados.<\/p>\n\n\n\n<p>14-01303 CDD-133.9<\/p>\n\n\n\n<p><strong>\u00cdndice para cat\u00e1logo sistem\u00e1tico:<\/strong><\/p>\n\n\n\n<p>1. Espiritismo 133.9<\/p>\n\n\n\n<p><strong>Editora Alian\u00e7a<\/strong><\/p>\n\n\n\n<p>Rua Major Diogo, 511 &#8211; Bela Vista &#8211; S\u00e3o Paulo &#8211; SP<\/p>\n\n\n\n<p>CEP 01324-001 | Tel.:(11) 2105-2600 | Fax: (11) 2105-2626<a href=\"http:\/\/www.editoraalianca.com.br\/\">www.editoraalianca.com.br<\/a> | <a href=\"mailto:editora@editoraalianca.com.br\">editora@editoraalianca.com.br<\/a><\/p>\n<\/div><\/div>\n<\/div><\/div><\/section>\n\n\n\n<!--nextpage-->\n\n\n\n<p><strong><\/strong><strong>SUM\u00c1RIO<\/strong><strong> <\/strong><strong><\/strong><\/p>\n\n\n\n<p><a href=\"https:\/\/docs.google.com\/document\/d\/1cR2LVha7kT0VAct5tk03GFiCpBcSHeb_\/edit#heading=h.gjdgxs\">INTRODU\u00c7\u00c3O 17<\/a><\/p>\n\n\n\n<p><a href=\"https:\/\/docs.google.com\/document\/d\/1cR2LVha7kT0VAct5tk03GFiCpBcSHeb_\/edit#heading=h.30j0zll\">In \u201cSerm\u00e3o do Monte\u201d 17<\/a><\/p>\n\n\n\n<p>In <em>O Livro dos Esp\u00edritos<\/em><em> <\/em>17<\/p>\n\n\n\n<p><a href=\"https:\/\/docs.google.com\/document\/d\/1cR2LVha7kT0VAct5tk03GFiCpBcSHeb_\/edit#heading=h.1fob9te\">Ora\u00e7\u00e3o no Trabalho 18<\/a><\/p>\n\n\n\n<p><a href=\"https:\/\/docs.google.com\/document\/d\/1cR2LVha7kT0VAct5tk03GFiCpBcSHeb_\/edit#heading=h.3znysh7\">PREF\u00c1CIO 19<\/a><\/p>\n\n\n\n<p><a href=\"https:\/\/docs.google.com\/document\/d\/1cR2LVha7kT0VAct5tk03GFiCpBcSHeb_\/edit#heading=h.2et92p0\">APRESENTA\u00c7\u00c3O 21<\/a><\/p>\n\n\n\n<p><a href=\"https:\/\/docs.google.com\/document\/d\/1cR2LVha7kT0VAct5tk03GFiCpBcSHeb_\/edit#heading=h.tyjcwt\">PARTE 1<\/a><\/p>\n\n\n\n<p><a href=\"https:\/\/docs.google.com\/document\/d\/1cR2LVha7kT0VAct5tk03GFiCpBcSHeb_\/edit#heading=h.3dy6vkm\">ALIAN\u00c7A ESP\u00cdRITA EVANG\u00c9LICA<\/a><\/p>\n\n\n\n<p><a href=\"https:\/\/docs.google.com\/document\/d\/1cR2LVha7kT0VAct5tk03GFiCpBcSHeb_\/edit#heading=h.1t3h5sf\">CAP\u00cdTULO 1.1<\/a><\/p>\n\n\n\n<p><strong>A Alian\u00e7a Espirita Evang\u00e9lica<\/strong><strong> <\/strong>27<\/p>\n\n\n\n<p><a href=\"https:\/\/docs.google.com\/document\/d\/1cR2LVha7kT0VAct5tk03GFiCpBcSHeb_\/edit#heading=h.4d34og8\">Alian\u00e7a 27<\/a><\/p>\n\n\n\n<p><a href=\"https:\/\/docs.google.com\/document\/d\/1cR2LVha7kT0VAct5tk03GFiCpBcSHeb_\/edit#heading=h.2s8eyo1\">Miss\u00e3o 27<\/a><\/p>\n\n\n\n<p><a href=\"https:\/\/docs.google.com\/document\/d\/1cR2LVha7kT0VAct5tk03GFiCpBcSHeb_\/edit#heading=h.17dp8vu\"><em>Nome Alian\u00e7a<\/em><em> <\/em>28<\/a><\/p>\n\n\n\n<p><a href=\"https:\/\/docs.google.com\/document\/d\/1cR2LVha7kT0VAct5tk03GFiCpBcSHeb_\/edit#heading=h.3rdcrjn\">Valores Presentes 29<\/a><\/p>\n\n\n\n<p><a href=\"https:\/\/docs.google.com\/document\/d\/1cR2LVha7kT0VAct5tk03GFiCpBcSHeb_\/edit#heading=h.26in1rg\">Valores da AEE 30<\/a><\/p>\n\n\n\n<p><a href=\"https:\/\/docs.google.com\/document\/d\/1cR2LVha7kT0VAct5tk03GFiCpBcSHeb_\/edit#heading=h.lnxbz9\"><em>Confraternizar Para Melhor Servir<\/em><em> <\/em>30<\/a><\/p>\n\n\n\n<p><a href=\"https:\/\/docs.google.com\/document\/d\/1cR2LVha7kT0VAct5tk03GFiCpBcSHeb_\/edit#heading=h.35nkun2\">Organiza\u00e7\u00e3o 31<\/a><\/p>\n\n\n\n<p><a href=\"https:\/\/docs.google.com\/document\/d\/1cR2LVha7kT0VAct5tk03GFiCpBcSHeb_\/edit#heading=h.1ksv4uv\">Hist\u00f3ria 34<\/a><\/p>\n\n\n\n<p><em>Circular n<\/em><em><sup>0 <\/sup><\/em><em>05\/1974<\/em><em> <\/em>35<\/p>\n\n\n\n<p><a href=\"https:\/\/docs.google.com\/document\/d\/1cR2LVha7kT0VAct5tk03GFiCpBcSHeb_\/edit#heading=h.44sinio\"><em>Allan Kardec<\/em><em> <\/em>38<\/a><\/p>\n\n\n\n<p><a href=\"https:\/\/docs.google.com\/document\/d\/1cR2LVha7kT0VAct5tk03GFiCpBcSHeb_\/edit#heading=h.2jxsxqh\"><em>O Espiritismo \u00e9 Uma Religi\u00e3o?<\/em><em> <\/em>40<\/a><\/p>\n\n\n\n<p><a href=\"https:\/\/docs.google.com\/document\/d\/1cR2LVha7kT0VAct5tk03GFiCpBcSHeb_\/edit#heading=h.z337ya\"><em>Confraternizar Para Melhor Servir<\/em><em> <\/em>41<\/a><\/p>\n\n\n\n<p><a href=\"https:\/\/docs.google.com\/document\/d\/1cR2LVha7kT0VAct5tk03GFiCpBcSHeb_\/edit#heading=h.3j2qqm3\"><em>Entendendo a Alian\u00e7a por Interm\u00e9dio de Sua Miss\u00e3o<\/em><em> <\/em>45<\/a><\/p>\n\n\n\n<hr class=\"wp-block-separator has-alpha-channel-opacity\"\/>\n\n\n\n<!--nextpage-->\n\n\n\n<p class=\"has-black-color has-text-color has-link-color has-medium-font-size wp-elements-7bf3cc465ed590a3987832f64bb93872\"><br>INTRODU\u00c7\u00c3O<br>IN \u201cSERM\u00c3O DO MONTE\u201d<br>\u201cV\u00f3s sois o sal da Terra; e se o sal for ins\u00edpido, com que se h\u00e1 de salgar? Para nada mais presta sen\u00e3o para se lan\u00e7ar fora, e ser pisado pelos homens.<br>V\u00f3s sois a luz do Mundo; n\u00e3o se pode esconder uma cidade edificada sobre um monte; Nem se acende a candeia e se coloca debaixo do alqueire, mas no velador, e d\u00e1 luz a todos que est\u00e3o na casa.<br>Assim resplande\u00e7a a vossa luz diante dos homens, para que vejam as vossas boas obras e glorifiquem a vosso Pai, que est\u00e1 nos c\u00e9us.\u201d<br>Mateus 5:13-16<br> <br>IN O LIVRO DOS ESP\u00cdRITOS <br><\/p>\n\n\n\n<p class=\"has-black-color has-text-color has-link-color has-medium-font-size wp-elements-6b073496aeda4bd0f2e977d6d2e34586\">614. O que se deve entender por lei natural?<br>\u2014 A lei natural \u00e9 a lei de Deus; \u00e9 a \u00fanica necess\u00e1ria \u00e0 felicidade do homem; ela lhe indica o que ele deve fazer ou n\u00e3o fazer, e o homem s\u00f3 se torna infeliz porque dela se afasta.<\/p>\n\n\n\n<p class=\"has-black-color has-text-color has-link-color has-medium-font-size wp-elements-4eb657dec20bf32ed4649beae71ac5c1\">615. Ser\u00e1 suficiente n\u00e3o se fazer o mal, para ser agrad\u00e1vel a Deus e assegurar uma situa\u00e7\u00e3o futura?<br>\u2014 N\u00e3o: \u00e9 preciso fazer o bem, no limite das pr\u00f3prias for\u00e7as, pois cada um responder\u00e1 por todo o mal que tiver ocorrido por causa do bem que deixou de fazer.<\/p>\n\n\n\n<p><\/p>\n\n\n\n<hr class=\"wp-block-separator has-alpha-channel-opacity\"\/>\n\n\n\n<!--nextpage-->\n\n\n\n<p class=\"has-medium-font-size\"><br>APRESENTA\u00c7\u00c3O<br>A Alian\u00e7a Esp\u00edrita Evang\u00e9lica, que em dezembro comemora seu 6\u00ba anivers\u00e1rio de funda\u00e7\u00e3o1, organizou para esta data o presente volume, que cont\u00e9m um resumo bastante expressivo de suas atividades funcionais nos diferentes setores que comporta.<\/p>\n\n\n\n<p class=\"has-medium-font-size\">O servidor que se dedica, espec\u00edfica e exclusivamente, ao setor religioso da Doutrina, dia por dia, se conscientiza mais profundamente do acerto, da justeza e da oportunidade desta prefer\u00eancia, por ver como as atividades humanas em todo o mundo se deterioram e proclamam, confirmam e reconhecem a urg\u00eancia e a necessidade do conforto moral, do aux\u00edlio fraterno e do sentido de solidariedade universal, para suportar as terr\u00edveis condi\u00e7\u00f5es de vida na inseguran\u00e7a, no temor da morte e na extrema pen\u00faria que o infelicita, sem esperan\u00e7a alguma de melhoria, reabilita\u00e7\u00e3o e repouso. Enquanto, de uma parte, a ci\u00eancia materialista aprimora suas atividades bifrontes, visando \u00e0 conquista de bens materiais, comodidades para a vida social e defesa contra as ambi\u00e7\u00f5es desencadeadas por si mesmas, ao mesmo tempo emprega a viol\u00eancia na fabrica\u00e7\u00e3o de novas armas, cada dia mais potentes e destruidoras, armando povos e na\u00e7\u00f5es uns contra os outros. Assim, as esperan\u00e7as de uma vida mais perfeita cada vez mais se diluem nos horizontes da Terra e dos cora\u00e7\u00f5es dos homens, neles brotando a certeza de que somente a vida espiritual, sob as b\u00ean\u00e7\u00e3os da Divindade Suprema, poder\u00e1 fazer raiar para o planeta dias mais felizes e viv\u00eancia mais harmoniosa e segura no futuro. As demonstra\u00e7\u00f5es de f\u00e9 que, periodicamente, s\u00e3o prestadas a pont\u00edfices de religi\u00f5es dogm\u00e1ticas indicam que somente no setor religioso da vida 1 Esta Apresenta\u00e7\u00e3o foi escrita para a ocasi\u00e3o do lan\u00e7amento deste livro, edi\u00e7\u00e3o comemorativa da Segunda Edi\u00e7\u00e3o.\/ Reuni\u00e3o Geral da Alian\u00e7a Esp\u00edrita Evang\u00e9lica, em dezembro de 1979. nas aberturas an\u00edmicas para o Criador, podem os homens esperar socorro e depositar suas derradeiras esperan\u00e7as, independentemente de ritos e de seitas. Voltam-se hoje milh\u00f5es de cora\u00e7\u00f5es para o Cristo, cujos ensinamentos de paz e harmonia contrastam profundamente com a vida atual, no seu fragor de desordem e viol\u00eancia, mas afinam vibratoriamente com os sentimentos e as esperan\u00e7as que ainda pulsam no cora\u00e7\u00e3o de muitos. Conquanto seja uma ant\u00edtese marcante, face aos desvios que caracterizam a vida da humanidade atual, esses ensinamentos valem como reafirma\u00e7\u00f5es de que dos poderes sobrenaturais \u00e9 que deve o homem encarnado esperar os benef\u00edcios, a seguran\u00e7a e o conforto moral de que carece.<br><\/p>\n\n\n\n<hr class=\"wp-block-separator has-alpha-channel-opacity\"\/>\n\n\n\n<!--nextpage-->\n\n\n\n<p class=\"has-medium-font-size\">O espiritismo, que foi dado ao mundo como \u00faltima esperan\u00e7a de reden\u00e7\u00e3o consciente da humanidade, mais depressa atingir\u00e1 seus alvos, concentrando nesse setor religioso, que, ali\u00e1s, \u00e9 parte integrante de sua pr\u00f3pria estrutura, toda a for\u00e7a de suas atividades doutrin\u00e1rias e sociais, para o testemunho amplo e positivo de sua miss\u00e3o de paz, amor e consola\u00e7\u00e3o \u2014 pois que \u00e9 tamb\u00e9m o Consolador prometido por Jesus nos \u00faltimos dias de sua miss\u00e3o na Terra. Para assegurar melhor essa posi\u00e7\u00e3o, devemos todos lutar pela preval\u00eancia do setor religioso, corporificado no Evangelho de Jesus, para que essa compreens\u00e3o e esse sentimento penetrem mais facilmente e mais fundo no cora\u00e7\u00e3o dos inumer\u00e1veis adeptos, provando assim que o espiritismo \u00e9 realmente a revivesc\u00eancia do cristianismo primitivo, a Terceira Revela\u00e7\u00e3o das verdades eternas trazidas \u00e0 Terra pelos emiss\u00e1rios do Senhor nas \u00e9pocas devidas, confirmando-se, ao mesmo tempo, a predestina\u00e7\u00e3o de nosso pa\u00eds como Terra de Promiss\u00e3o e P\u00e1tria do Evangelho. A doutrina dos Esp\u00edritos passar\u00e1 assim a representar realmente e a toda evid\u00eancia, o pensamento dominante do cristianismo em nosso pa\u00eds e a for\u00e7a mais ampla e poderosa de apoio irrestrito, e devotamento integral e definitivo, \u00e0 tarefa \u00e1rdua do Cristo, grandiosa e transcendente, do encaminhamento espiritual da humanidade planet\u00e1ria, retardada e sofredora.<\/p>\n\n\n\n<!--nextpage-->\n\n\n\n<p class=\"has-medium-font-size\">Neste livro, apresentamos detalhamento minucioso da constitui\u00e7\u00e3o, finalidades e funcionamento da Alian\u00e7a Esp\u00edrita Evang\u00e9lica, no ponto a que chegou hoje, ap\u00f3s os seis r\u00e1pidos anos de esfor\u00e7os de sobreviv\u00eancia, implanta\u00e7\u00e3o e consolida\u00e7\u00e3o, iniciando agora a fase sequente de expans\u00e3o exterior, no mesmo sentido inicial de fraternidade e unidade, sem intuito algum de proselitismo ou de competi\u00e7\u00e3o com os leg\u00edtimos interesses funcionais das demais entidades, merecedoras da mais fraternal solidariedade. Nesta exposi\u00e7\u00e3o minuciosa e clara, a Alian\u00e7a se faz vista sentida e acess\u00edvel a todos aqueles que, dentro de seus quadros, desejam integrar-se nas hostes fi\u00e9is, aguerridas e vitoriosas, conduzidas pelo Cristo, para as gl\u00f3rias da reden\u00e7\u00e3o, ap\u00f3s o transcurso deste s\u00e9culo, rumo \u00e0 vida maior, mais feliz, e espiritualizada da futura humanidade planet\u00e1ria.<\/p>\n\n\n\n<p class=\"has-medium-font-size\">E na desorienta\u00e7\u00e3o geral do mundo, com o cora\u00e7\u00e3o voltado para o futuro, na esperan\u00e7a de pr\u00f3xima vit\u00f3ria da luz contra as trevas, levantemos bem alto a bandeira crist\u00e3, com o lema das grandes batalhas, a bandeira da cruz, com o d\u00edstico milenar: In hoc signo vinces.2 S\u00e3o Paulo, outubro de 1979.Edgard Armond 2 Com este sinal, vencer\u00e1s<\/p>\n\n\n\n\n\n<!--nextpage-->\n\n\n\n<style>\n    p, p1, p2, p3, p4{\n    \n        text-align: justify;\n        font-size: 18px;\n        color: black;\n        width: 100%;\n        padding-left: 10px;\n        padding-right: 10px;\n    }\n img{\n\n    width: 20%;\n padding: 5px;\n    }\n<\/style>\n\n<body>\n    <P>\n        <br>APRESENTA\u00c7\u00c3O <br>\n        A Alian\u00e7a Esp\u00edrita Evang\u00e9lica, que em dezembro comemora seu 6\u00ba anivers\u00e1rio de funda\u00e7\u00e3o1, organizou para esta data o presente volume, que cont\u00e9m um resumo bastante expressivo de suas atividades funcionais nos diferentes setores que comporta.\n        <P1>  <br>\n        O servidor que se dedica, espec\u00edfica e exclusivamente, ao setor religioso da Doutrina, dia por dia, se conscientiza mais profundamente do acerto, da justeza e da oportunidade desta prefer\u00eancia,\n         por ver como as atividades humanas em todo o mundo se deterioram e proclamam, confirmam e reconhecem a urg\u00eancia e a necessidade do conforto moral, do aux\u00edlio fraterno e do sentido de solidariedade\n          universal, para suportar as terr\u00edveis condi\u00e7\u00f5es de vida na inseguran\u00e7a, no temor da morte e na extrema pen\u00faria que o infelicita, sem esperan\u00e7a alguma de melhoria, reabilita\u00e7\u00e3o e repouso.\n        Enquanto, de uma parte, a ci\u00eancia materialista aprimora suas atividades bifrontes, visando \u00e0 conquista de bens materiais, comodidades para a vida social e defesa contra as ambi\u00e7\u00f5es desencadeadas \n        por si mesmas, ao mesmo tempo emprega a viol\u00eancia na fabrica\u00e7\u00e3o de novas armas, cada dia mais potentes e destruidoras, armando povos e na\u00e7\u00f5es uns contra os outros.\n        Assim, as esperan\u00e7as de uma vida mais perfeita cada vez mais se diluem nos horizontes da Terra e dos cora\u00e7\u00f5es dos homens, neles brotando a certeza de que somente a vida espiritual, sob as b\u00ean\u00e7\u00e3os da Divindade Suprema, poder\u00e1 fazer raiar para o planeta dias mais felizes e viv\u00eancia mais harmoniosa e segura no futuro.\n        As demonstra\u00e7\u00f5es de f\u00e9 que, periodicamente, s\u00e3o prestadas a pont\u00edfices de religi\u00f5es dogm\u00e1ticas indicam que somente no setor religioso da vida, Esta Apresenta\u00e7\u00e3o foi escrita para a ocasi\u00e3o do lan\u00e7amento deste livro, edi\u00e7\u00e3o comemorativa da Segunda Edi\u00e7\u00e3o.\/ Reuni\u00e3o Geral da Alian\u00e7a Esp\u00edrita Evang\u00e9lica, em dezembro de 1979.\n        nas aberturas an\u00edmicas para o Criador, podem os homens esperar socorro e depositar suas derradeiras esperan\u00e7as, independentemente de ritos e de seitas.<\/P1>\n\n<img decoding=\"async\" data-src=\"\/site\/wp-content\/uploads\/2024\/10\/image-3.png\" alt=\"\" src=\"data:image\/svg+xml;base64,PHN2ZyB3aWR0aD0iMSIgaGVpZ2h0PSIxIiB4bWxucz0iaHR0cDovL3d3dy53My5vcmcvMjAwMC9zdmciPjwvc3ZnPg==\" class=\"lazyload\" style=\"--smush-placeholder-width: 855px; --smush-placeholder-aspect-ratio: 855\/572;\">\n\n        <P6>Voltam-se hoje milh\u00f5es de cora\u00e7\u00f5es para o Cristo, cujos ensinamentos de paz e harmonia contrastam profundamente com a vida atual, no seu\n        fragor de desordem e viol\u00eancia, mas afinam vibratoriamente com os sentimentos e as esperan\u00e7as que ainda pulsam no cora\u00e7\u00e3o de muitos.\n        Conquanto seja uma ant\u00edtese marcante, face aos desvios que caracterizam a vida da humanidade atual, esses ensinamentos valem como reafirma\u00e7\u00f5es\n        de que dos poderes sobrenaturais \u00e9 que deve o homem encarnado esperar os benef\u00edcios, a seguran\u00e7a e o conforto moral de que carece. <br>\n    <\/P6>\n        <P2> <br>\n        O espiritismo, que foi dado ao mundo como \u00faltima esperan\u00e7a de reden\u00e7\u00e3o consciente da humanidade, mais depressa atingir\u00e1 seus alvos, concentrando nesse setor religioso, que, ali\u00e1s, \n        \u00e9 parte integrante de sua pr\u00f3pria estrutura, toda a for\u00e7a de suas atividades doutrin\u00e1rias e sociais, para o testemunho\n        amplo e positivo de sua miss\u00e3o de paz, amor e consola\u00e7\u00e3o \u2014 pois que \u00e9 tamb\u00e9m o Consolador prometido por Jesus nos \u00faltimos dias de sua miss\u00e3o na Terra.\n        Para assegurar melhor essa posi\u00e7\u00e3o, devemos todos lutar pela preval\u00eancia do setor religioso, corporificado no Evangelho de Jesus, para que essa\n        compreens\u00e3o e esse sentimento penetrem mais facilmente e mais fundo no cora\u00e7\u00e3o dos inumer\u00e1veis adeptos, provando assim que o espiritismo \u00e9 realmente\n        a revivesc\u00eancia do cristianismo primitivo, a Terceira Revela\u00e7\u00e3o das verdades eternas trazidas \u00e0 Terra pelos emiss\u00e1rios do Senhor nas \u00e9pocas\n        devidas, confirmando-se, ao mesmo tempo, a predestina\u00e7\u00e3o de nosso pa\u00eds como Terra de Promiss\u00e3o e P\u00e1tria do Evangelho.\n        A doutrina dos Esp\u00edritos passar\u00e1 assim a representar realmente e a toda evid\u00eancia, o pensamento dominante do cristianismo em nosso pa\u00eds e a\n        for\u00e7a mais ampla e poderosa de apoio irrestrito, e devotamento integral e definitivo, \u00e0 tarefa \u00e1rdua do Cristo, grandiosa e transcendente, do encaminhamento\n        espiritual da humanidade planet\u00e1ria, retardada e sofredora.\n    <\/P2>\n \n        <P3> <br>\n         Neste livro, apresentamos detalhamento minucioso da constitui\u00e7\u00e3o, finalidades e funcionamento da Alian\u00e7a Esp\u00edrita Evang\u00e9lica, no ponto a que chegou hoje, ap\u00f3s os seis r\u00e1pidos anos de esfor\u00e7os de\n         sobreviv\u00eancia, implanta\u00e7\u00e3o e consolida\u00e7\u00e3o, iniciando agora a fase sequente de expans\u00e3o exterior, no mesmo sentido inicial de fraternidade e unidade, sem intuito algum \n         de proselitismo ou de competi\u00e7\u00e3o com os leg\u00edtimos interesses funcionais das demais entidades, merecedoras da mais fraternal solidariedade.\n        \n        Nesta exposi\u00e7\u00e3o minuciosa e clara, a Alian\u00e7a se faz vista sentida e acess\u00edvel a todos aqueles que, dentro de seus quadros, desejam integrar-se nas\n        hostes fi\u00e9is, aguerridas e vitoriosas, conduzidas pelo Cristo, para as gl\u00f3rias da reden\u00e7\u00e3o, ap\u00f3s o transcurso deste s\u00e9culo, rumo \u00e0 vida maior, mais feliz,\n        e espiritualizada da futura humanidade planet\u00e1ria.\n    <\/P3>\n    <P4> <br>\n        \n        E na desorienta\u00e7\u00e3o geral do mundo, com o cora\u00e7\u00e3o voltado para o futuro, na esperan\u00e7a de pr\u00f3xima vit\u00f3ria da luz contra as trevas, levantemos bem\n        alto a bandeira crist\u00e3, com o lema das grandes batalhas, a bandeira da cruz, com o d\u00edstico milenar: In hoc signo vinces.2 Com este sinal, vencer\u00e1s\n        S\u00e3o Paulo, outubro de 1979.\n    <\/P4>\n        Edgard Armond\n        \n<\/P>\n    <\/body>\n<\/html>\n","protected":false},"excerpt":{"rendered":"","protected":false},"author":36,"featured_media":0,"parent":0,"menu_order":0,"comment_status":"closed","ping_status":"closed","template":"","meta":{"om_disable_all_campaigns":false,"_monsterinsights_skip_tracking":false,"_monsterinsights_sitenote_active":false,"_monsterinsights_sitenote_note":"","_monsterinsights_sitenote_category":0,"footnotes":""},"class_list":["post-27757","page","type-page","status-publish","hentry"],"aioseo_notices":[],"_links":{"self":[{"href":"https:\/\/alianca.org.br\/site\/wp-json\/wp\/v2\/pages\/27757","targetHints":{"allow":["GET"]}}],"collection":[{"href":"https:\/\/alianca.org.br\/site\/wp-json\/wp\/v2\/pages"}],"about":[{"href":"https:\/\/alianca.org.br\/site\/wp-json\/wp\/v2\/types\/page"}],"author":[{"embeddable":true,"href":"https:\/\/alianca.org.br\/site\/wp-json\/wp\/v2\/users\/36"}],"replies":[{"embeddable":true,"href":"https:\/\/alianca.org.br\/site\/wp-json\/wp\/v2\/comments?post=27757"}],"version-history":[{"count":0,"href":"https:\/\/alianca.org.br\/site\/wp-json\/wp\/v2\/pages\/27757\/revisions"}],"wp:attachment":[{"href":"https:\/\/alianca.org.br\/site\/wp-json\/wp\/v2\/media?parent=27757"}],"curies":[{"name":"wp","href":"https:\/\/api.w.org\/{rel}","templated":true}]}}