{"id":27874,"date":"2024-10-05T12:06:53","date_gmt":"2024-10-05T15:06:53","guid":{"rendered":"https:\/\/alianca.org.br\/site\/?page_id=27874"},"modified":"2025-10-26T22:40:02","modified_gmt":"2025-10-27T01:40:02","slug":"equipes-de-trabalho","status":"publish","type":"page","link":"https:\/\/alianca.org.br\/site\/equipes-de-trabalho\/","title":{"rendered":"Equipes de Trabalho"},"content":{"rendered":"\n<p>A Alian\u00e7a se organiza em equipe, s\u00e3o varios grupos que se organizam para desenvolver especificos, sejam bem vindos a area deste&nbsp; tema nos acesse pelo contato da secretaria caso n\u00e3o encontre a informa\u00e7\u00e3o que procura.<\/p>\n\n\n\n<div id=\"gmaaa48ab\" class=\"wp-block-gutentor-m1 section-gmaaa48ab gutentor-module gutentor-element-button-group g-btn-horizontal-d g-btn-horizontal-t g-btn-horizontal-m\"><div class=\"gutentor-element-button-group-wrap\">\n<div id=\"section-gbf7ce6\" class=\"wp-block-gutentor-e2 section-gbf7ce6 gutentor-element gutentor-element-button\"><span class=\"gutentor-button-wrap\"><a class=\"gutentor-button gutentor-block-button gutentor-icon-hide\" href=\"#\"><i class=\"gutentor-button-icon fas fa-book\"><\/i><span>Evangeliza\u00e7\u00e3o infantil<\/span><\/a><\/span><\/div>\n\n\n\n<div id=\"section-gaf8fd4\" class=\"wp-block-gutentor-e2 section-gaf8fd4 gutentor-element gutentor-element-button\"><span class=\"gutentor-button-wrap\"><a class=\"gutentor-button gutentor-block-button gutentor-icon-hide\" href=\"#\"><i class=\"gutentor-button-icon fas fa-book\"><\/i><span>Mocidade<\/span><\/a><\/span><\/div>\n\n\n\n<div id=\"section-gc37341\" class=\"wp-block-gutentor-e2 section-gc37341 gutentor-element gutentor-element-button\"><span class=\"gutentor-button-wrap\"><a class=\"gutentor-button gutentor-block-button gutentor-icon-hide\" href=\"#\"><i class=\"gutentor-button-icon fas fa-book\"><\/i><span>Mocidade a distancia<\/span><\/a><\/span><\/div>\n\n\n\n<div id=\"section-g55335c\" class=\"wp-block-gutentor-e2 section-g55335c gutentor-element gutentor-element-button\"><span class=\"gutentor-button-wrap\"><a class=\"gutentor-button gutentor-block-button gutentor-icon-hide\" href=\"#\"><i class=\"gutentor-button-icon fas fa-book\"><\/i><span>assistencia espiritual<\/span><\/a><\/span><\/div>\n\n\n\n<div id=\"section-g4a4cd7\" class=\"wp-block-gutentor-e2 section-g4a4cd7 gutentor-element gutentor-element-button button-align-center-desktop\"><span class=\"gutentor-button-wrap\"><a class=\"gutentor-button gutentor-block-button gutentor-icon-hide\" href=\"#\"><i class=\"gutentor-button-icon fas fa-book\"><\/i><span>pre mocidade<\/span><\/a><\/span><\/div>\n\n\n\n<div id=\"section-g976bb3\" class=\"wp-block-gutentor-e2 section-g976bb3 gutentor-element gutentor-element-button\"><span class=\"gutentor-button-wrap\"><a class=\"gutentor-button gutentor-block-button gutentor-icon-hide\" href=\"#\"><i class=\"gutentor-button-icon fas fa-book\"><\/i><span>mediunidade<\/span><\/a><\/span><\/div>\n<\/div><\/div>\n\n\n\n<p><\/p>\n","protected":false},"excerpt":{"rendered":"<p>A Alian\u00e7a se organiza em equipe, s\u00e3o varios grupos que se organizam para desenvolver especificos, sejam bem vindos a area deste&nbsp; tema nos acesse pelo contato da secretaria caso n\u00e3o encontre a informa\u00e7\u00e3o que procura.<\/p>\n","protected":false},"author":2,"featured_media":0,"parent":0,"menu_order":0,"comment_status":"closed","ping_status":"closed","template":"","meta":{"om_disable_all_campaigns":false,"_monsterinsights_skip_tracking":false,"_monsterinsights_sitenote_active":false,"_monsterinsights_sitenote_note":"","_monsterinsights_sitenote_category":0,"footnotes":""},"class_list":["post-27874","page","type-page","status-publish","hentry"],"aioseo_notices":[],"_links":{"self":[{"href":"https:\/\/alianca.org.br\/site\/wp-json\/wp\/v2\/pages\/27874","targetHints":{"allow":["GET"]}}],"collection":[{"href":"https:\/\/alianca.org.br\/site\/wp-json\/wp\/v2\/pages"}],"about":[{"href":"https:\/\/alianca.org.br\/site\/wp-json\/wp\/v2\/types\/page"}],"author":[{"embeddable":true,"href":"https:\/\/alianca.org.br\/site\/wp-json\/wp\/v2\/users\/2"}],"replies":[{"embeddable":true,"href":"https:\/\/alianca.org.br\/site\/wp-json\/wp\/v2\/comments?post=27874"}],"version-history":[{"count":0,"href":"https:\/\/alianca.org.br\/site\/wp-json\/wp\/v2\/pages\/27874\/revisions"}],"wp:attachment":[{"href":"https:\/\/alianca.org.br\/site\/wp-json\/wp\/v2\/media?parent=27874"}],"curies":[{"name":"wp","href":"https:\/\/api.w.org\/{rel}","templated":true}]}}