{"id":28264,"date":"2024-11-16T18:23:03","date_gmt":"2024-11-16T21:23:03","guid":{"rendered":"https:\/\/alianca.org.br\/site\/?page_id=28264"},"modified":"2024-11-25T18:54:51","modified_gmt":"2024-11-25T21:54:51","slug":"atividades-da-diretoria","status":"publish","type":"page","link":"https:\/\/alianca.org.br\/site\/atividades-da-diretoria\/","title":{"rendered":"Atividades da Diretoria"},"content":{"rendered":"\n<p class=\"has-medium-font-size\">A alian\u00e7a Espirita Evangelica&nbsp; se caracteriza pelo trabalho em Equipes a Diretoria \u00e9 uma destas equipe com a fun\u00e7\u00e3o de secretariar as demais equipes, nesta pagina postamos as atividades mais relevantes da diretoria, com o objetivo de nos apresentar ao movimento e nos colocar a disposi\u00e7\u00e3o para atender as necessidades legitimas de nossos irm\u00e3os<\/p>\n\n\n\n<p class=\"has-medium-font-size\">&nbsp;O ano de 2024 tem nos proporcionado muitas oportunidades de &nbsp;trabalho, uma&nbsp; ben\u00e7\u00e3o para o disc\u00edpulo empenhado em servir Jesus Servindo o pr\u00f3ximo.<\/p>\n\n\n\n<p class=\"has-medium-font-size\">Desde o inicio do ano nos encontramos regularmente com as equipes para apoia-las e estrutura-las para que todas desenvolva suas atividades da melhor maneira poss\u00edvel, s\u00e3o 15 equipes de trabalho com atividades regulares e mais algumas para tarefas especificas com prazo de entrega de atividade. &nbsp;Nossas atividades inclui a participa\u00e7\u00e3o nas reuni\u00f5es trimestrais do conselho da alian\u00e7a, visita as regionais, administrar a secretaria junto com a secretario representar a alian\u00e7a em eventos, participar semanalmente da reuni\u00e3o com as demias entidades espiritas que formam o GEP. Grupo Esp\u00edrita Paulista, formado pela Alian\u00e7a, FEESP, USE. E Uni\u00e3o Fraternal, legenda criada em 2019, que a cada dia fica mais forte, a legenda congrega a maioria dos esp\u00edrita do estado de s\u00e3o Paulo.<\/p>\n\n\n\n<p class=\"has-medium-font-size\">As atividades aumentam no segundo semestre com mais compromissos, agendados, no m\u00eas de outubro tivemos a virada espiritual patrocinada pelo GEP,&nbsp; e&nbsp; no m\u00eas de novembro a diretoria participa de v\u00e1rios eventos, visita a &nbsp;regional litoral sul no inicio do m\u00eas, participa da cerimonia de passagem para a FDJ. (Fraternidade dos Disc\u00edpulos de Jesus) nas regionais Campinas. se re\u00fane com volunt\u00e1rios na regional Campinas, participa da atividade do GEP.&nbsp; E longe de ser pesado.&nbsp; \u00c9 uma alegria poder estar servindo no que estiver ao nosso alcance.<\/p>\n\n\n\n<p class=\"has-medium-font-size\">Os membros da diretoria ainda atuam diretamente em algumas equipes contribuindo efetivamente com a atividade desenvolvida. Registramos alguns momentos das atividades nas regionais.<\/p>\n\n\n\n<div class=\"wp-block-columns is-layout-flex wp-container-core-columns-is-layout-9d6595d7 wp-block-columns-is-layout-flex\">\n<div class=\"wp-block-column is-layout-flow wp-block-column-is-layout-flow\">\n<h1 class=\"wp-block-heading has-text-align-center\" id=\"atividades1\">Atividades da Diretoria e Regionais<\/h1>\n\n\n\n<div class=\"wp-block-columns is-layout-flex wp-container-core-columns-is-layout-9d6595d7 wp-block-columns-is-layout-flex\">\n<div class=\"wp-block-column is-layout-flow wp-block-column-is-layout-flow\">\n<figure class=\"wp-block-image size-large\"><img fetchpriority=\"high\" decoding=\"async\" width=\"889\" height=\"500\" src=\"https:\/\/alianca.org.br\/site\/wp-content\/uploads\/2024\/11\/WhatsApp-Image-2024-11-24-at-23.17.21-1-889x500.jpeg\" alt=\"\" class=\"wp-image-28354\" srcset=\"https:\/\/alianca.org.br\/site\/wp-content\/uploads\/2024\/11\/WhatsApp-Image-2024-11-24-at-23.17.21-1-889x500.jpeg 889w, https:\/\/alianca.org.br\/site\/wp-content\/uploads\/2024\/11\/WhatsApp-Image-2024-11-24-at-23.17.21-1-300x169.jpeg 300w, https:\/\/alianca.org.br\/site\/wp-content\/uploads\/2024\/11\/WhatsApp-Image-2024-11-24-at-23.17.21-1-768x432.jpeg 768w, https:\/\/alianca.org.br\/site\/wp-content\/uploads\/2024\/11\/WhatsApp-Image-2024-11-24-at-23.17.21-1-1536x864.jpeg 1536w, https:\/\/alianca.org.br\/site\/wp-content\/uploads\/2024\/11\/WhatsApp-Image-2024-11-24-at-23.17.21-1-2048x1152.jpeg 2048w\" sizes=\"(max-width: 889px) 100vw, 889px\" \/><\/figure>\n<\/div>\n\n\n\n<div class=\"wp-block-column is-layout-flow wp-block-column-is-layout-flow\">\n<h2 class=\"wp-block-heading has-text-align-center\" id=\"claudio\">Atividade do GEP.<\/h2>\n\n\n\n<p class=\"has-medium-font-size\">O grupo Esp\u00edrita Paulista organizou a Ultima Atividade de 2024 com A palestra do Claudio Lopes Diretor do Hospital Bezerra de Menezes de SBC.  uma Referencia no tratamento de transtorno mental vale a pena aprender com esse senhor com longa experiencia nesta area.<\/p>\n<\/div>\n<\/div>\n<\/div>\n<\/div>\n\n\n\n<div class=\"wp-block-columns is-layout-flex wp-container-core-columns-is-layout-9d6595d7 wp-block-columns-is-layout-flex\">\n<div class=\"wp-block-column is-layout-flow wp-block-column-is-layout-flow\">\n<h2 class=\"wp-block-heading has-text-align-center\" id=\"campinas\">Regional Campinas em Pernanbuco<\/h2>\n\n\n\n<p class=\"has-medium-font-size\">A regional Campinas se organizou em 4 Setoriais para melhor atender as casas que fazem parte, um formato que esta dando muito certo, gra\u00e7as ao dedica\u00e7\u00e3o da equipe de coordena\u00e7\u00e3o, \u00e9 importante essa constru\u00e7\u00e3o ao longo dos anos, neste ano que podemos chamar p\u00f3s pandemia, a regional promoveu&nbsp; dois processos de ingresso na (FDJ) Fraternidade dos Disc\u00edpulos de Jesus, uma Cerimonia para receber os novos disc\u00edpulos Irm\u00e3os nosso que matriculados na escola de aprendizes do evangelho ao termino da escola se apresentaram para atividades de disc\u00edpulos. Como a setorial D da regional \u00e9 na regi\u00e3o da grande Recife,&nbsp; a equipe da regional se deslocaram no feriado da 15 de novembro para esta cerimonia significativa para esse momento, parab\u00e9ns a todos os disc\u00edpulos de Jesus. \u00c9 momento de nos unir as for\u00e7as do bem e darmos nossa contribui\u00e7\u00e3o na melhoria do planeta.<\/p>\n<\/div>\n\n\n\n<div class=\"wp-block-column is-layout-flow wp-block-column-is-layout-flow\">\n<section id=\"gm814128b\" class=\"wp-block-gutentor-m5 section-gm814128b gutentor-module gutentor-module-slider gutentor-slick-a-default-desktop gutentor-module-caption-enabled\"><div class=\"gutentor-module-slider-row\" data-dots=\"false\" data-dotstablet=\"false\" data-dotsmobile=\"false\" data-nextarrow=\"fas fa-angle-right\" data-prevarrow=\"fas fa-angle-left\" data-arrows=\"true\" data-arrowstablet=\"true\" data-arrowsmobile=\"true\" data-fade=\"true\" data-draggable=\"true\" data-infinite=\"true\" data-autoplay=\"true\" data-pauseonfocus=\"true\" data-pauseonhover=\"true\" data-speed=\"1500\" data-autoplayspeed=\"1500\" data-arrowspositiondesktop=\"gutentor-slick-a-default-desktop\">\n<div id=\"col-gmdf0cd1\" class=\"wp-block-gutentor-m5-col col-gmdf0cd1 gutentor-slider-item\"><div id=\"section-gmdf0cd1\" class=\"section-gmdf0cd1 gutentor-col-wrap has-image-normal has-custom-bg\"><img decoding=\"async\" data-src=\"https:\/\/alianca.org.br\/site\/wp-content\/uploads\/2024\/11\/WhatsApp-Image-2024-11-18-at-08.25.15.jpeg\" alt=\"\" src=\"data:image\/svg+xml;base64,PHN2ZyB3aWR0aD0iMSIgaGVpZ2h0PSIxIiB4bWxucz0iaHR0cDovL3d3dy53My5vcmcvMjAwMC9zdmciPjwvc3ZnPg==\" class=\"lazyload\" style=\"--smush-placeholder-width: 1600px; --smush-placeholder-aspect-ratio: 1600\/720;\" \/><div class=\"gutentor-slider-caption\"><div class=\"grid-container\"><\/div><\/div><\/div><\/div>\n\n\n\n<div id=\"col-gm583759\" class=\"wp-block-gutentor-m5-col col-gm583759 gutentor-slider-item\"><div id=\"section-gm583759\" class=\"section-gm583759 gutentor-col-wrap has-image-normal has-custom-bg\"><img decoding=\"async\" data-src=\"https:\/\/alianca.org.br\/site\/wp-content\/uploads\/2024\/11\/WhatsApp-Image-2024-11-18-at-08.25.16.jpeg\" alt=\"\" src=\"data:image\/svg+xml;base64,PHN2ZyB3aWR0aD0iMSIgaGVpZ2h0PSIxIiB4bWxucz0iaHR0cDovL3d3dy53My5vcmcvMjAwMC9zdmciPjwvc3ZnPg==\" class=\"lazyload\" style=\"--smush-placeholder-width: 1600px; --smush-placeholder-aspect-ratio: 1600\/1200;\" \/><div class=\"gutentor-slider-caption\"><div class=\"grid-container\"><\/div><\/div><\/div><\/div>\n\n\n\n<div id=\"col-gm8398f6\" class=\"wp-block-gutentor-m5-col col-gm8398f6 gutentor-slider-item\"><div id=\"section-gm8398f6\" class=\"section-gm8398f6 gutentor-col-wrap has-image-normal has-custom-bg\"><img decoding=\"async\" data-src=\"https:\/\/alianca.org.br\/site\/wp-content\/uploads\/2024\/11\/WhatsApp-Image-2024-11-18-at-08.25.16-1.jpeg\" alt=\"\" src=\"data:image\/svg+xml;base64,PHN2ZyB3aWR0aD0iMSIgaGVpZ2h0PSIxIiB4bWxucz0iaHR0cDovL3d3dy53My5vcmcvMjAwMC9zdmciPjwvc3ZnPg==\" class=\"lazyload\" style=\"--smush-placeholder-width: 1600px; --smush-placeholder-aspect-ratio: 1600\/1200;\" \/><div class=\"gutentor-slider-caption\"><div class=\"grid-container\"><\/div><\/div><\/div><\/div>\n\n\n\n<div id=\"col-gmc377f0\" class=\"wp-block-gutentor-m5-col col-gmc377f0 gutentor-slider-item\"><div id=\"section-gmc377f0\" class=\"section-gmc377f0 gutentor-col-wrap has-image-normal has-custom-bg\"><img decoding=\"async\" data-src=\"https:\/\/alianca.org.br\/site\/wp-content\/uploads\/2024\/11\/WhatsApp-Image-2024-11-18-at-08.25.15-1.jpeg\" alt=\"\" src=\"data:image\/svg+xml;base64,PHN2ZyB3aWR0aD0iMSIgaGVpZ2h0PSIxIiB4bWxucz0iaHR0cDovL3d3dy53My5vcmcvMjAwMC9zdmciPjwvc3ZnPg==\" class=\"lazyload\" style=\"--smush-placeholder-width: 1200px; --smush-placeholder-aspect-ratio: 1200\/1600;\" \/><div class=\"gutentor-slider-caption\"><div class=\"grid-container\"><\/div><\/div><\/div><\/div>\n\n\n\n<div id=\"col-gm0b046a\" class=\"wp-block-gutentor-m5-col col-gm0b046a gutentor-slider-item\"><div id=\"section-gm0b046a\" class=\"section-gm0b046a gutentor-col-wrap has-image-normal has-custom-bg\"><img decoding=\"async\" data-src=\"https:\/\/alianca.org.br\/site\/wp-content\/uploads\/2024\/11\/WhatsApp-Image-2024-11-18-at-08.25.03.jpeg\" alt=\"\" src=\"data:image\/svg+xml;base64,PHN2ZyB3aWR0aD0iMSIgaGVpZ2h0PSIxIiB4bWxucz0iaHR0cDovL3d3dy53My5vcmcvMjAwMC9zdmciPjwvc3ZnPg==\" class=\"lazyload\" style=\"--smush-placeholder-width: 1600px; --smush-placeholder-aspect-ratio: 1600\/1200;\" \/><div class=\"gutentor-slider-caption\"><div class=\"grid-container\"><\/div><\/div><\/div><\/div>\n<\/div><\/section>\n<\/div>\n<\/div>\n\n\n\n<section id=\"gm1709b20\" class=\"wp-block-gutentor-m4 section-gm1709b20 gutentor-module gutentor-advanced-columns\"><div class=\"grid-container\"><div class=\"grid-row\">\n<div id=\"col-gm81020a\" class=\"wp-block-gutentor-m4-col col-gm81020a gutentor-single-column  grid-lg-7 grid-md-12 grid-12\"><div id=\"section-gm81020a\" class=\"section-gm81020a gutentor-col-wrap\">\n<h2 class=\"wp-block-heading has-text-align-center\" id=\"cosmopolis\">Visita a Cosm\u00f3polis<\/h2>\n\n\n\n<section id=\"gm46514d9\" class=\"wp-block-gutentor-m5 section-gm46514d9 gutentor-module gutentor-module-slider gutentor-slick-a-default-desktop gutentor-module-caption-enabled\"><div class=\"gutentor-module-slider-row\" data-dots=\"false\" data-dotstablet=\"false\" data-dotsmobile=\"false\" data-nextarrow=\"fas fa-angle-right\" data-prevarrow=\"fas fa-angle-left\" data-arrows=\"true\" data-arrowstablet=\"true\" data-arrowsmobile=\"true\" data-fade=\"true\" data-draggable=\"true\" data-infinite=\"true\" data-autoplay=\"true\" data-pauseonfocus=\"true\" data-pauseonhover=\"true\" data-speed=\"1000\" data-autoplayspeed=\"1000\" data-arrowspositiondesktop=\"gutentor-slick-a-default-desktop\">\n<div id=\"col-gm48d55b\" class=\"wp-block-gutentor-m5-col col-gm48d55b gutentor-slider-item\"><div id=\"section-gm48d55b\" class=\"section-gm48d55b gutentor-col-wrap has-image-normal has-custom-bg\"><img decoding=\"async\" data-src=\"https:\/\/alianca.org.br\/site\/wp-content\/uploads\/2024\/11\/IMG_20241115_095954481-scaled.jpg\" alt=\"\" src=\"data:image\/svg+xml;base64,PHN2ZyB3aWR0aD0iMSIgaGVpZ2h0PSIxIiB4bWxucz0iaHR0cDovL3d3dy53My5vcmcvMjAwMC9zdmciPjwvc3ZnPg==\" class=\"lazyload\" style=\"--smush-placeholder-width: 2560px; --smush-placeholder-aspect-ratio: 2560\/1440;\" \/><div class=\"gutentor-slider-caption\"><div class=\"grid-container\"><\/div><\/div><\/div><\/div>\n\n\n\n<div id=\"col-gmcd7bb2\" class=\"wp-block-gutentor-m5-col col-gmcd7bb2 gutentor-slider-item\"><div id=\"section-gmcd7bb2\" class=\"section-gmcd7bb2 gutentor-col-wrap has-image-normal has-custom-bg\"><img decoding=\"async\" data-src=\"https:\/\/alianca.org.br\/site\/wp-content\/uploads\/2024\/11\/IMG_20241115_095922137-scaled.jpg\" alt=\"\" src=\"data:image\/svg+xml;base64,PHN2ZyB3aWR0aD0iMSIgaGVpZ2h0PSIxIiB4bWxucz0iaHR0cDovL3d3dy53My5vcmcvMjAwMC9zdmciPjwvc3ZnPg==\" class=\"lazyload\" style=\"--smush-placeholder-width: 2560px; --smush-placeholder-aspect-ratio: 2560\/1440;\" \/><div class=\"gutentor-slider-caption\"><div class=\"grid-container\"><\/div><\/div><\/div><\/div>\n\n\n\n<div id=\"col-gm13f096\" class=\"wp-block-gutentor-m5-col col-gm13f096 gutentor-slider-item\"><div id=\"section-gm13f096\" class=\"section-gm13f096 gutentor-col-wrap has-image-normal has-custom-bg\"><img decoding=\"async\" data-src=\"https:\/\/alianca.org.br\/site\/wp-content\/uploads\/2024\/11\/WhatsApp-Image-2024-11-16-at-07.46.17-3-e1731794803244.jpeg\" alt=\"\" src=\"data:image\/svg+xml;base64,PHN2ZyB3aWR0aD0iMSIgaGVpZ2h0PSIxIiB4bWxucz0iaHR0cDovL3d3dy53My5vcmcvMjAwMC9zdmciPjwvc3ZnPg==\" class=\"lazyload\" style=\"--smush-placeholder-width: 1200px; --smush-placeholder-aspect-ratio: 1200\/866;\" \/><div class=\"gutentor-slider-caption\"><div class=\"grid-container\"><\/div><\/div><\/div><\/div>\n\n\n\n<div id=\"col-gm427dc5\" class=\"wp-block-gutentor-m5-col col-gm427dc5 gutentor-slider-item\"><div id=\"section-gm427dc5\" class=\"section-gm427dc5 gutentor-col-wrap has-image-normal has-custom-bg\"><img decoding=\"async\" data-src=\"https:\/\/alianca.org.br\/site\/wp-content\/uploads\/2024\/11\/WhatsApp-Image-2024-11-16-at-07.46.17-1-e1731794851608.jpeg\" alt=\"\" src=\"data:image\/svg+xml;base64,PHN2ZyB3aWR0aD0iMSIgaGVpZ2h0PSIxIiB4bWxucz0iaHR0cDovL3d3dy53My5vcmcvMjAwMC9zdmciPjwvc3ZnPg==\" class=\"lazyload\" style=\"--smush-placeholder-width: 1200px; --smush-placeholder-aspect-ratio: 1200\/858;\" \/><div class=\"gutentor-slider-caption\"><div class=\"grid-container\"><\/div><\/div><\/div><\/div>\n\n\n\n<div id=\"col-gm332a84\" class=\"wp-block-gutentor-m5-col col-gm332a84 gutentor-slider-item\"><div id=\"section-gm332a84\" class=\"section-gm332a84 gutentor-col-wrap has-image-normal has-custom-bg\"><img decoding=\"async\" data-src=\"https:\/\/alianca.org.br\/site\/wp-content\/uploads\/2024\/11\/WhatsApp-Image-2024-11-16-at-07.46.20-1-e1731794889595.jpeg\" alt=\"\" src=\"data:image\/svg+xml;base64,PHN2ZyB3aWR0aD0iMSIgaGVpZ2h0PSIxIiB4bWxucz0iaHR0cDovL3d3dy53My5vcmcvMjAwMC9zdmciPjwvc3ZnPg==\" class=\"lazyload\" style=\"--smush-placeholder-width: 1200px; --smush-placeholder-aspect-ratio: 1200\/742;\" \/><div class=\"gutentor-slider-caption\"><div class=\"grid-container\"><\/div><\/div><\/div><\/div>\n<\/div><\/section>\n<\/div><\/div>\n\n\n\n<div id=\"col-gm9ce850\" class=\"wp-block-gutentor-m4-col col-gm9ce850 gutentor-single-column  grid-lg-5 grid-md-12 grid-12\"><div id=\"section-gm9ce850\" class=\"section-gm9ce850 gutentor-col-wrap\">\n<div style=\"height:181px\" aria-hidden=\"true\" class=\"wp-block-spacer\"><\/div>\n\n\n\n<p class=\"has-black-color has-text-color has-link-color has-medium-font-size wp-elements-48256b965745e7cc13a84c2835e6f7ba\">Os encontros nos ajuda a esclarecer duvidas que dificilmente seriam sanadas, a comunica\u00e7\u00e3o as vezes chega distorcida para o voluntario ou at\u00e9 chega correta, porem chega sem contextualizar, parece que uma decis\u00e3o foi tomada de forma abrupta, \u00e9 natural esta vis\u00e3o de quem n\u00e3o esta na mesma pagina da discuss\u00e3o \u00e9 importante nos comunicar bem e sempre que&nbsp; pudermos explicar o porque das novas diretrizes, foi muito importante essa reuni\u00e3o para atualizar algumas informa\u00e7\u00f5es<\/p>\n<\/div><\/div>\n<\/div><\/div><\/section>\n\n\n\n<div style=\"height:45px\" aria-hidden=\"true\" class=\"wp-block-spacer\"><\/div>\n\n\n\n<div class=\"wp-block-columns is-layout-flex wp-container-core-columns-is-layout-9d6595d7 wp-block-columns-is-layout-flex\">\n<div class=\"wp-block-column is-layout-flow wp-block-column-is-layout-flow\" style=\"flex-basis:66.66%\">\n<h2 class=\"wp-block-heading has-text-align-center\" id=\"litsul\">Visita a Regional Lit Sul<\/h2>\n\n\n\n<p class=\"has-text-align-right has-black-color has-text-color has-link-color has-medium-font-size wp-elements-69bca6b696cc4799941174ff6bb4b901\">No dia 02\/11\/24 estivemos em visita e a regional lit sul que nos trouxe muitas boas lembran\u00e7as, h\u00e1 tempos n\u00e3o retorn\u00e1vamos a essa regional a \u00faltima vez que nos reunimos foi na reuni\u00e3o do cgi , quando a nossa companheira Nadir nos trouxe a preocupa\u00e7\u00e3o com os casos frequentes chegando as casas de pessoas com problemas mentais de vais ordens com ansiedade depress\u00e3o etc&#8230; isso foi lembrado em nossa reuni\u00e3o mas tamb\u00e9m v\u00e1rios outros temas muito importantes para pensarmos com o tema acessibilidade, como est\u00e3o as nossas casas estamos nos preparando para o pcd, pessoas com defici\u00eancia frequentar nossas casas? se voce pensou no cadeirante \u00f3timo precisamos pensar mesmo, mas s\u00e3o v\u00e1rias modalidades de PCDs que a nossa casa pode come\u00e7ar a pensar em atender pelo menos uma delas. tamb\u00e9m falamos dos cursos online, exames e tratamentos online, para nos ajudar com esses temas tivemos a companhia da Marlene da equipe mediunidade que esclareceu esses pontos. e sa\u00edmos com uma sensa\u00e7\u00e3o de estarmos entre irm\u00e3os que bom confraternizarmos.<\/p>\n<\/div>\n\n\n\n<div class=\"wp-block-column is-layout-flow wp-block-column-is-layout-flow\" style=\"flex-basis:33.33%\">\n<figure class=\"wp-block-image size-large is-resized\"><img decoding=\"async\" width=\"667\" height=\"500\" data-src=\"https:\/\/alianca.org.br\/site\/wp-content\/uploads\/2024\/11\/WhatsApp-Image-2024-11-03-at-16.40.15-667x500.jpeg\" alt=\"\" class=\"wp-image-28314 lazyload\" style=\"--smush-placeholder-width: 667px; --smush-placeholder-aspect-ratio: 667\/500;width:524px;height:auto\" data-srcset=\"https:\/\/alianca.org.br\/site\/wp-content\/uploads\/2024\/11\/WhatsApp-Image-2024-11-03-at-16.40.15-667x500.jpeg 667w, https:\/\/alianca.org.br\/site\/wp-content\/uploads\/2024\/11\/WhatsApp-Image-2024-11-03-at-16.40.15-300x225.jpeg 300w, https:\/\/alianca.org.br\/site\/wp-content\/uploads\/2024\/11\/WhatsApp-Image-2024-11-03-at-16.40.15-768x576.jpeg 768w, https:\/\/alianca.org.br\/site\/wp-content\/uploads\/2024\/11\/WhatsApp-Image-2024-11-03-at-16.40.15-1536x1152.jpeg 1536w, https:\/\/alianca.org.br\/site\/wp-content\/uploads\/2024\/11\/WhatsApp-Image-2024-11-03-at-16.40.15.jpeg 1600w\" data-sizes=\"(max-width: 667px) 100vw, 667px\" src=\"data:image\/svg+xml;base64,PHN2ZyB3aWR0aD0iMSIgaGVpZ2h0PSIxIiB4bWxucz0iaHR0cDovL3d3dy53My5vcmcvMjAwMC9zdmciPjwvc3ZnPg==\" \/><\/figure>\n<\/div>\n<\/div>\n\n\n\n<section id=\"gmbd2871a\" class=\"wp-block-gutentor-m4 section-gmbd2871a gutentor-module gutentor-advanced-columns\"><div class=\"grid-container\"><div class=\"grid-row\">\n<div id=\"col-gm836bb9\" class=\"wp-block-gutentor-m4-col col-gm836bb9 gutentor-single-column  grid-lg-7 grid-md-12 grid-12\"><div id=\"section-gm836bb9\" class=\"section-gm836bb9 gutentor-col-wrap\">\n<div style=\"height:200px\" aria-hidden=\"true\" class=\"wp-block-spacer\"><\/div>\n\n\n\n<p class=\"has-black-color has-text-color has-link-color has-medium-font-size wp-elements-94a34d2ece657b5eafdd096610f4f9d5\">No dia 10\/11 participamos da cerimonia na Cidade de Americana, com alunos de varias turma de escola online, alunos que vieram do rio grande do sul, de Londrina, e da capital Paulista e de varias cidades ao redor, numa demonstra\u00e7\u00e3o de compromisso e vontade de servir, certamente esses novos disc\u00edpulos quando estiverem a frente de nova turma de escola lembrar\u00e3o o qu\u00e3o \u00e9 significativo estar numa cerimonia de fdj e conduzira seus alunos pelo mesmo caminho que aprendeu a trilhar.<\/p>\n<\/div><\/div>\n\n\n\n<div id=\"col-gm494e1d\" class=\"wp-block-gutentor-m4-col col-gm494e1d gutentor-single-column  grid-lg-5 grid-md-12 grid-12\"><div id=\"section-gm494e1d\" class=\"section-gm494e1d gutentor-col-wrap\">\n<h2 class=\"wp-block-heading has-text-align-center\" id=\"cerimonia\">Passagem de Discipulos<\/h2>\n\n\n\n<section id=\"gm0ccd8ca\" class=\"wp-block-gutentor-m5 section-gm0ccd8ca gutentor-module gutentor-module-slider gutentor-slick-a-default-desktop gutentor-module-caption-enabled\"><div class=\"gutentor-module-slider-row\" data-dots=\"false\" data-dotstablet=\"false\" data-dotsmobile=\"false\" data-nextarrow=\"fas fa-angle-right\" data-prevarrow=\"fas fa-angle-left\" data-arrows=\"true\" data-arrowstablet=\"true\" data-arrowsmobile=\"true\" data-fade=\"true\" data-draggable=\"true\" data-infinite=\"true\" data-autoplay=\"true\" data-pauseonfocus=\"true\" data-pauseonhover=\"true\" data-speed=\"1500\" data-autoplayspeed=\"1500\" data-arrowspositiondesktop=\"gutentor-slick-a-default-desktop\">\n<div id=\"col-gmaac956\" class=\"wp-block-gutentor-m5-col col-gmaac956 gutentor-slider-item\"><div id=\"section-gmaac956\" class=\"section-gmaac956 gutentor-col-wrap has-image-normal has-custom-bg\"><img decoding=\"async\" data-src=\"https:\/\/alianca.org.br\/site\/wp-content\/uploads\/2024\/11\/WhatsApp-Image-2024-11-10-at-16.22.42-1.jpeg\" alt=\"\" src=\"data:image\/svg+xml;base64,PHN2ZyB3aWR0aD0iMSIgaGVpZ2h0PSIxIiB4bWxucz0iaHR0cDovL3d3dy53My5vcmcvMjAwMC9zdmciPjwvc3ZnPg==\" class=\"lazyload\" style=\"--smush-placeholder-width: 1600px; --smush-placeholder-aspect-ratio: 1600\/1200;\" \/><div class=\"gutentor-slider-caption\"><div class=\"grid-container\"><\/div><\/div><\/div><\/div>\n\n\n\n<div id=\"col-gm06dca1\" class=\"wp-block-gutentor-m5-col col-gm06dca1 gutentor-slider-item\"><div id=\"section-gm06dca1\" class=\"section-gm06dca1 gutentor-col-wrap has-image-normal has-custom-bg\"><img decoding=\"async\" data-src=\"https:\/\/alianca.org.br\/site\/wp-content\/uploads\/2024\/11\/WhatsApp-Image-2024-11-10-at-16.22.52.jpeg\" alt=\"\" src=\"data:image\/svg+xml;base64,PHN2ZyB3aWR0aD0iMSIgaGVpZ2h0PSIxIiB4bWxucz0iaHR0cDovL3d3dy53My5vcmcvMjAwMC9zdmciPjwvc3ZnPg==\" class=\"lazyload\" style=\"--smush-placeholder-width: 1600px; --smush-placeholder-aspect-ratio: 1600\/1201;\" \/><div class=\"gutentor-slider-caption\"><div class=\"grid-container\"><\/div><\/div><\/div><\/div>\n\n\n\n<div id=\"col-gm06cbd3\" class=\"wp-block-gutentor-m5-col col-gm06cbd3 gutentor-slider-item\"><div id=\"section-gm06cbd3\" class=\"section-gm06cbd3 gutentor-col-wrap has-image-normal has-custom-bg\"><img decoding=\"async\" data-src=\"https:\/\/alianca.org.br\/site\/wp-content\/uploads\/2024\/11\/WhatsApp-Image-2024-11-10-at-16.22.54-1.jpeg\" alt=\"\" src=\"data:image\/svg+xml;base64,PHN2ZyB3aWR0aD0iMSIgaGVpZ2h0PSIxIiB4bWxucz0iaHR0cDovL3d3dy53My5vcmcvMjAwMC9zdmciPjwvc3ZnPg==\" class=\"lazyload\" style=\"--smush-placeholder-width: 1600px; --smush-placeholder-aspect-ratio: 1600\/1201;\" \/><div class=\"gutentor-slider-caption\"><div class=\"grid-container\"><\/div><\/div><\/div><\/div>\n\n\n\n<div id=\"col-gmf93132\" class=\"wp-block-gutentor-m5-col col-gmf93132 gutentor-slider-item\"><div id=\"section-gmf93132\" class=\"section-gmf93132 gutentor-col-wrap has-image-normal has-custom-bg\"><img decoding=\"async\" data-src=\"https:\/\/alianca.org.br\/site\/wp-content\/uploads\/2024\/11\/WhatsApp-Image-2024-11-10-at-16.22.55-2.jpeg\" alt=\"\" src=\"data:image\/svg+xml;base64,PHN2ZyB3aWR0aD0iMSIgaGVpZ2h0PSIxIiB4bWxucz0iaHR0cDovL3d3dy53My5vcmcvMjAwMC9zdmciPjwvc3ZnPg==\" class=\"lazyload\" style=\"--smush-placeholder-width: 1280px; --smush-placeholder-aspect-ratio: 1280\/960;\" \/><div class=\"gutentor-slider-caption\"><div class=\"grid-container\"><\/div><\/div><\/div><\/div>\n<\/div><\/section>\n<\/div><\/div>\n<\/div><\/div><\/section>\n","protected":false},"excerpt":{"rendered":"<p>A alian\u00e7a Espirita Evangelica&nbsp; se caracteriza pelo trabalho em Equipes a Diretoria \u00e9 uma destas equipe com a fun\u00e7\u00e3o de secretariar as demais equipes, nesta pagina postamos as atividades mais relevantes da diretoria, com o objetivo de nos apresentar ao movimento e nos colocar a disposi\u00e7\u00e3o para atender as necessidades legitimas de nossos irm\u00e3os &nbsp;O [&hellip;]<\/p>\n","protected":false},"author":2,"featured_media":0,"parent":0,"menu_order":0,"comment_status":"closed","ping_status":"closed","template":"","meta":{"om_disable_all_campaigns":false,"_monsterinsights_skip_tracking":false,"_monsterinsights_sitenote_active":false,"_monsterinsights_sitenote_note":"","_monsterinsights_sitenote_category":0,"footnotes":""},"class_list":["post-28264","page","type-page","status-publish","hentry"],"aioseo_notices":[],"_links":{"self":[{"href":"https:\/\/alianca.org.br\/site\/wp-json\/wp\/v2\/pages\/28264","targetHints":{"allow":["GET"]}}],"collection":[{"href":"https:\/\/alianca.org.br\/site\/wp-json\/wp\/v2\/pages"}],"about":[{"href":"https:\/\/alianca.org.br\/site\/wp-json\/wp\/v2\/types\/page"}],"author":[{"embeddable":true,"href":"https:\/\/alianca.org.br\/site\/wp-json\/wp\/v2\/users\/2"}],"replies":[{"embeddable":true,"href":"https:\/\/alianca.org.br\/site\/wp-json\/wp\/v2\/comments?post=28264"}],"version-history":[{"count":0,"href":"https:\/\/alianca.org.br\/site\/wp-json\/wp\/v2\/pages\/28264\/revisions"}],"wp:attachment":[{"href":"https:\/\/alianca.org.br\/site\/wp-json\/wp\/v2\/media?parent=28264"}],"curies":[{"name":"wp","href":"https:\/\/api.w.org\/{rel}","templated":true}]}}