{"id":30191,"date":"2025-10-31T21:16:38","date_gmt":"2025-11-01T00:16:38","guid":{"rendered":"https:\/\/alianca.org.br\/site\/?page_id=30191"},"modified":"2026-04-01T18:23:26","modified_gmt":"2026-04-01T21:23:26","slug":"programa-de-radio","status":"publish","type":"page","link":"https:\/\/alianca.org.br\/site\/programa-de-radio\/","title":{"rendered":"Programa de R\u00e1dio"},"content":{"rendered":"<div>You need to add a widget, row, or prebuilt layout before you&#8217;ll see anything here. \ud83d\ude42<\/div>\n\n\n<figure class=\"wp-block-image size-large is-resized\"><img fetchpriority=\"high\" decoding=\"async\" width=\"666\" height=\"400\" src=\"https:\/\/alianca.org.br\/site\/wp-content\/uploads\/2025\/10\/LOGO-PROGRAMA-666x400.png\" alt=\"\" class=\"wp-image-30188\" style=\"width:193px;height:auto\" srcset=\"https:\/\/alianca.org.br\/site\/wp-content\/uploads\/2025\/10\/LOGO-PROGRAMA-666x400.png 666w, https:\/\/alianca.org.br\/site\/wp-content\/uploads\/2025\/10\/LOGO-PROGRAMA-300x180.png 300w, https:\/\/alianca.org.br\/site\/wp-content\/uploads\/2025\/10\/LOGO-PROGRAMA-768x461.png 768w, https:\/\/alianca.org.br\/site\/wp-content\/uploads\/2025\/10\/LOGO-PROGRAMA.png 909w\" sizes=\"(max-width: 666px) 100vw, 666px\" \/><\/figure>\n\n\n\n<p>O programa \u00c9 Hora de Alian\u00e7a est\u00e1 com uma equipe renovada promovendo di\u00e1logos fraternos sobre o cotidiano \u00e0 luz da Doutrina Esp\u00edrita oferecendo reflex\u00f5es para sua evolu\u00e7\u00e3o pessoal e autoconhecimento.<\/p>\n\n\n\n<p>Sintonize e transforme sua jornada com mais leveza e esclarecimento neste programa que j\u00e1 interage h\u00e1 mais de 20 anos com o p\u00fablico esp\u00edrita!<\/p>\n\n\n\n<p>Programas in\u00e9ditos aos domingos \u00e0s 17h e reapresenta\u00e7\u00e3o \u00e0s sextas-feiras \u00e0s 19h.<\/p>\n\n\n\n<p><strong>Onde ouvir:<\/strong> R\u00e1dio Boa Nova: eFM 85,5 Guarulhos (FM estendida)<\/p>\n\n\n\n<p><strong>Online: <a href=\"https:\/\/portalmundomaior.com.br\">https:\/\/portalmundomaior.com.br<\/a> v\u00e1 em \u201cBuscar\u201d (na lupa) e digite o nome do programa para ouvir os gravados ou na aba \u201cAo Vivo\u201d na hora certinha do programa.<\/strong><\/p>\n\n\n\n<p><strong>Ou <a href=\"https:\/\/portalmundomaior.com.br\/mundo-play\/programas-radio-boa-nova-e-tv-mundo-maior\/programa\/e-hora-de-alianca\" target=\"_blank\" rel=\"noopener\" title=\"CLIQUE AQUI\">CLIQUE AQUI<\/a> e ou\u00e7a!<\/strong><\/p>\n\n\n\n<p><strong>Fale com a equipe! Sugira temas para os programas, tire d\u00favidas ou envie mensagens:<\/strong> <a href=\"mailto:ehoradealianca@feal.com.br\">ehoradealianca@feal.com.br<\/a><\/p>\n\n\n\n<p>Nos encontramos por l\u00e1!<\/p>\n\n\n\n<p><\/p>\n","protected":false},"excerpt":{"rendered":"<p>O programa \u00c9 Hora de Alian\u00e7a est\u00e1 com uma equipe renovada promovendo di\u00e1logos fraternos sobre o cotidiano \u00e0 luz da Doutrina Esp\u00edrita oferecendo reflex\u00f5es para sua evolu\u00e7\u00e3o pessoal e autoconhecimento. Sintonize e transforme sua jornada com mais leveza e esclarecimento neste programa que j\u00e1 interage h\u00e1 mais de 20 anos com o p\u00fablico esp\u00edrita! Programas [&hellip;]<\/p>\n","protected":false},"author":2,"featured_media":0,"parent":0,"menu_order":0,"comment_status":"closed","ping_status":"closed","template":"","meta":{"om_disable_all_campaigns":false,"_monsterinsights_skip_tracking":false,"_monsterinsights_sitenote_active":false,"_monsterinsights_sitenote_note":"","_monsterinsights_sitenote_category":0,"footnotes":""},"class_list":["post-30191","page","type-page","status-publish","hentry"],"aioseo_notices":[],"_links":{"self":[{"href":"https:\/\/alianca.org.br\/site\/wp-json\/wp\/v2\/pages\/30191","targetHints":{"allow":["GET"]}}],"collection":[{"href":"https:\/\/alianca.org.br\/site\/wp-json\/wp\/v2\/pages"}],"about":[{"href":"https:\/\/alianca.org.br\/site\/wp-json\/wp\/v2\/types\/page"}],"author":[{"embeddable":true,"href":"https:\/\/alianca.org.br\/site\/wp-json\/wp\/v2\/users\/2"}],"replies":[{"embeddable":true,"href":"https:\/\/alianca.org.br\/site\/wp-json\/wp\/v2\/comments?post=30191"}],"version-history":[{"count":1,"href":"https:\/\/alianca.org.br\/site\/wp-json\/wp\/v2\/pages\/30191\/revisions"}],"predecessor-version":[{"id":30770,"href":"https:\/\/alianca.org.br\/site\/wp-json\/wp\/v2\/pages\/30191\/revisions\/30770"}],"wp:attachment":[{"href":"https:\/\/alianca.org.br\/site\/wp-json\/wp\/v2\/media?parent=30191"}],"curies":[{"name":"wp","href":"https:\/\/api.w.org\/{rel}","templated":true}]}}