{"id":393,"date":"2021-05-13T18:26:44","date_gmt":"2021-05-13T21:26:44","guid":{"rendered":"http:\/\/alianca.org.br\/site\/?page_id=393"},"modified":"2024-12-08T20:39:52","modified_gmt":"2024-12-08T23:39:52","slug":"espiritismo","status":"publish","type":"page","link":"https:\/\/alianca.org.br\/site\/espiritismo\/","title":{"rendered":"Espiritismo"},"content":{"rendered":"\n<div class=\"wp-block-media-text alignwide is-stacked-on-mobile\" style=\"grid-template-columns:21% auto\"><figure class=\"wp-block-media-text__media\"><img fetchpriority=\"high\" decoding=\"async\" width=\"271\" height=\"342\" src=\"http:\/\/alianca.org.br\/site\/wp-content\/uploads\/2021\/05\/kardec.png\" alt=\"\" class=\"wp-image-451 size-full\" srcset=\"https:\/\/alianca.org.br\/site\/wp-content\/uploads\/2021\/05\/kardec.png 271w, https:\/\/alianca.org.br\/site\/wp-content\/uploads\/2021\/05\/kardec-238x300.png 238w\" sizes=\"(max-width: 271px) 100vw, 271px\" \/><\/figure><div class=\"wp-block-media-text__content\">\n<blockquote class=\"wp-block-quote has-medium-font-size is-layout-flow wp-block-quote-is-layout-flow\">\n<p class=\"marg-10 has-medium-font-size\">O Espiritismo \u00e9, ao mesmo tempo, uma ci\u00eancia de observa\u00e7\u00e3o e uma doutrina filos\u00f3fica. Como ci\u00eancia pr\u00e1tica ele consiste nas rela\u00e7\u00f5es que se estabelecem entre n\u00f3s e&nbsp;os esp\u00edritos; como filosofia, compreende todas as consequ\u00eancias morais que dimanam dessas mesmas rela\u00e7\u00f5es.<\/p>\n\n\n\n<p class=\"margem30 has-medium-font-size\">Podemos defini-lo assim:<\/p>\n\n\n\n<p class=\"marg-10 has-medium-font-size\">O Espiritismo \u00e9 uma ci\u00eancia que trata da natureza, origem e destino dos Esp\u00edritos, bem como de suas rela\u00e7\u00f5es com o mundo corporal.<\/p>\n<\/blockquote>\n\n\n\n<p class=\"marg-10 has-medium-font-size\"><em>KARDEC, Allan \u2013 \u201cO que \u00e9 o Espiritismo\u201d<\/em><\/p>\n<\/div><\/div>\n\n\n\n<p class=\"marg-10 has-medium-font-size\">Compreendemos que a Doutrina Esp\u00edrita \u00e9 constitu\u00edda de tr\u00eas pilares, que s\u00e3o a ci\u00eancia, a filosofia e a religi\u00e3o, e acreditamos que sua finalidade \u00e9 a reden\u00e7\u00e3o do&nbsp;homem pela pr\u00e1tica dos ensinamentos do Cristo, conforme nos apontam e nos explicam os esp\u00edritos encarregados por nos trazer a Terceira Revela\u00e7\u00e3o.<\/p>\n\n\n\n<h2 class=\"wp-block-heading marg-10\"><strong>COMO SURGIU O ESPIRITISMO<\/strong><\/h2>\n\n\n\n<p class=\"marg-10 has-medium-font-size\">Em meados do s\u00e9culo XIX, surgiram os primeiros relatos sobre a fam\u00edlia Fox, residentes da antiga cidade de Hydesville (EUA), em que afirmavam que as garotas Kate e&nbsp;Margareth, filhas do casal Fox, mantinham comunica\u00e7\u00e3o com um esp\u00edrito. A partir de ent\u00e3o eclodiram em larga escala comunica\u00e7\u00f5es entre os dois planos (f\u00edsico e&nbsp;espiritual) em v\u00e1rios pontos do globo, sendo que na Fran\u00e7a tornou-se motivo de curiosidade em toda sociedade o fen\u00f4meno chamado de \u201cmesas girantes\u201d \u2013&nbsp;movimentos de objetos sem interfer\u00eancia humana ou mecanismo \u2013 vindo a atrair a aten\u00e7\u00e3o de cientistas e estudiosos que se colocaram a &nbsp;pesquisar o assunto.<\/p>\n\n\n\n<p class=\"marg-10 has-medium-font-size\">Hippolyte L\u00e9on Denizard Rivail&nbsp;(1804 \u2013 1869), pesquisador com s\u00f3lidos conhecimentos em qu\u00edmica, f\u00edsica, anatomia, entre outras ci\u00eancias e formado em pedagogia&nbsp;pelo Instituto Yverdon (Presidido por Jean-Henri Pestalozzi) inicia com muita dedica\u00e7\u00e3o, um profundo estudo sobre o assunto, determinado a compreender o fen\u00f4meno&nbsp;e seu funcionamento. Ap\u00f3s participar de diversas sess\u00f5es de mesas girantes, em diferentes locais e com a presen\u00e7a de diferentes m\u00e9diuns, Denizard comprovou que&nbsp;os fen\u00f4menos eram dirigidos por intelig\u00eancias extracorp\u00f3reas que vieram a se apresentar como esp\u00edritos. Atrav\u00e9s destes esp\u00edritos as t\u00e9cnicas de comunica\u00e7\u00e3o tamb\u00e9m&nbsp;foram sendo aperfei\u00e7oadas. Convencido da nova realidade com a qual tomava contato e informado pelos esp\u00edritos de seu papel naquele momento hist\u00f3rico, Denizard&nbsp;passou a utilizar o pseud\u00f4nimo de Allan Kardec, iniciando sua jornada como Codificador da Doutrina Esp\u00edrita. Importante frisar que Allan Kardec N\u00c3O \u00e9 o criador da&nbsp;Doutrina, ela \u00e9 cria\u00e7\u00e3o de um conjunto de esp\u00edritos superiores, Presidido pela entidade que se apresenta como Esp\u00edrito da Verdade.<\/p>\n\n\n\n<p class=\"marg-10 has-medium-font-size\">&nbsp;Sob a dire\u00e7\u00e3o dos esp\u00edritos, Allan Kardec publica cinco obras important\u00edssimas, que juntas, s\u00e3o conhecidas como&nbsp;\u201cCodifica\u00e7\u00e3o Esp\u00edrita\u201d&nbsp;ou&nbsp;\u201cpentateuco\u201d:<\/p>\n\n\n\n<ul class=\"wp-block-list\">\n<li class=\"marg-10 has-medium-font-size\">\u201cO Livro dos Esp\u00edritos\u201d(1857);&nbsp;<\/li>\n\n\n\n<li class=\"marg-10 has-medium-font-size\">\u201cO Livro dos M\u00e9diuns\u201d(1859);<\/li>\n\n\n\n<li class=\"marg-10 has-medium-font-size\">\u201cO Evangelho Segundo o Espiritismo\u201d&nbsp;(1863);<\/li>\n\n\n\n<li class=\"marg-10 has-medium-font-size\">\u201cO C\u00e9u e o Inferno\u201d&nbsp;(1865);<\/li>\n\n\n\n<li class=\"marg-10 has-medium-font-size\">\u201cA G\u00eanese\u201d&nbsp;(1868).<\/li>\n<\/ul>\n\n\n\n<p class=\"marg-10 has-medium-font-size\">Ao longo do s\u00e9culo XX, o Espiritismo difundiu-se largamente no&nbsp;Brasil&nbsp;e hoje ele \u00e9 considerado a&nbsp;maior&nbsp;na\u00e7\u00e3o esp\u00edrita do mundo&nbsp;contando com a contribui\u00e7\u00e3o de in\u00fameras personalidades tanto no plano f\u00edsico&nbsp;como &nbsp;no espiritual, que colaboraram na divulga\u00e7\u00e3o da Doutrina e exemplificaram a pr\u00e1tica dos ensinamentos&nbsp;de Jesus.<\/p>\n\n\n\n<p class=\"marg-10 has-medium-font-size\">Um dos principais nomes da divulga\u00e7\u00e3o da doutrina no Brasil e no mundo foi o m\u00e9dium mineiro Francisco&nbsp;C\u00e2ndido Xavier (1910 \u2013 2002), carinhosamente chamado por todos de&nbsp;Chico Xavier, que al\u00e9m do seu intenso&nbsp;trabalho de caridade e amor, psicografou 412 livros!<\/p>\n\n\n\n<p class=\"marg-10 has-medium-font-size\">A Alian\u00e7a Esp\u00edrita Evang\u00e9lica Promove programas de conhecimento esp\u00edrita e de autoconhecimento, acesse o link casas esp\u00edrita na pagina inicial e veja a casa mais perto de voc\u00ea conhe\u00e7a nossos programas.<\/p>\n\n\n\n<p class=\"marg-10 has-medium-font-size\"><\/p>\n","protected":false},"excerpt":{"rendered":"<p>Compreendemos que a Doutrina Esp\u00edrita \u00e9 constitu\u00edda de tr\u00eas pilares, que s\u00e3o a ci\u00eancia, a filosofia e a religi\u00e3o, e acreditamos que sua finalidade \u00e9 a reden\u00e7\u00e3o do&nbsp;homem pela pr\u00e1tica dos ensinamentos do Cristo, conforme nos apontam e nos explicam os esp\u00edritos encarregados por nos trazer a Terceira Revela\u00e7\u00e3o. COMO SURGIU O ESPIRITISMO Em meados [&hellip;]<\/p>\n","protected":false},"author":1,"featured_media":0,"parent":0,"menu_order":0,"comment_status":"closed","ping_status":"closed","template":"","meta":{"om_disable_all_campaigns":false,"_monsterinsights_skip_tracking":false,"_monsterinsights_sitenote_active":false,"_monsterinsights_sitenote_note":"","_monsterinsights_sitenote_category":0,"footnotes":""},"class_list":["post-393","page","type-page","status-publish","hentry"],"aioseo_notices":[],"_links":{"self":[{"href":"https:\/\/alianca.org.br\/site\/wp-json\/wp\/v2\/pages\/393","targetHints":{"allow":["GET"]}}],"collection":[{"href":"https:\/\/alianca.org.br\/site\/wp-json\/wp\/v2\/pages"}],"about":[{"href":"https:\/\/alianca.org.br\/site\/wp-json\/wp\/v2\/types\/page"}],"author":[{"embeddable":true,"href":"https:\/\/alianca.org.br\/site\/wp-json\/wp\/v2\/users\/1"}],"replies":[{"embeddable":true,"href":"https:\/\/alianca.org.br\/site\/wp-json\/wp\/v2\/comments?post=393"}],"version-history":[{"count":0,"href":"https:\/\/alianca.org.br\/site\/wp-json\/wp\/v2\/pages\/393\/revisions"}],"wp:attachment":[{"href":"https:\/\/alianca.org.br\/site\/wp-json\/wp\/v2\/media?parent=393"}],"curies":[{"name":"wp","href":"https:\/\/api.w.org\/{rel}","templated":true}]}}