{"id":399,"date":"2021-05-13T18:32:47","date_gmt":"2021-05-13T21:32:47","guid":{"rendered":"http:\/\/alianca.org.br\/site\/?page_id=399"},"modified":"2025-07-25T23:02:57","modified_gmt":"2025-07-26T02:02:57","slug":"secretaria","status":"publish","type":"page","link":"https:\/\/alianca.org.br\/site\/secretaria\/","title":{"rendered":"Secretaria da Alian\u00e7a"},"content":{"rendered":"\n<h1 class=\"wp-block-heading alignwide has-text-align-center tit\"><strong>Conhe\u00e7a a Secretaria da Alian\u00e7a<\/strong><\/h1>\n\n\n\n<p class=\"has-black-color has-text-color has-link-color has-medium-font-size wp-elements-eea307ad5f087cd4f52f36412e6fa735\"><strong>Hist\u00f3rico da Secretaria da Alian\u00e7a<\/strong><\/p>\n\n\n\n<p class=\"has-black-color has-text-color has-link-color has-medium-font-size wp-elements-a923c15669d2ffa6c02029312c07b3ae\">No in\u00edcio da Alian\u00e7a, utiliz\u00e1vamos uma sala cedida gentilmente pelo Centro Esp\u00edrita Aprendizes do Evangelho, localizado na Rua Genebra. Durante muito tempo, esse espa\u00e7o foi considerado a sede da Alian\u00e7a.<\/p>\n\n\n\n<p class=\"has-black-color has-text-color has-link-color has-medium-font-size wp-elements-4e779ca1e706cf625575ca6a64239ac8\">Com a aquisi\u00e7\u00e3o do im\u00f3vel na Rua Francisca Miquelina, a secretaria da Alian\u00e7a foi transferida para l\u00e1. Nesse novo local, passaram a ser realizadas as reuni\u00f5es do Conselho de Coordenadores, bem como funcionava a Central de Informa\u00e7\u00f5es e Apoio ao Movimento.<\/p>\n\n\n\n<p class=\"has-black-color has-text-color has-link-color has-medium-font-size wp-elements-2ce91af90a5028d2f630a93df992ea02\">Posteriormente, o Conselho aprovou a compra de uma distribuidora, com o objetivo de manter as atividades da editora e oferecer suporte ao movimento e \u00e0 secretaria. Gra\u00e7as ao empenho de dedicados volunt\u00e1rios, a distribuidora cresceu e se consolidou no mercado editorial. Com o tempo, surgiu a necessidade de um espa\u00e7o maior para o armazenamento de livros e materiais, o que levou \u00e0 aquisi\u00e7\u00e3o de um novo im\u00f3vel.<\/p>\n\n\n\n<p class=\"has-black-color has-text-color has-link-color has-medium-font-size wp-elements-3b29ec84566de420c69afc92b795afa3\">A diretoria avaliou que esse novo espa\u00e7o poderia ser melhor aproveitado pela secretaria da Alian\u00e7a, por oferecer condi\u00e7\u00f5es para reuni\u00f5es mais amplas e melhor estrutura de trabalho. Assim, a secretaria foi transferida pela terceira vez, agora para a Rua Humait\u00e1, n\u00ba 569, onde permanece at\u00e9 hoje.<\/p>\n\n\n\n<p class=\"has-black-color has-text-color has-link-color has-medium-font-size wp-elements-8a223af73789711f386077630d6b5524\">Desde o in\u00edcio, a secretaria cumpre o papel de apoiar o movimento da Alian\u00e7a, oferecendo estrutura organizacional e suporte \u00e0s suas a\u00e7\u00f5es.<\/p>\n\n\n\n<p class=\"has-black-color has-text-color has-link-color has-medium-font-size wp-elements-cd1bf971a52813157a3ba7fe0662d815\">Vale lembrar que a Alian\u00e7a est\u00e1 presente em todas as casas. N\u00e3o possui uma sede \u00fanica: a secretaria \u00e9 um espa\u00e7o de trabalho, organiza\u00e7\u00e3o e planejamento das atividades das equipes. Tamb\u00e9m serve como ponto de encontro e central de informa\u00e7\u00f5es sobre a Alian\u00e7a.<\/p>\n\n\n\n<p class=\"has-black-color has-text-color has-link-color has-medium-font-size wp-elements-cbd5a94177aec9af38ef7c3fd1da4f00\">Nossa secret\u00e1ria Renata realiza o atendimento durante o hor\u00e1rio comercial, de ter\u00e7a a s\u00e1bado. Os contatos podem ser feitos pelos seguintes canais:<\/p>\n\n\n\n<p class=\"has-black-color has-text-color has-link-color has-medium-font-size wp-elements-39931133ab12479ced714d24879c13eb\">\ud83d\udce7 <a>alianca@alianca.org.br<\/a><br>\ud83d\udcde  Telefone\/WhatsApp: (11) 3105-5894<br> <\/p>\n\n\n\n<div style=\"height:28px\" aria-hidden=\"true\" class=\"wp-block-spacer\"><\/div>\n\n\n\n<h2 class=\"wp-block-heading has-text-align-center p2 has-medium-font-size\"><span class=\"s1\"><strong>O que acontece na Secretaria?<\/strong><\/span><\/h2>\n\n\n\n<section id=\"gm6e2da8e\" class=\"wp-block-gutentor-m4 section-gm6e2da8e gutentor-module gutentor-advanced-columns\"><div class=\"grid-container\"><div class=\"grid-row\">\n<div id=\"col-gm292500\" class=\"wp-block-gutentor-m4-col col-gm292500 gutentor-single-column  grid-lg-4 grid-md-12 grid-12\"><div id=\"section-gm292500\" class=\"section-gm292500 gutentor-col-wrap\">\n<div class=\"wp-block-media-text alignwide is-stacked-on-mobile ajuda1\" style=\"grid-template-columns:54% auto\"><figure class=\"wp-block-media-text__media\"><video controls src=\"https:\/\/alianca.org.br\/site\/wp-content\/uploads\/2022\/06\/secretaria_site.mp4\"><\/video><\/figure><div class=\"wp-block-media-text__content\">\n<p class=\"ajuda has-black-color has-text-color has-link-color wp-elements-c0014c4eb70078d7dd6a933b42df2be7\" style=\"font-size:20px\">Veja o v\u00eddeo!<\/p>\n\n\n\n<p class=\"ajuda has-black-color has-text-color has-link-color wp-elements-2a2119561ad857fe997f1e9cbf03a3a3\" style=\"font-size:20px\">\u00c9 bem curtinho e voc\u00ea ir\u00e1 perceber quantas reuni\u00f5es acontecem ao mesmo tempo na&nbsp;Secretaria da Alian\u00e7a.<\/p>\n<\/div><\/div>\n<\/div><\/div>\n\n\n\n<div id=\"col-gmfc84db\" class=\"wp-block-gutentor-m4-col col-gmfc84db gutentor-single-column  grid-lg-4 grid-md-12 grid-12\"><div id=\"section-gmfc84db\" class=\"section-gmfc84db gutentor-col-wrap has-color-bg has-custom-bg\">\n<div style=\"height:74px\" aria-hidden=\"true\" class=\"wp-block-spacer\"><\/div>\n\n\n\n<p class=\"has-text-align-center has-vivid-cyan-blue-color has-text-color has-link-color has-medium-font-size wp-elements-5d920f9ad12745c7cf76d270b95aae44\"><a href=\"https:\/\/alianca.org.br\/site\/galleria\/\" title=\"\"><strong>Atividades em Alian\u00e7a<\/strong><\/a><\/p>\n\n\n\n<p class=\"has-text-align-center has-black-color has-text-color has-link-color has-medium-font-size wp-elements-b58d87345afc53285c4311bbefd92e5c\"><strong><a href=\"https:\/\/alianca.org.br\/site\/galleria\/\" title=\"\">GAleria de fotos<\/a><\/strong><\/p>\n\n\n\n<div style=\"height:3px\" aria-hidden=\"true\" class=\"wp-block-spacer\"><\/div>\n<\/div><\/div>\n\n\n\n<div id=\"col-gmc2d7f0\" class=\"wp-block-gutentor-m4-col col-gmc2d7f0 gutentor-single-column  grid-lg-4 grid-md-12 grid-12\"><div id=\"section-gmc2d7f0\" class=\"section-gmc2d7f0 gutentor-col-wrap\"><\/div><\/div>\n<\/div><\/div><\/section>\n\n\n\n<div style=\"height:65px\" aria-hidden=\"true\" class=\"wp-block-spacer\"><\/div>\n\n\n\n<p class=\"has-black-color has-text-color has-link-color has-medium-font-size wp-elements-5a438d705bff6845be56b359f462d3db\"><strong>O Que Se Faz na Secretaria da Alian\u00e7a<\/strong><\/p>\n\n\n\n<p class=\"has-black-color has-text-color has-link-color has-medium-font-size wp-elements-97f777ac0ad21f2b489768528de84678\">A Secretaria da Alian\u00e7a desempenha um papel essencial no apoio ao Movimento da Alian\u00e7a Esp\u00edrita Evang\u00e9lica. \u00c9 um espa\u00e7o de organiza\u00e7\u00e3o, acolhimento e conex\u00e3o entre as equipes, casas filiadas e volunt\u00e1rios.<\/p>\n\n\n\n<p class=\"has-white-color has-text-color has-link-color wp-elements-7e4ac651328708ea719ac0894fa30934\">.<\/p>\n\n\n\n<p class=\"has-black-color has-text-color has-link-color has-medium-font-size wp-elements-abb8592082bba05ed4a39c5fd8e56538\"><strong>Reuni\u00f5es e Atividades Regulares<\/strong><\/p>\n\n\n\n<p class=\"has-black-color has-text-color has-link-color has-medium-font-size wp-elements-f822e00d864c66b9b767ed0344dfc694\">A diretoria da Alian\u00e7a se re\u00fane presencialmente aos s\u00e1bados, das 8h \u00e0s 12h, para tratar dos assuntos administrativos e estrat\u00e9gicos do Movimento. A Secretaria \u00e9 o ponto de encontro para essas reuni\u00f5es e para diversas outras equipes que utilizam o espa\u00e7o para planejamento e execu\u00e7\u00e3o de suas atividades.<\/p>\n\n\n\n<p class=\"has-black-color has-text-color has-link-color has-medium-font-size wp-elements-c950ddc18ef54926dc071d450534cb6a\">Volunt\u00e1rios de diversas regi\u00f5es, incluindo de fora do pa\u00eds, frequentemente visitam a Secretaria para conhecer a estrutura da Editora\/Distribuidora Alian\u00e7a e encontrar a secret\u00e1ria Renata, que est\u00e1 sempre dispon\u00edvel para orientar e acolher a todos com dedica\u00e7\u00e3o.<\/p>\n\n\n\n<p class=\"has-white-color has-text-color has-link-color wp-elements-7e4ac651328708ea719ac0894fa30934\">.<\/p>\n\n\n\n<p class=\"has-black-color has-text-color has-link-color has-medium-font-size wp-elements-89f9b281b6c73aabf8dfea29dfa8eeb4\"><strong>Apoio a Visitantes e Casas Filiadas<\/strong><\/p>\n\n\n\n<p class=\"has-black-color has-text-color has-link-color has-medium-font-size wp-elements-d18f4eb3ab97591b96798a61644382aa\">A Secretaria \u00e9 refer\u00eancia para quem busca informa\u00e7\u00f5es sobre o Movimento. Irm\u00e3os que chegam de outros estados ou pa\u00edses procuram o local em busca de orienta\u00e7\u00f5es, como localiza\u00e7\u00e3o de casas, hor\u00e1rios de atendimento e eventos regionais.<\/p>\n\n\n\n<p class=\"has-black-color has-text-color has-link-color has-medium-font-size wp-elements-b9676a26da8f3cf02bc2506317e163d4\">Al\u00e9m disso, \u00e9 comum recebermos d\u00favidas relacionadas ao cadastro e atualiza\u00e7\u00e3o de casas, contatos de coordenadores regionais e instru\u00e7\u00f5es sobre o preenchimento de documentos.<\/p>\n\n\n\n<p class=\"has-white-color has-text-color has-link-color wp-elements-7e4ac651328708ea719ac0894fa30934\">.<\/p>\n\n\n\n<p class=\"has-black-color has-text-color has-link-color has-medium-font-size wp-elements-d4ae127a15732789ac19e8fc87cff3b9\"><strong>Estrutura Funcional e Arquivo Hist\u00f3rico<\/strong><\/p>\n\n\n\n<p class=\"has-black-color has-text-color has-link-color has-medium-font-size wp-elements-25489fdad2d8e1c24be183a750363aa7\">O espa\u00e7o possui estrutura adequada para realiza\u00e7\u00e3o de reuni\u00f5es presenciais, h\u00edbridas ou 100% online, atendendo \u00e0s necessidades de participantes de diferentes localidades. Em diversos momentos, j\u00e1 foram realizadas at\u00e9 cinco reuni\u00f5es simult\u00e2neas no local, evidenciando a import\u00e2ncia e versatilidade da Secretaria.<\/p>\n\n\n\n<p class=\"has-black-color has-text-color has-link-color has-medium-font-size wp-elements-017cfc635a2a57853a09f04732d400ef\">A Secretaria tamb\u00e9m abriga um acervo documental valioso, com registros desde o in\u00edcio da Alian\u00e7a, necessitando de espa\u00e7o f\u00edsico para manter esse arquivo hist\u00f3rico preservado.<\/p>\n\n\n\n<p class=\"has-white-color has-text-color has-link-color wp-elements-7e4ac651328708ea719ac0894fa30934\">.<\/p>\n\n\n\n<p class=\"has-black-color has-text-color has-link-color has-medium-font-size wp-elements-39b644c05bb2ab9ea0833a316c358868\"><strong>Eventos como RGA e EGM<\/strong><\/p>\n\n\n\n<p class=\"has-black-color has-text-color has-link-color has-medium-font-size wp-elements-380c13446781e3cb14ca946d23e35561\">A Secretaria \u00e9 fundamental na organiza\u00e7\u00e3o dos principais encontros do Movimento, como a RGA (Reuni\u00e3o Geral da Alian\u00e7a) e o EGM (Encontro Geral de Mocidade). Nela est\u00e3o armazenados materiais de apoio como caixas, cabos, microfones e equipamentos de som utilizados nesses eventos.<\/p>\n\n\n\n<hr class=\"wp-block-separator has-alpha-channel-opacity\"\/>\n\n\n\n<p class=\"has-black-color has-text-color has-link-color has-medium-font-size wp-elements-cab079fbf76f7d9e3839dd4fe03aaf09\"><strong>Plano de Doa\u00e7\u00f5es Volunt\u00e1rias<\/strong><\/p>\n\n\n\n<p class=\"has-black-color has-text-color has-link-color has-medium-font-size wp-elements-868c6c5e6350cf4c0c63a58c1dc7170d\"><strong>Contexto<\/strong><\/p>\n\n\n\n<p class=\"has-black-color has-text-color has-link-color has-medium-font-size wp-elements-d28086b472dad0c5bb7ea8bebc1782a7\">H\u00e1 alguns anos, a principal fonte de recursos financeiros da Alian\u00e7a tem sido as doa\u00e7\u00f5es mensais feitas pela ALDELE \/ Editora Alian\u00e7a. No entanto, devido \u00e0 crise econ\u00f4mica nacional e \u00e0 queda significativa na procura por livros (esp\u00edritas ou n\u00e3o), a Editora passou a enfrentar dificuldades para manter essas doa\u00e7\u00f5es.<\/p>\n\n\n\n<p class=\"has-black-color has-text-color has-link-color has-medium-font-size wp-elements-e33f2be1217f3184537eb3ee498f132f\">Diante disso, foi proposta ao Conselho a ideia de que a pr\u00f3pria Alian\u00e7a passasse a custear a manuten\u00e7\u00e3o da Secretaria, uma vez que todos os aliancistas se beneficiam diretamente dos servi\u00e7os prestados.<\/p>\n\n\n\n<p class=\"has-black-color has-text-color has-link-color has-medium-font-size wp-elements-97fe31d0547602317f3747ffbfd2ac70\">A proposta prev\u00ea arrecada\u00e7\u00f5es volunt\u00e1rias, com total transpar\u00eancia na gest\u00e3o dos recursos e presta\u00e7\u00e3o de contas regular \u00e0 comunidade aliancista.<\/p>\n\n\n\n<hr class=\"wp-block-separator has-alpha-channel-opacity\"\/>\n\n\n\n<p class=\"has-black-color has-text-color has-link-color has-medium-font-size wp-elements-be78784e9ccd64c43eb9b951ba653a47\"><strong>Hist\u00f3rico do Programa de Doa\u00e7\u00f5es<\/strong><\/p>\n\n\n\n<p class=\"has-black-color has-text-color has-link-color has-medium-font-size wp-elements-944b7a9ab9cd0425e077293081855b58\">O planejamento das doa\u00e7\u00f5es come\u00e7ou em <strong>maio de 2018<\/strong>, quando a ALDELE sinalizou sua dificuldade em manter os repasses. As primeiras ideias foram discutidas na reuni\u00e3o do CGI (Conselho dos Grupos Integrados) daquele m\u00eas.<\/p>\n\n\n\n<p class=\"has-black-color has-text-color has-link-color has-medium-font-size wp-elements-05ad72554f6878b39d8a0c610cbc2901\">Em <strong>setembro de 2018<\/strong>, foi apresentada a proposta de cria\u00e7\u00e3o de uma nova associa\u00e7\u00e3o para arrecada\u00e7\u00e3o de recursos. Contudo, ap\u00f3s an\u00e1lise jur\u00eddica, concluiu-se que a cria\u00e7\u00e3o de outra entidade n\u00e3o seria vi\u00e1vel. Na reuni\u00e3o de <strong>dezembro de 2018<\/strong>, decidiu-se que todas as doa\u00e7\u00f5es seriam feitas diretamente para a Alian\u00e7a, e a Secretaria passou a divulgar os dados banc\u00e1rios para doa\u00e7\u00f5es pontuais.<\/p>\n\n\n\n<p class=\"has-black-color has-text-color has-link-color has-medium-font-size wp-elements-61148a00fb34d7a7723c3af783c2b015\">Em <strong>abril de 2019<\/strong>, na reuni\u00e3o do CGI e AGI, foi apresentada oficialmente a estrutura do programa de doa\u00e7\u00f5es e as formas de participa\u00e7\u00e3o.<\/p>\n\n\n\n<hr class=\"wp-block-separator has-alpha-channel-opacity\"\/>\n\n\n\n<p class=\"has-black-color has-text-color has-link-color has-medium-font-size wp-elements-ff86594adb1c8938325274a36acc5085\"><strong>Como Realizar uma Doa\u00e7\u00e3o<\/strong><\/p>\n\n\n\n<p class=\"has-black-color has-text-color has-link-color has-medium-font-size wp-elements-28db50f2c6345cf7bc2cc7297187e8ce\">As doa\u00e7\u00f5es podem ser feitas por <strong>pessoas f\u00edsicas ou jur\u00eddicas<\/strong>, incluindo centros esp\u00edritas filiados \u00e0 Alian\u00e7a. Existem duas modalidades:<\/p>\n\n\n\n<ul class=\"wp-block-list\">\n<li class=\"has-medium-font-size\"><strong>Doa\u00e7\u00e3o pontual:<\/strong> via transfer\u00eancia banc\u00e1ria, boleto, cart\u00e3o de d\u00e9bito\/cr\u00e9dito ou PIX.<\/li>\n\n\n\n<li class=\"has-medium-font-size\"><strong>Doa\u00e7\u00e3o peri\u00f3dica:<\/strong> programada mensalmente no cart\u00e3o de cr\u00e9dito ou PIX.<\/li>\n<\/ul>\n\n\n\n<p class=\"has-black-color has-text-color has-link-color has-medium-font-size wp-elements-0ae99b4d29600aec5790976920f910f5\">As casas esp\u00edritas que doarem receber\u00e3o <strong>recibos emitidos pela Alian\u00e7a Esp\u00edrita Evang\u00e9lica<\/strong>.<\/p>\n\n\n\n<p class=\"has-black-color has-text-color has-link-color has-medium-font-size wp-elements-2de0b47d339a0ceb1080c4cd6615031e\"><strong>Importante:<\/strong> a doa\u00e7\u00e3o n\u00e3o \u00e9 obrigat\u00f3ria. A contribui\u00e7\u00e3o \u00e9 <strong>volunt\u00e1ria<\/strong> e n\u00e3o interfere no status da casa junto \u00e0 Alian\u00e7a (inscrita ou integrada).<\/p>\n\n\n\n<p class=\"has-black-color has-text-color has-link-color has-medium-font-size wp-elements-0dcf7af08f039febc00057aa79b14c52\">A Secretaria recomenda que, caso a casa opte por doar, essa decis\u00e3o seja registrada em ata da diretoria local, como forma de transpar\u00eancia interna.<\/p>\n\n\n\n<hr class=\"wp-block-separator has-alpha-channel-opacity\"\/>\n\n\n\n<p class=\"has-black-color has-text-color has-link-color has-medium-font-size wp-elements-c054da96e17ea31a9800e9e1d8f5e474\"><strong>Destina\u00e7\u00e3o dos Recursos<\/strong><\/p>\n\n\n\n<p class=\"has-black-color has-text-color has-link-color has-medium-font-size wp-elements-973aa1eac0de305eea12f91e1625e3f1\">As doa\u00e7\u00f5es s\u00e3o destinadas \u00e0 <strong>manuten\u00e7\u00e3o da Secretaria da Alian\u00e7a<\/strong>, cobrindo custos como:<\/p>\n\n\n\n<ul class=\"wp-block-list\">\n<li class=\"has-medium-font-size\">Contas de consumo (\u00e1gua, luz, telefone, internet)<\/li>\n\n\n\n<li class=\"has-medium-font-size\">Impostos e tributos (IPTU)<\/li>\n\n\n\n<li class=\"has-medium-font-size\">Encargos trabalhistas (sal\u00e1rio, INSS, FGTS, f\u00e9rias, vale-refei\u00e7\u00e3o, etc.)<\/li>\n\n\n\n<li class=\"has-medium-font-size\">Despesas administrativas (contabilidade, registros, manuten\u00e7\u00e3o de marcas como \u201cAlian\u00e7a\u201d e \u201cTrevo\u201d)<\/li>\n<\/ul>\n\n\n\n<hr class=\"wp-block-separator has-alpha-channel-opacity\"\/>\n\n\n\n<p class=\"has-black-color has-text-color has-link-color has-medium-font-size wp-elements-bc5e24da8d0afa3be4020f66a0ef54ce\"><strong>Presta\u00e7\u00e3o de Contas<\/strong><\/p>\n\n\n\n<p class=\"has-black-color has-text-color has-link-color has-medium-font-size wp-elements-7e2b75099d06072f1fc7b3c22e860541\">A Secretaria apresenta relat\u00f3rios financeiros detalhados <strong>em todas as reuni\u00f5es do CGI<\/strong>, incluindo valores arrecadados e despesas realizadas. Al\u00e9m disso, disponibiliza <strong>anualmente um balan\u00e7o completo<\/strong>, garantindo total transpar\u00eancia e responsabilidade na gest\u00e3o dos recursos.<\/p>\n\n\n\n<div style=\"height:36px\" aria-hidden=\"true\" class=\"wp-block-spacer\"><\/div>\n\n\n\n<p class=\"secretaria-p has-black-color has-text-color has-link-color has-medium-font-size wp-elements-24e5d0bebf2d0d7f8db38f3ad96fa970\"><\/p>\n","protected":false},"excerpt":{"rendered":"<p>Conhe\u00e7a a Secretaria da Alian\u00e7a Hist\u00f3rico da Secretaria da Alian\u00e7a No in\u00edcio da Alian\u00e7a, utiliz\u00e1vamos uma sala cedida gentilmente pelo Centro Esp\u00edrita Aprendizes do Evangelho, localizado na Rua Genebra. Durante muito tempo, esse espa\u00e7o foi considerado a sede da Alian\u00e7a. Com a aquisi\u00e7\u00e3o do im\u00f3vel na Rua Francisca Miquelina, a secretaria da Alian\u00e7a foi transferida [&hellip;]<\/p>\n","protected":false},"author":1,"featured_media":0,"parent":0,"menu_order":0,"comment_status":"closed","ping_status":"closed","template":"","meta":{"om_disable_all_campaigns":false,"_monsterinsights_skip_tracking":false,"_monsterinsights_sitenote_active":false,"_monsterinsights_sitenote_note":"","_monsterinsights_sitenote_category":0,"footnotes":""},"class_list":["post-399","page","type-page","status-publish","hentry"],"aioseo_notices":[],"_links":{"self":[{"href":"https:\/\/alianca.org.br\/site\/wp-json\/wp\/v2\/pages\/399","targetHints":{"allow":["GET"]}}],"collection":[{"href":"https:\/\/alianca.org.br\/site\/wp-json\/wp\/v2\/pages"}],"about":[{"href":"https:\/\/alianca.org.br\/site\/wp-json\/wp\/v2\/types\/page"}],"author":[{"embeddable":true,"href":"https:\/\/alianca.org.br\/site\/wp-json\/wp\/v2\/users\/1"}],"replies":[{"embeddable":true,"href":"https:\/\/alianca.org.br\/site\/wp-json\/wp\/v2\/comments?post=399"}],"version-history":[{"count":0,"href":"https:\/\/alianca.org.br\/site\/wp-json\/wp\/v2\/pages\/399\/revisions"}],"wp:attachment":[{"href":"https:\/\/alianca.org.br\/site\/wp-json\/wp\/v2\/media?parent=399"}],"curies":[{"name":"wp","href":"https:\/\/api.w.org\/{rel}","templated":true}]}}