{"id":403,"date":"2021-05-13T18:35:09","date_gmt":"2021-05-13T21:35:09","guid":{"rendered":"http:\/\/alianca.org.br\/site\/?page_id=403"},"modified":"2026-04-19T21:41:03","modified_gmt":"2026-04-20T00:41:03","slug":"doacoes","status":"publish","type":"page","link":"https:\/\/alianca.org.br\/site\/home\/doacoes\/","title":{"rendered":"Doa\u00e7\u00f5es Volunt\u00e1rias"},"content":{"rendered":"\n<h1 class=\"wp-block-heading has-text-align-center\"><strong><span class=\"s1\">DIA DE DOAR 202<\/span>4<\/strong><\/h1>\n\n\n\n<h2 class=\"wp-block-heading has-black-color has-text-color has-link-color has-medium-font-size wp-elements-3e7f0e87179292dcfd9092d5e08158d0\"><span class=\"s1\"><strong>Toda ajuda ser\u00e1 bem-vinda.<\/strong><\/span><\/h2>\n\n\n\n<p class=\"has-black-color has-text-color has-link-color has-medium-font-size wp-elements-3678638e0dbec3721ce58e59f7341acf\">Novos recursos tecnologicos facilitam a  transferencia de valores use o que melhor lhe convier, porem confira os dados no momento da transferencia.<\/p>\n\n\n\n<p class=\"has-black-color has-text-color has-link-color has-medium-font-size wp-elements-4e742fee26eaa96c19215eb196c80e3d\"><span class=\"s1\">1) Pagseguro (cart\u00e3o de cr\u00e9dito, etc)&nbsp;<\/span><\/p>\n\n\n\n<p class=\"has-black-color has-text-color has-link-color has-medium-font-size wp-elements-79b76320c4d8a1daba31ceed109ac7e8\">2) Transfer\u00eancia Banc\u00e1ria<\/p>\n\n\n\n<p class=\"has-black-color has-text-color has-link-color has-medium-font-size wp-elements-a4005348479395985bbdae9008913bb5\"><span class=\"s1\">Dados Banc\u00e1rios:<\/span><\/p>\n\n\n\n<p class=\"has-black-color has-text-color has-link-color has-medium-font-size wp-elements-0800960bacf96e34235a70953757639e\"><span class=\"s1\">Banco Ita\u00fa<\/span>   <span class=\"s1\">Ag\u00eancia 0349<\/span>   <span class=\"s1\">C\/C 30.121-8<\/span>  <span class=\"s1\">Alian\u00e7a Esp\u00edrita Evang\u00e9lica<\/span><\/p>\n\n\n\n<p class=\"has-black-color has-text-color has-link-color has-medium-font-size wp-elements-3de4da3c8efaea63c6150923a244e67c\"><span class=\"s1\"><strong>CNPJ 44.002.285\/0001-75<\/strong><\/span> Ap\u00f3s realizar a doa\u00e7\u00e3o atrav\u00e9s de transfer\u00eancia \/ dep\u00f3sito em conta corrente, para o recibo da doa\u00e7\u00e3o, envie o comprovante para a secretaria alianca@alianca.org.br. obrigado.<\/p>\n\n\n\n<p class=\"has-black-color has-text-color has-link-color has-medium-font-size wp-elements-aac99302fbac4200f96ea6c2195c2dbb\"><span class=\"s1\"><strong>3)<\/strong><\/span> pix<\/p>\n\n\n\n<h1 class=\"wp-block-heading\"><span class=\"s1\"><strong>  PIX<\/strong><\/span><\/h1>\n\n\n\n<figure class=\"wp-block-image size-full\"><img fetchpriority=\"high\" decoding=\"async\" width=\"285\" height=\"288\" src=\"https:\/\/alianca.org.br\/site\/wp-content\/uploads\/2026\/04\/image.png\" alt=\"\" class=\"wp-image-30853\"\/><\/figure>\n\n\n\n<p class=\"has-black-color has-text-color has-link-color has-medium-font-size wp-elements-c23a0c3de8a189e9243c26586c4434ce\">&nbsp;<span class=\"s1\"> Use qualquer uma das duas chaves abaixo:<\/span><\/p>\n\n\n\n<p class=\"has-black-color has-text-color has-link-color has-medium-font-size wp-elements-c39837f318386d5f519fb696a400afa2\"><span class=\"s1\">CELULAR &gt;&gt;&gt; <strong>11 99419-5039<\/strong><\/span><\/p>\n\n\n\n<p class=\"has-black-color has-text-color has-link-color has-medium-font-size wp-elements-1f05c221b79788b437adaadbe0c6118a\"><span class=\"s1\">EMAIL &gt;&gt;&nbsp;<strong>alianca@alianca.org.br<\/strong><\/span><\/p>\n\n\n\n<p class=\"has-black-color has-text-color has-link-color has-medium-font-size wp-elements-5b11781b0f68e097f6b7f6663b95e5ab\"><span class=\"s1\">4) Doa\u00e7\u00f5es PERI\u00d3DICAS podem ser programadas para tranferencias atrav\u00e9s\u00a0 do cart\u00e3o de cr\u00e9dito.<\/span> ou pix.<\/p>\n\n\n\n<h2 class=\"wp-block-heading\"><span class=\"s1\"><strong>DOA\u00c7\u00c3O MENSAL<\/strong><\/span><\/h2>\n\n\n\n<p class=\"has-black-color has-text-color has-link-color has-medium-font-size wp-elements-d96c942b19829412d49d45a122d00bb8\"><span class=\"s1\">Doa\u00e7\u00f5es mensais, podem ser programadas na sua conta ou no seu cart\u00e3o para que fa\u00e7am de forma automatica sem necessidade de lembrar todo o mes, agradecemos muito sua ajuda, pois isso nos ajuda a manter o apoio as todas as casas no Brasil e exterior.<\/span> &nbsp;qualquer valor que puder doar \u00e9 muito bem vindo.<\/p>\n\n\n\n<p class=\"has-black-color has-text-color has-link-color has-medium-font-size wp-elements-a69f89e44233de370d045bf115991510\"><span class=\"s1\">Ap\u00f3s a doa\u00e7\u00e3o, podem por favor enviar comprovante para a secretaria para providenciarmos o recibo.<\/span><span class=\"s1\"><\/span><\/p>\n","protected":false},"excerpt":{"rendered":"<p>DIA DE DOAR 2024 Toda ajuda ser\u00e1 bem-vinda. Novos recursos tecnologicos facilitam a transferencia de valores use o que melhor lhe convier, porem confira os dados no momento da transferencia. 1) Pagseguro (cart\u00e3o de cr\u00e9dito, etc)&nbsp; 2) Transfer\u00eancia Banc\u00e1ria Dados Banc\u00e1rios: Banco Ita\u00fa Ag\u00eancia 0349 C\/C 30.121-8 Alian\u00e7a Esp\u00edrita Evang\u00e9lica CNPJ 44.002.285\/0001-75 Ap\u00f3s realizar a [&hellip;]<\/p>\n","protected":false},"author":1,"featured_media":0,"parent":136,"menu_order":0,"comment_status":"closed","ping_status":"closed","template":"","meta":{"om_disable_all_campaigns":false,"_monsterinsights_skip_tracking":false,"_monsterinsights_sitenote_active":false,"_monsterinsights_sitenote_note":"","_monsterinsights_sitenote_category":0,"footnotes":""},"class_list":["post-403","page","type-page","status-publish","hentry"],"aioseo_notices":[],"_links":{"self":[{"href":"https:\/\/alianca.org.br\/site\/wp-json\/wp\/v2\/pages\/403","targetHints":{"allow":["GET"]}}],"collection":[{"href":"https:\/\/alianca.org.br\/site\/wp-json\/wp\/v2\/pages"}],"about":[{"href":"https:\/\/alianca.org.br\/site\/wp-json\/wp\/v2\/types\/page"}],"author":[{"embeddable":true,"href":"https:\/\/alianca.org.br\/site\/wp-json\/wp\/v2\/users\/1"}],"replies":[{"embeddable":true,"href":"https:\/\/alianca.org.br\/site\/wp-json\/wp\/v2\/comments?post=403"}],"version-history":[{"count":2,"href":"https:\/\/alianca.org.br\/site\/wp-json\/wp\/v2\/pages\/403\/revisions"}],"predecessor-version":[{"id":30946,"href":"https:\/\/alianca.org.br\/site\/wp-json\/wp\/v2\/pages\/403\/revisions\/30946"}],"up":[{"embeddable":true,"href":"https:\/\/alianca.org.br\/site\/wp-json\/wp\/v2\/pages\/136"}],"wp:attachment":[{"href":"https:\/\/alianca.org.br\/site\/wp-json\/wp\/v2\/media?parent=403"}],"curies":[{"name":"wp","href":"https:\/\/api.w.org\/{rel}","templated":true}]}}