{"id":407,"date":"2021-05-13T18:38:04","date_gmt":"2021-05-13T21:38:04","guid":{"rendered":"http:\/\/alianca.org.br\/site\/?page_id=407"},"modified":"2022-10-30T11:06:55","modified_gmt":"2022-10-30T14:06:55","slug":"preces-e-hinos","status":"publish","type":"page","link":"https:\/\/alianca.org.br\/site\/preces-e-hinos\/","title":{"rendered":"Preces e Hinos"},"content":{"rendered":"\n<h1 class=\"has-text-align-center wp-block-heading\">Preces e Hinos<\/h1>\n\n\n\n<p class=\"has-black-color has-text-color has-medium-font-size\"><span class=\"s1\">A prece \u00e9 uma conversa franca com Deus onde agradecemos e pedimos, por n\u00f3s e pelo pr\u00f3ximo, de cora\u00e7\u00e3o&nbsp;aberto e cheio de amor.<\/span><\/p>\n\n\n\n<p class=\"has-black-color has-text-color has-medium-font-size\"><span class=\"s1\">N\u00e3o existe uma forma certa de rezar. A \u00fanica regra \u00e9 a f\u00e9.<\/span><\/p>\n\n\n\n<p class=\"has-black-color has-text-color has-medium-font-size\"><span class=\"s1\">Quando fazemos uma prece, \u00e9 como se ascend\u00eassemos uma luz que nos liga diretamente a Deus e seus&nbsp;designados benfeitores. Como um radar do Bem!<\/span><\/p>\n\n\n\n<p class=\"has-black-color has-text-color has-medium-font-size\"><span class=\"s1\">Deus nunca abandona seus filhos e sempre atende a todas as preces mediante o merecimento de cada um, falando&nbsp;diretamente no sil\u00eancio da alma.<\/span><\/p>\n\n\n\n<p class=\"has-black-color has-text-color has-medium-font-size\"><span class=\"s1\">Doen\u00e7as, dor, tristeza, des\u00e2nimo, desequil\u00edbrio, ang\u00fastia, depress\u00e3o, c\u00f3lera, stress, desequilibram a alma e podem&nbsp;ser curados atrav\u00e9s da prece, do amparo espiritual.<\/span><\/p>\n\n\n\n<p class=\"has-black-color has-text-color has-medium-font-size\"><span class=\"s1\">A maior forma de caridade \u00e9 a prece. Ent\u00e3o, vamos orar?<\/span><\/p>\n\n\n\n<p class=\"has-black-color has-text-color has-medium-font-size\"><span class=\"s1\">\u201cE tudo quanto pedirem em meu nome, isso farei.\u201d<\/span><\/p>\n\n\n\n<div class=\"wp-block-columns is-layout-flex wp-container-core-columns-is-layout-9d6595d7 wp-block-columns-is-layout-flex\">\n<div class=\"wp-block-column is-layout-flow wp-block-column-is-layout-flow\">\n<div class=\"wp-block-columns is-layout-flex wp-container-core-columns-is-layout-9d6595d7 wp-block-columns-is-layout-flex\">\n<div class=\"wp-block-column is-layout-flow wp-block-column-is-layout-flow\">\n<figure class=\"wp-block-audio\"><audio controls src=\"https:\/\/alianca.org.br\/site\/wp-content\/uploads\/hinos_e_musicas\/Amigos%20p%20Sempre.mp3\"><\/audio><figcaption>amigos para sempre<\/figcaption><\/figure>\n<\/div>\n\n\n\n<div class=\"wp-block-column is-layout-flow wp-block-column-is-layout-flow\">\n<figure class=\"wp-block-audio\"><audio controls src=\"https:\/\/alianca.org.br\/site\/wp-content\/uploads\/hinos_e_musicas\/Nossa%20Senhora.mp3\"><\/audio><figcaption>Nossa Senhora<\/figcaption><\/figure>\n<\/div>\n<\/div>\n<\/div>\n\n\n\n<div class=\"wp-block-column is-layout-flow wp-block-column-is-layout-flow\">\n<div class=\"wp-block-columns is-layout-flex wp-container-core-columns-is-layout-9d6595d7 wp-block-columns-is-layout-flex\">\n<div class=\"wp-block-column is-layout-flow wp-block-column-is-layout-flow\">\n<figure class=\"wp-block-audio\"><audio controls src=\"https:\/\/alianca.org.br\/site\/wp-content\/uploads\/hinos_e_musicas\/alma_gemea.mp3\"><\/audio><figcaption>Almas Gemeas<\/figcaption><\/figure>\n<\/div>\n\n\n\n<div class=\"wp-block-column is-layout-flow wp-block-column-is-layout-flow\">\n<figure class=\"wp-block-audio\"><audio controls src=\"https:\/\/alianca.org.br\/site\/wp-content\/uploads\/hinos_e_musicas\/sei%20que%20t%20%20me%20sondas.mp3\"><\/audio><figcaption>Eu sei que tu me Sondas<\/figcaption><\/figure>\n<\/div>\n<\/div>\n<\/div>\n\n\n\n<div class=\"wp-block-column is-layout-flow wp-block-column-is-layout-flow\">\n<div class=\"wp-block-columns is-layout-flex wp-container-core-columns-is-layout-9d6595d7 wp-block-columns-is-layout-flex\">\n<div class=\"wp-block-column is-layout-flow wp-block-column-is-layout-flow\"><\/div>\n\n\n\n<div class=\"wp-block-column is-layout-flow wp-block-column-is-layout-flow\"><\/div>\n<\/div>\n<\/div>\n<\/div>\n\n\n\n<div class=\"wp-block-columns is-layout-flex wp-container-core-columns-is-layout-9d6595d7 wp-block-columns-is-layout-flex\">\n<div class=\"wp-block-column is-layout-flow wp-block-column-is-layout-flow\">\n<h2 class=\"wp-block-heading\"><a href=\"https:\/\/drive.google.com\/drive\/u\/3\/folders\/1oW0PxozfeixKvM1M3JiSq_KRzZit140b\">Lista de Musicas em mp3<\/a><\/h2>\n<\/div>\n<\/div>\n\n\n\n<section id=\"gmdba5266\" class=\"wp-block-gutentor-m4 section-gmdba5266 gutentor-module gutentor-advanced-columns has-color-bg has-custom-bg\"><div class=\"grid-container\"><div class=\"grid-row\">\n<div id=\"col-gm2ddcdb\" class=\"wp-block-gutentor-m4-col col-gm2ddcdb gutentor-single-column  grid-lg-3 grid-md-12 grid-12\"><div id=\"section-gm2ddcdb\" class=\"section-gm2ddcdb gutentor-col-wrap\">\n<div id=\"section-gc6ad5b\" class=\"wp-block-gutentor-e6 section-gc6ad5b gutentor-element gutentor-element-image\"><div class=\"gutentor-element-image-box\"><a class=\"gutentor-element-image-link\" href=\"https:\/\/www.youtube.com\/watch?v=MewJbi5HAeI\"><div class=\"gutentor-image-thumb\"><img decoding=\"async\" class=\"normal-image lazyload\" data-src=\"https:\/\/alianca.org.br\/site\/wp-content\/uploads\/2022\/10\/1.jpg\" src=\"data:image\/svg+xml;base64,PHN2ZyB3aWR0aD0iMSIgaGVpZ2h0PSIxIiB4bWxucz0iaHR0cDovL3d3dy53My5vcmcvMjAwMC9zdmciPjwvc3ZnPg==\" \/><\/div><\/a><\/div><\/div>\n<\/div><\/div>\n\n\n\n<div id=\"col-gmf7500d\" class=\"wp-block-gutentor-m4-col col-gmf7500d gutentor-single-column  grid-lg-3 grid-md-12 grid-12\"><div id=\"section-gmf7500d\" class=\"section-gmf7500d gutentor-col-wrap\">\n<div id=\"section-gd87f62\" class=\"wp-block-gutentor-e6 section-gd87f62 gutentor-element gutentor-element-image\"><div class=\"gutentor-element-image-box\"><a class=\"gutentor-element-image-link\" href=\"https:\/\/www.youtube.com\/watch?v=pzVbem2CHyI\" target=\"_blank\" rel=\"noopener noreferrer\"><div class=\"gutentor-image-thumb\"><img decoding=\"async\" class=\"normal-image lazyload\" data-src=\"https:\/\/alianca.org.br\/site\/wp-content\/uploads\/2022\/10\/5.jpg\" src=\"data:image\/svg+xml;base64,PHN2ZyB3aWR0aD0iMSIgaGVpZ2h0PSIxIiB4bWxucz0iaHR0cDovL3d3dy53My5vcmcvMjAwMC9zdmciPjwvc3ZnPg==\" \/><\/div><\/a><\/div><\/div>\n<\/div><\/div>\n\n\n\n<div id=\"col-gm11c4f6\" class=\"wp-block-gutentor-m4-col col-gm11c4f6 gutentor-single-column  grid-lg-3 grid-md-12 grid-12\"><div id=\"section-gm11c4f6\" class=\"section-gm11c4f6 gutentor-col-wrap\">\n<div id=\"section-g9e8f9e\" class=\"wp-block-gutentor-e6 section-g9e8f9e gutentor-element gutentor-element-image\"><div class=\"gutentor-element-image-box\"><a class=\"gutentor-element-image-link\" href=\"https:\/\/www.youtube.com\/watch?v=SupBKIedjkU\" target=\"_blank\" rel=\"noopener noreferrer\"><div class=\"gutentor-image-thumb\"><img decoding=\"async\" class=\"normal-image lazyload\" data-src=\"https:\/\/alianca.org.br\/site\/wp-content\/uploads\/2022\/10\/6.jpg\" src=\"data:image\/svg+xml;base64,PHN2ZyB3aWR0aD0iMSIgaGVpZ2h0PSIxIiB4bWxucz0iaHR0cDovL3d3dy53My5vcmcvMjAwMC9zdmciPjwvc3ZnPg==\" \/><\/div><\/a><\/div><\/div>\n<\/div><\/div>\n\n\n\n<div id=\"col-gm3b74bf\" class=\"wp-block-gutentor-m4-col col-gm3b74bf gutentor-single-column  grid-lg-3 grid-md-12 grid-12\"><div id=\"section-gm3b74bf\" class=\"section-gm3b74bf gutentor-col-wrap\">\n<div id=\"section-geb6cd3\" class=\"wp-block-gutentor-e6 section-geb6cd3 gutentor-element gutentor-element-image\"><div class=\"gutentor-element-image-box\"><a class=\"gutentor-element-image-link\" href=\"https:\/\/www.youtube.com\/watch?v=6KZlYvmk2BY\" target=\"_blank\" rel=\"noopener noreferrer\"><div class=\"gutentor-image-thumb\"><img decoding=\"async\" class=\"normal-image lazyload\" data-src=\"https:\/\/alianca.org.br\/site\/wp-content\/uploads\/2022\/10\/10.jpg\" src=\"data:image\/svg+xml;base64,PHN2ZyB3aWR0aD0iMSIgaGVpZ2h0PSIxIiB4bWxucz0iaHR0cDovL3d3dy53My5vcmcvMjAwMC9zdmciPjwvc3ZnPg==\" \/><\/div><\/a><\/div><\/div>\n<\/div><\/div>\n<\/div><\/div><\/section>\n\n\n\n<section id=\"gm57cd553\" class=\"wp-block-gutentor-m4 section-gm57cd553 gutentor-module gutentor-advanced-columns has-color-bg has-custom-bg\"><div class=\"grid-container\"><div class=\"grid-row\">\n<div id=\"col-gm79f744\" class=\"wp-block-gutentor-m4-col col-gm79f744 gutentor-single-column  grid-lg-3 grid-md-12 grid-12\"><div id=\"section-gm79f744\" class=\"section-gm79f744 gutentor-col-wrap\"><\/div><\/div>\n\n\n\n<div id=\"col-gm102be0\" class=\"wp-block-gutentor-m4-col col-gm102be0 gutentor-single-column  grid-lg-3 grid-md-12 grid-12\"><div id=\"section-gm102be0\" class=\"section-gm102be0 gutentor-col-wrap\">\n<figure class=\"wp-block-video\"><video height=\"360\" style=\"aspect-ratio: 480 \/ 360\" width=\"480\" controls src=\"https:\/\/alianca.org.br\/site\/wp-content\/uploads\/2022\/10\/Musica-espirita-Quanta-Luz.mp4\"><\/video><figcaption>Quanta Luz<\/figcaption><\/figure>\n<\/div><\/div>\n\n\n\n<div id=\"col-gmc0a76d\" class=\"wp-block-gutentor-m4-col col-gmc0a76d gutentor-single-column  grid-lg-3 grid-md-12 grid-12\"><div id=\"section-gmc0a76d\" class=\"section-gmc0a76d gutentor-col-wrap\">\n<figure class=\"wp-block-video\"><video height=\"360\" style=\"aspect-ratio: 640 \/ 360\" width=\"640\" controls src=\"https:\/\/alianca.org.br\/site\/wp-content\/uploads\/2022\/10\/Prece-dos-Aprendizes-do-Evangelho-Mocidade-Espirita-Vozes-de-Casa.mp4\"><\/video><figcaption>prece dos aprendizes<\/figcaption><\/figure>\n<\/div><\/div>\n\n\n\n<div id=\"col-gme00dd5\" class=\"wp-block-gutentor-m4-col col-gme00dd5 gutentor-single-column  grid-lg-3 grid-md-12 grid-12\"><div id=\"section-gme00dd5\" class=\"section-gme00dd5 gutentor-col-wrap\">\n<figure class=\"wp-block-video\"><video height=\"240\" style=\"aspect-ratio: 320 \/ 240\" width=\"320\" controls src=\"https:\/\/alianca.org.br\/site\/wp-content\/uploads\/2022\/10\/Quanta-Luz.mp4\"><\/video><figcaption>Quanta Luz vers\u00e3o 2<\/figcaption><\/figure>\n<\/div><\/div>\n<\/div><\/div><\/section>\n\n\n\n<p><\/p>\n","protected":false},"excerpt":{"rendered":"<p>Preces e Hinos A prece \u00e9 uma conversa franca com Deus onde agradecemos e pedimos, por n\u00f3s e pelo pr\u00f3ximo, de cora\u00e7\u00e3o&nbsp;aberto e cheio de amor. N\u00e3o existe uma forma certa de rezar. A \u00fanica regra \u00e9 a f\u00e9. Quando fazemos uma prece, \u00e9 como se ascend\u00eassemos uma luz que nos liga diretamente a Deus [&hellip;]<\/p>\n","protected":false},"author":1,"featured_media":0,"parent":0,"menu_order":0,"comment_status":"closed","ping_status":"closed","template":"","meta":{"om_disable_all_campaigns":false,"_monsterinsights_skip_tracking":false,"_monsterinsights_sitenote_active":false,"_monsterinsights_sitenote_note":"","_monsterinsights_sitenote_category":0,"footnotes":""},"class_list":["post-407","page","type-page","status-publish","hentry"],"aioseo_notices":[],"_links":{"self":[{"href":"https:\/\/alianca.org.br\/site\/wp-json\/wp\/v2\/pages\/407","targetHints":{"allow":["GET"]}}],"collection":[{"href":"https:\/\/alianca.org.br\/site\/wp-json\/wp\/v2\/pages"}],"about":[{"href":"https:\/\/alianca.org.br\/site\/wp-json\/wp\/v2\/types\/page"}],"author":[{"embeddable":true,"href":"https:\/\/alianca.org.br\/site\/wp-json\/wp\/v2\/users\/1"}],"replies":[{"embeddable":true,"href":"https:\/\/alianca.org.br\/site\/wp-json\/wp\/v2\/comments?post=407"}],"version-history":[{"count":0,"href":"https:\/\/alianca.org.br\/site\/wp-json\/wp\/v2\/pages\/407\/revisions"}],"wp:attachment":[{"href":"https:\/\/alianca.org.br\/site\/wp-json\/wp\/v2\/media?parent=407"}],"curies":[{"name":"wp","href":"https:\/\/api.w.org\/{rel}","templated":true}]}}