{"id":646,"date":"2022-02-07T12:52:52","date_gmt":"2022-02-07T15:52:52","guid":{"rendered":"https:\/\/alianca.org.br\/site\/?page_id=646"},"modified":"2024-10-25T23:17:20","modified_gmt":"2024-10-26T02:17:20","slug":"equipe-mocidade","status":"publish","type":"page","link":"https:\/\/alianca.org.br\/site\/equipe-mocidade\/","title":{"rendered":"Equipe Mocidade"},"content":{"rendered":"<style>\/*! elementor - v3.8.0 - 30-10-2022 *\/\n.elementor-widget-image{text-align:center}.elementor-widget-image a{display:inline-block}.elementor-widget-image a img[src$=\".svg\"]{width:48px}.elementor-widget-image img{vertical-align:middle;display:inline-block}<\/style>\n<p>\t\t\t\t\t\t\t\t\t\t\t\t<img decoding=\"async\" width=\"300\" height=\"295\" data-src=\"https:\/\/alianca.org.br\/site\/wp-content\/uploads\/2023\/08\/Logo-Mocidade_site-Copy-1-300x295.png\" alt=\"\" data-srcset=\"https:\/\/alianca.org.br\/site\/wp-content\/uploads\/2023\/08\/Logo-Mocidade_site-Copy-1-300x295.png 300w, https:\/\/alianca.org.br\/site\/wp-content\/uploads\/2023\/08\/Logo-Mocidade_site-Copy-1.png 304w\" data-sizes=\"auto, (max-width: 300px) 100vw, 300px\" src=\"data:image\/svg+xml;base64,PHN2ZyB3aWR0aD0iMSIgaGVpZ2h0PSIxIiB4bWxucz0iaHR0cDovL3d3dy53My5vcmcvMjAwMC9zdmciPjwvc3ZnPg==\" class=\"lazyload\" style=\"--smush-placeholder-width: 300px; --smush-placeholder-aspect-ratio: 300\/295;\" \/>\t\t\t\t\t\t\t\t\t\t\t\t\t\t\t<\/p>\n<style>\/*! elementor - v3.8.0 - 30-10-2022 *\/\n.elementor-heading-title{padding:0;margin:0;line-height:1}.elementor-widget-heading .elementor-heading-title[class*=elementor-size-]>a{color:inherit;font-size:inherit;line-height:inherit}.elementor-widget-heading .elementor-heading-title.elementor-size-small{font-size:15px}.elementor-widget-heading .elementor-heading-title.elementor-size-medium{font-size:19px}.elementor-widget-heading .elementor-heading-title.elementor-size-large{font-size:29px}.elementor-widget-heading .elementor-heading-title.elementor-size-xl{font-size:39px}.elementor-widget-heading .elementor-heading-title.elementor-size-xxl{font-size:59px}<\/style>\n<h2>Mocidade Esp\u00edrita<\/h2>\n<p>O programa da Mocidade Esp\u00edrita \u00e9 um curso para proporcionar a viv\u00eancia do espiritismo para jovens de 14 a 18 anos de idade. O trabalho \u00e9 carinhosamente chamado de Escola do Cora\u00e7\u00e3o, por desenvolver um clima de &#8220;amea\u00e7a zero&#8221;, cujo foco \u00e9 o acolhimento dos sentimentos, formando um grupo verdadeiramente fraterno e amoroso, al\u00e9m de ser o nome da \u00e1rea do Centro Esp\u00edrita que se dedica \u00e0 adolesc\u00eancia.<\/p>\n<p>Tem como principal objetivo promover a constru\u00e7\u00e3o da base religiosa e moral para que o jovem seja um crist\u00e3o ativo, sentindo-se preparado e fortalecido para a vida em sociedade e para caminhar encarando os desafios da vida com equil\u00edbrio e bom senso.<\/p>\n<h2>Mocidade \u00e0 Dist\u00e2ncia<\/h2>\n<p style=\"color: #666666; font-family: 'Source Sans Pro', sans-serif; font-size: 16px;\">O trabalho tamb\u00e9m se destina&nbsp;a jovens que n\u00e3o conseguem frequentar presencialmente uma turma, seja por estar no exterior, em hospitais, cl\u00ednicas, pres\u00eddios ou aos casos de impossibilidade de locomo\u00e7\u00e3o ou que trabalhem em rod\u00edzio permanente de hor\u00e1rios.<\/p>\n<p style=\"color: #666666; font-family: 'Source Sans Pro', sans-serif; font-size: 16px;\">A metodologia \u00e9 a mesma utilizada nos cursos&nbsp;presenciais, mas adaptada para o ensino a dist\u00e2ncia, com&nbsp;aulas ministradas atrav\u00e9s de cartas, e-mail ou turmas on-line. As turmas abrem v\u00e1rias vezes ao ano e recebem alunos de todos os lugares do Brasil.<\/p>\n<p>\t\t\t\t\t\t\t\t\t\t\t\t\t\t\t<img decoding=\"async\" width=\"640\" height=\"334\" data-src=\"https:\/\/alianca.org.br\/site\/wp-content\/uploads\/2023\/08\/Distancia-957x500.jpg\" alt=\"\" data-srcset=\"https:\/\/alianca.org.br\/site\/wp-content\/uploads\/2023\/08\/Distancia-957x500.jpg 957w, https:\/\/alianca.org.br\/site\/wp-content\/uploads\/2023\/08\/Distancia-300x157.jpg 300w, https:\/\/alianca.org.br\/site\/wp-content\/uploads\/2023\/08\/Distancia-768x401.jpg 768w, https:\/\/alianca.org.br\/site\/wp-content\/uploads\/2023\/08\/Distancia.jpg 1200w\" data-sizes=\"auto, (max-width: 640px) 100vw, 640px\" src=\"data:image\/svg+xml;base64,PHN2ZyB3aWR0aD0iMSIgaGVpZ2h0PSIxIiB4bWxucz0iaHR0cDovL3d3dy53My5vcmcvMjAwMC9zdmciPjwvc3ZnPg==\" class=\"lazyload\" style=\"--smush-placeholder-width: 640px; --smush-placeholder-aspect-ratio: 640\/334;\" \/>\t\t\t\t\t\t\t\t\t\t\t\t\t\t\t<\/p>\n<p>Caso queira conhecer com mais profundidade o programa de aulas da Mocidade Esp\u00edrita da Alian\u00e7a Esp\u00edrita Evang\u00e9lica para desenvolver o trabalho em seu centro ou se quiser participar da Mocidade \u00e0 Dist\u00e2ncia, voc\u00ea pode entrar em contato conosco pelos seguintes e-mails:<\/p>\n<h2>E-mail da Mocidade Esp\u00edrita<\/p>\n<p><a href=\"mailto:equipemocidade.alianca@gmail.com\" style=\"font-size: 16px; white-space-collapse: collapse; background-color: rgb(255, 255, 255); color: rgb(28, 115, 191); outline: 0px;\">equipemocidade.alianca@gmail.com<\/a><\/h2>\n<h2>E-mail da Mocidade a Dist\u00e2ncia<\/p>\n<p><a href=\"mailto:mocidadeadistancia@equipesalianca.org.br\" style=\"background-color: rgb(255, 255, 255); color: rgb(28, 115, 191); outline: 0px; font-size: 16px; white-space-collapse: collapse;\">mocidadeadistancia@equipesalianca.org.br<\/a><\/h2>\n","protected":false},"excerpt":{"rendered":"<p>Mocidade Esp\u00edrita O programa da Mocidade Esp\u00edrita \u00e9 um curso para proporcionar a viv\u00eancia do espiritismo para jovens de 14 a 18 anos de idade. O trabalho \u00e9 carinhosamente chamado de Escola do Cora\u00e7\u00e3o, por desenvolver um clima de &#8220;amea\u00e7a zero&#8221;, cujo foco \u00e9 o acolhimento dos sentimentos, formando um grupo verdadeiramente fraterno e amoroso, [&hellip;]<\/p>\n","protected":false},"author":1,"featured_media":0,"parent":0,"menu_order":0,"comment_status":"closed","ping_status":"closed","template":"","meta":{"om_disable_all_campaigns":false,"_monsterinsights_skip_tracking":false,"_monsterinsights_sitenote_active":false,"_monsterinsights_sitenote_note":"","_monsterinsights_sitenote_category":0,"footnotes":""},"class_list":["post-646","page","type-page","status-publish","hentry"],"aioseo_notices":[],"_links":{"self":[{"href":"https:\/\/alianca.org.br\/site\/wp-json\/wp\/v2\/pages\/646","targetHints":{"allow":["GET"]}}],"collection":[{"href":"https:\/\/alianca.org.br\/site\/wp-json\/wp\/v2\/pages"}],"about":[{"href":"https:\/\/alianca.org.br\/site\/wp-json\/wp\/v2\/types\/page"}],"author":[{"embeddable":true,"href":"https:\/\/alianca.org.br\/site\/wp-json\/wp\/v2\/users\/1"}],"replies":[{"embeddable":true,"href":"https:\/\/alianca.org.br\/site\/wp-json\/wp\/v2\/comments?post=646"}],"version-history":[{"count":0,"href":"https:\/\/alianca.org.br\/site\/wp-json\/wp\/v2\/pages\/646\/revisions"}],"wp:attachment":[{"href":"https:\/\/alianca.org.br\/site\/wp-json\/wp\/v2\/media?parent=646"}],"curies":[{"name":"wp","href":"https:\/\/api.w.org\/{rel}","templated":true}]}}