{"id":648,"date":"2022-02-07T12:53:44","date_gmt":"2022-02-07T15:53:44","guid":{"rendered":"https:\/\/alianca.org.br\/site\/?page_id=648"},"modified":"2024-10-30T23:38:59","modified_gmt":"2024-10-31T02:38:59","slug":"equipe-mediunidade","status":"publish","type":"page","link":"https:\/\/alianca.org.br\/site\/equipe-mediunidade\/","title":{"rendered":"Equipe Mediunidade"},"content":{"rendered":"\n<h1 class=\"wp-block-heading\">&nbsp;<\/h1>\n\n\n\n<section id=\"gmbec5cb7\" class=\"wp-block-gutentor-m4 section-gmbec5cb7 gutentor-module gutentor-advanced-columns\"><div class=\"grid-container\"><div class=\"grid-row\">\n<div id=\"col-gma2be46\" class=\"wp-block-gutentor-m4-col col-gma2be46 gutentor-single-column  grid-lg-4 grid-md-12 grid-12\"><div id=\"section-gma2be46\" class=\"section-gma2be46 gutentor-col-wrap\"><\/div><\/div>\n\n\n\n<div id=\"col-gmc8b7a5\" class=\"wp-block-gutentor-m4-col col-gmc8b7a5 gutentor-single-column  grid-lg-4 grid-md-12 grid-12\"><div id=\"section-gmc8b7a5\" class=\"section-gmc8b7a5 gutentor-col-wrap\">\n<div id=\"section-g2f9c4a\" class=\"wp-block-gutentor-e6 section-g2f9c4a gutentor-element gutentor-element-image\"><div class=\"gutentor-element-image-box\"><div class=\"gutentor-image-thumb\"><img decoding=\"async\" class=\"normal-image lazyload\" data-src=\"https:\/\/alianca.org.br\/site\/wp-content\/uploads\/2023\/04\/Mediunidade-Edgard-Armond-1-1-260x300.jpg\" src=\"data:image\/svg+xml;base64,PHN2ZyB3aWR0aD0iMSIgaGVpZ2h0PSIxIiB4bWxucz0iaHR0cDovL3d3dy53My5vcmcvMjAwMC9zdmciPjwvc3ZnPg==\" style=\"--smush-placeholder-width: 260px; --smush-placeholder-aspect-ratio: 260\/300;\" \/><\/div><\/div><\/div>\n<\/div><\/div>\n\n\n\n<div id=\"col-gm5d9a05\" class=\"wp-block-gutentor-m4-col col-gm5d9a05 gutentor-single-column  grid-lg-4 grid-md-12 grid-12\"><div id=\"section-gm5d9a05\" class=\"section-gm5d9a05 gutentor-col-wrap\">\n<div id=\"section-g058cd1\" class=\"wp-block-gutentor-e6 section-g058cd1 gutentor-element gutentor-element-image\"><div class=\"gutentor-element-image-box\"><div class=\"gutentor-image-thumb\"><img decoding=\"async\" class=\"normal-image lazyload\" data-src=\"https:\/\/alianca.org.br\/site\/wp-content\/uploads\/2023\/04\/Edgard-Armond-a.jpg\" src=\"data:image\/svg+xml;base64,PHN2ZyB3aWR0aD0iMSIgaGVpZ2h0PSIxIiB4bWxucz0iaHR0cDovL3d3dy53My5vcmcvMjAwMC9zdmciPjwvc3ZnPg==\" style=\"--smush-placeholder-width: 184px; --smush-placeholder-aspect-ratio: 184\/238;\" \/><\/div><\/div><\/div>\n<\/div><\/div>\n<\/div><\/div><\/section>\n\n\n\n<div class=\"wp-block-columns is-layout-flex wp-container-core-columns-is-layout-9d6595d7 wp-block-columns-is-layout-flex\">\n<div class=\"wp-block-column is-layout-flow wp-block-column-is-layout-flow\">\n<section id=\"gme6aac14\" class=\"wp-block-gutentor-m5 section-gme6aac14 gutentor-module gutentor-module-slider gutentor-slick-a-default-desktop gutentor-module-caption-enabled\"><div class=\"gutentor-module-slider-row\" data-dots=\"false\" data-dotstablet=\"false\" data-dotsmobile=\"false\" data-nextarrow=\"fas fa-angle-right\" data-prevarrow=\"fas fa-angle-left\" data-arrows=\"true\" data-arrowstablet=\"true\" data-arrowsmobile=\"true\" data-fade=\"true\" data-draggable=\"true\" data-infinite=\"true\" data-autoplay=\"true\" data-pauseonfocus=\"true\" data-pauseonhover=\"true\" data-speed=\"2000\" data-autoplayspeed=\"2000\" data-arrowspositiondesktop=\"gutentor-slick-a-default-desktop\">\n<div id=\"col-gm70391c\" class=\"wp-block-gutentor-m5-col col-gm70391c gutentor-slider-item\"><div id=\"section-gm70391c\" class=\"section-gm70391c gutentor-col-wrap has-image-normal has-custom-bg\"><img decoding=\"async\" data-src=\"https:\/\/alianca.org.br\/site\/wp-content\/uploads\/2024\/10\/Slide1.jpg\" alt=\"\" src=\"data:image\/svg+xml;base64,PHN2ZyB3aWR0aD0iMSIgaGVpZ2h0PSIxIiB4bWxucz0iaHR0cDovL3d3dy53My5vcmcvMjAwMC9zdmciPjwvc3ZnPg==\" class=\"lazyload\" style=\"--smush-placeholder-width: 1280px; --smush-placeholder-aspect-ratio: 1280\/720;\" \/><div class=\"gutentor-slider-caption\"><div class=\"grid-container\"><\/div><\/div><\/div><\/div>\n\n\n\n<div id=\"col-gm27c90c\" class=\"wp-block-gutentor-m5-col col-gm27c90c gutentor-slider-item\"><div id=\"section-gm27c90c\" class=\"section-gm27c90c gutentor-col-wrap has-image-normal has-custom-bg\"><img decoding=\"async\" data-src=\"https:\/\/alianca.org.br\/site\/wp-content\/uploads\/2024\/10\/Slide2.jpg\" alt=\"\" src=\"data:image\/svg+xml;base64,PHN2ZyB3aWR0aD0iMSIgaGVpZ2h0PSIxIiB4bWxucz0iaHR0cDovL3d3dy53My5vcmcvMjAwMC9zdmciPjwvc3ZnPg==\" class=\"lazyload\" style=\"--smush-placeholder-width: 1280px; --smush-placeholder-aspect-ratio: 1280\/720;\" \/><div class=\"gutentor-slider-caption\"><div class=\"grid-container\"><\/div><\/div><\/div><\/div>\n\n\n\n<div id=\"col-gm0bb4a2\" class=\"wp-block-gutentor-m5-col col-gm0bb4a2 gutentor-slider-item\"><div id=\"section-gm0bb4a2\" class=\"section-gm0bb4a2 gutentor-col-wrap has-image-normal has-custom-bg\"><img decoding=\"async\" data-src=\"https:\/\/alianca.org.br\/site\/wp-content\/uploads\/2024\/10\/Slide3.jpg\" alt=\"\" src=\"data:image\/svg+xml;base64,PHN2ZyB3aWR0aD0iMSIgaGVpZ2h0PSIxIiB4bWxucz0iaHR0cDovL3d3dy53My5vcmcvMjAwMC9zdmciPjwvc3ZnPg==\" class=\"lazyload\" style=\"--smush-placeholder-width: 1280px; --smush-placeholder-aspect-ratio: 1280\/720;\" \/><div class=\"gutentor-slider-caption\"><div class=\"grid-container\"><\/div><\/div><\/div><\/div>\n\n\n\n<div id=\"col-gmb93055\" class=\"wp-block-gutentor-m5-col col-gmb93055 gutentor-slider-item\"><div id=\"section-gmb93055\" class=\"section-gmb93055 gutentor-col-wrap has-image-normal has-custom-bg\"><img decoding=\"async\" data-src=\"https:\/\/alianca.org.br\/site\/wp-content\/uploads\/2024\/10\/Slide4.jpg\" alt=\"\" src=\"data:image\/svg+xml;base64,PHN2ZyB3aWR0aD0iMSIgaGVpZ2h0PSIxIiB4bWxucz0iaHR0cDovL3d3dy53My5vcmcvMjAwMC9zdmciPjwvc3ZnPg==\" class=\"lazyload\" style=\"--smush-placeholder-width: 1280px; --smush-placeholder-aspect-ratio: 1280\/720;\" \/><div class=\"gutentor-slider-caption\"><div class=\"grid-container\"><\/div><\/div><\/div><\/div>\n<\/div><\/section>\n<\/div>\n<\/div>\n\n\n\n<div style=\"height:32px\" aria-hidden=\"true\" class=\"wp-block-spacer\"><\/div>\n\n\n\n<div class=\"wp-block-media-text alignwide is-stacked-on-mobile has-vivid-cyan-blue-color has-text-color\" style=\"grid-template-columns:18% auto\"><figure class=\"wp-block-media-text__media\"><img fetchpriority=\"high\" decoding=\"async\" width=\"190\" height=\"272\" src=\"https:\/\/alianca.org.br\/site\/wp-content\/uploads\/2023\/04\/imagem-Livro-Assist.-Esp.-PR-1.jpg\" alt=\"\" class=\"wp-image-20950 size-full\"\/><\/figure><div class=\"wp-block-media-text__content\">\n<p class=\"has-black-color has-text-color has-large-font-size\">Assist\u00eancia Espiritual e Mediunidade &#8211; Perguntas e Respostas<\/p>\n\n\n\n<p class=\"has-black-color has-text-color has-medium-font-size\">O presente trabalho foi elaborado tendo como foco principal as atividades adotadas pelos centros esp\u00edritas que adotam os programas da Alian\u00e7a Esp\u00edrita Evang\u00e9lica. <\/p>\n\n\n\n<p class=\"has-black-color has-text-color has-medium-font-size\">Mas, sem d\u00favida, pode ser consultado por irm\u00e3os de outros segmentos esp\u00edritas, os quais saber\u00e3o distinguir entre as especificidades quanto \u00e0 forma de conduzir, organizar e administrar as atividades de assist\u00eancia espiritual e mediunidade caracter\u00edsticas dos v\u00e1rios m\u00e9todos de trabalho volunt\u00e1rio em nossa Doutrina.<\/p>\n\n\n\n<p class=\"has-black-color has-text-color has-medium-font-size\">Tais leitores notar\u00e3o, por\u00e9m, nos seus fundamentos, a perfeita identidade com o compromisso Esp\u00edrita no campo da mediunidade conforme o legado de Kardec, reafirmado por Edgard Armond na cria\u00e7\u00e3o dos cursos de desenvolvimento medi\u00fanico e da assist\u00eancia espiritual aos necessitados. <\/p>\n\n\n\n<p class=\"has-black-color has-text-color has-medium-font-size\">Incont\u00e1vel \u00e9 o n\u00famero de obras sobre o tema Mediunidade, produzidas por Esp\u00edritos encarnados e desencarnados de elevad\u00edssima envergadura e insuper\u00e1vel compet\u00eancia. A v\u00e1rias delas recorremos como preciosa e inesgot\u00e1vel fonte que s\u00e3o.<\/p>\n\n\n\n<p class=\"has-black-color has-text-color has-medium-font-size\">A n\u00f3s, apenas coube procurar contribuir, despretensiosamente, para a melhoria do entendimento e da pr\u00e1tica da &#8220;mediunidade com Jesus&#8221; nas tarefas da Assist\u00eancia Espiritual, Cursos de M\u00e9diuns, Capacita\u00e7\u00e3o de Dirigentes, Grupos Medi\u00fanicos e demais setores das casas de nossa Alian\u00e7a.<\/p>\n<\/div><\/div>\n","protected":false},"excerpt":{"rendered":"<p>&nbsp; Assist\u00eancia Espiritual e Mediunidade &#8211; Perguntas e Respostas O presente trabalho foi elaborado tendo como foco principal as atividades adotadas pelos centros esp\u00edritas que adotam os programas da Alian\u00e7a Esp\u00edrita Evang\u00e9lica. Mas, sem d\u00favida, pode ser consultado por irm\u00e3os de outros segmentos esp\u00edritas, os quais saber\u00e3o distinguir entre as especificidades quanto \u00e0 forma de [&hellip;]<\/p>\n","protected":false},"author":1,"featured_media":0,"parent":0,"menu_order":0,"comment_status":"closed","ping_status":"closed","template":"page-templates\/template-builder.php","meta":{"om_disable_all_campaigns":false,"_monsterinsights_skip_tracking":false,"_monsterinsights_sitenote_active":false,"_monsterinsights_sitenote_note":"","_monsterinsights_sitenote_category":0,"footnotes":""},"class_list":["post-648","page","type-page","status-publish","hentry"],"aioseo_notices":[],"_links":{"self":[{"href":"https:\/\/alianca.org.br\/site\/wp-json\/wp\/v2\/pages\/648","targetHints":{"allow":["GET"]}}],"collection":[{"href":"https:\/\/alianca.org.br\/site\/wp-json\/wp\/v2\/pages"}],"about":[{"href":"https:\/\/alianca.org.br\/site\/wp-json\/wp\/v2\/types\/page"}],"author":[{"embeddable":true,"href":"https:\/\/alianca.org.br\/site\/wp-json\/wp\/v2\/users\/1"}],"replies":[{"embeddable":true,"href":"https:\/\/alianca.org.br\/site\/wp-json\/wp\/v2\/comments?post=648"}],"version-history":[{"count":0,"href":"https:\/\/alianca.org.br\/site\/wp-json\/wp\/v2\/pages\/648\/revisions"}],"wp:attachment":[{"href":"https:\/\/alianca.org.br\/site\/wp-json\/wp\/v2\/media?parent=648"}],"curies":[{"name":"wp","href":"https:\/\/api.w.org\/{rel}","templated":true}]}}