{"id":651,"date":"2022-02-07T12:55:28","date_gmt":"2022-02-07T15:55:28","guid":{"rendered":"https:\/\/alianca.org.br\/site\/?page_id=651"},"modified":"2023-07-02T22:15:44","modified_gmt":"2023-07-03T01:15:44","slug":"equipe-eaed","status":"publish","type":"page","link":"https:\/\/alianca.org.br\/site\/equipe-eaed\/","title":{"rendered":"EAED &#8211; Escola de Aprendizes do Evangelho a Dist\u00e2ncia"},"content":{"rendered":"\n<p class=\"has-text-align-left has-black-color has-text-color\" style=\"font-size:16px\"> a equipe de <strong>Escola de Aprendizes do Evangelho a Dist\u00e2ncia<\/strong> \u00e9 destinados a pessoas com&nbsp;impossibilidades reais de frequentar presencialmente&nbsp;uma escola: pessoas no exterior, em hospitais, cl\u00ednicas,&nbsp;pres\u00eddios, no caso de absoluta impossibilidade de&nbsp;locomo\u00e7\u00e3o ou que trabalhem em rod\u00edzio permanente de&nbsp;hor\u00e1rios.<\/p>\n\n\n\n<p class=\"has-black-color has-text-color\" style=\"font-size:16px\">A metodologia \u00e9 a mesma utilizada nos cursos&nbsp;presenciais com um programa e atividades, com a&nbsp;metodologia adaptada para o ensino a dist\u00e2ncia, com&nbsp;aulas ministradas atrav\u00e9s de cartas, e-mail ou uso de&nbsp;programas via internet, para pequenos grupos ou&nbsp;individualmente.<\/p>\n\n\n\n<h2 class=\"has-medium-font-size wp-block-heading\"><strong>Depoimentos<\/strong><\/h2>\n\n\n\n<p class=\"has-black-color has-text-color\" style=\"font-size:16px\">&nbsp;&nbsp;&nbsp;&nbsp;&nbsp;&nbsp;&nbsp;&nbsp;&nbsp;&nbsp;&nbsp;&nbsp;&nbsp;&nbsp;&nbsp; No trabalho da Escola de Aprendizes do Evangelho a Dist\u00e2ncia, em muitos momentos vivenciamos acontecimentos t\u00e3o sens\u00edveis como este, em que a palavra escrita tem o poder de salvar uma vida. Colhemos alguns que passamos a relatar como exemplos dos muitos depoimentos que recebemos<\/p>\n\n\n\n<p class=\"has-black-color has-text-color\" style=\"font-size:16px\"><em>&nbsp;&nbsp;&nbsp;&nbsp;&nbsp;&nbsp;&nbsp;&nbsp;&nbsp;&nbsp;&nbsp;&nbsp;&nbsp;&nbsp;&nbsp;&nbsp;&nbsp; \u201c&#8230;Queridos irm\u00e3os, que a paz de Jesus lhes envolva hoje e sempre.<\/em><\/p>\n\n\n\n<p class=\"has-black-color has-text-color\" style=\"font-size:16px\"><em>\u00c9 com muita emo\u00e7\u00e3o que venho neste momento pedir para participar do grupo de EAE a dist\u00e2ncia.Fui aluna de um Centro da Alian\u00e7a, infelizmente n\u00e3o consegui acompanhar a turma como gostaria&#8230; participei da caravana e do grupo de ora\u00e7\u00e3o e participei do grupo de eventos&#8230; iniciei o curso de passe, mas devido minhas condi\u00e7\u00f5es f\u00edsicas tive que me afastar do curso, por causa das interna\u00e7\u00f5es.<\/em><\/p>\n\n\n\n<p class=\"has-black-color has-text-color\" style=\"font-size:16px\"><em>&nbsp;&nbsp;&nbsp;&nbsp;&nbsp;&nbsp;&nbsp;&nbsp;&nbsp;&nbsp;&nbsp;&nbsp;&nbsp;&nbsp;&nbsp;&nbsp;&nbsp; Eu tenho miopatia mitocondrial, atrofia \u00f3ptica, atrofia nas m\u00e3os e perna direita, epilepsia e oftalmoplegia.<\/em><\/p>\n\n\n\n<p class=\"has-black-color has-text-color\" style=\"font-size:16px\"><em>&nbsp;&nbsp;&nbsp;&nbsp;&nbsp;&nbsp;&nbsp;&nbsp;&nbsp;&nbsp;&nbsp;&nbsp;&nbsp;&nbsp;&nbsp;&nbsp;&nbsp; As interna\u00e7\u00f5es diminu\u00edram muito&#8230; antes corria ao hospital quando tinha convuls\u00e3o, pois sou muito sens\u00edvel \u00e0 medica\u00e7\u00e3o. Hoje, diz o m\u00e9dico, que at\u00e9 dez convuls\u00f5es por dia ser\u00e1 normal no meu estado.<\/em><\/p>\n\n\n\n<p class=\"has-black-color has-text-color\" style=\"font-size:16px\"><em>&nbsp;&nbsp;&nbsp;&nbsp;&nbsp;&nbsp;&nbsp;&nbsp;&nbsp;&nbsp;&nbsp;&nbsp;&nbsp;&nbsp;&nbsp;&nbsp;&nbsp;&nbsp; E quando me sinto mal, me deito, tento me acalmar e espero a &#8220;crise&#8221; passar. As vezes tenho uma convuls\u00e3o atr\u00e1s da outra e chego a ficar o dia todo deitada e procuro orar e relaxar para assim melhorar.<\/em><\/p>\n\n\n\n<p class=\"has-black-color has-text-color\" style=\"font-size:16px\"><em>&nbsp;&nbsp;&nbsp;&nbsp;&nbsp;&nbsp;&nbsp;&nbsp;&nbsp;&nbsp;&nbsp;&nbsp;&nbsp;&nbsp;&nbsp;&nbsp;&nbsp; Servi\u00e7o caseiro faz dois anos que n\u00e3o fa\u00e7o, mas aprendi a ser \u00fatil de outras formas. Tenho duas filhas, uma de 7 anos e outra de 14 anos.<\/em><\/p>\n\n\n\n<p class=\"has-black-color has-text-color\" style=\"font-size:16px\"><em>Embora saiba que esse curso \u00e0 dist\u00e2ncia \u00e9 todo escrito e, apesar de digitar apenas com 2 dedos, eu quero participar<\/em><\/p>\n\n\n\n<p class=\"has-black-color has-text-color\" style=\"font-size:16px\"><em>&nbsp;&nbsp;&nbsp;&nbsp;&nbsp;&nbsp;&nbsp;&nbsp;&nbsp;&nbsp;&nbsp;&nbsp;&nbsp;&nbsp;&nbsp;&nbsp;&nbsp; Hoje mais madura e com minhas filhas tamb\u00e9m participando do Espiritismo, quero caminhar e dar a m\u00e3o para ajudar, meu objetivo \u00e9 me melhorar interiormente para poder ajudar meu pr\u00f3ximo. Me desculpem eu teclo com dois dedos e mal enxergo, se caso sair alguma coisa errada me perdoem.<\/em><\/p>\n\n\n\n<p class=\"has-black-color has-text-color\" style=\"font-size:16px\"><em>&nbsp;&nbsp;&nbsp;&nbsp;&nbsp;&nbsp;&nbsp;&nbsp;&nbsp;&nbsp;&nbsp;&nbsp;&nbsp;&nbsp;&nbsp; Outra coisa, se por algum motivo eu &#8220;sumir&#8221; \u00e9 porque estou internada, n\u00e3o fiquem preocupados.<\/em><\/p>\n\n\n\n<p class=\"has-black-color has-text-color\" style=\"font-size:16px\"><em>&nbsp;&nbsp;&nbsp;&nbsp;&nbsp;&nbsp;&nbsp;&nbsp;&nbsp;&nbsp;&nbsp;&nbsp;&nbsp;&nbsp;&nbsp; Bom meus amigos \u00e9 isso, tento seguir em frente, afinal de contas vim aqui na Terra para trabalhar n\u00e3o \u00e9?<\/em><\/p>\n\n\n\n<p class=\"has-black-color has-text-color\" style=\"font-size:16px\"><em>&nbsp;&nbsp;&nbsp;&nbsp;&nbsp;&nbsp;&nbsp;&nbsp;&nbsp;&nbsp;&nbsp;&nbsp;&nbsp;&nbsp;&nbsp; Que Deus os ilumine sempre! &#8230;\u201d<\/em><\/p>\n\n\n\n<p class=\"has-black-color has-text-color\" style=\"font-size:16px\">para mais informa\u00e7\u00f5es contate nos pela secretaria da alian\u00e7a  ou pelo email  da equipe    eaed@equipesalianca.org.br <\/p>\n","protected":false},"excerpt":{"rendered":"<p>Escola de Aprendizes do Evangelho a Dist\u00e2ncia \u00e9 destinados a pessoas com\u00a0impossibilidades reais de frequentar presencialmente\u00a0uma escola<\/p>\n","protected":false},"author":1,"featured_media":0,"parent":0,"menu_order":0,"comment_status":"closed","ping_status":"closed","template":"","meta":{"om_disable_all_campaigns":false,"_monsterinsights_skip_tracking":false,"_monsterinsights_sitenote_active":false,"_monsterinsights_sitenote_note":"","_monsterinsights_sitenote_category":0,"footnotes":""},"class_list":["post-651","page","type-page","status-publish","hentry"],"aioseo_notices":[],"_links":{"self":[{"href":"https:\/\/alianca.org.br\/site\/wp-json\/wp\/v2\/pages\/651","targetHints":{"allow":["GET"]}}],"collection":[{"href":"https:\/\/alianca.org.br\/site\/wp-json\/wp\/v2\/pages"}],"about":[{"href":"https:\/\/alianca.org.br\/site\/wp-json\/wp\/v2\/types\/page"}],"author":[{"embeddable":true,"href":"https:\/\/alianca.org.br\/site\/wp-json\/wp\/v2\/users\/1"}],"replies":[{"embeddable":true,"href":"https:\/\/alianca.org.br\/site\/wp-json\/wp\/v2\/comments?post=651"}],"version-history":[{"count":0,"href":"https:\/\/alianca.org.br\/site\/wp-json\/wp\/v2\/pages\/651\/revisions"}],"wp:attachment":[{"href":"https:\/\/alianca.org.br\/site\/wp-json\/wp\/v2\/media?parent=651"}],"curies":[{"name":"wp","href":"https:\/\/api.w.org\/{rel}","templated":true}]}}