{"id":653,"date":"2022-02-07T12:58:43","date_gmt":"2022-02-07T15:58:43","guid":{"rendered":"https:\/\/alianca.org.br\/site\/?page_id=653"},"modified":"2025-10-26T18:18:22","modified_gmt":"2025-10-26T21:18:22","slug":"equipe-eae-fdj","status":"publish","type":"page","link":"https:\/\/alianca.org.br\/site\/equipe-eae-fdj\/","title":{"rendered":"Equipe EAE\/FDJ &#8211; Escola de Aprendizes do Evangelho\/FDJ"},"content":{"rendered":"<p>Site<\/p>\n\n\n<p><a href=\"https:\/\/sites.google.com\/alianca.org.br\/projetoeaefdj\">https:\/\/sites.google.com\/alianca.org.br\/projetoeaefdj<\/a><\/p>\n\n\n\n<div style=\"height:100px\" aria-hidden=\"true\" class=\"wp-block-spacer\"><\/div>\n\n\n<div class=\"wp-classic-menu-block menu2  \"><ul id=\"menu-primario-2\" class=\"menu\"><li id=\"menu-item-30060\" class=\"menu-item menu-item-type-post_type menu-item-object-page menu-item-30060\"><a href=\"https:\/\/alianca.org.br\/site\/revisao-eae\/\">Revis\u00e3o EAE<\/a><\/li>\n<li id=\"menu-item-30061\" class=\"menu-item menu-item-type-post_type menu-item-object-page menu-item-30061\"><a href=\"https:\/\/alianca.org.br\/site\/tradicao-espiritual\/\">Tradi\u00e7\u00e3o Espiritual<\/a><\/li>\n<li id=\"menu-item-30062\" class=\"menu-item menu-item-type-post_type menu-item-object-page menu-item-30062\"><a href=\"https:\/\/alianca.org.br\/site\/carater-iniciatico-da-eae\/\">Car\u00e1ter Inici\u00e1tico da EAE<\/a><\/li>\n<li id=\"menu-item-30063\" class=\"menu-item menu-item-type-post_type menu-item-object-page menu-item-30063\"><a href=\"https:\/\/alianca.org.br\/site\/https-alianca-org-br-site-wp-content-uploads-2022-06-novo-curso-basico-julho-2022-para-download-pdf\/\">Curso B\u00e1sico<\/a><\/li>\n<li id=\"menu-item-30064\" class=\"menu-item menu-item-type-post_type menu-item-object-page menu-item-30064\"><a href=\"https:\/\/alianca.org.br\/site\/equipe-eae-fdj\/\">Equipe EAE\/FDJ<\/a><\/li>\n<li id=\"menu-item-30065\" class=\"menu-item menu-item-type-post_type menu-item-object-page menu-item-30065\"><a href=\"https:\/\/alianca.org.br\/site\/passagem-de-grau-aprendiz-e-servidor\/\">Grau \u2013 Aprendiz e Servidor<\/a><\/li>\n<li id=\"menu-item-30066\" class=\"menu-item menu-item-type-post_type menu-item-object-page menu-item-30066\"><a href=\"https:\/\/alianca.org.br\/site\/passagem-de-grau-discipulo-periodo-probatorio-e-escola-continuada\/\">Grau \u2013 Disc\u00edpulo<\/a><\/li>\n<li id=\"menu-item-30067\" class=\"menu-item menu-item-type-post_type menu-item-object-page menu-item-30067\"><a href=\"https:\/\/alianca.org.br\/site\/programa-de-melhoria-de-dirigentes-e-expositores\/\">PMDE- Dir e Facilitadores<\/a><\/li>\n<li id=\"menu-item-30068\" class=\"menu-item menu-item-type-post_type menu-item-object-page menu-item-30068\"><a href=\"https:\/\/alianca.org.br\/site\/referencias-bibliograficas\/\">Bibliogr\u00e1fia<\/a><\/li>\n<li id=\"menu-item-30114\" class=\"menu-item menu-item-type-post_type menu-item-object-page menu-item-30114\"><a href=\"https:\/\/alianca.org.br\/site\/ambiente-mistico-2\/\">Ambiente M\u00edstico<\/a><\/li>\n<li id=\"menu-item-30115\" class=\"menu-item menu-item-type-post_type menu-item-object-page menu-item-30115\"><a href=\"https:\/\/alianca.org.br\/site\/fdj\/\">FDJ<\/a><\/li>\n<li id=\"menu-item-30116\" class=\"menu-item menu-item-type-post_type menu-item-object-page menu-item-30116\"><a href=\"https:\/\/alianca.org.br\/site\/reforma-intima-compromisso-com-a-evangelizacao-do-ser\/\">Reforma \u00cdntima<\/a><\/li>\n<\/ul><\/div>\n\n\n<h1 class=\"wp-block-heading has-text-align-center\">Escola de Aprendizes do Evangelho<\/h1>\n\n\n\n<figure class=\"wp-block-image\"><img decoding=\"async\" data-src=\"https:\/\/alianca.org.br\/site\/wp-content\/uploads\/2022\/10\/Slide50.jpg\" alt=\"\" src=\"data:image\/svg+xml;base64,PHN2ZyB3aWR0aD0iMSIgaGVpZ2h0PSIxIiB4bWxucz0iaHR0cDovL3d3dy53My5vcmcvMjAwMC9zdmciPjwvc3ZnPg==\" class=\"lazyload\" \/><\/figure>\n\n\n\n<h2 class=\"wp-block-heading marg-10\">O QUE \u00c9 A ESCOLA DE APRENDIZES DO EVANGELHO<\/h2>\n\n\n\n<p class=\"marg-10 has-medium-font-size\">\u00c9 um programa organizado para proporcionar a viv\u00eancia do Cristianismo como proposta essencial de aperfei\u00e7oamento moral da Humanidade atrav\u00e9s da Reforma \u00cdntima do ser. Busca a renova\u00e7\u00e3o do homem em seus sentimentos, pensamentos e atitudes, proporcionando-lhe experi\u00eancias de verdadeiro autoconhecimento e despertamento de seus ideais divinos. N\u00e3o se trata de um curso como habitualmente se entende a partir da palavra \u201cescola\u201d, mas sim de um processo de Inicia\u00e7\u00e3o Espiritual baseado no Evangelho de Jesus, entendido como a forma mais pura de vivenciar a proposta religiosa do Espiritismo para o Bem da Humanidade.<\/p>\n\n\n\n<h2 class=\"wp-block-heading marg-10\">QUAIS S\u00c3O SUAS FINALIDADES<\/h2>\n\n\n\n<p class=\"marg-10 has-medium-font-size\">As Escolas de Aprendizes do Evangelho preparam e purificam os esp\u00edritos para o ingresso em vidas mais perfeitas, na comunh\u00e3o de todos os dias com Deus, despertando a consci\u00eancia interna para que vibre em sintonia com os planos espirituais mais elevados.<\/p>\n\n\n\n<p class=\"marg-10 has-medium-font-size\">N\u00e3o \u00e9 um curso comum de prepara\u00e7\u00e3o te\u00f3rica, mas a oportunidade que o aprendiz tem para adestrar suas for\u00e7as, sem temor e repres\u00e1lias, ter\u00e7ar armas contra si mesmo, isto \u00e9, contra todas as suas imperfei\u00e7\u00f5es: maus pensamentos, m\u00e1s palavras e m\u00e1s a\u00e7\u00f5es, e provar a si pr\u00f3prio que est\u00e1 combatendo por decis\u00e3o pr\u00f3pria sem engodos ou for\u00e7amentos, visando seu pr\u00f3prio engrandecimento espiritual. <strong>A s\u00edntese dos ensinamentos dados na Escola de Aprendizes do Evangelho, corresponde \u00e0s seguintes metas principais:<\/strong><\/p>\n\n\n\n<p class=\"marg-10 has-medium-font-size\">&nbsp;&nbsp;&nbsp;&nbsp;&nbsp;&nbsp;&nbsp;&nbsp;&nbsp;&nbsp;&nbsp; 1- A conquista da reden\u00e7\u00e3o espiritual pela viv\u00eancia consciente do Evangelho de Jesus.<\/p>\n\n\n\n<p class=\"marg-10 has-medium-font-size\">&nbsp;&nbsp;&nbsp;&nbsp;&nbsp;&nbsp;&nbsp;&nbsp;&nbsp;&nbsp;&nbsp; 2- O conhecimento da exist\u00eancia da m\u00f4nada \u2013 part\u00edcula divina original \u2013 , n\u00facleo espiritual do ser humano a exteriorizar-se permanentemente na autopurifica\u00e7\u00e3o individual.&nbsp;&nbsp;&nbsp;&nbsp;&nbsp;&nbsp;&nbsp;&nbsp;<\/p>\n\n\n\n<p class=\"marg-10 has-medium-font-size\">&nbsp;&nbsp;&nbsp;&nbsp;&nbsp;&nbsp;&nbsp;&nbsp;&nbsp;&nbsp;&nbsp; 3- O meio mais simples de incorporar estas verdades maiores \u00e9 o conhecimento de si mesmo e da exist\u00eancia de Deus em n\u00f3s, na forma dessa luz interna, independente do arcabou\u00e7o f\u00edsico formador da personalidade exterior, mundana, transit\u00f3ria.<\/p>\n\n\n\n<p class=\"marg-10 has-medium-font-size\">&nbsp;&nbsp;&nbsp;&nbsp;&nbsp;&nbsp;&nbsp;&nbsp;&nbsp;&nbsp;&nbsp; 4- A consci\u00eancia dessa nossa exist\u00eancia em Deus, como reflexo luminoso e vivo que d\u00b4Ele somos, conquanto o ignoremos, \u00e9 uma imensa for\u00e7a evolutiva, que nos d\u00e1 seguran\u00e7a e nos impulsiona decididamente para as realiza\u00e7\u00f5es construtivas do Esp\u00edrito, hoje e no futuro pr\u00f3ximo.&nbsp;&nbsp;&nbsp;&nbsp;&nbsp;&nbsp;&nbsp;&nbsp;&nbsp;&nbsp;&nbsp;&nbsp;&nbsp;&nbsp;<\/p>\n\n\n\n<p class=\"marg-10 has-medium-font-size\">&nbsp;&nbsp;&nbsp;&nbsp;&nbsp;&nbsp;&nbsp;&nbsp;&nbsp;&nbsp;&nbsp; 5- Os nossos pensamentos, palavras e atos s\u00e3o percebidos por essa presen\u00e7a divina e imanente e registrados pela luz et\u00e9rea, que assegura a atualiza\u00e7\u00e3o perfeita e ass\u00eddua dos arquivos da eternidade. Jesus dizia: \u201cN\u00e3o sou eu quem falo, mas o Pai que est\u00e1 em mim\u201d. Com essa frase expressava uma verdade eterna e universal, dentro da qual vivemos, no mais das vezes inconscientemente.<\/p>\n\n\n\n<p class=\"marg-10 has-medium-font-size\">&nbsp;&nbsp;&nbsp;&nbsp;&nbsp;&nbsp;&nbsp;&nbsp;&nbsp;&nbsp;&nbsp; 6- Essa conscientiza\u00e7\u00e3o de Deus em n\u00f3s, por si s\u00f3 far\u00e1 do aprendiz um verdadeiro disc\u00edpulo no momento mesmo em que ela se efetivar no seu mundo interno; e se essa conscientiza\u00e7\u00e3o for sincera e profunda, integrar\u00e1 logo o disc\u00edpulo na eternidade do seu destino sem possibilidade de retrocesso. Tal \u00e9 o poder que possui a part\u00edcula divina de desencadear em si mesma sentimentos do Bem e do Amor universal que nela existem em potencial desde sua cria\u00e7\u00e3o na mente divina!&nbsp;&nbsp;&nbsp;&nbsp;&nbsp;&nbsp;&nbsp;&nbsp;&nbsp; &nbsp;&nbsp;&nbsp;&nbsp;&nbsp;&nbsp;&nbsp;&nbsp;&nbsp;&nbsp;&nbsp;&nbsp;&nbsp;&nbsp;&nbsp;&nbsp;&nbsp;&nbsp;&nbsp;&nbsp;&nbsp;&nbsp;&nbsp;&nbsp;&nbsp;&nbsp;&nbsp;&nbsp;&nbsp;&nbsp;&nbsp;&nbsp;&nbsp;&nbsp;&nbsp;&nbsp;&nbsp;&nbsp;&nbsp;&nbsp;&nbsp;&nbsp;&nbsp;&nbsp;&nbsp;&nbsp;&nbsp;&nbsp;&nbsp;&nbsp;&nbsp;&nbsp;&nbsp;&nbsp;&nbsp;&nbsp;&nbsp;&nbsp; &nbsp;&nbsp;&nbsp;&nbsp;&nbsp;&nbsp;&nbsp;&nbsp;&nbsp; (Falando ao Cora\u00e7\u00e3o, Edgard Armond)<\/p>\n","protected":false},"excerpt":{"rendered":"<p>a E.A.E \u00e9 um programa organizado para proporcionar, viv\u00eancia e aperfei\u00e7oamento moral da humanidade atrav\u00e9s da reforma \u00edntima do ser. <\/p>\n","protected":false},"author":1,"featured_media":0,"parent":0,"menu_order":0,"comment_status":"closed","ping_status":"closed","template":"page-templates\/template-builder.php","meta":{"om_disable_all_campaigns":false,"_monsterinsights_skip_tracking":false,"_monsterinsights_sitenote_active":false,"_monsterinsights_sitenote_note":"","_monsterinsights_sitenote_category":0,"footnotes":""},"class_list":["post-653","page","type-page","status-publish","hentry"],"aioseo_notices":[],"_links":{"self":[{"href":"https:\/\/alianca.org.br\/site\/wp-json\/wp\/v2\/pages\/653","targetHints":{"allow":["GET"]}}],"collection":[{"href":"https:\/\/alianca.org.br\/site\/wp-json\/wp\/v2\/pages"}],"about":[{"href":"https:\/\/alianca.org.br\/site\/wp-json\/wp\/v2\/types\/page"}],"author":[{"embeddable":true,"href":"https:\/\/alianca.org.br\/site\/wp-json\/wp\/v2\/users\/1"}],"replies":[{"embeddable":true,"href":"https:\/\/alianca.org.br\/site\/wp-json\/wp\/v2\/comments?post=653"}],"version-history":[{"count":0,"href":"https:\/\/alianca.org.br\/site\/wp-json\/wp\/v2\/pages\/653\/revisions"}],"wp:attachment":[{"href":"https:\/\/alianca.org.br\/site\/wp-json\/wp\/v2\/media?parent=653"}],"curies":[{"name":"wp","href":"https:\/\/api.w.org\/{rel}","templated":true}]}}