{"id":664,"date":"2022-02-07T17:20:35","date_gmt":"2022-02-07T20:20:35","guid":{"rendered":"https:\/\/alianca.org.br\/site\/?page_id=664"},"modified":"2025-05-25T22:33:27","modified_gmt":"2025-05-26T01:33:27","slug":"equipe-apoio-ao-exterior","status":"publish","type":"page","link":"https:\/\/alianca.org.br\/site\/equipe-apoio-ao-exterior\/","title":{"rendered":"Equipe Apoio ao Exterior"},"content":{"rendered":"\n<h2 class=\"wp-block-heading has-text-align-center\"><\/h2>\n\n\n\n<h2 class=\"wp-block-heading has-text-align-center\"><strong>Locais onde a Alian\u00e7a esta presente<\/strong><\/h2>\n\n\n\n<section id=\"gmbbfb948\" class=\"wp-block-gutentor-m4 section-gmbbfb948 gutentor-module gutentor-advanced-columns\"><div class=\"grid-container\"><div class=\"grid-row\">\n<div id=\"col-gm549b97\" class=\"wp-block-gutentor-m4-col col-gm549b97 gutentor-single-column  grid-lg-4 grid-md-12 grid-12\"><div id=\"section-gm549b97\" class=\"section-gm549b97 gutentor-col-wrap\">\n<p class=\"has-black-color has-text-color has-medium-font-size\">Onde voc\u00ea estiver, conte com o apoio da Alian\u00e7a.<\/p>\n\n\n\n<p class=\"has-black-color has-text-color has-medium-font-size\">Entre em contato  pelos canais dispon\u00edveis, (email, WhatsApp, telefone).<\/p>\n\n\n\n<p class=\"has-black-color has-text-color has-medium-font-size\">Nossas equipes de apoio estar\u00e3o sempre \u00e0 disposi\u00e7\u00e3o.<\/p>\n<\/div><\/div>\n\n\n\n<div id=\"col-gm93c3ec\" class=\"wp-block-gutentor-m4-col col-gm93c3ec gutentor-single-column  grid-lg-4 grid-md-12 grid-12\"><div id=\"section-gm93c3ec\" class=\"section-gm93c3ec gutentor-col-wrap has-color-bg has-custom-bg has-gutentor-overlay\">\n<h1 class=\"wp-block-heading has-text-align-center has-black-color has-text-color has-medium-font-size\"><strong><a href=\"https:\/\/docs.google.com\/forms\/d\/e\/1FAIpQLSdHJSPFL5b7nEtuUV9GEaDabI9yzKtYMJ-sDDtHzxRdHvJRZA\/viewform\">Formulaire d&#8217;Inscription Expos\u00e9 Spirite &#8211; Gespe<\/a><\/strong><\/h1>\n\n\n\n<p class=\"has-black-color has-text-color has-medium-font-size\">&nbsp;Bonjour et bienvenue,<\/p>\n\n\n\n<p class=\"has-black-color has-text-color has-medium-font-size\">Nous avons le plaisir de vous annoncer le nouveau cours sur les th\u00e9matiques de la Philosophie Spirite.&nbsp;<\/p>\n\n\n\n<p class=\"has-black-color has-text-color has-medium-font-size\">Ce cours est totalement gratuit. Il est interactif et votre participation se fait par une salle de r\u00e9union en ligne qui fournit un environnement d&#8217;\u00e9tude et de partage d&#8217;id\u00e9es.&nbsp;<\/p>\n\n\n\n<p class=\"has-black-color has-text-color has-medium-font-size\">Le cours aura lieu tous les mercredis soir de 20h30 \u00e0 22h.&nbsp;<\/p>\n\n\n\n<p class=\"has-black-color has-text-color has-medium-font-size\">Pour y participer, il suffit de remplir ce formulaire.&nbsp;Ensuite, le coordinateur du cours vous contactera par e-mail ou WhatsApp afin de vous transmettre tous les d\u00e9tails (date de d\u00e9but, r\u00e9f\u00e9rences bibliographiques \u00e0 suivre, acc\u00e8s \u00e0 la salle de r\u00e9union en ligne).&nbsp;<\/p>\n\n\n\n<p class=\"has-black-color has-text-color has-medium-font-size\">Pour suivre le cours, vous devez avoir acc\u00e8s \u00e0 internet pendant une heure et demie sur votre portable ou ordinateur afin d&#8217;acc\u00e9der \u00e0 la salle de r\u00e9union en ligne de Google Meet.&nbsp;Le d\u00e9but des cours est pr\u00e9vu le18 janvier 2023.&nbsp;Pour plus d&#8217;informations, contactez nous&nbsp; par e-mail \u00e0 l&#8217;adresse:&nbsp;&nbsp;<a href=\"mailto:gespe@centrosalianca.or.br\">gespe@centrosalianca.org.br<\/a><\/p>\n<\/div><\/div>\n\n\n\n<div id=\"col-gm368664\" class=\"wp-block-gutentor-m4-col col-gm368664 gutentor-single-column  grid-lg-4 grid-md-12 grid-12\"><div id=\"section-gm368664\" class=\"section-gm368664 gutentor-col-wrap\">\n<h2 class=\"wp-block-heading has-text-align-center has-black-color has-text-color\">Nossa presen\u00e7a no mundo<\/h2>\n\n\n\n<div id=\"section-g23d4a5\" class=\"wp-block-gutentor-e6 section-g23d4a5 gutentor-element gutentor-element-image\"><div class=\"gutentor-element-image-box\"><div class=\"gutentor-image-thumb\"><img decoding=\"async\" class=\"normal-image lazyload\" data-src=\"https:\/\/alianca.org.br\/site\/wp-content\/uploads\/2022\/12\/no-mundo.jpg\" src=\"data:image\/svg+xml;base64,PHN2ZyB3aWR0aD0iMSIgaGVpZ2h0PSIxIiB4bWxucz0iaHR0cDovL3d3dy53My5vcmcvMjAwMC9zdmciPjwvc3ZnPg==\" style=\"--smush-placeholder-width: 1280px; --smush-placeholder-aspect-ratio: 1280\/800;\" \/><\/div><\/div><\/div>\n\n\n\n<section id=\"gm25229ca\" class=\"wp-block-gutentor-m0 section-gm25229ca gutentor-module gutentor-module-carousel gutentor-slick-a-default-desktop gutentor-slick-a-default-tablet gutentor-slick-a-default-mobile\"><div class=\"grid-container\"><div class=\"gutentor-module-carousel-row\" data-dots=\"false\" data-dotstablet=\"false\" data-dotsmobile=\"false\" data-arrows=\"true\" data-arrowstablet=\"true\" data-arrowsmobile=\"true\" data-infinite=\"true\" data-autoplay=\"true\" data-draggable=\"true\" data-pauseonfocus=\"true\" data-pauseonhover=\"true\" data-autoplayspeed=\"3307\" data-cmondesktop=\"false\" data-cmontablet=\"false\" data-cmonmobile=\"false\" data-nextarrow=\"fas fa-angle-right\" data-prevarrow=\"fas fa-angle-left\" data-arrowspositiondesktop=\"gutentor-slick-a-default-desktop\" data-arrowspositiontablet=\"gutentor-slick-a-default-tablet\" data-arrowspositionmobile=\"gutentor-slick-a-default-mobile\" data-speed=\"3059\" data-slideitemdesktop=\"1\" data-slideitemtablet=\"3\" data-slideitemmobile=\"2\" data-slidescroll-desktop=\"1\" data-slidescroll-tablet=\"3\" data-slidescroll-mobile=\"2\">\n<div id=\"col-gm74750f\" class=\"wp-block-gutentor-m0-col col-gm74750f gutentor-carousel-item\"><div id=\"section-gm74750f\" class=\"section-gm74750f gutentor-col-wrap\">\n<div id=\"section-g64f86b\" class=\"wp-block-gutentor-e6 section-g64f86b gutentor-element gutentor-element-image\"><div class=\"gutentor-element-image-box\"><div class=\"gutentor-image-thumb\"><img decoding=\"async\" class=\"normal-image lazyload\" data-src=\"https:\/\/alianca.org.br\/site\/wp-content\/uploads\/2023\/07\/Erbach-im-Odenwald-5-1.jpg\" src=\"data:image\/svg+xml;base64,PHN2ZyB3aWR0aD0iMSIgaGVpZ2h0PSIxIiB4bWxucz0iaHR0cDovL3d3dy53My5vcmcvMjAwMC9zdmciPjwvc3ZnPg==\" style=\"--smush-placeholder-width: 2560px; --smush-placeholder-aspect-ratio: 2560\/1706;\" \/><\/div><\/div><\/div>\n<\/div><\/div>\n\n\n\n<div id=\"col-gm4e599a\" class=\"wp-block-gutentor-m0-col col-gm4e599a gutentor-carousel-item\"><div id=\"section-gm4e599a\" class=\"section-gm4e599a gutentor-col-wrap\">\n<div id=\"section-g015c97\" class=\"wp-block-gutentor-e6 section-g015c97 gutentor-element gutentor-element-image\"><div class=\"gutentor-element-image-box\"><div class=\"gutentor-image-thumb\"><img decoding=\"async\" class=\"normal-image lazyload\" data-src=\"https:\/\/alianca.org.br\/site\/wp-content\/uploads\/2023\/07\/Freundeskreis-Allan-Kardec-Frankfurt-Sala-de-Prelecao-scaled.jpg\" src=\"data:image\/svg+xml;base64,PHN2ZyB3aWR0aD0iMSIgaGVpZ2h0PSIxIiB4bWxucz0iaHR0cDovL3d3dy53My5vcmcvMjAwMC9zdmciPjwvc3ZnPg==\" style=\"--smush-placeholder-width: 2560px; --smush-placeholder-aspect-ratio: 2560\/1707;\" \/><\/div><\/div><\/div>\n<\/div><\/div>\n\n\n\n<div id=\"col-gm1d6da2\" class=\"wp-block-gutentor-m0-col col-gm1d6da2 gutentor-carousel-item\"><div id=\"section-gm1d6da2\" class=\"section-gm1d6da2 gutentor-col-wrap\">\n<div id=\"section-g144ff4\" class=\"wp-block-gutentor-e6 section-g144ff4 gutentor-element gutentor-element-image\"><div class=\"gutentor-element-image-box\"><div class=\"gutentor-image-thumb\"><img decoding=\"async\" class=\"normal-image lazyload\" data-src=\"https:\/\/alianca.org.br\/site\/wp-content\/uploads\/2023\/07\/Freundeskreis-Allan-Kardec-Frankfurt-recepcao-scaled.jpg\" src=\"data:image\/svg+xml;base64,PHN2ZyB3aWR0aD0iMSIgaGVpZ2h0PSIxIiB4bWxucz0iaHR0cDovL3d3dy53My5vcmcvMjAwMC9zdmciPjwvc3ZnPg==\" style=\"--smush-placeholder-width: 2560px; --smush-placeholder-aspect-ratio: 2560\/1707;\" \/><\/div><\/div><\/div>\n<\/div><\/div>\n\n\n\n<div id=\"col-gm4f9189\" class=\"wp-block-gutentor-m0-col col-gm4f9189 gutentor-carousel-item\"><div id=\"section-gm4f9189\" class=\"section-gm4f9189 gutentor-col-wrap\">\n<div id=\"section-g46bab1\" class=\"wp-block-gutentor-e6 section-g46bab1 gutentor-element gutentor-element-image\"><div class=\"gutentor-element-image-box\"><div class=\"gutentor-image-thumb\"><img decoding=\"async\" class=\"normal-image lazyload\" data-src=\"https:\/\/alianca.org.br\/site\/wp-content\/uploads\/2023\/07\/Freundeskreis-Allan-Kardec-Frankfurt-fachada-scaled.jpg\" src=\"data:image\/svg+xml;base64,PHN2ZyB3aWR0aD0iMSIgaGVpZ2h0PSIxIiB4bWxucz0iaHR0cDovL3d3dy53My5vcmcvMjAwMC9zdmciPjwvc3ZnPg==\" style=\"--smush-placeholder-width: 2560px; --smush-placeholder-aspect-ratio: 2560\/1707;\" \/><\/div><\/div><\/div>\n<\/div><\/div>\n<\/div><\/div><\/section>\n<\/div><\/div>\n<\/div><\/div><\/section>\n\n\n\n<div style=\"height:20px\" aria-hidden=\"true\" class=\"wp-block-spacer\"><\/div>\n\n\n\n<p class=\"margem1 has-medium-font-size\"><strong>A Alian\u00e7a apoia casas, grupos e pessoas residentes ou em tr\u00e2nsito no exterior que estejam ligadas ou n\u00e3o ao seu movimento com o intuito de fortalecer o sentimento de uni\u00e3o e fraternidade.<\/strong><\/p>\n\n\n\n<p class=\"margem1 has-medium-font-size\">Com a crescente migra\u00e7\u00e3o de brasileiros para diversos pa\u00edses com a vontade de continuar vivenciando o Evangelho de Jesus e as pr\u00e1ticas Esp\u00edritas, a Alian\u00e7a sentiu a necessidade de apoiar e orientar estes irm\u00e3os que muitas vezes, n\u00e3o encontram ambientes que j\u00e1 conhecem no Brasil, assim, foi criado o grupo de trabalho de \u201cApoio ao Exterior\u201d, adequando o programa da AEE para amplitude global, mantendo a ess\u00eancia; conscientizando as sobre o trabalho e visitando periodicamente as casas esp\u00edritas no exterior, inclusive para o ingresso na <a href=\"https:\/\/alianca.org.br\/fdj\/\">FDJ<\/a>.<\/p>\n\n\n\n<p class=\"margem1 has-medium-font-size\"><strong>O Apoio ao Exterior oferece as atividades abaixo atrav\u00e9s de algumas casas e seus dirigentes no Brasil que auxiliam nos processos:<\/strong><\/p>\n\n\n\n<ul class=\"has-medium-font-size wp-block-list\">\n<li class=\"margem1\"><strong>&nbsp;<\/strong><strong>Vibra\u00e7\u00e3o e sustenta\u00e7\u00e3o espiritual:<\/strong> trabalhos realizados junto aos trabalhos das casas esp\u00edritas;<\/li>\n\n\n\n<li class=\"margem1\"><strong>Assist\u00eancia Espiritual a dist\u00e2ncia:<\/strong> no mesmo molde como \u00e9 feito o Trabalho de Assist\u00eancia Espiritual presencial com o preenchimento do cart\u00e3o do assistido e passes a dist\u00e2ncia. A troca de informa\u00e7\u00e3o \u00e9 feita com o dirigente no exterior e o do Brasil.<\/li>\n\n\n\n<li class=\"margem1\"><strong>Apoio medi\u00fanico:<\/strong> para as casas esp\u00edritas no exterior que j\u00e1 t\u00eam trabalhos de Assist\u00eancia Espiritual (AE), mas n\u00e3o t\u00eam o grupo medi\u00fanico. As casas esp\u00edritas no Brasil trabalham como avaliadoras da AE a dist\u00e2ncia, sem fazer o tratamento e, sim, indicando o tipo de tratamento.<\/li>\n\n\n\n<li class=\"margem1\"><strong>Exame Espiritual:<\/strong> para as Escolas de Aprendizes do Evangelho (EAE) em salas ou a dist\u00e2ncia. O dirigente da turma no exterior envia todos os dados dos alunos para que a casa de apoio no Brasil fa\u00e7a o exame espiritual por meio de grupo medi\u00fanico e retorne com os resultados ao dirigente.<\/li>\n<\/ul>\n\n\n\n<h2 class=\"wp-block-heading margem1\"><strong>Quer saber mais sobre o Apoio ao exterior?<\/strong><\/h2>\n\n\n\n<p class=\"margem1 has-medium-font-size\">Tem interesse em auxiliar na propaga\u00e7\u00e3o deste trabalho?<br>Ent\u00e3o, entre em contato conosco! <a href=\"mailto:apoioexterior@alianca.org.br\"><\/a><a href=\"mailto:apoioexterior@alianca.org.br\">apoioaoexterior@equipesalianca.org.br<\/a><\/p>\n","protected":false},"excerpt":{"rendered":"<p>Onde voc\u00ea estiver, conte com o apoio da Alian\u00e7a. Entre em contato  pelos canais dispon\u00edveis, (email, WhatsApp, telefone).<\/p>\n","protected":false},"author":1,"featured_media":29177,"parent":0,"menu_order":0,"comment_status":"closed","ping_status":"closed","template":"page-templates\/template-builder.php","meta":{"om_disable_all_campaigns":false,"_monsterinsights_skip_tracking":false,"_monsterinsights_sitenote_active":false,"_monsterinsights_sitenote_note":"","_monsterinsights_sitenote_category":0,"footnotes":""},"class_list":["post-664","page","type-page","status-publish","has-post-thumbnail","hentry"],"aioseo_notices":[],"_links":{"self":[{"href":"https:\/\/alianca.org.br\/site\/wp-json\/wp\/v2\/pages\/664","targetHints":{"allow":["GET"]}}],"collection":[{"href":"https:\/\/alianca.org.br\/site\/wp-json\/wp\/v2\/pages"}],"about":[{"href":"https:\/\/alianca.org.br\/site\/wp-json\/wp\/v2\/types\/page"}],"author":[{"embeddable":true,"href":"https:\/\/alianca.org.br\/site\/wp-json\/wp\/v2\/users\/1"}],"replies":[{"embeddable":true,"href":"https:\/\/alianca.org.br\/site\/wp-json\/wp\/v2\/comments?post=664"}],"version-history":[{"count":0,"href":"https:\/\/alianca.org.br\/site\/wp-json\/wp\/v2\/pages\/664\/revisions"}],"wp:featuredmedia":[{"embeddable":true,"href":"https:\/\/alianca.org.br\/site\/wp-json\/wp\/v2\/media\/29177"}],"wp:attachment":[{"href":"https:\/\/alianca.org.br\/site\/wp-json\/wp\/v2\/media?parent=664"}],"curies":[{"name":"wp","href":"https:\/\/api.w.org\/{rel}","templated":true}]}}