{"id":68,"date":"2018-07-16T11:15:00","date_gmt":"2018-07-16T11:15:00","guid":{"rendered":"http:\/\/demo.acmethemes.com\/lawyer-zone\/?page_id=154"},"modified":"2025-02-24T22:40:40","modified_gmt":"2025-02-25T01:40:40","slug":"programas","status":"publish","type":"page","link":"https:\/\/alianca.org.br\/site\/programas\/","title":{"rendered":"Programas"},"content":{"rendered":"\n<p class=\"has-text-align-center has-large-font-size\"><\/p>\n\n\n\n<div class=\"wp-block-columns is-layout-flex wp-container-core-columns-is-layout-9d6595d7 wp-block-columns-is-layout-flex\">\n<div class=\"wp-block-column has-background is-layout-flow wp-block-column-is-layout-flow\" style=\"background-color:#aecdc1\">\n<h2 class=\"wp-block-heading has-text-align-center\">Programas da Alian\u00e7a<\/h2>\n\n\n\n<p style=\"font-size:18px\">Algumas informa\u00e7\u00f5es b\u00e1sicas sobre os programas da alian\u00e7a, os programas completos com exemplos e vivencias de aplica\u00e7\u00e3o est\u00e3o no livro vivencia do espiritismo religioso da editora alian\u00e7a.<\/p>\n<\/div>\n<\/div>\n\n\n\n<p><\/p>\n\n\n\n<div class=\"wp-block-columns is-layout-flex wp-container-core-columns-is-layout-9d6595d7 wp-block-columns-is-layout-flex\">\n<div class=\"wp-block-column is-layout-flow wp-block-column-is-layout-flow\" style=\"flex-basis:100%\">\n<section id=\"gm1520340\" class=\"wp-block-gutentor-m4 section-gm1520340 gutentor-module gutentor-advanced-columns has-color-bg has-custom-bg\"><div class=\"grid-container\"><div class=\"grid-row\">\n<div id=\"col-gm4d7e94\" class=\"wp-block-gutentor-m4-col col-gm4d7e94 gutentor-single-column  grid-lg-3 grid-md-12 grid-12 wow zoomIn\" data-wow-animation=\"zoomIn\" data-wow-iteration=\"1\"><div id=\"section-gm4d7e94\" class=\"section-gm4d7e94 gutentor-col-wrap has-color-bg has-custom-bg\">\n<h2 class=\"wp-block-heading has-text-align-center prog has-black-color has-text-color has-background\" style=\"background-color:#42073345;font-size:25px\"><a href=\"#cm\">Curso de           M\u00e9diuns<\/a><\/h2>\n\n\n\n<p><\/p>\n\n\n\n<p class=\"prog has-black-color has-text-color\"><\/p>\n<\/div><\/div>\n\n\n\n<div id=\"col-gm28b87f\" class=\"wp-block-gutentor-m4-col col-gm28b87f gutentor-single-column  grid-lg-3 grid-md-12 grid-12 wow zoomIn\" data-wow-animation=\"zoomIn\" data-wow-iteration=\"1\"><div id=\"section-gm28b87f\" class=\"section-gm28b87f gutentor-col-wrap\">\n<h2 class=\"wp-block-heading prog has-text-color has-background\" style=\"color:#0f066c;background-color:#ccc687;font-size:25px;text-transform:capitalize\"><a href=\"#eaed\">Escola de Ap a Distancia<\/a><\/h2>\n\n\n\n<p class=\"prog has-black-color has-text-color\"><\/p>\n<\/div><\/div>\n\n\n\n<div id=\"col-gm9e6a8f\" class=\"wp-block-gutentor-m4-col col-gm9e6a8f gutentor-single-column  grid-lg-3 grid-md-12 grid-12 wow zoomIn\" data-wow-animation=\"zoomIn\" data-wow-iteration=\"1\"><div id=\"section-gm9e6a8f\" class=\"section-gm9e6a8f gutentor-col-wrap\">\n<h2 class=\"wp-block-heading has-text-align-center prog has-text-color has-background\" style=\"color:#0f066c;background-color:#a7f3d9;font-size:25px\"><a href=\"#EAE\">escolas de aprendizes<\/a><\/h2>\n\n\n\n<p class=\"has-text-align-center prog has-black-color has-text-color\"><\/p>\n<\/div><\/div>\n\n\n\n<div id=\"col-gm3596f1\" class=\"wp-block-gutentor-m4-col col-gm3596f1 gutentor-single-column  grid-lg-3 grid-md-12 grid-12 wow zoomIn\" data-wow-animation=\"zoomIn\" data-wow-iteration=\"1\"><div id=\"section-gm3596f1\" class=\"section-gm3596f1 gutentor-col-wrap\">\n<h2 class=\"wp-block-heading prog has-background\" style=\"background-color:#65a7e5;font-size:25px\"><a href=\"https:\/\/alianca.org.br\/site\/ead\/\" target=\"_blank\" rel=\"noreferrer noopener\">Escola        on_line<\/a><\/h2>\n<\/div><\/div>\n<\/div><\/div><\/section>\n<\/div>\n<\/div>\n\n\n\n<section id=\"gmfc82050\" class=\"wp-block-gutentor-m4 section-gmfc82050 gutentor-module gutentor-advanced-columns\"><div class=\"grid-container\"><div class=\"grid-row\">\n<div id=\"col-gmf0c941\" class=\"wp-block-gutentor-m4-col col-gmf0c941 gutentor-single-column  grid-lg-3 grid-md-12 grid-12 wow zoomIn\" data-wow-animation=\"zoomIn\" data-wow-iteration=\"1\"><div id=\"section-gmf0c941\" class=\"section-gmf0c941 gutentor-col-wrap has-color-bg has-custom-bg\">\n<h2 class=\"wp-block-heading has-text-align-center prog has-text-color has-background\" style=\"color:#0f066c;background-color:#9ccfed;font-size:25px\"><a href=\"#AL\">Proj Andr\u00e9 Luiz<\/a><\/h2>\n\n\n\n<p class=\"prog has-black-color has-text-color\"><\/p>\n<\/div><\/div>\n\n\n\n<div id=\"col-gmf09aa3\" class=\"wp-block-gutentor-m4-col col-gmf09aa3 gutentor-single-column  grid-lg-3 grid-md-12 grid-12 wow zoomIn\" data-wow-animation=\"zoomIn\" data-wow-iteration=\"1\"><div id=\"section-gmf09aa3\" class=\"section-gmf09aa3 gutentor-col-wrap\">\n<h2 class=\"wp-block-heading has-text-align-center prog has-text-color has-background\" style=\"color:#0f066c;background-color:#a1d8c4;font-size:25px\"><a href=\"#EVI\">evang infantil<\/a><\/h2>\n\n\n\n<p class=\"prog has-black-color has-text-color\"><\/p>\n<\/div><\/div>\n\n\n\n<div id=\"col-gmfb7e37\" class=\"wp-block-gutentor-m4-col col-gmfb7e37 gutentor-single-column  grid-lg-3 grid-md-12 grid-12 wow zoomIn\" data-wow-animation=\"zoomIn\" data-wow-iteration=\"1\"><div id=\"section-gmfb7e37\" class=\"section-gmfb7e37 gutentor-col-wrap\">\n<h2 class=\"wp-block-heading prog has-background\" style=\"background-color:#f1dee2;font-size:25px\"><a href=\"#FC\">falando ao cora\u00e7\u00e3o<\/a><\/h2>\n\n\n\n<p class=\"prog\"><\/p>\n<\/div><\/div>\n\n\n\n<div id=\"col-gm99d3db\" class=\"wp-block-gutentor-m4-col col-gm99d3db gutentor-single-column  grid-lg-3 grid-md-12 grid-12 wow zoomIn\" data-wow-animation=\"zoomIn\" data-wow-iteration=\"1\"><div id=\"section-gm99d3db\" class=\"section-gm99d3db gutentor-col-wrap\">\n<h2 class=\"wp-block-heading has-text-align-center prog has-text-color has-background\" style=\"color:#0f066c;background-color:#c6dcca;font-size:26px\"><a href=\"#PM\">pr\u00e9 mocidade<\/a><\/h2>\n\n\n\n<p class=\"prog has-black-color has-text-color\"><\/p>\n<\/div><\/div>\n<\/div><\/div><\/section>\n\n\n\n<section id=\"gmc056daf\" class=\"wp-block-gutentor-m4 section-gmc056daf gutentor-module gutentor-advanced-columns has-color-bg has-custom-bg\"><div class=\"grid-container\"><div class=\"grid-row\">\n<div id=\"col-gma9912c\" class=\"wp-block-gutentor-m4-col col-gma9912c gutentor-single-column  grid-lg-3 grid-md-12 grid-12\"><div id=\"section-gma9912c\" class=\"section-gma9912c gutentor-col-wrap has-color-bg has-custom-bg\">\n<h2 class=\"wp-block-heading has-text-align-center prog has-text-color has-background\" style=\"color:#0f066c;background-color:#8cbaa9;font-size:25px\"><a href=\"#ae\">Assistencia espiritual<\/a><\/h2>\n\n\n\n<p class=\"prog has-black-color has-text-color\"><\/p>\n<\/div><\/div>\n\n\n\n<div id=\"col-gmb737be\" class=\"wp-block-gutentor-m4-col col-gmb737be gutentor-single-column  grid-lg-3 grid-md-12 grid-12\"><div id=\"section-gmb737be\" class=\"section-gmb737be gutentor-col-wrap\">\n<h2 class=\"wp-block-heading has-text-align-center prog has-text-color has-background\" style=\"color:#0f066c;background-color:#b7b2b6;font-size:25px\"><a href=\"#MED\">Mocidade a Distancia <\/a><\/h2>\n\n\n\n<p class=\"prog has-black-color has-text-color\"><\/p>\n<\/div><\/div>\n\n\n\n<div id=\"col-gm609bb3\" class=\"wp-block-gutentor-m4-col col-gm609bb3 gutentor-single-column  grid-lg-3 grid-md-12 grid-12\"><div id=\"section-gm609bb3\" class=\"section-gm609bb3 gutentor-col-wrap\">\n<h2 class=\"wp-block-heading alignwide has-text-align-center prog has-text-color has-background\" style=\"color:#0f066c;background-color:#9d9c8d;font-size:25px\"><a href=\"#RGA\">RGA<\/a> Reuni\u00e3o Geral<\/h2>\n\n\n\n<p><\/p>\n\n\n\n<p><\/p>\n<\/div><\/div>\n\n\n\n<div id=\"col-gme57fc2\" class=\"wp-block-gutentor-m4-col col-gme57fc2 gutentor-single-column  grid-lg-3 grid-md-12 grid-12\"><div id=\"section-gme57fc2\" class=\"section-gme57fc2 gutentor-col-wrap\">\n<h2 class=\"wp-block-heading has-text-align-center prog has-text-color has-background\" style=\"color:#0f066c;background-color:#e299a3;font-size:25px\"><a href=\"#me\">Mocidade Espir\u00edta <\/a><\/h2>\n<\/div><\/div>\n<\/div><\/div><\/section>\n\n\n\n<section id=\"section-3efeddfe-158a-4d7d-8b2a-a9625586ef00\" class=\"wp-block-gutentor-divider section-3efeddfe-158a-4d7d-8b2a-a9625586ef00 gutentor-element gutentor-section gutentor-divider text-center\"><div class=\"grid-container\"><div class=\"gutentor-divider-box\"><span><svg xmlns=\"http:\/\/www.w3.org\/2000\/svg\" viewBox=\"0 0 240 40\" preserveAspectRatio=\"none\"><path d=\"M56.2 20c5.3-.1 10.6-.2 16-.3l16-.2c10.6-.1 21.3-.1 31.9-.2 10.6.1 21.3 0 31.9.1l16 .2c5.3.1 10.6.2 16 .3-5.3.1-10.6.2-16 .3l-16 .2c-10.6.1-21.3.1-31.9.1-10.6-.1-21.3 0-31.9-.2l-16-.2c-5.4.1-10.7 0-16-.1z\"><\/path><\/svg><\/span><\/div><\/div><\/section>\n\n\n\n<h2 class=\"wp-block-heading\" id=\"cm\"><strong>Curso de M\u00e9diuns<\/strong><\/h2>\n\n\n\n<p class=\"margem_blog has-black-color has-text-color\" style=\"font-size:16px\">Em geral, a mediunidade \u00e9 exercida mecanicamente, sem objetivo definido, pelo simples fato de existir. Mas isso \u00e9 um erro. O m\u00e9dium deve saber por que \u00e9 m\u00e9dium, quais faculdades possui, limites de sua aplica\u00e7\u00e3o, conseq\u00fc\u00eancias de sua a\u00e7\u00e3o, objetivos a atingir e responsabilidades que assume, tanto como indiv\u00edduo quanto como membro da coletividade.<\/p>\n\n\n\n<p class=\"margem_blog has-black-color has-text-color\" style=\"font-size:16px\">Quem desejar a verdadeira felicidade h\u00e1 de trabalhar pela felicidade dos outros; quem procurar a consola\u00e7\u00e3o, para encontr\u00e1-la dever\u00e1 reconfortar os mais desditosos da humana experi\u00eancia.<\/p>\n\n\n\n<p class=\"margem_blog has-black-color has-text-color\" style=\"font-size:16px\">Eis a lei que impera igualmente no campo medi\u00fanico, sem cuja observa\u00e7\u00e3o o colaborador da Nova Revela\u00e7\u00e3o n\u00e3o atravessa os p\u00f3rticos das rudimentares no\u00e7\u00f5es de vida eterna.<\/p>\n\n\n\n<h2 class=\"wp-block-heading margem_blog\">O que \u00e9 o Curso de M\u00e9diuns<\/h2>\n\n\n\n<p class=\"margem_blog has-black-color has-text-color\" style=\"font-size:16px\">\u00c9 um curso de prepara\u00e7\u00e3o te\u00f3rico-pr\u00e1tica de m\u00e9diuns para os alunos da Escola de Aprendizes do Evangelho.<\/p>\n\n\n\n<h2 class=\"wp-block-heading margem_blog has-medium-font-size\">Quais sua Finalidades<\/h2>\n\n\n\n<p class=\"margem_blog has-black-color has-text-color\" style=\"font-size:16px\">Seu objetivo \u00e9 educar os m\u00e9diuns para o desenvolvimento e uso da mediunidade dirigida aos trabalhos evang\u00e9licos tendo como base os princ\u00edpios da Doutrina Esp\u00edrita.<\/p>\n\n\n\n<h2 class=\"wp-block-heading margem_blog\" id=\"ae\"><strong>O QUE \u00c9 A ASSIST\u00caNCIA ESPIRITUAl<\/strong><\/h2>\n\n\n\n<p class=\"margem_blog\">A Assist\u00eancia Espiritual \u00e9 um conjunto de atividades organizado de modo a proporcionar reequil\u00edbrio espiritual \u00e0 coletividade que busca o Centro Esp\u00edrita. Est\u00e1 fundamentada em prele\u00e7\u00f5es evang\u00e9licas, passes magn\u00e9ticos e espirituais e atividades medi\u00fanicas. &nbsp;&nbsp;&nbsp;&nbsp;&nbsp;&nbsp;&nbsp;&nbsp;&nbsp;&nbsp;&nbsp;&nbsp;&nbsp;&nbsp;&nbsp;&nbsp;&nbsp;&nbsp;&nbsp;&nbsp;&nbsp;&nbsp;&nbsp;&nbsp;&nbsp;&nbsp;&nbsp;&nbsp;&nbsp;&nbsp;&nbsp;&nbsp;&nbsp;&nbsp;&nbsp;&nbsp;&nbsp;<\/p>\n\n\n\n<div style=\"height:10px\" aria-hidden=\"true\" class=\"wp-block-spacer\"><\/div>\n\n\n\n<h2 class=\"wp-block-heading margem_blog has-medium-font-size\"><strong>O Que \u00e9 a Escola de Aprendizes do Evangelho<\/strong><\/h2>\n\n\n\n<p class=\"margem_blog has-black-color has-text-color\" id=\"EAE\" style=\"font-size:16px\">\u00c9 um programa organizado para proporcionar a viv\u00eancia do Cristianismo como proposta essencial de aperfei\u00e7oamento moral da Humanidade atrav\u00e9s da Reforma \u00cdntima do ser. Busca a renova\u00e7\u00e3o do homem em seus sentimentos, pensamentos e atitudes, proporcionando-lhe experi\u00eancias de verdadeiro auto-conhecimento e despertamento de seus ideais divinos.  <\/p>\n\n\n\n<p class=\"margem_blog has-black-color has-text-color\" style=\"font-size:16px\">N\u00e3o se trata de um curso como habitualmente se entende a partir da palavra \u201cescola\u201d, mas sim de um processo de Inicia\u00e7\u00e3o Espiritual baseado no Evangelho de Jesus, entendido como a forma mais pura de vivenciar a proposta religiosa do Espiritismo para o Bem da Humanidade.<\/p>\n\n\n\n<p class=\"margem_blog has-black-color has-text-color\" style=\"font-size:16px\">Em todas as casas tem programa de escolas veja qual a casa mais proxima e os horarios disponiveis. <a href=\"https:\/\/alianca.org.br\/site\/projeto-eae-fdj-nova\/\">saiba mais<\/a><\/p>\n\n\n\n<div style=\"height:13px\" aria-hidden=\"true\" class=\"wp-block-spacer\"><\/div>\n\n\n\n<h2 class=\"wp-block-heading margem_blog has-medium-font-size\" id=\"eaed\"><strong>Escola de Aprendizes do Evangelho a Dist\u00e2ncia<\/strong><\/h2>\n\n\n\n<p class=\"programa, margem_blog has-black-color has-text-color\" style=\"font-size:16px\">&nbsp; A Escola de Aprendizes do Evangelho a dist\u00e2ncia \u00e9 a mesma Escola realizada em sala de aula, s\u00f3 que na linguagem escrita em vez de falada como habitualmente conhecemos em sala. Seu intuito \u00e9 o de atender aos interessados em fazer Escola, mas encontram-se concretamente impossibilitados de frequentar um Centro Esp\u00edrita vivenciando-a.<\/p>\n\n\n\n<p class=\"margem_blog has-black-color has-text-color\" style=\"font-size:16px\">&nbsp; A Escola de Aprendizes do Evangelho representa uma grande oportunidade para a transforma\u00e7\u00e3o do ser humano, atrav\u00e9s do aprendizado e viv\u00eancia da evangelho, transformando o \u201chomem velho no homem novo\u201d, como nos diz Paulo de Tarso, no entanto essa oportunidade est\u00e1 restrita aos frequentadores da Escola nos Centros Esp\u00edritas.<\/p>\n\n\n\n<p class=\"margem_blog has-black-color has-text-color\" style=\"font-size:16px\">Mas e as pessoas que residem em locais ou munic\u00edpios que n\u00e3o tem Centros Esp\u00edritas? E as pessoas que est\u00e3o impossibilitadas de se locomover, por doen\u00e7as, ou por qualquer outro impedimento? Ficariam exclu\u00eddas?<\/p>\n\n\n\n<p class=\"margem_blog has-black-color has-text-color\" style=\"font-size:16px\">Foi para preencher essa lacuna, que surgiu a EAE a Dist\u00e2ncia, inicialmente por correspond\u00eancia, depois ampliada tamb\u00e9m para Internet. Ali\u00e1s necessidade j\u00e1 prevista por Edgard Armond em 1950.<\/p>\n\n\n\n<p class=\"margem_blog has-black-color has-text-color\" style=\"font-size:16px\">\u00c9 a mesma Escola realizada em sala de aula, com o mesmo programa e mesmas atividades, incluindo-se apenas a metodologia do ensino a dist\u00e2ncia.   <a href=\"https:\/\/alianca.org.br\/site\/equipe-eaed\/\">saiba mais<\/a><\/p>\n\n\n\n<div style=\"height:13px\" aria-hidden=\"true\" class=\"wp-block-spacer\"><\/div>\n\n\n\n<h2 class=\"wp-block-heading margem_blog\" id=\"AL\">Projeto Andr\u00e9 Luiz<\/h2>\n\n\n\n<p class=\"margem_blog has-black-color has-text-color\" style=\"font-size:16px\">O projeto Estudo Andr\u00e9 Luiz, visa promover, junto ao nosso movimento, a base \u201cestudo\u201d por meio dos ensinamentos contidos nos livros do Esp\u00edrito Andr\u00e9 Luiz, psicografados por Francisco C\u00e2ndido Xavier.  \u00c9 um programa de estudo em grupo. dos ensinamentos contidos nos livros do esp\u00edrito Andr\u00e9 Luiz, psicografados por Francisco C\u00e2ndido Xavier.<\/p>\n\n\n\n<p class=\"margem_blog\" style=\"font-size:16px\"><a href=\"https:\/\/alianca.org.br\/site\/projeto-andre-luiz\/\">saiba mais<\/a><\/p>\n\n\n\n<h2 class=\"wp-block-heading margem_blog\">Qual \u00e9 o Objetivo<\/h2>\n\n\n\n<p class=\"margem_blog has-black-color has-text-color\">Estudo, Trabalho e Renova\u00e7\u00e3o Interior, estas s\u00e3o as bases fundamentais do processo inici\u00e1tico realizado atrav\u00e9s das EAE e que entendemos deve se manter ap\u00f3s a Escola no per\u00edodo vivencial.<\/p>\n\n\n\n<p class=\"margem_blog has-black-color has-text-color\">O projeto Estudo Andr\u00e9 Luiz, visa promover junto ao nosso movimento a base \u201cestudo\u201d atrav\u00e9s dos ensinamentos contidos nos livros do esp\u00edrito Andr\u00e9 Luiz. Estudo que muitas vezes ficam por conta pr\u00f3pria dos Disc\u00edpulos e Aspirantes ao Discipulado e que, muitas vezes mal gerenciados, nem sempre conseguem a efic\u00e1cia necess\u00e1ria para manter o processo de melhoria continua do individuo e das tarefas e testemunhos em que ele est\u00e1 inserido.<\/p>\n\n\n\n<div style=\"height:13px\" aria-hidden=\"true\" class=\"wp-block-spacer\"><\/div>\n\n\n\n<h2 class=\"wp-block-heading margem_blog\" id=\"EVI\"><strong>Evangeliza\u00e7\u00e3o Infantil<\/strong><\/h2>\n\n\n\n<h2 class=\"wp-block-heading margem_blog has-medium-font-size\">O Que \u00e9 a Evangeliza\u00e7\u00e3o Infantil<\/h2>\n\n\n\n<p class=\"margem_blog has-black-color has-text-color\" style=\"font-size:16px\">\u00c9 um programa organizado para proporcionar o ensino de moral crist\u00e3 \u00e0 inf\u00e2ncia e orienta\u00e7\u00e3o espiritual aos pais.<\/p>\n\n\n\n<h2 class=\"wp-block-heading margem_blog has-medium-font-size\" id=\"EVI\">Quais S\u00e3o  Seus Objetivos <\/h2>\n\n\n\n<p class=\"margem_blog has-black-color has-text-color\" style=\"font-size:16px\">O objetivo da Evangeliza\u00e7\u00e3o Infantil \u00e9 cultivar no Esp\u00edrito da crian\u00e7a, desde o alvorecer da vida, o entendimento da pr\u00e1tica das boas obras e a aquisi\u00e7\u00e3o da moral e do saber. <a href=\"https:\/\/alianca.org.br\/site\/equipe-evangelizacao-infantil\/\">saiba mais <\/a><\/p>\n\n\n\n<div style=\"height:21px\" aria-hidden=\"true\" class=\"wp-block-spacer\"><\/div>\n\n\n\n<h2 class=\"wp-block-heading has-text-align-left margem_blog\" id=\"FC\"><strong>Falando ao Cora\u00e7\u00e3o<\/strong><\/h2>\n\n\n\n<p class=\"margem_blog has-black-color has-text-color\" style=\"font-size:16px\">\u00c9 uma a\u00e7\u00e3o permanente em prol do aperfei\u00e7oamento dos membros da FDJ, extensiva a todos os iniciados nas EAE.&nbsp; \u00c9 tamb\u00e9m um espa\u00e7o, uma oficina de trabalho intimo de viv\u00eancia e conviv\u00eancia, para encontros patrocinados pelos membros da FDJ.&nbsp;<\/p>\n\n\n\n<h2 class=\"wp-block-heading margem_blog has-medium-font-size\">Qual seu Objetivo<\/h2>\n\n\n\n<p class=\"margem_blog has-black-color has-text-color\" style=\"font-size:16px\">Promover o ideal de fraternidade no cora\u00e7\u00e3o dos iniciados, esclarec\u00ea-los, fortalec\u00ea-los,&nbsp; encoraj\u00e1-los amorosamente para que cumpram seu desiderato em busca da reden\u00e7\u00e3o individual e coletiva.<\/p>\n\n\n\n<h2 class=\"wp-block-heading margem_blog has-medium-font-size\">Qual \u00e9 a  Finalidade<\/h2>\n\n\n\n<p class=\"margem_blog has-black-color has-text-color\" style=\"font-size:16px\">Resignificar, dar sentido, dar alma a renova\u00e7\u00e3o interior dentro do momento de vida de cada participante, propiciando o autoamor num regime de trocas de vivencias enriquecedoras. \u201c<em>Informados j\u00e1 estamos, falta-nos agora sentir o que j\u00e1 sabemos.\u201d \u2013 ErmanceDufuax<\/em><\/p>\n\n\n\n<h2 class=\"wp-block-heading margem_blog\"><strong>O&nbsp;Falando ao Cora\u00e7\u00e3o 365<\/strong>&nbsp;<\/h2>\n\n\n\n<p class=\"margem_blog has-black-color has-text-color\" style=\"font-size:16px\">surgiu da necessidade de apoio a todos os aliancistas, com novas possibilidades da internet e salas virtuais vimos uma oportunidades de nos encontrar todos os dia do ano ent\u00e3o temos encontros do falando ao cora\u00e7\u00e3o todos os dias de forma virtual e os encontros presencias organizado nas casa conforme e disponibilidades dos alunos e voluntarios da casa. <a href=\"https:\/\/alianca.org.br\/site\/falandoaocoracao\/\" title=\"\">saiba mais<\/a><\/p>\n\n\n\n<div style=\"height:18px\" aria-hidden=\"true\" class=\"wp-block-spacer\"><\/div>\n\n\n\n<h2 class=\"wp-block-heading margem_blog\" id=\"PM\" style=\"font-size:25px\"><strong>Pr\u00e9-Mocidade<\/strong><\/h2>\n\n\n\n<p class=\"margem_blog has-black-color has-text-color\" style=\"font-size:16px\">\u00c9 um programa cont\u00ednuo de orienta\u00e7\u00e3o esp\u00edrita, fundamentado na viv\u00eancia evang\u00e9lica, voltado para a transi\u00e7\u00e3o da inf\u00e2ncia para a juventude.  \u00c9 o elo de integra\u00e7\u00e3o com o trabalho da Evangeliza\u00e7\u00e3o Infantil e a Mocidade Esp\u00edrita.  <a href=\"https:\/\/alianca.org.br\/site\/equipe-pre-mocidade\/\">saiba mais<\/a><\/p>\n\n\n\n<h2 class=\"wp-block-heading margem_blog\"><strong>Mocidade Esp\u00edrita \u00e0 Dist\u00e2ncia<\/strong><\/h2>\n\n\n\n<h2 class=\"wp-block-heading margem_blog has-medium-font-size\" id=\"MED\">O que \u00e9 e sua import\u00e2ncia<\/h2>\n\n\n\n<p class=\"margem_blog has-black-color has-text-color\" style=\"font-size:16px\">A Mocidade Esp\u00edrita \u00e0 Dist\u00e2ncia \u00e9 destinada a atender jovens que se encontrem impossibilitados de frequentar uma turma de Mocidade, qualquer que seja o motivo, al\u00e9m de colaborar com os jovens que durante o curso de Mocidade presencial, precisam se afastar do local onde fica sua Casa Esp\u00edrita, continuando ent\u00e3o a turma \u00e0 dist\u00e2ncia.<\/p>\n\n\n\n<p class=\"margem_blog has-black-color has-text-color\" style=\"font-size:16px\">O crescimento da divulga\u00e7\u00e3o e difus\u00e3o da Doutrina Esp\u00edrita, n\u00e3o s\u00f3 pelos meios de comunica\u00e7\u00e3o, mostrou um imenso campo de trabalho a ser desbravado, em que jovens que n\u00e3o possuem o acesso \u00e0 uma casa esp\u00edrita, pudessem participar de um trabalho organizado para sua faixa et\u00e1ria.<\/p>\n\n\n\n<p class=\"margem_blog has-black-color has-text-color\" style=\"font-size:16px\">A proposta \u00e9 que o trabalho seja desenvolvido inteiramente na Casa Esp\u00edrita, por uma equipe de volunt\u00e1rios ambientados ao trabalho de Mocidade, harmonizados com a Espiritualidade Superior, e integrados aos alunos atrav\u00e9s de remessas mensais de aulas, acompanhadas de cartas, e-mails ou outra forma de comunica\u00e7\u00e3o que proporcione ao jovem distante a realiza\u00e7\u00e3o das aulas do programa.  Mais informa\u00e7\u00f5es sobre este programa no livro Vivencia do espiritismo religoso. <a href=\"https:\/\/alianca.org.br\/site\/ead-2\/\">saiba mais<\/a><\/p>\n\n\n\n<div style=\"height:23px\" aria-hidden=\"true\" class=\"wp-block-spacer\"><\/div>\n\n\n\n<h2 class=\"wp-block-heading margem_blog\" id=\"RGA\"><strong>RGA \u2013 Reuni\u00e3o Geral de Alian\u00e7a <\/strong><\/h2>\n\n\n\n<p class=\"margem_blog\" style=\"font-size:16px\">A Reuni\u00e3o Geral da Alian\u00e7a \u00e9 um encontro anual entre todos os participantes dos Grupos da Alian\u00e7a.<\/p>\n\n\n\n<h2 class=\"wp-block-heading margem_blog\">Quais s\u00e3o seus Objetivos<\/h2>\n\n\n\n<p class=\"margem_blog has-black-color has-text-color\" style=\"font-size:16px\">O objetivo da Reuni\u00e3o Geral da Alian\u00e7a \u00e9 promover a \u201cViv\u00eancia do Espiritismo Religioso\u201d, o ideal da Alian\u00e7a, consequentemente, o seu programa de trabalho, atrav\u00e9s da troca de experi\u00eancias da fraterniza\u00e7\u00e3o.<\/p>\n\n\n\n<p class=\"margem_blog has-black-color has-text-color\" style=\"font-size:16px\">Sendo a Alian\u00e7a constitu\u00edda pela ades\u00e3o de grupos a um mesmo ideal, que se concretiza num mesmo programa de atividades, a participa\u00e7\u00e3o na RGA \u00e9 indicativo b\u00e1sico de que o grupo \u00e9 integrante da Alian\u00e7a, que est\u00e1 ligado, interessado, compromissado com este ideal.  <a href=\"https:\/\/alianca.org.br\/site\/equipe-rga\/\">saiba mais<\/a><\/p>\n\n\n\n<h2 class=\"wp-block-heading has-medium-font-size\">Quais s\u00e3o seu objetivos<\/h2>\n\n\n\n<p class=\"margem_blog has-black-color has-text-color\" style=\"font-size:16px\">O objetivo da Reuni\u00e3o Geral da Alian\u00e7a \u00e9 promover a \u201cViv\u00eancia do Espiritismo Religioso\u201d, o ideal da Alian\u00e7a, conseq\u00fcentemente, o seu programa de trabalho, atrav\u00e9s da troca de experi\u00eancias da fraterniza\u00e7\u00e3o.<\/p>\n\n\n\n<p class=\"margem_blog has-black-color has-text-color\" style=\"font-size:16px\">Sendo a Alian\u00e7a constitu\u00edda pela ades\u00e3o de grupos a um mesmo ideal, que se concretiza num mesmo programa de atividades, a participa\u00e7\u00e3o na RGA \u00e9 indicativo b\u00e1sico de que o grupo \u00e9 integrante da Alian\u00e7a, que est\u00e1 ligado, interessado, compromissado com este ideal.<\/p>\n\n\n\n<h2 class=\"wp-block-heading margem_blog\" id=\"me\"><strong>Mocidade Esp\u00edrita<\/strong><\/h2>\n\n\n\n<p class=\"margem_blog has-black-color has-text-color\" style=\"font-size:16px\">O programa da Mocidade Esp\u00edrita \u00e9 um curso essencialmente organizado para proporcionar a viv\u00eancia do espiritismo para jovens, carinhosamente chamada de Escola do Cora\u00e7\u00e3o, por desenvolver um clima de \u201camea\u00e7a zero\u201d, cujo foco \u00e9 o acolhimento dos sentimentos, formando um grupo verdadeiramente fraterno e amoroso, al\u00e9m de ser o nome da \u00e1rea no Centro Esp\u00edrita que est\u00e1 dedicado \u00e0 adolesc\u00eancia.<\/p>\n\n\n\n<p class=\"margem_blog has-black-color has-text-color\" style=\"font-size:16px\">Tem como principal objetivo promover a constru\u00e7\u00e3o da base religiosa e moral para que o jovem seja um crist\u00e3o ativo, sentindo-se preparado e fortalecido para a vida em sociedade e para caminhar encarando os desafios da vida com equil\u00edbrio e bom senso. <a href=\"https:\/\/alianca.org.br\/site\/equipe-mocidade\/\">saiba mais<\/a><\/p>\n\n\n\n<p><\/p>\n","protected":false},"excerpt":{"rendered":"<p>Programas da Alian\u00e7a Esp\u00edrita Evang\u00e9lica<\/p>\n","protected":false},"author":1,"featured_media":0,"parent":0,"menu_order":0,"comment_status":"closed","ping_status":"closed","template":"","meta":{"om_disable_all_campaigns":false,"_monsterinsights_skip_tracking":false,"_monsterinsights_sitenote_active":false,"_monsterinsights_sitenote_note":"","_monsterinsights_sitenote_category":0,"footnotes":""},"class_list":["post-68","page","type-page","status-publish","hentry"],"aioseo_notices":[],"_links":{"self":[{"href":"https:\/\/alianca.org.br\/site\/wp-json\/wp\/v2\/pages\/68","targetHints":{"allow":["GET"]}}],"collection":[{"href":"https:\/\/alianca.org.br\/site\/wp-json\/wp\/v2\/pages"}],"about":[{"href":"https:\/\/alianca.org.br\/site\/wp-json\/wp\/v2\/types\/page"}],"author":[{"embeddable":true,"href":"https:\/\/alianca.org.br\/site\/wp-json\/wp\/v2\/users\/1"}],"replies":[{"embeddable":true,"href":"https:\/\/alianca.org.br\/site\/wp-json\/wp\/v2\/comments?post=68"}],"version-history":[{"count":0,"href":"https:\/\/alianca.org.br\/site\/wp-json\/wp\/v2\/pages\/68\/revisions"}],"wp:attachment":[{"href":"https:\/\/alianca.org.br\/site\/wp-json\/wp\/v2\/media?parent=68"}],"curies":[{"name":"wp","href":"https:\/\/api.w.org\/{rel}","templated":true}]}}