{"id":683,"date":"2022-02-07T17:33:46","date_gmt":"2022-02-07T20:33:46","guid":{"rendered":"https:\/\/alianca.org.br\/site\/?page_id=683"},"modified":"2026-02-12T09:05:11","modified_gmt":"2026-02-12T12:05:11","slug":"projeto-andre-luiz","status":"publish","type":"page","link":"https:\/\/alianca.org.br\/site\/projeto-andre-luiz\/","title":{"rendered":"Projeto Andr\u00e9 Luiz"},"content":{"rendered":"\n<div class=\"wp-block-columns is-layout-flex wp-container-core-columns-is-layout-9d6595d7 wp-block-columns-is-layout-flex\">\n<div class=\"wp-block-column is-layout-flow wp-block-column-is-layout-flow\"><\/div>\n\n\n\n<div class=\"wp-block-column is-layout-flow wp-block-column-is-layout-flow\">\n<figure class=\"wp-block-image size-large is-resized\"><img fetchpriority=\"high\" decoding=\"async\" width=\"639\" height=\"500\" src=\"https:\/\/alianca.org.br\/site\/wp-content\/uploads\/2025\/01\/WhatsApp-Image-2025-01-07-at-14.12.44-639x500.jpeg\" alt=\"\" class=\"wp-image-28720\" style=\"width:480px;height:auto\" srcset=\"https:\/\/alianca.org.br\/site\/wp-content\/uploads\/2025\/01\/WhatsApp-Image-2025-01-07-at-14.12.44-639x500.jpeg 639w, https:\/\/alianca.org.br\/site\/wp-content\/uploads\/2025\/01\/WhatsApp-Image-2025-01-07-at-14.12.44-300x235.jpeg 300w, https:\/\/alianca.org.br\/site\/wp-content\/uploads\/2025\/01\/WhatsApp-Image-2025-01-07-at-14.12.44-768x601.jpeg 768w, https:\/\/alianca.org.br\/site\/wp-content\/uploads\/2025\/01\/WhatsApp-Image-2025-01-07-at-14.12.44.jpeg 1080w\" sizes=\"(max-width: 639px) 100vw, 639px\" \/><\/figure>\n<\/div>\n\n\n\n<div class=\"wp-block-column is-layout-flow wp-block-column-is-layout-flow\"><\/div>\n<\/div>\n\n\n\n<div class=\"wp-block-columns is-layout-flex wp-container-core-columns-is-layout-9d6595d7 wp-block-columns-is-layout-flex\">\n<div class=\"wp-block-column is-layout-flow wp-block-column-is-layout-flow\">\n<h2 class=\"wp-block-heading\"><strong>O Que \u00e9<\/strong><\/h2>\n\n\n\n<p class=\"has-medium-font-size\"><span class=\"s1\">O projeto Estudo Andr\u00e9 Luiz, visa promover, junto ao nosso movimento, a base \u201cestudo\u201d por meio dos ensinamentos contidos nos livros do Esp\u00edrito Andr\u00e9 Luiz, psicografados por Francisco C\u00e2ndido Xavier.<\/span><\/p>\n<\/div>\n\n\n\n<div class=\"wp-block-column is-layout-flow wp-block-column-is-layout-flow\">\n<h2 class=\"wp-block-heading\"><strong>Objetivo<\/strong><\/h2>\n\n\n\n<p class=\"has-medium-font-size\">Manter o processo de melhoria cont\u00ednua do indiv\u00edduo, das tarefas e testemunhos em que ele est\u00e1 inserido atrav\u00e9s do estudo.<\/p>\n<\/div>\n\n\n\n<div class=\"wp-block-column is-layout-flow wp-block-column-is-layout-flow\">\n<h2 class=\"wp-block-heading\"><strong>Como Participar.<\/strong><\/h2>\n\n\n\n<p class=\"has-medium-font-size\">s\u00e3o Varios grupos formados que o interessado pode participar, entre em contasto com a secretaria para mais informa\u00e7\u00f5es.<\/p>\n<\/div>\n<\/div>\n\n\n\n<h2 class=\"wp-block-heading\"><strong><span class=\"s1\">Finalidade<\/span><\/strong><\/h2>\n\n\n\n<p class=\"has-medium-font-size\"><span class=\"s1\">A escolha da s\u00e9rie de livros intitulada de s\u00e9rie \u201ccient\u00edfica\u201d da lavra de Francisco C. Xavier teve como base as orienta\u00e7\u00f5es do&nbsp;Plano Espiritual, em diversas oportunidades e regionais, no sentido de buscarmos maior e melhor conhecimento das&nbsp;realidades espirituais, abrindo espa\u00e7os mentais para as necess\u00e1rias melhorias em nossas posturas, atitudes e pr\u00e1ticas.&nbsp;Afirmam os s\u00e1bios orientadores da espiritualidade que estas obras guardam in\u00fameros tesouros de esclarecimento que nos&nbsp;cabe descobrir e desfrutar.<\/span><\/p>\n\n\n\n<p class=\"has-medium-font-size\"><span class=\"s1\">Segundo os mentores amigos, h\u00e1 na espiritualidade diversos recursos e projetos de promo\u00e7\u00e3o humana e social, alinhados&nbsp;com as necess\u00e1rias renova\u00e7\u00f5es do 3\u00ba mil\u00eanio da era crist\u00e3, que est\u00e3o \u00e0 espera de parcerias na esfera f\u00edsica, hoje escassas,&nbsp;como dissemos, por falta de vis\u00e3o, esclarecimento e espa\u00e7os mentais nos encarnados. Donde depreendemos que se n\u00e3o&nbsp;houver uma substancial mudan\u00e7a no n\u00edvel de informa\u00e7\u00e3o, as mudan\u00e7as para melhor n\u00e3o ocorrer\u00e3o ou n\u00e3o ser\u00e3o as&nbsp;necess\u00e1rias para o momento.<\/span><\/p>\n\n\n\n<p class=\"has-medium-font-size\"><span class=\"s1\">Deste modo, a proposta de estudo n\u00e3o deve restringir-se a mera leitura. \u00c9 relevante que haja os debates e justos&nbsp;esclarecimentos e que, acima de tudo, os estudos sejam feitos com l\u00e1pis na m\u00e3o para cada um anotar os ensinamentos que&nbsp;mais tocarem suas almas e seus sentimentos, o que assegura aquisi\u00e7\u00e3o de sapi\u00eancia para a eternidade.<\/span><\/p>\n\n\n\n<p class=\"has-medium-font-size\"><span class=\"s1\">Motiva\u00e7\u00e3o? Bastam o amor, o respeito, a obedi\u00eancia que devemos a Jesus e a n\u00f3s mesmos, como aliancistas, como os&nbsp;trabalhadores da \u00faltima hora que somos.<\/span><\/p>\n\n\n\n<section id=\"gmcc1a620\" class=\"wp-block-gutentor-m4 section-gmcc1a620 gutentor-module gutentor-advanced-columns\"><div class=\"grid-container\"><div class=\"grid-row\">\n<div id=\"col-gm5bb79c\" class=\"wp-block-gutentor-m4-col col-gm5bb79c gutentor-single-column  grid-lg-4 grid-md-12 grid-12\"><div id=\"section-gm5bb79c\" class=\"section-gm5bb79c gutentor-col-wrap\">\n<h2 class=\"wp-block-heading\">Material do Projeto<\/h2>\n\n\n\n<div id=\"section-ge8e3c8\" class=\"wp-block-gutentor-e7 section-ge8e3c8 gutentor-element gutentor-element-list\"><ul class=\"grid-row gutentor-grid-item-wrap list-indicator-icon\"><li class=\"gutentor-list-item grid-lg-12 grid-md-12 grid-12\"><span class=\"gutentor-single-item gutentor-single-item-0\"><span class=\"gutentor-list-item-wrap g-s-list-wrap\"><span class=\"gutentor-single-list-item-icon\"><i class=\"list-item-icon fas fa-book\"><\/i><\/span><span class=\"gutentor-list-item\"><p class=\"gutentor-single-item-title\"><a href=\"http:\/\/alianca.org.br\/site\/wp-content\/uploads\/projetoandreluiz\/Biografia-e-Obra-de-Andr%c3%a9-Luiz.pdf\" title=\"\">Biografia e Obra de Andr\u00e9 Luiz<\/a><br><a href=\"http:\/\/alianca.org.br\/site\/wp-content\/uploads\/projetoandreluiz\/Carta_aos_GAS_sobre_Projeto_Andr%c3%a9_Luiz.pdf\" title=\"\">Carta aos Grupos de Estudo.<\/a><br><a href=\"https:\/\/alianca.org.br\/site\/wp-content\/uploads\/projetoandreluiz\/FDJ-Projeto-Estudo-Andr%c3%a9-Luiz.pdf\" title=\"\">PROJETO ESTUDO ANDR\u00c9 LUIZ<\/a><br> \u00a0<br><a href=\"https:\/\/alianca.org.br\/site\/wp-content\/uploads\/projetoandreluiz\/1-Nosso_Lar.pdf\" title=\"\">1 &#8211; Nosso Lar<br><\/a><a href=\"https:\/\/alianca.org.br\/site\/wp-content\/uploads\/projetoandreluiz\/2-Os_Mensageiros.pdf\" title=\"\">2 &#8211; Os Mensageiros<br><\/a><a href=\"https:\/\/alianca.org.br\/site\/wp-content\/uploads\/projetoandreluiz\/3-Missionarios_da_Luz.pdf\" title=\"\">3 &#8211; Mission\u00e1rios da Luz<br><\/a><a href=\"https:\/\/alianca.org.br\/site\/wp-content\/uploads\/projetoandreluiz\/%204-Obreiros_da_Vida_Eterna.pdf\" title=\"\">4 &#8211; Obreiros da Vida Eterna<br><\/a><a href=\"https:\/\/alianca.org.br\/site\/wp-content\/uploads\/projetoandreluiz\/5-No_Mundo_Maior.pdf\" title=\"\">5 &#8211; No Mundo Maior<br><\/a><a href=\"https:\/\/alianca.org.br\/site\/wp-content\/uploads\/projetoandreluiz\/%206-Liberta%c3%a7%c3%a3o.pdf\" title=\"\">6 &#8211; Liberta\u00e7\u00e3o<br><\/a><a href=\"https:\/\/alianca.org.br\/site\/wp-content\/uploads\/projetoandreluiz\/%207-Entre_a_Terra_e_o_C%c3%a9u.pdf\" title=\"\">7 &#8211; Entre a Terra e o C\u00e9u<br><\/a><a href=\"https:\/\/alianca.org.br\/site\/wp-content\/uploads\/projetoandreluiz\/%208-Nos_Dom%c3%adnios_da_Mediunidade.pdf\" title=\"\">8 &#8211; Nos Dom\u00ednios da Mediunidade<br><\/a><a href=\"https:\/\/alianca.org.br\/site\/wp-content\/uploads\/projetoandreluiz\/9-A%c3%a7%c3%a3o_e_%20Rea%c3%a7%c3%a3o.pdf\" title=\"\">9 &#8211; A\u00e7\u00e3o e Rea\u00e7\u00e3o<br><\/a><a href=\"https:\/\/alianca.org.br\/site\/wp-content\/uploads\/projetoandreluiz\/10-Evolu%c3%a7%c3%a3o_em_%20Dois_Mundos.pdf\" title=\"\">10 &#8211; Evolu\u00e7\u00e3o em Dois Mundos<br><\/a><a href=\"https:\/\/alianca.org.br\/site\/wp-content\/uploads\/projetoandreluiz\/11-Mecanismos%20da%20Mediunidade.pdf\" title=\"\">11 &#8211; Mecanismos da Mediunidade<br><\/a><a href=\"https:\/\/alianca.org.br\/site\/wp-content\/uploads\/projetoandreluiz\/12-Sexo_e_Destino.pdf\" title=\"\">12 &#8211; Sexo e Destino<br><\/a><a href=\"https:\/\/alianca.org.br\/site\/wp-content\/uploads\/projetoandreluiz\/13-Desobsess%c3%a3o.pdf\" title=\"\">13 &#8211; Desobsess\u00e3o<\/a><br><a href=\"https:\/\/alianca.org.br\/site\/wp-content\/uploads\/projetoandreluiz\/FDJ%20Projeto%20Estudo_Andr%c3%a9%20Luiz%20_%20E%20a%20Vida%20Continua....pdf\" title=\"\">14 &#8211; E A Vida COntinua&#8230;<\/a><a href=\"https:\/\/alianca.org.br\/site\/wp-content\/uploads\/projetoandreluiz\/13-Desobsess%c3%a3o.pdf\" title=\"\"><br><\/a><\/p><\/span><\/span><\/span><\/li><\/ul><\/div>\n<\/div><\/div>\n\n\n\n<div id=\"col-gm425af8\" class=\"wp-block-gutentor-m4-col col-gm425af8 gutentor-single-column  grid-lg-4 grid-md-12 grid-12\"><div id=\"section-gm425af8\" class=\"section-gm425af8 gutentor-col-wrap\"><\/div><\/div>\n\n\n\n<div id=\"col-gm32e6bc\" class=\"wp-block-gutentor-m4-col col-gm32e6bc gutentor-single-column  grid-lg-4 grid-md-12 grid-12\"><div id=\"section-gm32e6bc\" class=\"section-gm32e6bc gutentor-col-wrap\"><\/div><\/div>\n<\/div><\/div><\/section>\n\n\n\n<p class=\"has-medium-font-size\"><span class=\"s1\">&gt;&gt; <a href=\"http:\/\/alianca.org.br\/site\/wp-content\/uploads\/projetoandreluiz\" title=\"\">Material de Apoio<\/a> &lt;&lt;<\/span><\/p>\n\n\n\n<p><\/p>\n","protected":false},"excerpt":{"rendered":"<p>Estudo dos ensinamentos dos livros de Andr\u00e9 Luiz, psicografados por Chico Xavier.<br \/>\nSaiba mais&#8230;<\/p>\n","protected":false},"author":1,"featured_media":0,"parent":0,"menu_order":0,"comment_status":"closed","ping_status":"closed","template":"","meta":{"om_disable_all_campaigns":false,"_monsterinsights_skip_tracking":false,"_monsterinsights_sitenote_active":false,"_monsterinsights_sitenote_note":"","_monsterinsights_sitenote_category":0,"footnotes":""},"class_list":["post-683","page","type-page","status-publish","hentry"],"aioseo_notices":[],"_links":{"self":[{"href":"https:\/\/alianca.org.br\/site\/wp-json\/wp\/v2\/pages\/683","targetHints":{"allow":["GET"]}}],"collection":[{"href":"https:\/\/alianca.org.br\/site\/wp-json\/wp\/v2\/pages"}],"about":[{"href":"https:\/\/alianca.org.br\/site\/wp-json\/wp\/v2\/types\/page"}],"author":[{"embeddable":true,"href":"https:\/\/alianca.org.br\/site\/wp-json\/wp\/v2\/users\/1"}],"replies":[{"embeddable":true,"href":"https:\/\/alianca.org.br\/site\/wp-json\/wp\/v2\/comments?post=683"}],"version-history":[{"count":0,"href":"https:\/\/alianca.org.br\/site\/wp-json\/wp\/v2\/pages\/683\/revisions"}],"wp:attachment":[{"href":"https:\/\/alianca.org.br\/site\/wp-json\/wp\/v2\/media?parent=683"}],"curies":[{"name":"wp","href":"https:\/\/api.w.org\/{rel}","templated":true}]}}