{"id":685,"date":"2022-02-07T17:34:24","date_gmt":"2022-02-07T20:34:24","guid":{"rendered":"https:\/\/alianca.org.br\/site\/?page_id=685"},"modified":"2025-11-16T21:19:43","modified_gmt":"2025-11-17T00:19:43","slug":"projeto-paulo-de-tarso","status":"publish","type":"page","link":"https:\/\/alianca.org.br\/site\/projeto-paulo-de-tarso\/","title":{"rendered":"Paulo de Tarso Sem Fronteira"},"content":{"rendered":"\n<div id=\"section-g417153\" class=\"wp-block-gutentor-e2 section-g417153 gutentor-element gutentor-element-button g-pos-r-desktop g-pos-d-tablet g-pos-d-mobile g-pos-custom-desktop\"><span class=\"gutentor-button-wrap\"><a class=\"gutentor-button gutentor-block-button gutentor-icon-after\" href=\"#material-de-apoio\"><i class=\"gutentor-button-icon fas fa-book\"><\/i><span><strong>Material de Apoio<\/strong><\/span><\/a><\/span><\/div>\n\n\n\n<p class=\"has-text-align-left img-1 has-black-color has-text-color has-link-color has-medium-font-size wp-elements-a4c5dc3ce150f5c5619e650257837d3f\"><strong>O que \u00e9 o  Paulo de Tarso sem Fronteiras?<\/strong><br>\u00c9 uma iniciativa para expandir o Evangelho, inspirado no esfor\u00e7o peregrino de Paulo de Tarso para a divulga\u00e7\u00e3o das mensagens do Mestre em lugares cada vez mais distantes.<\/p>\n\n\n\n<p class=\"img-1 has-black-color has-text-color has-link-color has-medium-font-size wp-elements-a0099aa2f04f208b4e29f75370e41519\"><strong>Qual o objetivo?<\/strong><br>O Evangelho deve ser divulgado em qualquer porta aberta, por meio de conversas, palestras, visitas, contatos com os interessados, e tamb\u00e9m pelas a\u00e7\u00f5es sociais e evangelizadoras do seu grupo esp\u00edrita e ainda pelos programas da Alian\u00e7a Esp\u00edrita Evang\u00e9lica. Basta que voc\u00ea pense fora das paredes do seu conv\u00edvio e tenha vontade de levar o Evangelho em todos os lugares e para todos os interessados.<br>Em tempo adequado, os programas da AEE podem ser aplicados como consequ\u00eancia da a\u00e7\u00e3o que voc\u00ea se prop\u00f4s a fazer, seja ela social, de estudo, de caravana, de aux\u00edlio a algu\u00e9m ou a um grupo de pessoas.<br>Fazer o bem ao pr\u00f3ximo dentro das casas esp\u00edritas \u00e9 tarefa di\u00e1ria e j\u00e1 praticada nos nossos trabalhos, mas assim como os primeiros disc\u00edpulos, precisamos levar a palavra do Mestre tamb\u00e9m para fora de nossos Centros e do nosso conv\u00edvio. Inspirados neste ideal, procuraremos continuamente aplicar o Evangelho de forma objetiva nas oportunidades do mundo.<\/p>\n\n\n\n<p class=\"has-text-align-left ptsf has-black-color has-text-color has-link-color has-medium-font-size wp-elements-f1fbd37e57869d6716e5bb24bb7c96fd\"><strong>A quem se destina?<\/strong><br>O Projeto Paulo de Tarso integra a for\u00e7a de atua\u00e7\u00e3o do disc\u00edpulo ao Trabalho, incentivando a expans\u00e3o de suas habilidades, experimenta\u00e7\u00f5es, conhecimento, capacidades e a\u00e7\u00f5es, propondo a toda a Alian\u00e7a reafirmar o compromisso com O Cristo por nossas a\u00e7\u00f5es de ilumina\u00e7\u00e3o pessoal \u00e0 luz do exemplo de determina\u00e7\u00e3o do disc\u00edpulo Paulo de Tarso. Podem fazer parte do Projeto todos aqueles que desejarem compartilhar seus melhores sentimentos e <img decoding=\"async\" class=\"img-css lazyload\" data-src=\"https:\/\/alianca.org.br\/site\/wp-content\/uploads\/2024\/11\/DALL\u00b7E-2024-11-16-15.12.08-A-vivid-and-inspiring-depiction-of-Paulo-de-Tarso-Saint-Paul-in-a-modern-context-symbolizing-without-borders.-The-image-shows-Paulo-de-Tarso-stand.webp\" alt=\"paulo de tarso CSS\" style=\"--smush-placeholder-width: 1024px; --smush-placeholder-aspect-ratio: 1024\/1024;width: 300px;\" src=\"data:image\/svg+xml;base64,PHN2ZyB3aWR0aD0iMSIgaGVpZ2h0PSIxIiB4bWxucz0iaHR0cDovL3d3dy53My5vcmcvMjAwMC9zdmciPjwvc3ZnPg==\"> viv\u00eancias em rela\u00e7\u00e3o ao Evangelho com o seu pr\u00f3ximo, cujo cora\u00e7\u00e3o foi tocado e despertado para a caridade e para o ideal de servir a humanidade e que desejem levar a palavra, os ensinamentos e o Evangelho do Mestre adiante.<br>Pode ser voc\u00ea, esp\u00edrita ou n\u00e3o, formando uma rede espiritual de apoio, pois novos grupos podem formar outros novos grupos \u2013 um apoiando o outro, de forma descentralizada, por regional.<br>O Projeto Paulo de Tarso pode ser aplicado com qualquer pessoa ou grupos que tenha interesse na viv\u00eancia crist\u00e3 e no aprimoramento humano. A iniciativa de propaga\u00e7\u00e3o do Evangelho deve ser proativa e sem formato inicial.<\/p>\n\n\n\n<p class=\"ptsf has-black-color has-text-color has-link-color has-medium-font-size wp-elements-7c5ad57636122eda6ce057a3f94f553f\"><strong>Quem pode participar?<\/strong><br>Podem fazer parte do Projeto todos aqueles que desejarem compartilhar seus melhores sentimentos e viv\u00eancias em rela\u00e7\u00e3o ao Evangelho com o seu pr\u00f3ximo, cujo cora\u00e7\u00e3o foi tocado e despertado para a caridade e para o ideal de servir a humanidade e que desejem levar adiante a palavra, os ensinamentos e o Evangelho do Mestre. Toda oportunidade de apoiar, estruturar, operar e multiplicar caminhos para a expans\u00e3o do Bem, no sentido de liberta\u00e7\u00e3o do Esp\u00edrito, \u00e9 recurso para que cada um contribua espiritualmente com o Projeto.<\/p>\n\n\n\n<p class=\"ptsf has-black-color has-text-color has-link-color has-medium-font-size wp-elements-6bd128b51ec0e8c669d08d4f47307a07\"><strong>Como as pessoas podem colaborar?<\/strong><br>Por meio de algumas ferramentas que est\u00e3o ao nosso alcance:<br>\u2022 Implanta\u00e7\u00e3o do Evangelho no Lar<br>Aplicando o Evangelho no Lar em minha pr\u00f3pria casa, e divulgando a todo aquele em que estiver receptivo. Instruindo, auxiliando e motivando meus pr\u00f3ximos neste estudo.<br>N\u00e3o \u00e9 necess\u00e1rio ser esp\u00edrita, aluno ou volunt\u00e1rio de casa esp\u00edrita para aplicar o Evangelho em seu lar, basta o desejo em \u2018abrir sua porta ao Mestre\u2019.<br>\u2022 Caravanas de Evangeliza\u00e7\u00e3o e Aux\u00edlio<br>\u2022 Vibra\u00e7\u00f5es da 22:00 horas<br>\u2022 Curso B\u00e1sico do Espiritismo: M\u00e9todo Presencial, M\u00e9todo Grupo a Dist\u00e2ncia, M\u00e9todo a Dist\u00e2ncia Individual<br>\u2022 Escola de Aprendizes do Evangelho: M\u00e9todo Presencial, M\u00e9todo Grupo a Dist\u00e2ncia, M\u00e9todo a Dist\u00e2ncia Individual<br>\u2022 Grupo Medi\u00fanico: Apoio Medi\u00fanico Vibra\u00e7\u00f5es; Sustenta\u00e7\u00e3o; Resgates.<br>\u2022 Mocidade e Pr\u00e9-mocidade<br>\u2022 Evangeliza\u00e7\u00e3o Infantil<br>\u2022 Funda\u00e7\u00e3o de um Centro Esp\u00edrita<br>Onde encontrar maiores informa\u00e7\u00f5es:<br>Pelo facebook.com\/projetopaulodetarso, e-mail&nbsp;alianca@alianca.org.br, whatsApp 55 11&nbsp;<strong>3105-5894<\/strong>&nbsp;presencialmente na Secretaria da AEE.<\/p>\n\n\n\n<div style=\"height:13px\" aria-hidden=\"true\" class=\"wp-block-spacer\"><\/div>\n\n\n\n<p class=\"has-text-align-center has-black-color has-text-color has-link-color has-medium-font-size wp-elements-93968f1570c2a93c212979f0d111a577\">&#8220;\u00c9 necess\u00e1rio atestar a vitalidade dos postulados espiritistas como alavanca de transforma\u00e7\u00f5es&nbsp;sociais e humanas&#8221;<\/p>\n\n\n\n<div style=\"height:58px\" aria-hidden=\"true\" class=\"wp-block-spacer\"><\/div>\n\n\n\n<h1 class=\"wp-block-heading has-text-align-center ptsf\"><strong>Convite ao Trabalho<\/strong><\/h1>\n\n\n\n<p class=\"has-text-align-left ptsf has-black-color has-text-color has-link-color has-medium-font-size wp-elements-86ee1a7bb0040106d96a29f38736d764\">A Alian\u00e7a Esp\u00edrita Evang\u00e9lica, participante deste projeto universalista, vem oportunizar aos Aprendizes, Servidores e&nbsp;Disc\u00edpulos um campo de trabalho para a&nbsp;Expans\u00e3o do Evangelho&nbsp;em territ\u00f3rio nacional e no estrangeiro atrav\u00e9s da&nbsp;aplica\u00e7\u00e3o de:<\/p>\n\n\n\n<ul class=\"wp-block-list\">\n<li class=\"ptsf has-medium-font-size\">Livreto Evangelho no Lar  <\/li>\n\n\n\n<li class=\"has-medium-font-size\">Vibra\u00e7\u00f5es Coletivas pelo Bem Universal<\/li>\n\n\n\n<li class=\"ptsf has-medium-font-size\">Caravanas de Evangeliza\u00e7\u00e3o e Aux\u00edlio<\/li>\n\n\n\n<li class=\"ptsf has-medium-font-size\">Programas de Estudo e Renova\u00e7\u00e3o<\/li>\n\n\n\n<li class=\"ptsf has-medium-font-size\">Estudo do Evangelho Seg O Espiritismo<\/li>\n\n\n\n<li class=\"ptsf has-medium-font-size\"> Cartaz do Tarbalho<\/li>\n\n\n\n<li class=\"ptsf has-medium-font-size\">Novo Guia do Peregrino<\/li>\n<\/ul>\n\n\n\n<div class=\"wp-block-group post-pt\"><div class=\"wp-block-group__inner-container is-layout-flow wp-block-group-is-layout-flow\">\n<h2 class=\"wp-block-heading has-text-align-center has-text-color\" id=\"material-de-apoio\" style=\"color:#31936c\">MATERIAL DE APOIO<\/h2>\n<\/div><\/div>\n\n\n\n<section id=\"gmb7da1b8\" class=\"wp-block-gutentor-m4 section-gmb7da1b8 gutentor-module gutentor-advanced-columns gutentor-equal-column-height gutentor-enable-sticky-column\" data-top=\"0\" data-bottom=\"0\"><div class=\"grid-container\"><div class=\"grid-row\">\n<div id=\"col-gmd369fa\" class=\"wp-block-gutentor-m4-col col-gmd369fa gutentor-single-column  grid-lg-3 grid-md-12 grid-12\"><div id=\"section-gmd369fa\" class=\"section-gmd369fa gutentor-col-wrap\"><div class=\"wp-block-image\">\n<figure class=\"aligncenter size-large is-resized\"><a href=\"https:\/\/alianca.org.br\/site\/wp-content\/uploads\/projetopaulodetarso\/LIVRETO%20EVANGELHO%20NO%20LAR.pdf\"><img fetchpriority=\"high\" decoding=\"async\" width=\"305\" height=\"500\" src=\"https:\/\/alianca.org.br\/site\/wp-content\/uploads\/2022\/07\/lib2-305x500.jpg\" alt=\"\" class=\"wp-image-16275\" style=\"aspect-ratio:0.6160337552742616;width:110px;height:auto\" srcset=\"https:\/\/alianca.org.br\/site\/wp-content\/uploads\/2022\/07\/lib2-305x500.jpg 305w, https:\/\/alianca.org.br\/site\/wp-content\/uploads\/2022\/07\/lib2-183x300.jpg 183w, https:\/\/alianca.org.br\/site\/wp-content\/uploads\/2022\/07\/lib2.jpg 399w\" sizes=\"(max-width: 305px) 100vw, 305px\" \/><\/a><figcaption class=\"wp-element-caption\">Evangelho no lar<\/figcaption><\/figure>\n<\/div><\/div><\/div>\n\n\n\n<div id=\"col-gm58ed95\" class=\"wp-block-gutentor-m4-col col-gm58ed95 gutentor-single-column  grid-lg-3 grid-md-12 grid-12\"><div id=\"section-gm58ed95\" class=\"section-gm58ed95 gutentor-col-wrap\">\n<figure class=\"wp-block-image size-large is-resized\"><a href=\"http:\/\/alianca.org.br\/site\/wp-content\/uploads\/projetopaulodetarso\/Evg%20no%20Lar%20-%20Projeto%20Paulo%20de%20Tarso%20em%20Ingl%c3%aas.pdf\"><img decoding=\"async\" width=\"357\" height=\"500\" data-src=\"https:\/\/alianca.org.br\/site\/wp-content\/uploads\/2022\/07\/ev-no-lar-em-ingles1-357x500.jpg\" alt=\"\" class=\"wp-image-16258 lazyload\" style=\"--smush-placeholder-width: 357px; --smush-placeholder-aspect-ratio: 357\/500;width:143px;height:auto\" data-srcset=\"https:\/\/alianca.org.br\/site\/wp-content\/uploads\/2022\/07\/ev-no-lar-em-ingles1-357x500.jpg 357w, https:\/\/alianca.org.br\/site\/wp-content\/uploads\/2022\/07\/ev-no-lar-em-ingles1-214x300.jpg 214w, https:\/\/alianca.org.br\/site\/wp-content\/uploads\/2022\/07\/ev-no-lar-em-ingles1.jpg 494w\" data-sizes=\"(max-width: 357px) 100vw, 357px\" src=\"data:image\/svg+xml;base64,PHN2ZyB3aWR0aD0iMSIgaGVpZ2h0PSIxIiB4bWxucz0iaHR0cDovL3d3dy53My5vcmcvMjAwMC9zdmciPjwvc3ZnPg==\" \/><\/a><figcaption class=\"wp-element-caption\">evg em ingles<\/figcaption><\/figure>\n<\/div><\/div>\n\n\n\n<div id=\"col-gm2791e4\" class=\"wp-block-gutentor-m4-col col-gm2791e4 gutentor-single-column  grid-lg-3 grid-md-12 grid-12\"><div id=\"section-gm2791e4\" class=\"section-gm2791e4 gutentor-col-wrap\">\n<figure class=\"wp-block-image size-large is-resized\"><a href=\"http:\/\/alianca.org.br\/site\/wp-content\/uploads\/projetopaulodetarso\/Folleto%20Evangelio%20en%20El%20Hogar%20Proyecto%20Pablo%20de%20Tarso.pdf\"><img decoding=\"async\" width=\"353\" height=\"500\" data-src=\"https:\/\/alianca.org.br\/site\/wp-content\/uploads\/2022\/07\/evg-no-lar-em-espanhol-353x500.jpeg\" alt=\"\" class=\"wp-image-16255 lazyload\" style=\"--smush-placeholder-width: 353px; --smush-placeholder-aspect-ratio: 353\/500;width:134px;height:auto\" data-srcset=\"https:\/\/alianca.org.br\/site\/wp-content\/uploads\/2022\/07\/evg-no-lar-em-espanhol-353x500.jpeg 353w, https:\/\/alianca.org.br\/site\/wp-content\/uploads\/2022\/07\/evg-no-lar-em-espanhol-212x300.jpeg 212w, https:\/\/alianca.org.br\/site\/wp-content\/uploads\/2022\/07\/evg-no-lar-em-espanhol.jpeg 550w\" data-sizes=\"(max-width: 353px) 100vw, 353px\" src=\"data:image\/svg+xml;base64,PHN2ZyB3aWR0aD0iMSIgaGVpZ2h0PSIxIiB4bWxucz0iaHR0cDovL3d3dy53My5vcmcvMjAwMC9zdmciPjwvc3ZnPg==\" \/><\/a><figcaption class=\"wp-element-caption\">Evg En El Hogar<\/figcaption><\/figure>\n<\/div><\/div>\n\n\n\n<div id=\"col-gm03cd46\" class=\"wp-block-gutentor-m4-col col-gm03cd46 gutentor-single-column  grid-lg-3 grid-md-12 grid-12\"><div id=\"section-gm03cd46\" class=\"section-gm03cd46 gutentor-col-wrap\"><\/div><\/div>\n<\/div><\/div><\/section>\n\n\n\n<section id=\"gm73a8c7a\" class=\"wp-block-gutentor-m4 section-gm73a8c7a gutentor-module gutentor-advanced-columns\"><div class=\"grid-container\"><div class=\"grid-row\">\n<div id=\"col-gm351f9d\" class=\"wp-block-gutentor-m4-col col-gm351f9d gutentor-single-column  grid-lg-3 grid-md-12 grid-12\"><div id=\"section-gm351f9d\" class=\"section-gm351f9d gutentor-col-wrap\"><\/div><\/div>\n\n\n\n<div id=\"col-gm1ebf77\" class=\"wp-block-gutentor-m4-col col-gm1ebf77 gutentor-single-column  grid-lg-3 grid-md-12 grid-12\"><div id=\"section-gm1ebf77\" class=\"section-gm1ebf77 gutentor-col-wrap\">\n<figure class=\"wp-block-image size-large is-resized\"><a href=\"https:\/\/alianca.org.br\/site\/wp-content\/uploads\/projetopaulodetarso\/NUEVO%20GU%c3%8dA%20DEL%20PEREGRINO%20-%20REVISADA%20OCTUBRE%202024.pdf\"><img decoding=\"async\" width=\"889\" height=\"500\" data-src=\"https:\/\/alianca.org.br\/site\/wp-content\/uploads\/2024\/11\/Slide1-889x500.jpg\" alt=\"\" class=\"wp-image-28239 lazyload\" style=\"--smush-placeholder-width: 889px; --smush-placeholder-aspect-ratio: 889\/500;width:247px;height:auto\" data-srcset=\"https:\/\/alianca.org.br\/site\/wp-content\/uploads\/2024\/11\/Slide1-889x500.jpg 889w, https:\/\/alianca.org.br\/site\/wp-content\/uploads\/2024\/11\/Slide1-300x169.jpg 300w, https:\/\/alianca.org.br\/site\/wp-content\/uploads\/2024\/11\/Slide1-768x432.jpg 768w, https:\/\/alianca.org.br\/site\/wp-content\/uploads\/2024\/11\/Slide1.jpg 1280w\" data-sizes=\"(max-width: 889px) 100vw, 889px\" src=\"data:image\/svg+xml;base64,PHN2ZyB3aWR0aD0iMSIgaGVpZ2h0PSIxIiB4bWxucz0iaHR0cDovL3d3dy53My5vcmcvMjAwMC9zdmciPjwvc3ZnPg==\" \/><\/a><figcaption class=\"wp-element-caption\">GU\u00cdA DEL PEREGRINO<\/figcaption><\/figure>\n<\/div><\/div>\n\n\n\n<div id=\"col-gmed8bcf\" class=\"wp-block-gutentor-m4-col col-gmed8bcf gutentor-single-column  grid-lg-3 grid-md-12 grid-12\"><div id=\"section-gmed8bcf\" class=\"section-gmed8bcf gutentor-col-wrap\">\n<figure class=\"wp-block-image size-large\"><a href=\"https:\/\/alianca.org.br\/site\/wp-content\/uploads\/projetopaulodetarso\/NOVO%20GUIA%20DO%20PEREGRINO%20-%20REVISADO%20OUT2024.pdf\"><img decoding=\"async\" width=\"889\" height=\"500\" data-src=\"https:\/\/alianca.org.br\/site\/wp-content\/uploads\/2024\/11\/Slide3-889x500.jpg\" alt=\"\" class=\"wp-image-28241 lazyload\" data-srcset=\"https:\/\/alianca.org.br\/site\/wp-content\/uploads\/2024\/11\/Slide3-889x500.jpg 889w, https:\/\/alianca.org.br\/site\/wp-content\/uploads\/2024\/11\/Slide3-300x169.jpg 300w, https:\/\/alianca.org.br\/site\/wp-content\/uploads\/2024\/11\/Slide3-768x432.jpg 768w, https:\/\/alianca.org.br\/site\/wp-content\/uploads\/2024\/11\/Slide3.jpg 1280w\" data-sizes=\"(max-width: 889px) 100vw, 889px\" src=\"data:image\/svg+xml;base64,PHN2ZyB3aWR0aD0iMSIgaGVpZ2h0PSIxIiB4bWxucz0iaHR0cDovL3d3dy53My5vcmcvMjAwMC9zdmciPjwvc3ZnPg==\" style=\"--smush-placeholder-width: 889px; --smush-placeholder-aspect-ratio: 889\/500;\" \/><\/a><figcaption class=\"wp-element-caption\">GUIA DO PEREGRINO<\/figcaption><\/figure>\n<\/div><\/div>\n\n\n\n<div id=\"col-gm839485\" class=\"wp-block-gutentor-m4-col col-gm839485 gutentor-single-column  grid-lg-3 grid-md-12 grid-12\"><div id=\"section-gm839485\" class=\"section-gm839485 gutentor-col-wrap\"><\/div><\/div>\n<\/div><\/div><\/section>\n\n\n\n<p class=\"has-medium-font-size\">Que Jesus possa iluminar os nossos caminhos!<\/p>\n\n\n\n<section id=\"section-c7c8f565-8607-4564-b6ad-794030c76fac\" class=\"wp-block-gutentor-divider section-c7c8f565-8607-4564-b6ad-794030c76fac gutentor-element gutentor-section gutentor-divider text-center\"><div class=\"grid-container\"><div class=\"gutentor-divider-box\"><span><svg xmlns=\"http:\/\/www.w3.org\/2000\/svg\" viewBox=\"0 0 240 40\" preserveAspectRatio=\"none\"><path d=\"M56.2 20c5.3-.1 10.6-.2 16-.3l16-.2c10.6-.1 21.3-.1 31.9-.2 10.6.1 21.3 0 31.9.1l16 .2c5.3.1 10.6.2 16 .3-5.3.1-10.6.2-16 .3l-16 .2c-10.6.1-21.3.1-31.9.1-10.6-.1-21.3 0-31.9-.2l-16-.2c-5.4.1-10.7 0-16-.1z\"><\/path><\/svg><\/span><\/div><\/div><\/section>\n\n\n\n<p class=\"has-medium-font-size\">Contate a equipe atrav\u00e9s do email      <mark style=\"background-color:rgba(0, 0, 0, 0);color:#0736e3\" class=\"has-inline-color\">projetopaulodetarso@equipesalianca.org.br<\/mark><\/p>\n\n\n\n<p class=\"has-medium-font-size\"> curta nossa pagina no <a href=\"https:\/\/pt-br.facebook.com\/projetopaulodetarso\/\"> facebook.com\/projetopaulodetarso<\/a>  e  no<a href=\"https:\/\/www.instagram.com\/projetopaulodetarsoalianca\/\"> instagran <\/a><\/p>\n\n\n","protected":false},"excerpt":{"rendered":"<p>A\u00e7\u00e3o amorosa de levar o Evangelho de Jesus \u00e0 toda parte e de diversos modos poss\u00edveis.<br \/>\nSaiba mais&#8230;<\/p>\n","protected":false},"author":1,"featured_media":29168,"parent":0,"menu_order":0,"comment_status":"closed","ping_status":"closed","template":"","meta":{"om_disable_all_campaigns":false,"_monsterinsights_skip_tracking":false,"_monsterinsights_sitenote_active":false,"_monsterinsights_sitenote_note":"","_monsterinsights_sitenote_category":0,"footnotes":""},"class_list":["post-685","page","type-page","status-publish","has-post-thumbnail","hentry"],"aioseo_notices":[],"_links":{"self":[{"href":"https:\/\/alianca.org.br\/site\/wp-json\/wp\/v2\/pages\/685","targetHints":{"allow":["GET"]}}],"collection":[{"href":"https:\/\/alianca.org.br\/site\/wp-json\/wp\/v2\/pages"}],"about":[{"href":"https:\/\/alianca.org.br\/site\/wp-json\/wp\/v2\/types\/page"}],"author":[{"embeddable":true,"href":"https:\/\/alianca.org.br\/site\/wp-json\/wp\/v2\/users\/1"}],"replies":[{"embeddable":true,"href":"https:\/\/alianca.org.br\/site\/wp-json\/wp\/v2\/comments?post=685"}],"version-history":[{"count":0,"href":"https:\/\/alianca.org.br\/site\/wp-json\/wp\/v2\/pages\/685\/revisions"}],"wp:featuredmedia":[{"embeddable":true,"href":"https:\/\/alianca.org.br\/site\/wp-json\/wp\/v2\/media\/29168"}],"wp:attachment":[{"href":"https:\/\/alianca.org.br\/site\/wp-json\/wp\/v2\/media?parent=685"}],"curies":[{"name":"wp","href":"https:\/\/api.w.org\/{rel}","templated":true}]}}